{"id":1413,"date":"2020-11-03T22:26:46","date_gmt":"2020-11-03T20:26:46","guid":{"rendered":"https:\/\/sitewp.amasc-sacrecoeur.net\/?page_id=1413"},"modified":"2026-02-17T12:21:22","modified_gmt":"2026-02-17T17:21:22","slug":"what-is-amasc","status":"publish","type":"page","link":"https:\/\/amasc.org\/es\/what-is-amasc\/","title":{"rendered":"\u00bfQu\u00e9 es AMASC?"},"content":{"rendered":"<figure class=\"wp-block-image alignfull size-large\"><img loading=\"lazy\" decoding=\"async\" width=\"1024\" height=\"288\" src=\"https:\/\/amasc.org\/wp-content\/uploads\/banner-amasc-EN-ES-1024x288.jpg\" alt=\"\" class=\"wp-image-1434\" srcset=\"https:\/\/amasc.org\/wp-content\/uploads\/banner-amasc-EN-ES-1024x288.jpg 1024w, https:\/\/amasc.org\/wp-content\/uploads\/banner-amasc-EN-ES-300x84.jpg 300w, https:\/\/amasc.org\/wp-content\/uploads\/banner-amasc-EN-ES-150x42.jpg 150w, https:\/\/amasc.org\/wp-content\/uploads\/banner-amasc-EN-ES-768x216.jpg 768w, https:\/\/amasc.org\/wp-content\/uploads\/banner-amasc-EN-ES-1536x432.jpg 1536w, https:\/\/amasc.org\/wp-content\/uploads\/banner-amasc-EN-ES.jpg 1920w\" sizes=\"auto, (max-width: 1024px) 100vw, 1024px\" \/><\/figure>\n\n\n\n<p><strong>La Asociaci\u00f3n Mundial de Antiguas Alumnas y Alumnos del Sagrado Coraz\u00f3n (AMASC) es la organizaci\u00f3n que re\u00fane a<\/strong>&nbsp;a todos los antiguos alumnos de los colegios del Sagrado Coraz\u00f3n del mundo, deseosos de cultivar entre ellos la ayuda mutua y la amistad y de permanecer fieles a los valores recibidos durante su escolaridad.<\/p>\n\n\n\n<p>Como alumna\/i, nuestra educaci\u00f3n est\u00e1 enraizada en la visi\u00f3n cristiana de Santa Magdalena Sof\u00eda Barat (1779-1865). Construida sobre el respeto al valor de cada persona, con sus dones y talentos individuales, la organizaci\u00f3n pretende llevar a estudiantes y alumnas\/i a tomar conciencia de su responsabilidad de cultivar y utilizar sus talentos en beneficio de todos, desarrollando un agudo sentido de la justicia social que conduzca a la acci\u00f3n. <\/p>\n\n\n<style>.wp-block-kadence-advancedgallery .kb-gallery-type-grid.kb-gallery-id-1413_da2b1d-16{margin:-5px;}.kb-gallery-type-grid.kb-gallery-id-1413_da2b1d-16 .kadence-blocks-gallery-item{padding:5px;}.kb-gallery-id-1413_da2b1d-16 .kadence-blocks-gallery-item .kb-gal-image-radius, .kb-gallery-id-1413_da2b1d-16 .kb-slide-item .kb-gal-image-radius img{border-radius:0px 0px 0px 0px;;}<\/style><div class=\"kb-gallery-wrap-id-1413_da2b1d-16 alignnone wp-block-kadence-advancedgallery\"><ul class=\"kb-gallery-ul kb-gallery-non-static kb-gallery-type-grid kb-gallery-id-1413_da2b1d-16 kb-gallery-caption-style-bottom-hover kb-gallery-filter-none kb-gallery-magnific-init\" data-image-filter=\"none\" data-item-selector=\".kadence-blocks-gallery-item\" data-lightbox-caption=\"true\" data-columns-xxl=\"3\" data-columns-xl=\"3\" data-columns-md=\"3\" data-columns-sm=\"2\" data-columns-xs=\"1\" data-columns-ss=\"1\"><li class=\"kadence-blocks-gallery-item\"><div class=\"kadence-blocks-gallery-item-inner\"><figure class=\"kb-gallery-figure kb-gallery-item-has-link kadence-blocks-gallery-item-hide-caption\"><a href=\"https:\/\/amasc.org\/wp-content\/uploads\/amasc_1_1.jpg\" class=\"kb-gallery-item-link\"  ><div class=\"kb-gal-image-radius\"><div class=\"kb-gallery-image-contain kadence-blocks-gallery-intrinsic kb-gallery-image-ratio-square kb-has-image-ratio-square\" ><img loading=\"lazy\" decoding=\"async\" src=\"https:\/\/amasc.org\/wp-content\/uploads\/amasc_1_1.jpg\" width=\"330\" height=\"347\" alt=\"\" data-full-image=\"https:\/\/amasc.org\/wp-content\/uploads\/amasc_1_1.jpg\" data-light-image=\"https:\/\/amasc.org\/wp-content\/uploads\/amasc_1_1.jpg\" data-id=\"107\" class=\"wp-image-107\" srcset=\"https:\/\/amasc.org\/wp-content\/uploads\/amasc_1_1.jpg 330w, https:\/\/amasc.org\/wp-content\/uploads\/amasc_1_1-285x300.jpg 285w\" sizes=\"auto, (max-width: 330px) 100vw, 330px\" \/><\/div><\/div><\/a><\/figure><\/div><\/li><li class=\"kadence-blocks-gallery-item\"><div class=\"kadence-blocks-gallery-item-inner\"><figure class=\"kb-gallery-figure kb-gallery-item-has-link kadence-blocks-gallery-item-hide-caption\"><a href=\"https:\/\/amasc.org\/wp-content\/uploads\/amasc_1_2.jpg\" class=\"kb-gallery-item-link\"  ><div class=\"kb-gal-image-radius\"><div class=\"kb-gallery-image-contain kadence-blocks-gallery-intrinsic kb-gallery-image-ratio-square kb-has-image-ratio-square\" ><img loading=\"lazy\" decoding=\"async\" src=\"https:\/\/amasc.org\/wp-content\/uploads\/amasc_1_2.jpg\" width=\"330\" height=\"347\" alt=\"\" data-full-image=\"https:\/\/amasc.org\/wp-content\/uploads\/amasc_1_2.jpg\" data-light-image=\"https:\/\/amasc.org\/wp-content\/uploads\/amasc_1_2.jpg\" data-id=\"106\" class=\"wp-image-106\" srcset=\"https:\/\/amasc.org\/wp-content\/uploads\/amasc_1_2.jpg 330w, https:\/\/amasc.org\/wp-content\/uploads\/amasc_1_2-285x300.jpg 285w\" sizes=\"auto, (max-width: 330px) 100vw, 330px\" \/><\/div><\/div><\/a><\/figure><\/div><\/li><li class=\"kadence-blocks-gallery-item\"><div class=\"kadence-blocks-gallery-item-inner\"><figure class=\"kb-gallery-figure kb-gallery-item-has-link kadence-blocks-gallery-item-hide-caption\"><a href=\"https:\/\/amasc.org\/wp-content\/uploads\/amasc_1_3.jpg\" class=\"kb-gallery-item-link\"  ><div class=\"kb-gal-image-radius\"><div class=\"kb-gallery-image-contain kadence-blocks-gallery-intrinsic kb-gallery-image-ratio-square kb-has-image-ratio-square\" ><img loading=\"lazy\" decoding=\"async\" src=\"https:\/\/amasc.org\/wp-content\/uploads\/amasc_1_3.jpg\" width=\"330\" height=\"242\" alt=\"\" data-full-image=\"https:\/\/amasc.org\/wp-content\/uploads\/amasc_1_3.jpg\" data-light-image=\"https:\/\/amasc.org\/wp-content\/uploads\/amasc_1_3.jpg\" data-id=\"105\" class=\"wp-image-105\" srcset=\"https:\/\/amasc.org\/wp-content\/uploads\/amasc_1_3.jpg 330w, https:\/\/amasc.org\/wp-content\/uploads\/amasc_1_3-300x220.jpg 300w\" sizes=\"auto, (max-width: 330px) 100vw, 330px\" \/><\/div><\/div><\/a><\/figure><\/div><\/li><\/ul><\/div>\n\n\n<div style=\"height:20px\" aria-hidden=\"true\" class=\"wp-block-spacer\"><\/div>\n\n\n\n<p>Fundada en 1966 como asociaci\u00f3n internacional sin \u00e1nimo de lucro (AISBL) de derecho belga, los principales objetivos de AMASC son:<\/p>\n\n\n\n<ul class=\"wp-block-list\">\n<li>estar al servicio de la humanidad para la construcci\u00f3n de una sociedad justa y solidaria, con una mayor conciencia de su responsabilidad social y un compromiso de fe vivido en una dimensi\u00f3n personal y comunitaria;<\/li>\n\n\n\n<li>crear y mantener lazos de amistad y solidaridad entre todas las federaciones y asociaciones nacionales, con el fin de crear una aut\u00e9ntica colaboraci\u00f3n internacional;<\/li>\n\n\n\n<li>cooperar activa y eficazmente con la Sociedad del Sagrado Coraz\u00f3n en su misi\u00f3n y ministerios;<\/li>\n\n\n\n<li>tener una voz efectiva en las organizaciones internacionales a las que pertenece, con una preocupaci\u00f3n constante por el discernimiento y la apertura de miras.<\/li>\n<\/ul>\n\n\n\n<p>En la actualidad, la AMASC re\u00fane a asociaciones nacionales de seis continentes, que representan a cientos de miles de alumnas\/os de todo el mundo.<\/p>\n\n\n\n<p>La AMASC es miembro de la OMAEC (Asociaci\u00f3n Mundial de Antiguos Alumnos de la Ense\u00f1anza Cat\u00f3lica).<\/p>\n\n\n<style>.wp-block-kadence-advancedbtn.kb-btns1413_0fc089-40{gap:var(--global-kb-gap-xs, 0.5rem );justify-content:center;align-items:center;}.kt-btns1413_0fc089-40 .kt-button{font-weight:normal;font-style:normal;}.kt-btns1413_0fc089-40 .kt-btn-wrap-0{margin-right:5px;}.wp-block-kadence-advancedbtn.kt-btns1413_0fc089-40 .kt-btn-wrap-0 .kt-button{color:#555555;border-color:#555555;}.wp-block-kadence-advancedbtn.kt-btns1413_0fc089-40 .kt-btn-wrap-0 .kt-button:hover, .wp-block-kadence-advancedbtn.kt-btns1413_0fc089-40 .kt-btn-wrap-0 .kt-button:focus{color:#ffffff;border-color:#444444;}.wp-block-kadence-advancedbtn.kt-btns1413_0fc089-40 .kt-btn-wrap-0 .kt-button::before{display:none;}.wp-block-kadence-advancedbtn.kt-btns1413_0fc089-40 .kt-btn-wrap-0 .kt-button:hover, .wp-block-kadence-advancedbtn.kt-btns1413_0fc089-40 .kt-btn-wrap-0 .kt-button:focus{background:#444444;}<\/style>\n<div class=\"wp-block-kadence-advancedbtn kb-buttons-wrap kb-btns1413_0fc089-40\"><style>ul.menu .wp-block-kadence-advancedbtn .kb-btn1413_48024c-7a.kb-button{width:initial;}.wp-block-kadence-advancedbtn .kb-btn1413_48024c-7a.kb-button{font-size:16px;border-top-left-radius:25px;border-top-right-radius:25px;border-bottom-right-radius:25px;border-bottom-left-radius:25px;padding-top:7px;padding-right:22px;padding-bottom:7px;padding-left:22px;}<\/style><a class=\"kb-button kt-button button kb-btn1413_48024c-7a kt-btn-size-standard kt-btn-width-type-auto kb-btn-global-fill  kt-btn-has-text-true kt-btn-has-svg-false  wp-block-kadence-singlebtn\" href=\"https:\/\/amasc.org\/wp-content\/uploads\/uk_Statuts.pdf\"><span class=\"kt-btn-inner-text\">Estatutos<\/span><\/a>\n\n<style>ul.menu .wp-block-kadence-advancedbtn .kb-btn1413_971332-86.kb-button{width:initial;}.wp-block-kadence-advancedbtn .kb-btn1413_971332-86.kb-button{font-size:16px;border-top-left-radius:25px;border-top-right-radius:25px;border-bottom-right-radius:25px;border-bottom-left-radius:25px;padding-top:7px;padding-right:22px;padding-bottom:7px;padding-left:22px;}<\/style><a class=\"kb-button kt-button button kb-btn1413_971332-86 kt-btn-size-standard kt-btn-width-type-auto kb-btn-global-fill  kt-btn-has-text-true kt-btn-has-svg-false  wp-block-kadence-singlebtn\" href=\"\/es\/its-history\/\"><span class=\"kt-btn-inner-text\">Historia<\/span><\/a>\n\n<style>ul.menu .wp-block-kadence-advancedbtn .kb-btn1413_175ee4-d1.kb-button{width:initial;}.wp-block-kadence-advancedbtn .kb-btn1413_175ee4-d1.kb-button{font-size:16px;border-top-left-radius:25px;border-top-right-radius:25px;border-bottom-right-radius:25px;border-bottom-left-radius:25px;padding-top:7px;padding-right:22px;padding-bottom:7px;padding-left:22px;}<\/style><a class=\"kb-button kt-button button kb-btn1413_175ee4-d1 kt-btn-size-standard kt-btn-width-type-auto kb-btn-global-fill  kt-btn-has-text-true kt-btn-has-svg-false  wp-block-kadence-singlebtn\" href=\"\/es\/its-goals\/\"><span class=\"kt-btn-inner-text\">Objetivos<\/span><\/a><\/div>","protected":false},"excerpt":{"rendered":"<p>The World Association of Alumnae and Alumni of the Sacred Heart (AMASC) is the organization that brings together&nbsp;all the alumni of Sacred Heart schools in the world, eager to cultivate mutual aid and friendship among them and to remain faithful to the values received during their schooling. As alumnae\/i, our education is rooted in the&#8230;<\/p>","protected":false},"author":6,"featured_media":3984,"parent":0,"menu_order":0,"comment_status":"closed","ping_status":"closed","template":"","meta":{"_acf_changed":false,"_kad_blocks_custom_css":"","_kad_blocks_head_custom_js":"","_kad_blocks_body_custom_js":"","_kad_blocks_footer_custom_js":"","_kad_post_transparent":"","_kad_post_title":"","_kad_post_layout":"","_kad_post_sidebar_id":"","_kad_post_content_style":"","_kad_post_vertical_padding":"","_kad_post_feature":"default","_kad_post_feature_position":"","_kad_post_header":false,"_kad_post_footer":false,"_kad_post_classname":"","footnotes":""},"class_list":["post-1413","page","type-page","status-publish","has-post-thumbnail","hentry"],"acf":[],"yoast_head":"<!-- This site is optimized with the Yoast SEO plugin v26.4 - https:\/\/yoast.com\/wordpress\/plugins\/seo\/ -->\n<title>What is AMASC ? - AMASC<\/title>\n<meta name=\"robots\" content=\"index, follow, max-snippet:-1, max-image-preview:large, max-video-preview:-1\" \/>\n<link rel=\"canonical\" href=\"https:\/\/amasc.org\/es\/what-is-amasc\/\" \/>\n<meta property=\"og:locale\" content=\"es_ES\" \/>\n<meta property=\"og:type\" content=\"article\" \/>\n<meta property=\"og:title\" content=\"What is AMASC ? - AMASC\" \/>\n<meta property=\"og:description\" content=\"The World Association of Alumnae and Alumni of the Sacred Heart (AMASC) is the organization that brings together&nbsp;all the alumni of Sacred Heart schools in the world, eager to cultivate mutual aid and friendship among them and to remain faithful to the values received during their schooling. As alumnae\/i, our education is rooted in the...\" \/>\n<meta property=\"og:url\" content=\"https:\/\/amasc.org\/es\/what-is-amasc\/\" \/>\n<meta property=\"og:site_name\" content=\"AMASC\" \/>\n<meta property=\"article:modified_time\" content=\"2026-02-17T17:21:22+00:00\" \/>\n<meta property=\"og:image\" content=\"https:\/\/amasc.org\/wp-content\/uploads\/luis-desiro-itIxtxz0YU4-unsplash-scaled.jpg\" \/>\n\t<meta property=\"og:image:width\" content=\"2560\" \/>\n\t<meta property=\"og:image:height\" content=\"1707\" \/>\n\t<meta property=\"og:image:type\" content=\"image\/jpeg\" \/>\n<meta name=\"twitter:card\" content=\"summary_large_image\" \/>\n<meta name=\"twitter:label1\" content=\"Tiempo de lectura\" \/>\n\t<meta name=\"twitter:data1\" content=\"2 minutos\" \/>\n<script type=\"application\/ld+json\" class=\"yoast-schema-graph\">{\"@context\":\"https:\/\/schema.org\",\"@graph\":[{\"@type\":\"WebPage\",\"@id\":\"https:\/\/amasc.org\/what-is-amasc\/\",\"url\":\"https:\/\/amasc.org\/what-is-amasc\/\",\"name\":\"What is AMASC ? - AMASC\",\"isPartOf\":{\"@id\":\"https:\/\/amasc.org\/#website\"},\"primaryImageOfPage\":{\"@id\":\"https:\/\/amasc.org\/what-is-amasc\/#primaryimage\"},\"image\":{\"@id\":\"https:\/\/amasc.org\/what-is-amasc\/#primaryimage\"},\"thumbnailUrl\":\"https:\/\/amasc.org\/wp-content\/uploads\/luis-desiro-itIxtxz0YU4-unsplash-scaled.jpg\",\"datePublished\":\"2020-11-03T20:26:46+00:00\",\"dateModified\":\"2026-02-17T17:21:22+00:00\",\"breadcrumb\":{\"@id\":\"https:\/\/amasc.org\/what-is-amasc\/#breadcrumb\"},\"inLanguage\":\"es\",\"potentialAction\":[{\"@type\":\"ReadAction\",\"target\":[\"https:\/\/amasc.org\/what-is-amasc\/\"]}]},{\"@type\":\"ImageObject\",\"inLanguage\":\"es\",\"@id\":\"https:\/\/amasc.org\/what-is-amasc\/#primaryimage\",\"url\":\"https:\/\/amasc.org\/wp-content\/uploads\/luis-desiro-itIxtxz0YU4-unsplash-scaled.jpg\",\"contentUrl\":\"https:\/\/amasc.org\/wp-content\/uploads\/luis-desiro-itIxtxz0YU4-unsplash-scaled.jpg\",\"width\":2560,\"height\":1707},{\"@type\":\"BreadcrumbList\",\"@id\":\"https:\/\/amasc.org\/what-is-amasc\/#breadcrumb\",\"itemListElement\":[{\"@type\":\"ListItem\",\"position\":1,\"name\":\"Home\",\"item\":\"https:\/\/amasc.org\/\"},{\"@type\":\"ListItem\",\"position\":2,\"name\":\"What is AMASC ?\"}]},{\"@type\":\"WebSite\",\"@id\":\"https:\/\/amasc.org\/#website\",\"url\":\"https:\/\/amasc.org\/\",\"name\":\"AMASC\",\"description\":\"\",\"publisher\":{\"@id\":\"https:\/\/amasc.org\/#organization\"},\"potentialAction\":[{\"@type\":\"SearchAction\",\"target\":{\"@type\":\"EntryPoint\",\"urlTemplate\":\"https:\/\/amasc.org\/?s={search_term_string}\"},\"query-input\":{\"@type\":\"PropertyValueSpecification\",\"valueRequired\":true,\"valueName\":\"search_term_string\"}}],\"inLanguage\":\"es\"},{\"@type\":\"Organization\",\"@id\":\"https:\/\/amasc.org\/#organization\",\"name\":\"AMASC\",\"url\":\"https:\/\/amasc.org\/\",\"logo\":{\"@type\":\"ImageObject\",\"inLanguage\":\"es\",\"@id\":\"https:\/\/amasc.org\/#\/schema\/logo\/image\/\",\"url\":\"https:\/\/amasc.org\/wp-content\/uploads\/logo-brand-red.png\",\"contentUrl\":\"https:\/\/amasc.org\/wp-content\/uploads\/logo-brand-red.png\",\"width\":1283,\"height\":1624,\"caption\":\"AMASC\"},\"image\":{\"@id\":\"https:\/\/amasc.org\/#\/schema\/logo\/image\/\"}}]}<\/script>\n<!-- \/ Yoast SEO plugin. -->","yoast_head_json":{"title":"\u00bfQu\u00e9 es el AMASC? - AMASC","robots":{"index":"index","follow":"follow","max-snippet":"max-snippet:-1","max-image-preview":"max-image-preview:large","max-video-preview":"max-video-preview:-1"},"canonical":"https:\/\/amasc.org\/es\/what-is-amasc\/","og_locale":"es_ES","og_type":"article","og_title":"What is AMASC ? - AMASC","og_description":"The World Association of Alumnae and Alumni of the Sacred Heart (AMASC) is the organization that brings together&nbsp;all the alumni of Sacred Heart schools in the world, eager to cultivate mutual aid and friendship among them and to remain faithful to the values received during their schooling. As alumnae\/i, our education is rooted in the...","og_url":"https:\/\/amasc.org\/es\/what-is-amasc\/","og_site_name":"AMASC","article_modified_time":"2026-02-17T17:21:22+00:00","og_image":[{"width":2560,"height":1707,"url":"https:\/\/amasc.org\/wp-content\/uploads\/luis-desiro-itIxtxz0YU4-unsplash-scaled.jpg","type":"image\/jpeg"}],"twitter_card":"summary_large_image","twitter_misc":{"Tiempo de lectura":"2 minutos"},"schema":{"@context":"https:\/\/schema.org","@graph":[{"@type":"WebPage","@id":"https:\/\/amasc.org\/what-is-amasc\/","url":"https:\/\/amasc.org\/what-is-amasc\/","name":"\u00bfQu\u00e9 es el AMASC? - AMASC","isPartOf":{"@id":"https:\/\/amasc.org\/#website"},"primaryImageOfPage":{"@id":"https:\/\/amasc.org\/what-is-amasc\/#primaryimage"},"image":{"@id":"https:\/\/amasc.org\/what-is-amasc\/#primaryimage"},"thumbnailUrl":"https:\/\/amasc.org\/wp-content\/uploads\/luis-desiro-itIxtxz0YU4-unsplash-scaled.jpg","datePublished":"2020-11-03T20:26:46+00:00","dateModified":"2026-02-17T17:21:22+00:00","breadcrumb":{"@id":"https:\/\/amasc.org\/what-is-amasc\/#breadcrumb"},"inLanguage":"es","potentialAction":[{"@type":"ReadAction","target":["https:\/\/amasc.org\/what-is-amasc\/"]}]},{"@type":"ImageObject","inLanguage":"es","@id":"https:\/\/amasc.org\/what-is-amasc\/#primaryimage","url":"https:\/\/amasc.org\/wp-content\/uploads\/luis-desiro-itIxtxz0YU4-unsplash-scaled.jpg","contentUrl":"https:\/\/amasc.org\/wp-content\/uploads\/luis-desiro-itIxtxz0YU4-unsplash-scaled.jpg","width":2560,"height":1707},{"@type":"BreadcrumbList","@id":"https:\/\/amasc.org\/what-is-amasc\/#breadcrumb","itemListElement":[{"@type":"ListItem","position":1,"name":"Home","item":"https:\/\/amasc.org\/"},{"@type":"ListItem","position":2,"name":"What is AMASC ?"}]},{"@type":"WebSite","@id":"https:\/\/amasc.org\/#website","url":"https:\/\/amasc.org\/","name":"AMASC","description":"","publisher":{"@id":"https:\/\/amasc.org\/#organization"},"potentialAction":[{"@type":"SearchAction","target":{"@type":"EntryPoint","urlTemplate":"https:\/\/amasc.org\/?s={search_term_string}"},"query-input":{"@type":"PropertyValueSpecification","valueRequired":true,"valueName":"search_term_string"}}],"inLanguage":"es"},{"@type":"Organization","@id":"https:\/\/amasc.org\/#organization","name":"AMASC","url":"https:\/\/amasc.org\/","logo":{"@type":"ImageObject","inLanguage":"es","@id":"https:\/\/amasc.org\/#\/schema\/logo\/image\/","url":"https:\/\/amasc.org\/wp-content\/uploads\/logo-brand-red.png","contentUrl":"https:\/\/amasc.org\/wp-content\/uploads\/logo-brand-red.png","width":1283,"height":1624,"caption":"AMASC"},"image":{"@id":"https:\/\/amasc.org\/#\/schema\/logo\/image\/"}}]}},"taxonomy_info":[],"featured_image_src_large":["https:\/\/amasc.org\/wp-content\/uploads\/luis-desiro-itIxtxz0YU4-unsplash-1024x683.jpg",1024,683,true],"author_info":{"display_name":"AMASC","author_link":"https:\/\/amasc.org\/es\/author\/amasc\/"},"comment_info":0,"_links":{"self":[{"href":"https:\/\/amasc.org\/es\/wp-json\/wp\/v2\/pages\/1413","targetHints":{"allow":["GET"]}}],"collection":[{"href":"https:\/\/amasc.org\/es\/wp-json\/wp\/v2\/pages"}],"about":[{"href":"https:\/\/amasc.org\/es\/wp-json\/wp\/v2\/types\/page"}],"author":[{"embeddable":true,"href":"https:\/\/amasc.org\/es\/wp-json\/wp\/v2\/users\/6"}],"replies":[{"embeddable":true,"href":"https:\/\/amasc.org\/es\/wp-json\/wp\/v2\/comments?post=1413"}],"version-history":[{"count":0,"href":"https:\/\/amasc.org\/es\/wp-json\/wp\/v2\/pages\/1413\/revisions"}],"wp:featuredmedia":[{"embeddable":true,"href":"https:\/\/amasc.org\/es\/wp-json\/wp\/v2\/media\/3984"}],"wp:attachment":[{"href":"https:\/\/amasc.org\/es\/wp-json\/wp\/v2\/media?parent=1413"}],"curies":[{"name":"wp","href":"https:\/\/api.w.org\/{rel}","templated":true}]}}