{"id":1432,"date":"2020-11-03T22:36:46","date_gmt":"2020-11-03T20:36:46","guid":{"rendered":"https:\/\/sitewp.amasc-sacrecoeur.net\/?page_id=1432"},"modified":"2020-11-06T18:20:52","modified_gmt":"2020-11-06T17:20:52","slug":"its-goals","status":"publish","type":"page","link":"https:\/\/amasc.org\/es\/its-goals\/","title":{"rendered":"Objetivos"},"content":{"rendered":"<div class=\"wp-block-columns is-layout-flex wp-container-core-columns-is-layout-9d6595d7 wp-block-columns-is-layout-flex\">\n<div class=\"wp-block-column is-layout-flow wp-block-column-is-layout-flow\" style=\"flex-basis:66.66%\">\n<h2 class=\"wp-block-heading\"><span style=\"color:#b72424\" class=\"has-inline-color\">Sus objetivos<\/span><\/h2>\n\n\n\n<p><strong>Por supuesto, los fundadores de AMASC, al decidir reunirse en asociaci\u00f3n mundial<\/strong>eran libres de asignar los objetivos que quisieran, pero ten\u00edan en com\u00fan una educaci\u00f3n basada en los valores cristianos en sus escuelas. Adem\u00e1s, hab\u00edan sido ampliamente apoyadas y alentadas por las rscj en sus planteamientos, y la propia santa Magdalena Sof\u00eda Barat, al fundar el Sagrado Coraz\u00f3n, estaba deseosa de \"suscitar las adoradoras del coraz\u00f3n de Jes\u00fas\" que participar\u00edan en la recristianizaci\u00f3n del mundo.<\/p>\n\n\n\n<p>Era la \u00e9poca del Concilio cuando la Iglesia comenz\u00f3 a abrirse a los laicos. Tambi\u00e9n, la Madre de Valon, les hab\u00eda enviado esta exhortaci\u00f3n en mayo de 1965 en Bruselas (1):<\/p>\n\n\n\n<blockquote class=\"wp-block-quote is-layout-flow wp-block-quote-is-layout-flow\"><p>\"... Creo que hay en ti una gracia (...) Es una llamada, una llamada de la Iglesia .<br>La Iglesia est\u00e1 en este momento en Concilio (...). Se os ha ense\u00f1ado en el Sagrado Coraz\u00f3n, un serio amor a la Santa Iglesia.<br>Deb\u00e9is abriros a todos los problemas que pone ante vuestros ojos... (...) conocerlos mejor y colaborar m\u00e1s (...) estudiar esta descristianizaci\u00f3n lenta pero real, estudiar tambi\u00e9n el pensamiento actual del mundo, que confunde demasiado f\u00e1cilmente lo interesante con la verdad, estudiar los problemas del sufrimiento cuando entran en el mundo del trabajo donde nace demasiado a menudo un odio de clase a clase, estudiar la miseria humana... (...) (Ilumin\u00e1ndoos m\u00e1s) llevar\u00e9is m\u00e1s la llama. Vais a pedir esta gracia en el contacto que tendr\u00e9is entre vosotros. Del choque de ideas brota la luz. (...)<br>El Se\u00f1or dijo: \"He venido a traer fuego a la tierra\". En \u00faltima instancia, es en \u00c9l donde debemos tomar el fuego y la llama. (As\u00ed) estoy seguro de que habr\u00e1 respondido a la espera de la Iglesia. \"<br>Se les propuso un camino, por el que avanzaron decididamente asignando entre los objetivos de la nueva asociaci\u00f3n el de \"cooperar activa y eficazmente con la Sociedad del Sagrado Coraz\u00f3n en sus diversas tareas y opciones\"<\/p><\/blockquote>\n\n\n\n<p>(art 3-2-b de sus estatutos)<\/p>\n\n\n\n<p>(1) Discurso ante el III Congreso Mundial de Antiguos Bruselas 10-15 de mayo de 1965<\/p>\n\n\n\n<div style=\"height:50px\" aria-hidden=\"true\" class=\"wp-block-spacer\"><\/div>\n<\/div>\n\n\n\n<div class=\"wp-block-column is-layout-flow wp-block-column-is-layout-flow\" style=\"flex-basis:33.33%\">\n<div class=\"wp-block-image\"><figure class=\"aligncenter size-large\"><img loading=\"lazy\" decoding=\"async\" width=\"330\" height=\"276\" src=\"https:\/\/amasc.org\/wp-content\/uploads\/Creation_Ana_Morales_spiritualite.jpg\" alt=\"\" class=\"wp-image-696\" srcset=\"https:\/\/amasc.org\/wp-content\/uploads\/Creation_Ana_Morales_spiritualite.jpg 330w, https:\/\/amasc.org\/wp-content\/uploads\/Creation_Ana_Morales_spiritualite-300x251.jpg 300w\" sizes=\"auto, (max-width: 330px) 100vw, 330px\" \/><figcaption><em><em>ANA MORALES,RSCJ<\/em><\/em><\/figcaption><\/figure><\/div>\n<\/div>\n<\/div>","protected":false},"excerpt":{"rendered":"<p>Sus objetivos Por supuesto, los fundadores de la AMASC, al decidir reunirse en asociaci\u00f3n mundial, eran libres de asignarse los objetivos que quisieran, pero ten\u00edan en com\u00fan una educaci\u00f3n basada en los valores cristianos en sus escuelas. Adem\u00e1s, hab\u00edan sido ampliamente apoyados y alentados por la rscj en su planteamiento, y St. Madeleine...<\/p>","protected":false},"author":6,"featured_media":0,"parent":0,"menu_order":0,"comment_status":"closed","ping_status":"closed","template":"","meta":{"_acf_changed":false,"_kad_blocks_custom_css":"","_kad_blocks_head_custom_js":"","_kad_blocks_body_custom_js":"","_kad_blocks_footer_custom_js":"","_kad_post_transparent":"","_kad_post_title":"","_kad_post_layout":"","_kad_post_sidebar_id":"","_kad_post_content_style":"","_kad_post_vertical_padding":"","_kad_post_feature":"","_kad_post_feature_position":"","_kad_post_header":false,"_kad_post_footer":false,"_kad_post_classname":"","footnotes":""},"class_list":["post-1432","page","type-page","status-publish","hentry"],"acf":[],"yoast_head":"<!-- This site is optimized with the Yoast SEO plugin v26.4 - https:\/\/yoast.com\/wordpress\/plugins\/seo\/ -->\n<title>Goals - AMASC<\/title>\n<meta name=\"robots\" content=\"index, follow, max-snippet:-1, max-image-preview:large, max-video-preview:-1\" \/>\n<link rel=\"canonical\" href=\"https:\/\/amasc.org\/es\/its-goals\/\" \/>\n<meta property=\"og:locale\" content=\"es_ES\" \/>\n<meta property=\"og:type\" content=\"article\" \/>\n<meta property=\"og:title\" content=\"Goals - AMASC\" \/>\n<meta property=\"og:description\" content=\"Its goals Of course, the founders of AMASC, in deciding to meet in global association, were free to assign the objectives they wanted, but they had in common an education based on Christian values in their schools. In addition, they had been widely supported and encouraged by the rscj in their approach, and St. Madeleine...\" \/>\n<meta property=\"og:url\" content=\"https:\/\/amasc.org\/es\/its-goals\/\" \/>\n<meta property=\"og:site_name\" content=\"AMASC\" \/>\n<meta property=\"article:modified_time\" content=\"2020-11-06T17:20:52+00:00\" \/>\n<meta property=\"og:image\" content=\"https:\/\/amasc.org\/wp-content\/uploads\/Creation_Ana_Morales_spiritualite.jpg\" \/>\n<meta name=\"twitter:card\" content=\"summary_large_image\" \/>\n<meta name=\"twitter:label1\" content=\"Tiempo de lectura\" \/>\n\t<meta name=\"twitter:data1\" content=\"2 minutos\" \/>\n<script type=\"application\/ld+json\" class=\"yoast-schema-graph\">{\"@context\":\"https:\/\/schema.org\",\"@graph\":[{\"@type\":\"WebPage\",\"@id\":\"https:\/\/amasc.org\/its-goals\/\",\"url\":\"https:\/\/amasc.org\/its-goals\/\",\"name\":\"Goals - AMASC\",\"isPartOf\":{\"@id\":\"https:\/\/amasc.org\/#website\"},\"primaryImageOfPage\":{\"@id\":\"https:\/\/amasc.org\/its-goals\/#primaryimage\"},\"image\":{\"@id\":\"https:\/\/amasc.org\/its-goals\/#primaryimage\"},\"thumbnailUrl\":\"https:\/\/amasc.org\/wp-content\/uploads\/Creation_Ana_Morales_spiritualite.jpg\",\"datePublished\":\"2020-11-03T20:36:46+00:00\",\"dateModified\":\"2020-11-06T17:20:52+00:00\",\"breadcrumb\":{\"@id\":\"https:\/\/amasc.org\/its-goals\/#breadcrumb\"},\"inLanguage\":\"es\",\"potentialAction\":[{\"@type\":\"ReadAction\",\"target\":[\"https:\/\/amasc.org\/its-goals\/\"]}]},{\"@type\":\"ImageObject\",\"inLanguage\":\"es\",\"@id\":\"https:\/\/amasc.org\/its-goals\/#primaryimage\",\"url\":\"https:\/\/amasc.org\/wp-content\/uploads\/Creation_Ana_Morales_spiritualite.jpg\",\"contentUrl\":\"https:\/\/amasc.org\/wp-content\/uploads\/Creation_Ana_Morales_spiritualite.jpg\"},{\"@type\":\"BreadcrumbList\",\"@id\":\"https:\/\/amasc.org\/its-goals\/#breadcrumb\",\"itemListElement\":[{\"@type\":\"ListItem\",\"position\":1,\"name\":\"Home\",\"item\":\"https:\/\/amasc.org\/\"},{\"@type\":\"ListItem\",\"position\":2,\"name\":\"Goals\"}]},{\"@type\":\"WebSite\",\"@id\":\"https:\/\/amasc.org\/#website\",\"url\":\"https:\/\/amasc.org\/\",\"name\":\"AMASC\",\"description\":\"\",\"publisher\":{\"@id\":\"https:\/\/amasc.org\/#organization\"},\"potentialAction\":[{\"@type\":\"SearchAction\",\"target\":{\"@type\":\"EntryPoint\",\"urlTemplate\":\"https:\/\/amasc.org\/?s={search_term_string}\"},\"query-input\":{\"@type\":\"PropertyValueSpecification\",\"valueRequired\":true,\"valueName\":\"search_term_string\"}}],\"inLanguage\":\"es\"},{\"@type\":\"Organization\",\"@id\":\"https:\/\/amasc.org\/#organization\",\"name\":\"AMASC\",\"url\":\"https:\/\/amasc.org\/\",\"logo\":{\"@type\":\"ImageObject\",\"inLanguage\":\"es\",\"@id\":\"https:\/\/amasc.org\/#\/schema\/logo\/image\/\",\"url\":\"https:\/\/amasc.org\/wp-content\/uploads\/logo-brand-red.png\",\"contentUrl\":\"https:\/\/amasc.org\/wp-content\/uploads\/logo-brand-red.png\",\"width\":1283,\"height\":1624,\"caption\":\"AMASC\"},\"image\":{\"@id\":\"https:\/\/amasc.org\/#\/schema\/logo\/image\/\"}}]}<\/script>\n<!-- \/ Yoast SEO plugin. -->","yoast_head_json":{"title":"Goals - AMASC","robots":{"index":"index","follow":"follow","max-snippet":"max-snippet:-1","max-image-preview":"max-image-preview:large","max-video-preview":"max-video-preview:-1"},"canonical":"https:\/\/amasc.org\/es\/its-goals\/","og_locale":"es_ES","og_type":"article","og_title":"Goals - AMASC","og_description":"Its goals Of course, the founders of AMASC, in deciding to meet in global association, were free to assign the objectives they wanted, but they had in common an education based on Christian values in their schools. In addition, they had been widely supported and encouraged by the rscj in their approach, and St. Madeleine...","og_url":"https:\/\/amasc.org\/es\/its-goals\/","og_site_name":"AMASC","article_modified_time":"2020-11-06T17:20:52+00:00","og_image":[{"url":"https:\/\/amasc.org\/wp-content\/uploads\/Creation_Ana_Morales_spiritualite.jpg","type":"","width":"","height":""}],"twitter_card":"summary_large_image","twitter_misc":{"Tiempo de lectura":"2 minutos"},"schema":{"@context":"https:\/\/schema.org","@graph":[{"@type":"WebPage","@id":"https:\/\/amasc.org\/its-goals\/","url":"https:\/\/amasc.org\/its-goals\/","name":"Goals - AMASC","isPartOf":{"@id":"https:\/\/amasc.org\/#website"},"primaryImageOfPage":{"@id":"https:\/\/amasc.org\/its-goals\/#primaryimage"},"image":{"@id":"https:\/\/amasc.org\/its-goals\/#primaryimage"},"thumbnailUrl":"https:\/\/amasc.org\/wp-content\/uploads\/Creation_Ana_Morales_spiritualite.jpg","datePublished":"2020-11-03T20:36:46+00:00","dateModified":"2020-11-06T17:20:52+00:00","breadcrumb":{"@id":"https:\/\/amasc.org\/its-goals\/#breadcrumb"},"inLanguage":"es","potentialAction":[{"@type":"ReadAction","target":["https:\/\/amasc.org\/its-goals\/"]}]},{"@type":"ImageObject","inLanguage":"es","@id":"https:\/\/amasc.org\/its-goals\/#primaryimage","url":"https:\/\/amasc.org\/wp-content\/uploads\/Creation_Ana_Morales_spiritualite.jpg","contentUrl":"https:\/\/amasc.org\/wp-content\/uploads\/Creation_Ana_Morales_spiritualite.jpg"},{"@type":"BreadcrumbList","@id":"https:\/\/amasc.org\/its-goals\/#breadcrumb","itemListElement":[{"@type":"ListItem","position":1,"name":"Home","item":"https:\/\/amasc.org\/"},{"@type":"ListItem","position":2,"name":"Goals"}]},{"@type":"WebSite","@id":"https:\/\/amasc.org\/#website","url":"https:\/\/amasc.org\/","name":"AMASC","description":"","publisher":{"@id":"https:\/\/amasc.org\/#organization"},"potentialAction":[{"@type":"SearchAction","target":{"@type":"EntryPoint","urlTemplate":"https:\/\/amasc.org\/?s={search_term_string}"},"query-input":{"@type":"PropertyValueSpecification","valueRequired":true,"valueName":"search_term_string"}}],"inLanguage":"es"},{"@type":"Organization","@id":"https:\/\/amasc.org\/#organization","name":"AMASC","url":"https:\/\/amasc.org\/","logo":{"@type":"ImageObject","inLanguage":"es","@id":"https:\/\/amasc.org\/#\/schema\/logo\/image\/","url":"https:\/\/amasc.org\/wp-content\/uploads\/logo-brand-red.png","contentUrl":"https:\/\/amasc.org\/wp-content\/uploads\/logo-brand-red.png","width":1283,"height":1624,"caption":"AMASC"},"image":{"@id":"https:\/\/amasc.org\/#\/schema\/logo\/image\/"}}]}},"taxonomy_info":[],"featured_image_src_large":false,"author_info":{"display_name":"AMASC","author_link":"https:\/\/amasc.org\/es\/author\/amasc\/"},"comment_info":0,"_links":{"self":[{"href":"https:\/\/amasc.org\/es\/wp-json\/wp\/v2\/pages\/1432","targetHints":{"allow":["GET"]}}],"collection":[{"href":"https:\/\/amasc.org\/es\/wp-json\/wp\/v2\/pages"}],"about":[{"href":"https:\/\/amasc.org\/es\/wp-json\/wp\/v2\/types\/page"}],"author":[{"embeddable":true,"href":"https:\/\/amasc.org\/es\/wp-json\/wp\/v2\/users\/6"}],"replies":[{"embeddable":true,"href":"https:\/\/amasc.org\/es\/wp-json\/wp\/v2\/comments?post=1432"}],"version-history":[{"count":0,"href":"https:\/\/amasc.org\/es\/wp-json\/wp\/v2\/pages\/1432\/revisions"}],"wp:attachment":[{"href":"https:\/\/amasc.org\/es\/wp-json\/wp\/v2\/media?parent=1432"}],"curies":[{"name":"wp","href":"https:\/\/api.w.org\/{rel}","templated":true}]}}