{"id":430,"date":"2020-10-11T18:32:56","date_gmt":"2020-10-11T16:32:56","guid":{"rendered":"https:\/\/sitewp.amasc-sacrecoeur.net\/?page_id=430"},"modified":"2024-05-03T10:52:17","modified_gmt":"2024-05-03T14:52:17","slug":"children-of-bougoudang","status":"publish","type":"page","link":"https:\/\/amasc.org\/es\/activities\/solidarity-projects\/children-of-bougoudang\/","title":{"rendered":"Bougoudang"},"content":{"rendered":"<div class=\"wp-block-columns is-layout-flex wp-container-core-columns-is-layout-9d6595d7 wp-block-columns-is-layout-flex\">\n<div class=\"wp-block-column is-layout-flow wp-block-column-is-layout-flow\" style=\"flex-basis:66.66%\">\n<h2 class=\"has-text-color wp-block-heading\" style=\"color:#b72424\">Juntos, ofrecer una escuela a los ni\u00f1os de Bougoudang<\/h2>\n\n\n\n<p>En l\u00ednea con el tema \"Vivamos juntos la familia del Sagrado Coraz\u00f3n\" del nuevo mandato, todas las asociaciones nacionales est\u00e1n invitadas a cooperar juntas y cada una a su medida a la realizaci\u00f3n de este proyecto que nos ha propuesto la Madre General. Se informar\u00e1 regularmente de sus progresos.<\/p>\n\n\n\n<p>__________<\/p>\n\n\n\n<p>10\/11\/2022<br><strong>\u00a1JUNTOS LO HEMOS CONSEGUIDO! <\/strong><br><strong>\u00a1LOS NI\u00d1OS DE BOUGOUDANG YA TIENEN AULAS DE VERDAD!<\/strong><\/p>\n\n\n\n<figure class=\"wp-block-video\"><video height=\"998\" style=\"aspect-ratio: 1920 \/ 998;\" width=\"1920\" controls src=\"https:\/\/amasc.org\/wp-content\/uploads\/BOUGOUDANG_Final_avecsubsEnglish.mp4\"><\/video><figcaption class=\"wp-element-caption\"><em>V\u00eddeo presentado en la Asamblea General de N\u00e1poles los d\u00edas 29 y 30 de octubre de 202<\/em><\/figcaption><\/figure>\n\n\n\n<p>__________<\/p>\n\n\n\n<p>13\/10\/2021<br><strong>S\u00cd, NUESTRO PROYECTO YA TIENE CUERPO Y CARAS. <\/strong><br><strong>\u00a1AY\u00daDANOS A COMPLETARLO!<\/strong><\/p>\n\n\n\n<figure class=\"wp-block-video\"><video height=\"998\" style=\"aspect-ratio: 1920 \/ 998;\" width=\"1920\" controls src=\"https:\/\/amasc.org\/wp-content\/uploads\/Bougoudang-Global-UK-web.mp4\"><\/video><figcaption class=\"wp-element-caption\"><em>Un v\u00eddeo de Sor Dorota Zych<\/em><\/figcaption><\/figure>\n\n\n\n<p>19\/03\/2021<br><strong>EN BOUGOUDANG, \u00a1CONTINUEMOS NUESTRO ESFUERZO!<\/strong><\/p>\n\n\n\n<div class=\"wp-block-file\"><a id=\"wp-block-file--media-d8e9ccf8-1b8e-46ed-bf0b-d2eddb56e462\" href=\"https:\/\/amasc.org\/wp-content\/uploads\/UK-Bougoudang19.03.2021.pdf\" target=\"_blank\" rel=\"noreferrer noopener\">Leer en l\u00ednea<\/a><a href=\"https:\/\/amasc.org\/wp-content\/uploads\/UK-Bougoudang19.03.2021.pdf\" class=\"wp-block-file__button wp-element-button\" download aria-describedby=\"wp-block-file--media-d8e9ccf8-1b8e-46ed-bf0b-d2eddb56e462\">Descargar<\/a><\/div>\n\n\n\n<p>05\/06\/2020<br><strong>\u00daLTIMAS NOTICIAS<\/strong><\/p>\n\n\n\n<div class=\"wp-block-file\"><a id=\"wp-block-file--media-f2405557-4404-4854-b6a0-86d221cc59ff\" href=\"https:\/\/amasc.org\/wp-content\/uploads\/uk_news_06_2020.pdf.pdf\" target=\"_blank\" rel=\"noreferrer noopener\">Leer en l\u00ednea<\/a><a href=\"https:\/\/amasc.org\/wp-content\/uploads\/uk_news_06_2020.pdf.pdf\" class=\"wp-block-file__button wp-element-button\" download aria-describedby=\"wp-block-file--media-f2405557-4404-4854-b6a0-86d221cc59ff\">Descargar<\/a><\/div>\n\n\n\n<p>16\/10\/2019<br><strong><strong>JUNTOS PODEMOS OFRECER UN FUTURO A LOS NI\u00d1OS DE BOUGOUDANG<\/strong><\/strong><\/p>\n\n\n\n<div class=\"wp-block-file\"><a id=\"wp-block-file--media-4879937f-dd8a-4365-8f13-135a1799cc14\" href=\"https:\/\/amasc.org\/wp-content\/uploads\/uk_bougou.pdf.pdf\" target=\"_blank\" rel=\"noreferrer noopener\">Leer en l\u00ednea<\/a><a href=\"https:\/\/amasc.org\/wp-content\/uploads\/uk_bougou.pdf.pdf\" class=\"wp-block-file__button wp-element-button\" download aria-describedby=\"wp-block-file--media-4879937f-dd8a-4365-8f13-135a1799cc14\">Descargar<\/a><\/div>\n\n\n\n<div style=\"height:50px\" aria-hidden=\"true\" class=\"wp-block-spacer\"><\/div>\n<\/div>\n\n\n\n<div class=\"wp-block-column is-layout-flow wp-block-column-is-layout-flow\" style=\"flex-basis:33.33%\"><div class=\"wp-block-image\">\n<figure class=\"aligncenter size-large is-resized\"><img decoding=\"async\" src=\"https:\/\/amasc.org\/wp-content\/uploads\/bougou_uk.png\" alt=\"\" class=\"wp-image-2211\" width=\"330\" srcset=\"https:\/\/amasc.org\/wp-content\/uploads\/bougou_uk.png 476w, https:\/\/amasc.org\/wp-content\/uploads\/bougou_uk-283x300.png 283w, https:\/\/amasc.org\/wp-content\/uploads\/bougou_uk-142x150.png 142w\" sizes=\"(max-width: 476px) 100vw, 476px\" \/><\/figure>\n<\/div>\n\n<div class=\"wp-block-image\">\n<figure class=\"aligncenter size-large\"><img loading=\"lazy\" decoding=\"async\" width=\"330\" height=\"415\" src=\"https:\/\/amasc.org\/wp-content\/uploads\/img_projet_bougoudang_1.jpg\" alt=\"\" class=\"wp-image-414\" srcset=\"https:\/\/amasc.org\/wp-content\/uploads\/img_projet_bougoudang_1.jpg 330w, https:\/\/amasc.org\/wp-content\/uploads\/img_projet_bougoudang_1-239x300.jpg 239w\" sizes=\"auto, (max-width: 330px) 100vw, 330px\" \/><\/figure>\n<\/div>\n\n<div class=\"wp-block-image\">\n<figure class=\"aligncenter size-large\"><img loading=\"lazy\" decoding=\"async\" width=\"330\" height=\"282\" src=\"https:\/\/amasc.org\/wp-content\/uploads\/img_projet_bougoudang_2.jpg\" alt=\"\" class=\"wp-image-415\" srcset=\"https:\/\/amasc.org\/wp-content\/uploads\/img_projet_bougoudang_2.jpg 330w, https:\/\/amasc.org\/wp-content\/uploads\/img_projet_bougoudang_2-300x256.jpg 300w\" sizes=\"auto, (max-width: 330px) 100vw, 330px\" \/><\/figure>\n<\/div>\n\n<div class=\"wp-block-image\">\n<figure class=\"aligncenter size-large\"><img loading=\"lazy\" decoding=\"async\" width=\"330\" height=\"275\" src=\"https:\/\/amasc.org\/wp-content\/uploads\/img_projet_bougoudang_3.jpg\" alt=\"\" class=\"wp-image-416\" srcset=\"https:\/\/amasc.org\/wp-content\/uploads\/img_projet_bougoudang_3.jpg 330w, https:\/\/amasc.org\/wp-content\/uploads\/img_projet_bougoudang_3-300x250.jpg 300w\" sizes=\"auto, (max-width: 330px) 100vw, 330px\" \/><figcaption class=\"wp-element-caption\"><em><em>Las RSCJ ya han abierto all\u00ed una Escuela Agr\u00edcola<\/em><\/em><\/figcaption><\/figure>\n<\/div><\/div>\n<\/div>","protected":false},"excerpt":{"rendered":"<p>Juntos, ofrecer una escuela a los ni\u00f1os de Bougoudang De acuerdo con el tema \"Vivamos juntos la familia del Sagrado Coraz\u00f3n\" del nuevo mandato, se invita a todas las asociaciones nacionales a cooperar juntas y cada una a su medida a la realizaci\u00f3n de este proyecto que nos propuso la Madre...<\/p>","protected":false},"author":6,"featured_media":0,"parent":615,"menu_order":0,"comment_status":"closed","ping_status":"closed","template":"","meta":{"_acf_changed":false,"_kad_blocks_custom_css":"","_kad_blocks_head_custom_js":"","_kad_blocks_body_custom_js":"","_kad_blocks_footer_custom_js":"","_kad_post_transparent":"","_kad_post_title":"","_kad_post_layout":"","_kad_post_sidebar_id":"","_kad_post_content_style":"","_kad_post_vertical_padding":"","_kad_post_feature":"","_kad_post_feature_position":"","_kad_post_header":false,"_kad_post_footer":false,"_kad_post_classname":"","footnotes":""},"class_list":["post-430","page","type-page","status-publish","hentry"],"acf":[],"yoast_head":"<!-- This site is optimized with the Yoast SEO plugin v26.4 - https:\/\/yoast.com\/wordpress\/plugins\/seo\/ -->\n<title>Bougoudang - AMASC<\/title>\n<meta name=\"robots\" content=\"index, follow, max-snippet:-1, max-image-preview:large, max-video-preview:-1\" \/>\n<link rel=\"canonical\" href=\"https:\/\/amasc.org\/es\/activities\/solidarity-projects\/children-of-bougoudang\/\" \/>\n<meta property=\"og:locale\" content=\"es_ES\" \/>\n<meta property=\"og:type\" content=\"article\" \/>\n<meta property=\"og:title\" content=\"Bougoudang - AMASC\" \/>\n<meta property=\"og:description\" content=\"Together, offer a school to the children of Bougoudang In line with the theme &#8220;Let&#8217;s live together the family of the Sacred Heart&#8221; of the new mandate, all the national associations are invited to cooperate together and each to its measure to the realization of this project which was proposed to us by the Mother...\" \/>\n<meta property=\"og:url\" content=\"https:\/\/amasc.org\/es\/activities\/solidarity-projects\/children-of-bougoudang\/\" \/>\n<meta property=\"og:site_name\" content=\"AMASC\" \/>\n<meta property=\"article:modified_time\" content=\"2024-05-03T14:52:17+00:00\" \/>\n<meta property=\"og:image\" content=\"https:\/\/amasc.org\/wp-content\/uploads\/bougou_uk.png\" \/>\n<meta name=\"twitter:card\" content=\"summary_large_image\" \/>\n<meta name=\"twitter:label1\" content=\"Tiempo de lectura\" \/>\n\t<meta name=\"twitter:data1\" content=\"1 minuto\" \/>\n<script type=\"application\/ld+json\" class=\"yoast-schema-graph\">{\"@context\":\"https:\/\/schema.org\",\"@graph\":[{\"@type\":\"WebPage\",\"@id\":\"https:\/\/amasc.org\/activities\/solidarity-projects\/children-of-bougoudang\/\",\"url\":\"https:\/\/amasc.org\/activities\/solidarity-projects\/children-of-bougoudang\/\",\"name\":\"Bougoudang - AMASC\",\"isPartOf\":{\"@id\":\"https:\/\/amasc.org\/#website\"},\"primaryImageOfPage\":{\"@id\":\"https:\/\/amasc.org\/activities\/solidarity-projects\/children-of-bougoudang\/#primaryimage\"},\"image\":{\"@id\":\"https:\/\/amasc.org\/activities\/solidarity-projects\/children-of-bougoudang\/#primaryimage\"},\"thumbnailUrl\":\"https:\/\/amasc.org\/wp-content\/uploads\/bougou_uk.png\",\"datePublished\":\"2020-10-11T16:32:56+00:00\",\"dateModified\":\"2024-05-03T14:52:17+00:00\",\"breadcrumb\":{\"@id\":\"https:\/\/amasc.org\/activities\/solidarity-projects\/children-of-bougoudang\/#breadcrumb\"},\"inLanguage\":\"es\",\"potentialAction\":[{\"@type\":\"ReadAction\",\"target\":[\"https:\/\/amasc.org\/activities\/solidarity-projects\/children-of-bougoudang\/\"]}]},{\"@type\":\"ImageObject\",\"inLanguage\":\"es\",\"@id\":\"https:\/\/amasc.org\/activities\/solidarity-projects\/children-of-bougoudang\/#primaryimage\",\"url\":\"https:\/\/amasc.org\/wp-content\/uploads\/bougou_uk.png\",\"contentUrl\":\"https:\/\/amasc.org\/wp-content\/uploads\/bougou_uk.png\"},{\"@type\":\"BreadcrumbList\",\"@id\":\"https:\/\/amasc.org\/activities\/solidarity-projects\/children-of-bougoudang\/#breadcrumb\",\"itemListElement\":[{\"@type\":\"ListItem\",\"position\":1,\"name\":\"Home\",\"item\":\"https:\/\/amasc.org\/\"},{\"@type\":\"ListItem\",\"position\":2,\"name\":\"Activities\",\"item\":\"https:\/\/amasc.org\/activities\/\"},{\"@type\":\"ListItem\",\"position\":3,\"name\":\"Joint projects of solidarity\",\"item\":\"https:\/\/amasc.org\/activities\/solidarity-projects\/\"},{\"@type\":\"ListItem\",\"position\":4,\"name\":\"Bougoudang\"}]},{\"@type\":\"WebSite\",\"@id\":\"https:\/\/amasc.org\/#website\",\"url\":\"https:\/\/amasc.org\/\",\"name\":\"AMASC\",\"description\":\"\",\"publisher\":{\"@id\":\"https:\/\/amasc.org\/#organization\"},\"potentialAction\":[{\"@type\":\"SearchAction\",\"target\":{\"@type\":\"EntryPoint\",\"urlTemplate\":\"https:\/\/amasc.org\/?s={search_term_string}\"},\"query-input\":{\"@type\":\"PropertyValueSpecification\",\"valueRequired\":true,\"valueName\":\"search_term_string\"}}],\"inLanguage\":\"es\"},{\"@type\":\"Organization\",\"@id\":\"https:\/\/amasc.org\/#organization\",\"name\":\"AMASC\",\"url\":\"https:\/\/amasc.org\/\",\"logo\":{\"@type\":\"ImageObject\",\"inLanguage\":\"es\",\"@id\":\"https:\/\/amasc.org\/#\/schema\/logo\/image\/\",\"url\":\"https:\/\/amasc.org\/wp-content\/uploads\/logo-brand-red.png\",\"contentUrl\":\"https:\/\/amasc.org\/wp-content\/uploads\/logo-brand-red.png\",\"width\":1283,\"height\":1624,\"caption\":\"AMASC\"},\"image\":{\"@id\":\"https:\/\/amasc.org\/#\/schema\/logo\/image\/\"}}]}<\/script>\n<!-- \/ Yoast SEO plugin. -->","yoast_head_json":{"title":"Bougoudang - AMASC","robots":{"index":"index","follow":"follow","max-snippet":"max-snippet:-1","max-image-preview":"max-image-preview:large","max-video-preview":"max-video-preview:-1"},"canonical":"https:\/\/amasc.org\/es\/activities\/solidarity-projects\/children-of-bougoudang\/","og_locale":"es_ES","og_type":"article","og_title":"Bougoudang - AMASC","og_description":"Together, offer a school to the children of Bougoudang In line with the theme &#8220;Let&#8217;s live together the family of the Sacred Heart&#8221; of the new mandate, all the national associations are invited to cooperate together and each to its measure to the realization of this project which was proposed to us by the Mother...","og_url":"https:\/\/amasc.org\/es\/activities\/solidarity-projects\/children-of-bougoudang\/","og_site_name":"AMASC","article_modified_time":"2024-05-03T14:52:17+00:00","og_image":[{"url":"https:\/\/amasc.org\/wp-content\/uploads\/bougou_uk.png","type":"","width":"","height":""}],"twitter_card":"summary_large_image","twitter_misc":{"Tiempo de lectura":"1 minuto"},"schema":{"@context":"https:\/\/schema.org","@graph":[{"@type":"WebPage","@id":"https:\/\/amasc.org\/activities\/solidarity-projects\/children-of-bougoudang\/","url":"https:\/\/amasc.org\/activities\/solidarity-projects\/children-of-bougoudang\/","name":"Bougoudang - AMASC","isPartOf":{"@id":"https:\/\/amasc.org\/#website"},"primaryImageOfPage":{"@id":"https:\/\/amasc.org\/activities\/solidarity-projects\/children-of-bougoudang\/#primaryimage"},"image":{"@id":"https:\/\/amasc.org\/activities\/solidarity-projects\/children-of-bougoudang\/#primaryimage"},"thumbnailUrl":"https:\/\/amasc.org\/wp-content\/uploads\/bougou_uk.png","datePublished":"2020-10-11T16:32:56+00:00","dateModified":"2024-05-03T14:52:17+00:00","breadcrumb":{"@id":"https:\/\/amasc.org\/activities\/solidarity-projects\/children-of-bougoudang\/#breadcrumb"},"inLanguage":"es","potentialAction":[{"@type":"ReadAction","target":["https:\/\/amasc.org\/activities\/solidarity-projects\/children-of-bougoudang\/"]}]},{"@type":"ImageObject","inLanguage":"es","@id":"https:\/\/amasc.org\/activities\/solidarity-projects\/children-of-bougoudang\/#primaryimage","url":"https:\/\/amasc.org\/wp-content\/uploads\/bougou_uk.png","contentUrl":"https:\/\/amasc.org\/wp-content\/uploads\/bougou_uk.png"},{"@type":"BreadcrumbList","@id":"https:\/\/amasc.org\/activities\/solidarity-projects\/children-of-bougoudang\/#breadcrumb","itemListElement":[{"@type":"ListItem","position":1,"name":"Home","item":"https:\/\/amasc.org\/"},{"@type":"ListItem","position":2,"name":"Activities","item":"https:\/\/amasc.org\/activities\/"},{"@type":"ListItem","position":3,"name":"Joint projects of solidarity","item":"https:\/\/amasc.org\/activities\/solidarity-projects\/"},{"@type":"ListItem","position":4,"name":"Bougoudang"}]},{"@type":"WebSite","@id":"https:\/\/amasc.org\/#website","url":"https:\/\/amasc.org\/","name":"AMASC","description":"","publisher":{"@id":"https:\/\/amasc.org\/#organization"},"potentialAction":[{"@type":"SearchAction","target":{"@type":"EntryPoint","urlTemplate":"https:\/\/amasc.org\/?s={search_term_string}"},"query-input":{"@type":"PropertyValueSpecification","valueRequired":true,"valueName":"search_term_string"}}],"inLanguage":"es"},{"@type":"Organization","@id":"https:\/\/amasc.org\/#organization","name":"AMASC","url":"https:\/\/amasc.org\/","logo":{"@type":"ImageObject","inLanguage":"es","@id":"https:\/\/amasc.org\/#\/schema\/logo\/image\/","url":"https:\/\/amasc.org\/wp-content\/uploads\/logo-brand-red.png","contentUrl":"https:\/\/amasc.org\/wp-content\/uploads\/logo-brand-red.png","width":1283,"height":1624,"caption":"AMASC"},"image":{"@id":"https:\/\/amasc.org\/#\/schema\/logo\/image\/"}}]}},"taxonomy_info":[],"featured_image_src_large":false,"author_info":{"display_name":"AMASC","author_link":"https:\/\/amasc.org\/es\/author\/amasc\/"},"comment_info":0,"_links":{"self":[{"href":"https:\/\/amasc.org\/es\/wp-json\/wp\/v2\/pages\/430","targetHints":{"allow":["GET"]}}],"collection":[{"href":"https:\/\/amasc.org\/es\/wp-json\/wp\/v2\/pages"}],"about":[{"href":"https:\/\/amasc.org\/es\/wp-json\/wp\/v2\/types\/page"}],"author":[{"embeddable":true,"href":"https:\/\/amasc.org\/es\/wp-json\/wp\/v2\/users\/6"}],"replies":[{"embeddable":true,"href":"https:\/\/amasc.org\/es\/wp-json\/wp\/v2\/comments?post=430"}],"version-history":[{"count":0,"href":"https:\/\/amasc.org\/es\/wp-json\/wp\/v2\/pages\/430\/revisions"}],"up":[{"embeddable":true,"href":"https:\/\/amasc.org\/es\/wp-json\/wp\/v2\/pages\/615"}],"wp:attachment":[{"href":"https:\/\/amasc.org\/es\/wp-json\/wp\/v2\/media?parent=430"}],"curies":[{"name":"wp","href":"https:\/\/api.w.org\/{rel}","templated":true}]}}