{"id":491,"date":"2020-10-17T17:08:33","date_gmt":"2020-10-17T15:08:33","guid":{"rendered":"https:\/\/sitewp.amasc-sacrecoeur.net\/?page_id=491"},"modified":"2020-11-06T18:18:32","modified_gmt":"2020-11-06T17:18:32","slug":"52-years-of-amasc-congresses","status":"publish","type":"page","link":"https:\/\/amasc.org\/es\/congresses\/world-congresses\/52-years-of-amasc-congresses\/","title":{"rendered":"52 a\u00f1os de congresos"},"content":{"rendered":"<div class=\"wp-block-columns is-layout-flex wp-container-core-columns-is-layout-9d6595d7 wp-block-columns-is-layout-flex\">\n<div class=\"wp-block-column is-layout-flow wp-block-column-is-layout-flow\" style=\"flex-basis:66.66%\">\n<h2 class=\"wp-block-heading\"><span style=\"color:#b72424\" class=\"has-inline-color\">52 a\u00f1os de Congresos AMASC<\/span><\/h2>\n\n\n\n<h6 class=\"has-text-color wp-block-heading\" style=\"color:#b72424\">El origen de AMASC<\/h6>\n\n\n\n<ul class=\"wp-block-list\"><li><strong>Del 10 al 15 de mayo de 1965 : Se organiza en Bruselas un congreso internacional&nbsp;<\/strong>en conmemoraci\u00f3n del centenario de la muerte de Santa Magdalena Sof\u00eda Barat, presidida por Marguerite Copp\u00e9e.<br>Con el tema :&nbsp;<strong><em>\" Nuestra entrada en la Iglesia en marcha \"<\/em><\/strong>.<\/li><\/ul>\n\n\n\n<p>Durante esta reuni\u00f3n, Valentine van Zeebroek propone constituir una asociaci\u00f3n mundial del antiguo Sagrado Coraz\u00f3n denominada AMASC. La propuesta es ratificada y la baronesa Copp\u00e9e es elegida presidenta interina.<\/p>\n\n\n\n<h6 class=\"has-text-color wp-block-heading\" style=\"color:#b72424\">52 a\u00f1os de reuniones en todo el mundo<\/h6>\n\n\n\n<ul class=\"wp-block-list\"><li><strong>23-26 de mayo de 1966<\/strong>: Italia: 1er Consejo Internacional de Presidentes Nacionales en Roma:<br><strong><em>Creaci\u00f3n oficial de AMASC el 24 de mayo de 1966<\/em><\/strong><br>Presidente electo: Baronesa Copp\u00e9e (B\u00e9lgica), (+1967)<br><br><\/li><li><strong>25-27 de octubre de 1967<\/strong>: B\u00e9lgica: Segundo Consejo Extraordinario en Bruselas<br>Presidenta electa: Maria-Ignatia Areyzaga de Irastorza (Espa\u00f1a)<br><br><\/li><li><strong>23-26 de abril de 1970<\/strong>: Espa\u00f1a: Tercer Congreso Mundial en Madrid<br><strong><em>\"Lo antiguo y el mundo de hoy - Lo antiguo y la Sociedad del Sagrado Coraz\u00f3n - Lo antiguo y el futuro\"<\/em><\/strong><br>Presidenta electa: Maria-Ignatia Areyzaga de Irastorza (Espa\u00f1a)<br><br><\/li><li><strong>30 de enero-5 de febrero de 1972<\/strong>: Espa\u00f1a: IV Congreso Mundial en Mallorca<br><strong><em>\"Si quieres la paz, trabaja por la justicia\"<\/em><\/strong><br>Presidenta reelegida por 2 a\u00f1os: Maria-Ignatia Areyzaga de Irastorza (Espa\u00f1a)<br><br><\/li><li><strong>18-24 de febrero de 1974<\/strong>: M\u00e9xico: V Congreso Mundial en Ciudad de M\u00e9xico<br><strong><em>\"Ser actor del cambio\"<\/em><\/strong><br>Presidenta electa: Patricia Horsley (Australia)<br><br><\/li><li><strong>27-29 de junio de 1978<\/strong>: Irlanda: 6\u00ba Consejo de Presidentes Nacionales en Dubl\u00edn<br><strong><em>\"Vivir hoy nuestra fe\"<\/em><\/strong>.<br>Presidenta electa: Miriam Gray (EE.UU.)<br><br><\/li><li><strong>20-25 de abril de 1982<\/strong>: EE.UU.: VII Congreso Mundial en San Francisco,<br><strong><em>\"Nuestro mundo cambiante\"<\/em><\/strong><br>Presidente electo: Reiko Kobori (Jap\u00f3n)<br><br><\/li><li><strong>Del 16 al 21 de marzo de 1986<\/strong>: Jap\u00f3n: VIII Congreso Mundial en Tokio<br><strong><em>\"Comunicaci\u00f3n intercultural\"<\/em><\/strong><br>Presidente electo: Beatriz Salazar de Mej\u00eda (Colombia)<br><br><\/li><li><strong>13-18 de mayo de 1990<\/strong>: Costa Rica: IX Congreso Mundial en San Jos\u00e9<br><strong><em>\"Rutas hacia la paz\"<\/em><\/strong><br>Presidenta electa: Maria Franca Migone Calvi (Italia)<br><br><\/li><li><strong>7-13 de mayo de 1994<\/strong>: Italia: X Congreso Mundial en G\u00e9nova<br><strong><em>\"Vocaci\u00f3n y vocaci\u00f3n\"<\/em>,<br>Presidenta electa: Marie del Carmen G\u00f3mez Madrazo (M\u00e9xico)<\/strong><br><br><\/li><li><strong>Del 31 de marzo al 4 de abril de 1998<\/strong>: M\u00e9xico: XI Congreso Mundial en Ciudad de M\u00e9xico<br><strong><em>\"Rezar y trabajar\"<\/em><\/strong>,<br>Presidente electo: Trish (Patricia) Burns (Australia)<br><br><\/li><li><strong>13-19 de abril de 2002<\/strong>: Australia: XII Congreso Mundial en Sydney<br><strong><em>\"Cuestiones del coraz\u00f3n: reconciliarnos con nuestro mundo\"<\/em><\/strong><br>Presidenta elegida: Olga Rome (EE.UU.)<br><br><\/li><li><strong>Del 23 al 28 de abril de 2006<\/strong>: EE.UU.: XIII Congreso Mundial en R\u00ffe (Connecticut)<br><strong><em>\"Colaboraci\u00f3n para un mundo transformado\"<\/em><\/strong><br>Presidenta electa: Hermine van Asten Wennekers (NL)<br><br><\/li><li><strong>4-9 de abril de 2010<\/strong>: Malta: XIV Congreso Mundial en La Valeta<br><strong><em>\"Combatir la pobreza\"<\/em><\/strong><br>Presidente electo: Pam Snyder (EE.UU.)<br><br><\/li><li><strong>Del 6 al 9 de noviembre de 2014<\/strong>: EE.UU.: XV Congreso Mundial en Phoenix (Arizona)<br><strong><em>\"Nuestros corazones unidos a la escucha\"<\/em><\/strong><br>Presidenta electa: Marisa Moreno de Malcher (M\u00e9xico)<br><br><\/li><li><strong>Del 22 al 26 de febrero de 2018<\/strong>: M\u00e9xico: XVI Congreso Mundial en M\u00e9rida (Yucat\u00e1n)<br><strong><em>\"El legado de Sophie: un regalo para el mundo\"<\/em><\/strong><br>Presidenta elegida: Paola del Prete (Italia)<br><br><\/li><li><strong>Octubre de 2022<\/strong>: Italia: XVII Congreso Mundial en Roma (pendiente de confirmaci\u00f3n)<br><strong><em>\"Vivamos juntos, la familia del Sagrado Coraz\u00f3n\"<\/em><\/strong><\/li><\/ul>\n<\/div>\n\n\n\n<div class=\"wp-block-column is-layout-flow wp-block-column-is-layout-flow\" style=\"flex-basis:33.33%\">\n<figure class=\"wp-block-image size-large\"><img loading=\"lazy\" decoding=\"async\" width=\"330\" height=\"428\" src=\"https:\/\/amasc.org\/wp-content\/uploads\/img_congres_histoire_1.jpg\" alt=\"\" class=\"wp-image-484\" srcset=\"https:\/\/amasc.org\/wp-content\/uploads\/img_congres_histoire_1.jpg 330w, https:\/\/amasc.org\/wp-content\/uploads\/img_congres_histoire_1-231x300.jpg 231w\" sizes=\"auto, (max-width: 330px) 100vw, 330px\" \/><figcaption><em><em>Hermine van Asten-Wennekers (NL)<br>2006-2010<\/em><\/em><\/figcaption><\/figure>\n\n\n\n<figure class=\"wp-block-image size-large\"><img loading=\"lazy\" decoding=\"async\" width=\"330\" height=\"403\" src=\"https:\/\/amasc.org\/wp-content\/uploads\/img_congres_histoire_2.jpg\" alt=\"\" class=\"wp-image-485\" srcset=\"https:\/\/amasc.org\/wp-content\/uploads\/img_congres_histoire_2.jpg 330w, https:\/\/amasc.org\/wp-content\/uploads\/img_congres_histoire_2-246x300.jpg 246w\" sizes=\"auto, (max-width: 330px) 100vw, 330px\" \/><figcaption><em><em>Pam Snyder (EE.UU.)<br>2010-2014<\/em><\/em><\/figcaption><\/figure>\n\n\n\n<figure class=\"wp-block-image size-large\"><img loading=\"lazy\" decoding=\"async\" width=\"330\" height=\"415\" src=\"https:\/\/amasc.org\/wp-content\/uploads\/img_congres_histoire_3.jpg\" alt=\"\" class=\"wp-image-486\" srcset=\"https:\/\/amasc.org\/wp-content\/uploads\/img_congres_histoire_3.jpg 330w, https:\/\/amasc.org\/wp-content\/uploads\/img_congres_histoire_3-239x300.jpg 239w\" sizes=\"auto, (max-width: 330px) 100vw, 330px\" \/><figcaption><em><em>Marisa Moreno de Malcher<br>2014-2018<\/em><\/em><\/figcaption><\/figure>\n<\/div>\n<\/div>","protected":false},"excerpt":{"rendered":"<p>52 a\u00f1os de Congresos de la AMASC El origen de la AMASC Del 10 al 15 de mayo de 1965 : Se organiza en Bruselas un congreso internacional en conmemoraci\u00f3n del centenario de la muerte de Santa Magdalena Sof\u00eda Barat, presidido por Marguerite Copp\u00e9e. Con el tema : \" Nuestra entrada en la Iglesia en marcha \". Durante este encuentro, Valentine...<\/p>","protected":false},"author":6,"featured_media":0,"parent":449,"menu_order":0,"comment_status":"closed","ping_status":"closed","template":"","meta":{"_acf_changed":false,"_kad_blocks_custom_css":"","_kad_blocks_head_custom_js":"","_kad_blocks_body_custom_js":"","_kad_blocks_footer_custom_js":"","_kad_post_transparent":"","_kad_post_title":"","_kad_post_layout":"","_kad_post_sidebar_id":"","_kad_post_content_style":"","_kad_post_vertical_padding":"","_kad_post_feature":"","_kad_post_feature_position":"","_kad_post_header":false,"_kad_post_footer":false,"_kad_post_classname":"","footnotes":""},"class_list":["post-491","page","type-page","status-publish","hentry"],"acf":[],"yoast_head":"<!-- This site is optimized with the Yoast SEO plugin v26.4 - https:\/\/yoast.com\/wordpress\/plugins\/seo\/ -->\n<title>52 years of congresses - AMASC<\/title>\n<meta name=\"robots\" content=\"index, follow, max-snippet:-1, max-image-preview:large, max-video-preview:-1\" \/>\n<link rel=\"canonical\" href=\"https:\/\/amasc.org\/es\/congresses\/world-congresses\/52-years-of-amasc-congresses\/\" \/>\n<meta property=\"og:locale\" content=\"es_ES\" \/>\n<meta property=\"og:type\" content=\"article\" \/>\n<meta property=\"og:title\" content=\"52 years of congresses - AMASC\" \/>\n<meta property=\"og:description\" content=\"52 years of AMASC Congresses The origin of AMASC May 10 to 15, 1965 : An international congress is organized in Brussels&nbsp;in commemoration of the centenary of the death of Saint Madeleine Sophie Barat, presided over by Marguerite Copp\u00e9e.With the theme :&nbsp;\u00ab Our entry into the Church on the move \u00bb. During this meeting, Valentine...\" \/>\n<meta property=\"og:url\" content=\"https:\/\/amasc.org\/es\/congresses\/world-congresses\/52-years-of-amasc-congresses\/\" \/>\n<meta property=\"og:site_name\" content=\"AMASC\" \/>\n<meta property=\"article:modified_time\" content=\"2020-11-06T17:18:32+00:00\" \/>\n<meta property=\"og:image\" content=\"https:\/\/amasc.org\/wp-content\/uploads\/img_congres_histoire_1.jpg\" \/>\n<meta name=\"twitter:card\" content=\"summary_large_image\" \/>\n<meta name=\"twitter:label1\" content=\"Tiempo de lectura\" \/>\n\t<meta name=\"twitter:data1\" content=\"2 minutos\" \/>\n<script type=\"application\/ld+json\" class=\"yoast-schema-graph\">{\"@context\":\"https:\/\/schema.org\",\"@graph\":[{\"@type\":\"WebPage\",\"@id\":\"https:\/\/amasc.org\/congresses\/world-congresses\/52-years-of-amasc-congresses\/\",\"url\":\"https:\/\/amasc.org\/congresses\/world-congresses\/52-years-of-amasc-congresses\/\",\"name\":\"52 years of congresses - AMASC\",\"isPartOf\":{\"@id\":\"https:\/\/amasc.org\/#website\"},\"primaryImageOfPage\":{\"@id\":\"https:\/\/amasc.org\/congresses\/world-congresses\/52-years-of-amasc-congresses\/#primaryimage\"},\"image\":{\"@id\":\"https:\/\/amasc.org\/congresses\/world-congresses\/52-years-of-amasc-congresses\/#primaryimage\"},\"thumbnailUrl\":\"https:\/\/amasc.org\/wp-content\/uploads\/img_congres_histoire_1.jpg\",\"datePublished\":\"2020-10-17T15:08:33+00:00\",\"dateModified\":\"2020-11-06T17:18:32+00:00\",\"breadcrumb\":{\"@id\":\"https:\/\/amasc.org\/congresses\/world-congresses\/52-years-of-amasc-congresses\/#breadcrumb\"},\"inLanguage\":\"es\",\"potentialAction\":[{\"@type\":\"ReadAction\",\"target\":[\"https:\/\/amasc.org\/congresses\/world-congresses\/52-years-of-amasc-congresses\/\"]}]},{\"@type\":\"ImageObject\",\"inLanguage\":\"es\",\"@id\":\"https:\/\/amasc.org\/congresses\/world-congresses\/52-years-of-amasc-congresses\/#primaryimage\",\"url\":\"https:\/\/amasc.org\/wp-content\/uploads\/img_congres_histoire_1.jpg\",\"contentUrl\":\"https:\/\/amasc.org\/wp-content\/uploads\/img_congres_histoire_1.jpg\"},{\"@type\":\"BreadcrumbList\",\"@id\":\"https:\/\/amasc.org\/congresses\/world-congresses\/52-years-of-amasc-congresses\/#breadcrumb\",\"itemListElement\":[{\"@type\":\"ListItem\",\"position\":1,\"name\":\"Home\",\"item\":\"https:\/\/amasc.org\/\"},{\"@type\":\"ListItem\",\"position\":2,\"name\":\"Congresses\",\"item\":\"https:\/\/amasc.org\/congresses\/\"},{\"@type\":\"ListItem\",\"position\":3,\"name\":\"World congresses\",\"item\":\"https:\/\/amasc.org\/congresses\/world-congresses\/\"},{\"@type\":\"ListItem\",\"position\":4,\"name\":\"52 years of congresses\"}]},{\"@type\":\"WebSite\",\"@id\":\"https:\/\/amasc.org\/#website\",\"url\":\"https:\/\/amasc.org\/\",\"name\":\"AMASC\",\"description\":\"\",\"publisher\":{\"@id\":\"https:\/\/amasc.org\/#organization\"},\"potentialAction\":[{\"@type\":\"SearchAction\",\"target\":{\"@type\":\"EntryPoint\",\"urlTemplate\":\"https:\/\/amasc.org\/?s={search_term_string}\"},\"query-input\":{\"@type\":\"PropertyValueSpecification\",\"valueRequired\":true,\"valueName\":\"search_term_string\"}}],\"inLanguage\":\"es\"},{\"@type\":\"Organization\",\"@id\":\"https:\/\/amasc.org\/#organization\",\"name\":\"AMASC\",\"url\":\"https:\/\/amasc.org\/\",\"logo\":{\"@type\":\"ImageObject\",\"inLanguage\":\"es\",\"@id\":\"https:\/\/amasc.org\/#\/schema\/logo\/image\/\",\"url\":\"https:\/\/amasc.org\/wp-content\/uploads\/logo-brand-red.png\",\"contentUrl\":\"https:\/\/amasc.org\/wp-content\/uploads\/logo-brand-red.png\",\"width\":1283,\"height\":1624,\"caption\":\"AMASC\"},\"image\":{\"@id\":\"https:\/\/amasc.org\/#\/schema\/logo\/image\/\"}}]}<\/script>\n<!-- \/ Yoast SEO plugin. -->","yoast_head_json":{"title":"52 years of congresses - AMASC","robots":{"index":"index","follow":"follow","max-snippet":"max-snippet:-1","max-image-preview":"max-image-preview:large","max-video-preview":"max-video-preview:-1"},"canonical":"https:\/\/amasc.org\/es\/congresses\/world-congresses\/52-years-of-amasc-congresses\/","og_locale":"es_ES","og_type":"article","og_title":"52 years of congresses - AMASC","og_description":"52 years of AMASC Congresses The origin of AMASC May 10 to 15, 1965 : An international congress is organized in Brussels&nbsp;in commemoration of the centenary of the death of Saint Madeleine Sophie Barat, presided over by Marguerite Copp\u00e9e.With the theme :&nbsp;\u00ab Our entry into the Church on the move \u00bb. During this meeting, Valentine...","og_url":"https:\/\/amasc.org\/es\/congresses\/world-congresses\/52-years-of-amasc-congresses\/","og_site_name":"AMASC","article_modified_time":"2020-11-06T17:18:32+00:00","og_image":[{"url":"https:\/\/amasc.org\/wp-content\/uploads\/img_congres_histoire_1.jpg","type":"","width":"","height":""}],"twitter_card":"summary_large_image","twitter_misc":{"Tiempo de lectura":"2 minutos"},"schema":{"@context":"https:\/\/schema.org","@graph":[{"@type":"WebPage","@id":"https:\/\/amasc.org\/congresses\/world-congresses\/52-years-of-amasc-congresses\/","url":"https:\/\/amasc.org\/congresses\/world-congresses\/52-years-of-amasc-congresses\/","name":"52 years of congresses - AMASC","isPartOf":{"@id":"https:\/\/amasc.org\/#website"},"primaryImageOfPage":{"@id":"https:\/\/amasc.org\/congresses\/world-congresses\/52-years-of-amasc-congresses\/#primaryimage"},"image":{"@id":"https:\/\/amasc.org\/congresses\/world-congresses\/52-years-of-amasc-congresses\/#primaryimage"},"thumbnailUrl":"https:\/\/amasc.org\/wp-content\/uploads\/img_congres_histoire_1.jpg","datePublished":"2020-10-17T15:08:33+00:00","dateModified":"2020-11-06T17:18:32+00:00","breadcrumb":{"@id":"https:\/\/amasc.org\/congresses\/world-congresses\/52-years-of-amasc-congresses\/#breadcrumb"},"inLanguage":"es","potentialAction":[{"@type":"ReadAction","target":["https:\/\/amasc.org\/congresses\/world-congresses\/52-years-of-amasc-congresses\/"]}]},{"@type":"ImageObject","inLanguage":"es","@id":"https:\/\/amasc.org\/congresses\/world-congresses\/52-years-of-amasc-congresses\/#primaryimage","url":"https:\/\/amasc.org\/wp-content\/uploads\/img_congres_histoire_1.jpg","contentUrl":"https:\/\/amasc.org\/wp-content\/uploads\/img_congres_histoire_1.jpg"},{"@type":"BreadcrumbList","@id":"https:\/\/amasc.org\/congresses\/world-congresses\/52-years-of-amasc-congresses\/#breadcrumb","itemListElement":[{"@type":"ListItem","position":1,"name":"Home","item":"https:\/\/amasc.org\/"},{"@type":"ListItem","position":2,"name":"Congresses","item":"https:\/\/amasc.org\/congresses\/"},{"@type":"ListItem","position":3,"name":"World congresses","item":"https:\/\/amasc.org\/congresses\/world-congresses\/"},{"@type":"ListItem","position":4,"name":"52 years of congresses"}]},{"@type":"WebSite","@id":"https:\/\/amasc.org\/#website","url":"https:\/\/amasc.org\/","name":"AMASC","description":"","publisher":{"@id":"https:\/\/amasc.org\/#organization"},"potentialAction":[{"@type":"SearchAction","target":{"@type":"EntryPoint","urlTemplate":"https:\/\/amasc.org\/?s={search_term_string}"},"query-input":{"@type":"PropertyValueSpecification","valueRequired":true,"valueName":"search_term_string"}}],"inLanguage":"es"},{"@type":"Organization","@id":"https:\/\/amasc.org\/#organization","name":"AMASC","url":"https:\/\/amasc.org\/","logo":{"@type":"ImageObject","inLanguage":"es","@id":"https:\/\/amasc.org\/#\/schema\/logo\/image\/","url":"https:\/\/amasc.org\/wp-content\/uploads\/logo-brand-red.png","contentUrl":"https:\/\/amasc.org\/wp-content\/uploads\/logo-brand-red.png","width":1283,"height":1624,"caption":"AMASC"},"image":{"@id":"https:\/\/amasc.org\/#\/schema\/logo\/image\/"}}]}},"taxonomy_info":[],"featured_image_src_large":false,"author_info":{"display_name":"AMASC","author_link":"https:\/\/amasc.org\/es\/author\/amasc\/"},"comment_info":0,"_links":{"self":[{"href":"https:\/\/amasc.org\/es\/wp-json\/wp\/v2\/pages\/491","targetHints":{"allow":["GET"]}}],"collection":[{"href":"https:\/\/amasc.org\/es\/wp-json\/wp\/v2\/pages"}],"about":[{"href":"https:\/\/amasc.org\/es\/wp-json\/wp\/v2\/types\/page"}],"author":[{"embeddable":true,"href":"https:\/\/amasc.org\/es\/wp-json\/wp\/v2\/users\/6"}],"replies":[{"embeddable":true,"href":"https:\/\/amasc.org\/es\/wp-json\/wp\/v2\/comments?post=491"}],"version-history":[{"count":0,"href":"https:\/\/amasc.org\/es\/wp-json\/wp\/v2\/pages\/491\/revisions"}],"up":[{"embeddable":true,"href":"https:\/\/amasc.org\/es\/wp-json\/wp\/v2\/pages\/449"}],"wp:attachment":[{"href":"https:\/\/amasc.org\/es\/wp-json\/wp\/v2\/media?parent=491"}],"curies":[{"name":"wp","href":"https:\/\/api.w.org\/{rel}","templated":true}]}}