{"id":534,"date":"2020-10-17T18:12:46","date_gmt":"2020-10-17T16:12:46","guid":{"rendered":"https:\/\/sitewp.amasc-sacrecoeur.net\/?page_id=534"},"modified":"2026-03-17T11:30:09","modified_gmt":"2026-03-17T15:30:09","slug":"the-schools","status":"publish","type":"page","link":"https:\/\/amasc.org\/es\/partners\/the-schools\/","title":{"rendered":"Escuelas"},"content":{"rendered":"<figure class=\"wp-block-image alignfull size-large\"><img loading=\"lazy\" decoding=\"async\" width=\"1024\" height=\"288\" src=\"https:\/\/amasc.org\/wp-content\/uploads\/banner-ecoles-EN-1024x288.jpg\" alt=\"\" class=\"wp-image-1439\" srcset=\"https:\/\/amasc.org\/wp-content\/uploads\/banner-ecoles-EN-1024x288.jpg 1024w, https:\/\/amasc.org\/wp-content\/uploads\/banner-ecoles-EN-300x84.jpg 300w, https:\/\/amasc.org\/wp-content\/uploads\/banner-ecoles-EN-150x42.jpg 150w, https:\/\/amasc.org\/wp-content\/uploads\/banner-ecoles-EN-768x216.jpg 768w, https:\/\/amasc.org\/wp-content\/uploads\/banner-ecoles-EN-1536x432.jpg 1536w, https:\/\/amasc.org\/wp-content\/uploads\/banner-ecoles-EN.jpg 1920w\" sizes=\"auto, (max-width: 1024px) 100vw, 1024px\" \/><\/figure>\n\n\n\n<div class=\"wp-block-columns is-layout-flex wp-container-core-columns-is-layout-9d6595d7 wp-block-columns-is-layout-flex\">\n<div class=\"wp-block-column is-layout-flow wp-block-column-is-layout-flow\" style=\"flex-basis:66.66%\">\n<h2 class=\"wp-block-heading\">LAS ESCUELAS DEL SAGRADO CORAZ\u00d3N<\/h2>\n\n\n\n<p><strong>Hay m\u00e1s de <a href=\"https:\/\/www.sacredheartusc.education\/schools\/international-sacred-heart-schools\">173 escuelas del Sagrado Coraz\u00f3n<\/a> en todo el mundo<\/strong>. Esta cifra ser\u00eda a\u00fan mayor si se incluyeran las escuelas libres de los pa\u00edses emergentes y las escuelas que no pertenecen a las RSCJ pero que siguen expl\u00edcitamente la espiritualidad y la pedagog\u00eda de la Sociedad, como Trinit\u00e0 dei Monti.<\/p>\n\n\n\n<p>Los Colegios del Sagrado Coraz\u00f3n comparten la misi\u00f3n educativa de la Sociedad del Sagrado Coraz\u00f3n tal y como se articula en los Objetivos y Criterios. La estructura que apoya la educaci\u00f3n del Sagrado Coraz\u00f3n en Canad\u00e1 y Estados Unidos incluye la Conferencia de Educaci\u00f3n del Sagrado Coraz\u00f3n y la Red de Colegios del Sagrado Coraz\u00f3n. Juntas proporcionan servicios y programas para asegurar la vitalidad de la misi\u00f3n de los colegios miembros patrocinados por la Sociedad del Sagrado Coraz\u00f3n. Distribuidos por docenas de pa\u00edses, cada colegio tiene su propio rostro y tradiciones.<\/p>\n\n\n\n<p>La educaci\u00f3n del Sagrado Coraz\u00f3n se enmarca en el supuesto de que la educaci\u00f3n es un proceso de desarrollo que sienta las bases para que los alumnos lleguen a ser personas \u00edntegras, personas que viven vidas \u00edntegras. Teniendo en cuenta las realidades del mundo y los profundos retos a los que se enfrentan los j\u00f3venes a la luz del futuro emergente, Sagrado Coraz\u00f3n pretende formar a sus alumnos en un camino hacia la transformaci\u00f3n y la esperanza, proporcion\u00e1ndoles una educaci\u00f3n eficaz que incluya la formaci\u00f3n del car\u00e1cter.<\/p>\n\n\n\n<p>La educaci\u00f3n del Sagrado Coraz\u00f3n est\u00e1 dise\u00f1ada para inculcar las habilidades y actitudes que mejoran la conciencia cr\u00edtica y la acci\u00f3n compasiva. El carisma de la Sociedad del Sagrado Coraz\u00f3n, la visi\u00f3n de Sophie de la educaci\u00f3n y los valores articulados en los Objetivos y Criterios gu\u00edan a los educadores en el cultivo de las virtudes esenciales para que los alumnos emprendan un camino de discernimiento y desarrollen todo su potencial como pensadores emp\u00e1ticos, socialmente conscientes y comprometidos con la compasi\u00f3n y la justicia.<\/p>\n\n\n\n<p>Los Objetivos y Criterios esbozan los principios y valores esenciales de la educaci\u00f3n del Sagrado Coraz\u00f3n. Desde el principio, ha servido de alianza entre los educadores del Sagrado Coraz\u00f3n y la Sociedad del Sagrado Coraz\u00f3n en favor de los j\u00f3venes, con el fin de construir un mundo que refleje las actitudes del Coraz\u00f3n de Cristo. Sigue siendo el documento fundamental para los alumnos, las familias y los educadores del Sagrado Coraz\u00f3n. Esta articulaci\u00f3n de la misi\u00f3n sigue desempe\u00f1ando un papel fundamental en el apoyo a la integridad de la misi\u00f3n mediante la expresi\u00f3n de los principios intemporales en el coraz\u00f3n de la educaci\u00f3n del Sagrado Coraz\u00f3n. Los colegios del Sagrado Coraz\u00f3n educan para:<\/p>\n\n\n\n<ul class=\"wp-block-list\">\n<li>I. Una fe personal y activa en Dios<\/li>\n\n\n\n<li>II. Un profundo respeto por los valores intelectuales<\/li>\n\n\n\n<li>III. Una conciencia social que impulsa la acci\u00f3n<\/li>\n\n\n\n<li>IV. La construcci\u00f3n de la comunidad como valor cristiano<\/li>\n\n\n\n<li>V. Crecimiento personal en una atm\u00f3sfera de sabia libertad<\/li>\n<\/ul>\n\n\n\n<div style=\"height:50px\" aria-hidden=\"true\" class=\"wp-block-spacer\"><\/div>\n\n\n\n<div class=\"wp-block-buttons is-content-justification-center is-layout-flex wp-container-core-buttons-is-layout-16018d1d wp-block-buttons-is-layout-flex\">\n<div class=\"wp-block-button is-style-fill\"><a class=\"wp-block-button__link has-background wp-element-button\" href=\"\/es\/partners\/the-schools\/the-networks-of-schools\/\" style=\"border-radius:15px;background-color:#b72424\">SUS REDES<\/a><\/div>\n\n\n\n<div class=\"wp-block-button is-style-fill\"><a class=\"wp-block-button__link has-background wp-element-button\" href=\"\/es\/partners\/the-schools\/a-new-international-commission-on-education\/\" style=\"border-radius:15px;background-color:#b72424\">UNA NUEVA COMISI\u00d3N INTERNACIONAL DE EDUCACI\u00d3N<\/a><\/div>\n<\/div>\n<\/div>\n\n\n\n<div class=\"wp-block-column is-layout-flow wp-block-column-is-layout-flow\" style=\"flex-basis:33.33%\">\n<figure class=\"wp-block-image size-large\"><img loading=\"lazy\" decoding=\"async\" width=\"330\" height=\"327\" src=\"https:\/\/amasc.org\/wp-content\/uploads\/img_partenaires_ecoles_1.jpg\" alt=\"\" class=\"wp-image-305\" srcset=\"https:\/\/amasc.org\/wp-content\/uploads\/img_partenaires_ecoles_1.jpg 330w, https:\/\/amasc.org\/wp-content\/uploads\/img_partenaires_ecoles_1-300x297.jpg 300w, https:\/\/amasc.org\/wp-content\/uploads\/img_partenaires_ecoles_1-150x150.jpg 150w, https:\/\/amasc.org\/wp-content\/uploads\/img_partenaires_ecoles_1-303x300.jpg 303w\" sizes=\"auto, (max-width: 330px) 100vw, 330px\" \/><figcaption class=\"wp-element-caption\"><em><em>Ch\u00e2tenay-Malabry (Francia)<\/em><\/em><\/figcaption><\/figure>\n\n\n\n<figure class=\"wp-block-image size-large\"><img loading=\"lazy\" decoding=\"async\" width=\"330\" height=\"369\" src=\"https:\/\/amasc.org\/wp-content\/uploads\/img_partenaires_ecoles_2.jpg\" alt=\"\" class=\"wp-image-306\" srcset=\"https:\/\/amasc.org\/wp-content\/uploads\/img_partenaires_ecoles_2.jpg 330w, https:\/\/amasc.org\/wp-content\/uploads\/img_partenaires_ecoles_2-268x300.jpg 268w\" sizes=\"auto, (max-width: 330px) 100vw, 330px\" \/><figcaption class=\"wp-element-caption\"><em><em>Baradene (Nueva Zelanda)<\/em><\/em><\/figcaption><\/figure>\n\n\n\n<figure class=\"wp-block-image size-large\"><img loading=\"lazy\" decoding=\"async\" width=\"330\" height=\"343\" src=\"https:\/\/amasc.org\/wp-content\/uploads\/img_partenaires_ecoles_3.jpg\" alt=\"\" class=\"wp-image-307\" srcset=\"https:\/\/amasc.org\/wp-content\/uploads\/img_partenaires_ecoles_3.jpg 330w, https:\/\/amasc.org\/wp-content\/uploads\/img_partenaires_ecoles_3-289x300.jpg 289w\" sizes=\"auto, (max-width: 330px) 100vw, 330px\" \/><figcaption class=\"wp-element-caption\"><em>Halifax (Canad\u00e1)<\/em><\/figcaption><\/figure>\n<\/div>\n<\/div>\n\n\n\n<p><\/p>","protected":false},"excerpt":{"rendered":"<p>THE SACRED HEART SCHOOLS There are more than 173 Sacred Heart schools around the world. That figure that would be even higher if it included the free schools in emerging countries and schools that do not belong to the RSCJ but explicitly follow the Society&#8217;s spirituality and pedagogy, such as Trinit\u00e0 dei Monti. Schools of&#8230;<\/p>","protected":false},"author":6,"featured_media":0,"parent":1425,"menu_order":0,"comment_status":"closed","ping_status":"closed","template":"","meta":{"_acf_changed":false,"_kad_blocks_custom_css":"","_kad_blocks_head_custom_js":"","_kad_blocks_body_custom_js":"","_kad_blocks_footer_custom_js":"","_kad_post_transparent":"","_kad_post_title":"","_kad_post_layout":"","_kad_post_sidebar_id":"","_kad_post_content_style":"","_kad_post_vertical_padding":"","_kad_post_feature":"","_kad_post_feature_position":"","_kad_post_header":false,"_kad_post_footer":false,"_kad_post_classname":"","footnotes":""},"class_list":["post-534","page","type-page","status-publish","hentry"],"acf":[],"yoast_head":"<!-- This site is optimized with the Yoast SEO plugin v26.4 - https:\/\/yoast.com\/wordpress\/plugins\/seo\/ -->\n<title>Schools - AMASC<\/title>\n<meta name=\"robots\" content=\"index, follow, max-snippet:-1, max-image-preview:large, max-video-preview:-1\" \/>\n<link rel=\"canonical\" href=\"https:\/\/amasc.org\/es\/partners\/the-schools\/\" \/>\n<meta property=\"og:locale\" content=\"es_ES\" \/>\n<meta property=\"og:type\" content=\"article\" \/>\n<meta property=\"og:title\" content=\"Schools - AMASC\" \/>\n<meta property=\"og:description\" content=\"THE SACRED HEART SCHOOLS There are more than 173 Sacred Heart schools around the world. That figure that would be even higher if it included the free schools in emerging countries and schools that do not belong to the RSCJ but explicitly follow the Society&#8217;s spirituality and pedagogy, such as Trinit\u00e0 dei Monti. Schools of...\" \/>\n<meta property=\"og:url\" content=\"https:\/\/amasc.org\/es\/partners\/the-schools\/\" \/>\n<meta property=\"og:site_name\" content=\"AMASC\" \/>\n<meta property=\"article:modified_time\" content=\"2026-03-17T15:30:09+00:00\" \/>\n<meta property=\"og:image\" content=\"https:\/\/amasc.org\/wp-content\/uploads\/banner-ecoles-EN.jpg\" \/>\n\t<meta property=\"og:image:width\" content=\"1920\" \/>\n\t<meta property=\"og:image:height\" content=\"540\" \/>\n\t<meta property=\"og:image:type\" content=\"image\/jpeg\" \/>\n<meta name=\"twitter:card\" content=\"summary_large_image\" \/>\n<meta name=\"twitter:label1\" content=\"Tiempo de lectura\" \/>\n\t<meta name=\"twitter:data1\" content=\"3 minutos\" \/>\n<script type=\"application\/ld+json\" class=\"yoast-schema-graph\">{\"@context\":\"https:\/\/schema.org\",\"@graph\":[{\"@type\":\"WebPage\",\"@id\":\"https:\/\/amasc.org\/partners\/the-schools\/\",\"url\":\"https:\/\/amasc.org\/partners\/the-schools\/\",\"name\":\"Schools - AMASC\",\"isPartOf\":{\"@id\":\"https:\/\/amasc.org\/#website\"},\"primaryImageOfPage\":{\"@id\":\"https:\/\/amasc.org\/partners\/the-schools\/#primaryimage\"},\"image\":{\"@id\":\"https:\/\/amasc.org\/partners\/the-schools\/#primaryimage\"},\"thumbnailUrl\":\"https:\/\/amasc.org\/wp-content\/uploads\/banner-ecoles-EN-1024x288.jpg\",\"datePublished\":\"2020-10-17T16:12:46+00:00\",\"dateModified\":\"2026-03-17T15:30:09+00:00\",\"breadcrumb\":{\"@id\":\"https:\/\/amasc.org\/partners\/the-schools\/#breadcrumb\"},\"inLanguage\":\"es\",\"potentialAction\":[{\"@type\":\"ReadAction\",\"target\":[\"https:\/\/amasc.org\/partners\/the-schools\/\"]}]},{\"@type\":\"ImageObject\",\"inLanguage\":\"es\",\"@id\":\"https:\/\/amasc.org\/partners\/the-schools\/#primaryimage\",\"url\":\"https:\/\/amasc.org\/wp-content\/uploads\/banner-ecoles-EN-1024x288.jpg\",\"contentUrl\":\"https:\/\/amasc.org\/wp-content\/uploads\/banner-ecoles-EN-1024x288.jpg\"},{\"@type\":\"BreadcrumbList\",\"@id\":\"https:\/\/amasc.org\/partners\/the-schools\/#breadcrumb\",\"itemListElement\":[{\"@type\":\"ListItem\",\"position\":1,\"name\":\"Home\",\"item\":\"https:\/\/amasc.org\/\"},{\"@type\":\"ListItem\",\"position\":2,\"name\":\"Relatives\",\"item\":\"https:\/\/amasc.org\/partners\/\"},{\"@type\":\"ListItem\",\"position\":3,\"name\":\"Schools\"}]},{\"@type\":\"WebSite\",\"@id\":\"https:\/\/amasc.org\/#website\",\"url\":\"https:\/\/amasc.org\/\",\"name\":\"AMASC\",\"description\":\"\",\"publisher\":{\"@id\":\"https:\/\/amasc.org\/#organization\"},\"potentialAction\":[{\"@type\":\"SearchAction\",\"target\":{\"@type\":\"EntryPoint\",\"urlTemplate\":\"https:\/\/amasc.org\/?s={search_term_string}\"},\"query-input\":{\"@type\":\"PropertyValueSpecification\",\"valueRequired\":true,\"valueName\":\"search_term_string\"}}],\"inLanguage\":\"es\"},{\"@type\":\"Organization\",\"@id\":\"https:\/\/amasc.org\/#organization\",\"name\":\"AMASC\",\"url\":\"https:\/\/amasc.org\/\",\"logo\":{\"@type\":\"ImageObject\",\"inLanguage\":\"es\",\"@id\":\"https:\/\/amasc.org\/#\/schema\/logo\/image\/\",\"url\":\"https:\/\/amasc.org\/wp-content\/uploads\/logo-brand-red.png\",\"contentUrl\":\"https:\/\/amasc.org\/wp-content\/uploads\/logo-brand-red.png\",\"width\":1283,\"height\":1624,\"caption\":\"AMASC\"},\"image\":{\"@id\":\"https:\/\/amasc.org\/#\/schema\/logo\/image\/\"}}]}<\/script>\n<!-- \/ Yoast SEO plugin. -->","yoast_head_json":{"title":"Escuelas - AMASC","robots":{"index":"index","follow":"follow","max-snippet":"max-snippet:-1","max-image-preview":"max-image-preview:large","max-video-preview":"max-video-preview:-1"},"canonical":"https:\/\/amasc.org\/es\/partners\/the-schools\/","og_locale":"es_ES","og_type":"article","og_title":"Schools - AMASC","og_description":"THE SACRED HEART SCHOOLS There are more than 173 Sacred Heart schools around the world. That figure that would be even higher if it included the free schools in emerging countries and schools that do not belong to the RSCJ but explicitly follow the Society&#8217;s spirituality and pedagogy, such as Trinit\u00e0 dei Monti. Schools of...","og_url":"https:\/\/amasc.org\/es\/partners\/the-schools\/","og_site_name":"AMASC","article_modified_time":"2026-03-17T15:30:09+00:00","og_image":[{"width":1920,"height":540,"url":"https:\/\/amasc.org\/wp-content\/uploads\/banner-ecoles-EN.jpg","type":"image\/jpeg"}],"twitter_card":"summary_large_image","twitter_misc":{"Tiempo de lectura":"3 minutos"},"schema":{"@context":"https:\/\/schema.org","@graph":[{"@type":"WebPage","@id":"https:\/\/amasc.org\/partners\/the-schools\/","url":"https:\/\/amasc.org\/partners\/the-schools\/","name":"Escuelas - AMASC","isPartOf":{"@id":"https:\/\/amasc.org\/#website"},"primaryImageOfPage":{"@id":"https:\/\/amasc.org\/partners\/the-schools\/#primaryimage"},"image":{"@id":"https:\/\/amasc.org\/partners\/the-schools\/#primaryimage"},"thumbnailUrl":"https:\/\/amasc.org\/wp-content\/uploads\/banner-ecoles-EN-1024x288.jpg","datePublished":"2020-10-17T16:12:46+00:00","dateModified":"2026-03-17T15:30:09+00:00","breadcrumb":{"@id":"https:\/\/amasc.org\/partners\/the-schools\/#breadcrumb"},"inLanguage":"es","potentialAction":[{"@type":"ReadAction","target":["https:\/\/amasc.org\/partners\/the-schools\/"]}]},{"@type":"ImageObject","inLanguage":"es","@id":"https:\/\/amasc.org\/partners\/the-schools\/#primaryimage","url":"https:\/\/amasc.org\/wp-content\/uploads\/banner-ecoles-EN-1024x288.jpg","contentUrl":"https:\/\/amasc.org\/wp-content\/uploads\/banner-ecoles-EN-1024x288.jpg"},{"@type":"BreadcrumbList","@id":"https:\/\/amasc.org\/partners\/the-schools\/#breadcrumb","itemListElement":[{"@type":"ListItem","position":1,"name":"Home","item":"https:\/\/amasc.org\/"},{"@type":"ListItem","position":2,"name":"Relatives","item":"https:\/\/amasc.org\/partners\/"},{"@type":"ListItem","position":3,"name":"Schools"}]},{"@type":"WebSite","@id":"https:\/\/amasc.org\/#website","url":"https:\/\/amasc.org\/","name":"AMASC","description":"","publisher":{"@id":"https:\/\/amasc.org\/#organization"},"potentialAction":[{"@type":"SearchAction","target":{"@type":"EntryPoint","urlTemplate":"https:\/\/amasc.org\/?s={search_term_string}"},"query-input":{"@type":"PropertyValueSpecification","valueRequired":true,"valueName":"search_term_string"}}],"inLanguage":"es"},{"@type":"Organization","@id":"https:\/\/amasc.org\/#organization","name":"AMASC","url":"https:\/\/amasc.org\/","logo":{"@type":"ImageObject","inLanguage":"es","@id":"https:\/\/amasc.org\/#\/schema\/logo\/image\/","url":"https:\/\/amasc.org\/wp-content\/uploads\/logo-brand-red.png","contentUrl":"https:\/\/amasc.org\/wp-content\/uploads\/logo-brand-red.png","width":1283,"height":1624,"caption":"AMASC"},"image":{"@id":"https:\/\/amasc.org\/#\/schema\/logo\/image\/"}}]}},"taxonomy_info":[],"featured_image_src_large":false,"author_info":{"display_name":"AMASC","author_link":"https:\/\/amasc.org\/es\/author\/amasc\/"},"comment_info":0,"_links":{"self":[{"href":"https:\/\/amasc.org\/es\/wp-json\/wp\/v2\/pages\/534","targetHints":{"allow":["GET"]}}],"collection":[{"href":"https:\/\/amasc.org\/es\/wp-json\/wp\/v2\/pages"}],"about":[{"href":"https:\/\/amasc.org\/es\/wp-json\/wp\/v2\/types\/page"}],"author":[{"embeddable":true,"href":"https:\/\/amasc.org\/es\/wp-json\/wp\/v2\/users\/6"}],"replies":[{"embeddable":true,"href":"https:\/\/amasc.org\/es\/wp-json\/wp\/v2\/comments?post=534"}],"version-history":[{"count":0,"href":"https:\/\/amasc.org\/es\/wp-json\/wp\/v2\/pages\/534\/revisions"}],"up":[{"embeddable":true,"href":"https:\/\/amasc.org\/es\/wp-json\/wp\/v2\/pages\/1425"}],"wp:attachment":[{"href":"https:\/\/amasc.org\/es\/wp-json\/wp\/v2\/media?parent=534"}],"curies":[{"name":"wp","href":"https:\/\/api.w.org\/{rel}","templated":true}]}}