{"id":543,"date":"2020-10-17T18:21:32","date_gmt":"2020-10-17T16:21:32","guid":{"rendered":"https:\/\/sitewp.amasc-sacrecoeur.net\/?page_id=543"},"modified":"2020-11-06T18:22:18","modified_gmt":"2020-11-06T17:22:18","slug":"a-new-international-commission-on-education","status":"publish","type":"page","link":"https:\/\/amasc.org\/es\/partners\/the-schools\/a-new-international-commission-on-education\/","title":{"rendered":"Una nueva Comisi\u00f3n Internacional de Educaci\u00f3n"},"content":{"rendered":"<div class=\"wp-block-columns is-layout-flex wp-container-core-columns-is-layout-9d6595d7 wp-block-columns-is-layout-flex\">\n<div class=\"wp-block-column is-layout-flow wp-block-column-is-layout-flow\" style=\"flex-basis:66.66%\">\n<h2 class=\"has-text-color wp-block-heading\" style=\"color:#b72424\">Una nueva Comisi\u00f3n Internacional de Educaci\u00f3n<\/h2>\n\n\n\n<p><strong>La renovaci\u00f3n del servicio educativo de la Sociedad del Sagrado Coraz\u00f3n<\/strong>&nbsp;forma parte de las recomendaciones del \u00faltimo Cap\u00edtulo General de la Sociedad del Sagrado Coraz\u00f3n. Se ha encomendado una misi\u00f3n a una nueva Comisi\u00f3n Internacional de Educaci\u00f3n.<\/p>\n\n\n\n<p>Bajo la direcci\u00f3n de la Hna. Suzanne Cooke, que ya ha completado la reorganizaci\u00f3n del Sistema Escolar de la Provincia de EE.UU.-Canad\u00e1, esta misi\u00f3n se compone de 6 CSR, de diferentes continentes y tipos de educaci\u00f3n, y de un laico que forma a los directores de las escuelas de la Provincia.<\/p>\n\n\n\n<p>Se han asignado tres objetivos principales a este nuevo enfoque:<\/p>\n\n\n\n<ul class=\"wp-block-list\"><li>la actualizaci\u00f3n de la filosof\u00eda de la educaci\u00f3n del Sagrado Coraz\u00f3n, como \"proceso de humanizaci\u00f3n\" no s\u00f3lo en el marco de la educaci\u00f3n formal, sino tambi\u00e9n de la informal<\/li><li>la investigaci\u00f3n y el dise\u00f1o de programas de formaci\u00f3n para todos aquellos que est\u00e1n o estar\u00e1n llamados a trabajar en su lugar o con ellos (directores, profesores, personal administrativo), as\u00ed como para sus formadores.<\/li><li>la definici\u00f3n de nuevos criterios de pertenencia a la Sociedad del Sagrado Coraz\u00f3n, que permitan verificar la conformidad de todas las instituciones que reivindican su carisma y armonizar sus modos de funcionamiento y financiaci\u00f3n ...<\/li><\/ul>\n<\/div>\n\n\n\n<div class=\"wp-block-column is-layout-flow wp-block-column-is-layout-flow\" style=\"flex-basis:33.33%\">\n<div class=\"wp-block-image\"><figure class=\"aligncenter size-large\"><img loading=\"lazy\" decoding=\"async\" width=\"283\" height=\"300\" src=\"https:\/\/amasc.org\/wp-content\/uploads\/Sr_Suzanne_Cooke.jpg\" alt=\"\" class=\"wp-image-540\"\/><figcaption><em><em><em>Hermana Suzanne Cooke, RSCJ<\/em><\/em><\/em><\/figcaption><\/figure><\/div>\n<\/div>\n<\/div>\n\n\n\n<p><\/p>","protected":false},"excerpt":{"rendered":"<p>Una nueva Comisi\u00f3n Internacional de Educaci\u00f3n La renovaci\u00f3n del servicio educativo de la Sociedad del Sagrado Coraz\u00f3n forma parte de las recomendaciones del \u00faltimo Cap\u00edtulo General de la Sociedad del Sagrado Coraz\u00f3n. Se ha encomendado una misi\u00f3n a una nueva Comisi\u00f3n Internacional de Educaci\u00f3n. Bajo la direcci\u00f3n de la Hna. Suzanne Cooke, que...<\/p>","protected":false},"author":6,"featured_media":0,"parent":534,"menu_order":0,"comment_status":"closed","ping_status":"closed","template":"","meta":{"_acf_changed":false,"_kad_blocks_custom_css":"","_kad_blocks_head_custom_js":"","_kad_blocks_body_custom_js":"","_kad_blocks_footer_custom_js":"","_kad_post_transparent":"","_kad_post_title":"","_kad_post_layout":"","_kad_post_sidebar_id":"","_kad_post_content_style":"","_kad_post_vertical_padding":"","_kad_post_feature":"","_kad_post_feature_position":"","_kad_post_header":false,"_kad_post_footer":false,"_kad_post_classname":"","footnotes":""},"class_list":["post-543","page","type-page","status-publish","hentry"],"acf":[],"yoast_head":"<!-- This site is optimized with the Yoast SEO plugin v26.4 - https:\/\/yoast.com\/wordpress\/plugins\/seo\/ -->\n<title>A new International Commission on Education - AMASC<\/title>\n<meta name=\"robots\" content=\"index, follow, max-snippet:-1, max-image-preview:large, max-video-preview:-1\" \/>\n<link rel=\"canonical\" href=\"https:\/\/amasc.org\/es\/partners\/the-schools\/a-new-international-commission-on-education\/\" \/>\n<meta property=\"og:locale\" content=\"es_ES\" \/>\n<meta property=\"og:type\" content=\"article\" \/>\n<meta property=\"og:title\" content=\"A new International Commission on Education - AMASC\" \/>\n<meta property=\"og:description\" content=\"A new International Commission on Education The renewal of the educational service of the Society of the Sacred Heart&nbsp;is part of the recommendations of the last General Chapter of the Society of the Sacred Heart. A mission has been entrusted to a new International Commission of Education. Under the leadership of Sr. Suzanne Cooke, who...\" \/>\n<meta property=\"og:url\" content=\"https:\/\/amasc.org\/es\/partners\/the-schools\/a-new-international-commission-on-education\/\" \/>\n<meta property=\"og:site_name\" content=\"AMASC\" \/>\n<meta property=\"article:modified_time\" content=\"2020-11-06T17:22:18+00:00\" \/>\n<meta property=\"og:image\" content=\"https:\/\/amasc.org\/wp-content\/uploads\/Sr_Suzanne_Cooke.jpg\" \/>\n<meta name=\"twitter:card\" content=\"summary_large_image\" \/>\n<meta name=\"twitter:label1\" content=\"Tiempo de lectura\" \/>\n\t<meta name=\"twitter:data1\" content=\"1 minuto\" \/>\n<script type=\"application\/ld+json\" class=\"yoast-schema-graph\">{\"@context\":\"https:\/\/schema.org\",\"@graph\":[{\"@type\":\"WebPage\",\"@id\":\"https:\/\/amasc.org\/partners\/the-schools\/a-new-international-commission-on-education\/\",\"url\":\"https:\/\/amasc.org\/partners\/the-schools\/a-new-international-commission-on-education\/\",\"name\":\"A new International Commission on Education - AMASC\",\"isPartOf\":{\"@id\":\"https:\/\/amasc.org\/#website\"},\"primaryImageOfPage\":{\"@id\":\"https:\/\/amasc.org\/partners\/the-schools\/a-new-international-commission-on-education\/#primaryimage\"},\"image\":{\"@id\":\"https:\/\/amasc.org\/partners\/the-schools\/a-new-international-commission-on-education\/#primaryimage\"},\"thumbnailUrl\":\"https:\/\/amasc.org\/wp-content\/uploads\/Sr_Suzanne_Cooke.jpg\",\"datePublished\":\"2020-10-17T16:21:32+00:00\",\"dateModified\":\"2020-11-06T17:22:18+00:00\",\"breadcrumb\":{\"@id\":\"https:\/\/amasc.org\/partners\/the-schools\/a-new-international-commission-on-education\/#breadcrumb\"},\"inLanguage\":\"es\",\"potentialAction\":[{\"@type\":\"ReadAction\",\"target\":[\"https:\/\/amasc.org\/partners\/the-schools\/a-new-international-commission-on-education\/\"]}]},{\"@type\":\"ImageObject\",\"inLanguage\":\"es\",\"@id\":\"https:\/\/amasc.org\/partners\/the-schools\/a-new-international-commission-on-education\/#primaryimage\",\"url\":\"https:\/\/amasc.org\/wp-content\/uploads\/Sr_Suzanne_Cooke.jpg\",\"contentUrl\":\"https:\/\/amasc.org\/wp-content\/uploads\/Sr_Suzanne_Cooke.jpg\"},{\"@type\":\"BreadcrumbList\",\"@id\":\"https:\/\/amasc.org\/partners\/the-schools\/a-new-international-commission-on-education\/#breadcrumb\",\"itemListElement\":[{\"@type\":\"ListItem\",\"position\":1,\"name\":\"Home\",\"item\":\"https:\/\/amasc.org\/\"},{\"@type\":\"ListItem\",\"position\":2,\"name\":\"Relatives\",\"item\":\"https:\/\/amasc.org\/partners\/\"},{\"@type\":\"ListItem\",\"position\":3,\"name\":\"Schools\",\"item\":\"https:\/\/amasc.org\/partners\/the-schools\/\"},{\"@type\":\"ListItem\",\"position\":4,\"name\":\"A new International Commission on Education\"}]},{\"@type\":\"WebSite\",\"@id\":\"https:\/\/amasc.org\/#website\",\"url\":\"https:\/\/amasc.org\/\",\"name\":\"AMASC\",\"description\":\"\",\"publisher\":{\"@id\":\"https:\/\/amasc.org\/#organization\"},\"potentialAction\":[{\"@type\":\"SearchAction\",\"target\":{\"@type\":\"EntryPoint\",\"urlTemplate\":\"https:\/\/amasc.org\/?s={search_term_string}\"},\"query-input\":{\"@type\":\"PropertyValueSpecification\",\"valueRequired\":true,\"valueName\":\"search_term_string\"}}],\"inLanguage\":\"es\"},{\"@type\":\"Organization\",\"@id\":\"https:\/\/amasc.org\/#organization\",\"name\":\"AMASC\",\"url\":\"https:\/\/amasc.org\/\",\"logo\":{\"@type\":\"ImageObject\",\"inLanguage\":\"es\",\"@id\":\"https:\/\/amasc.org\/#\/schema\/logo\/image\/\",\"url\":\"https:\/\/amasc.org\/wp-content\/uploads\/logo-brand-red.png\",\"contentUrl\":\"https:\/\/amasc.org\/wp-content\/uploads\/logo-brand-red.png\",\"width\":1283,\"height\":1624,\"caption\":\"AMASC\"},\"image\":{\"@id\":\"https:\/\/amasc.org\/#\/schema\/logo\/image\/\"}}]}<\/script>\n<!-- \/ Yoast SEO plugin. -->","yoast_head_json":{"title":"A new International Commission on Education - AMASC","robots":{"index":"index","follow":"follow","max-snippet":"max-snippet:-1","max-image-preview":"max-image-preview:large","max-video-preview":"max-video-preview:-1"},"canonical":"https:\/\/amasc.org\/es\/partners\/the-schools\/a-new-international-commission-on-education\/","og_locale":"es_ES","og_type":"article","og_title":"A new International Commission on Education - AMASC","og_description":"A new International Commission on Education The renewal of the educational service of the Society of the Sacred Heart&nbsp;is part of the recommendations of the last General Chapter of the Society of the Sacred Heart. A mission has been entrusted to a new International Commission of Education. Under the leadership of Sr. Suzanne Cooke, who...","og_url":"https:\/\/amasc.org\/es\/partners\/the-schools\/a-new-international-commission-on-education\/","og_site_name":"AMASC","article_modified_time":"2020-11-06T17:22:18+00:00","og_image":[{"url":"https:\/\/amasc.org\/wp-content\/uploads\/Sr_Suzanne_Cooke.jpg","type":"","width":"","height":""}],"twitter_card":"summary_large_image","twitter_misc":{"Tiempo de lectura":"1 minuto"},"schema":{"@context":"https:\/\/schema.org","@graph":[{"@type":"WebPage","@id":"https:\/\/amasc.org\/partners\/the-schools\/a-new-international-commission-on-education\/","url":"https:\/\/amasc.org\/partners\/the-schools\/a-new-international-commission-on-education\/","name":"A new International Commission on Education - AMASC","isPartOf":{"@id":"https:\/\/amasc.org\/#website"},"primaryImageOfPage":{"@id":"https:\/\/amasc.org\/partners\/the-schools\/a-new-international-commission-on-education\/#primaryimage"},"image":{"@id":"https:\/\/amasc.org\/partners\/the-schools\/a-new-international-commission-on-education\/#primaryimage"},"thumbnailUrl":"https:\/\/amasc.org\/wp-content\/uploads\/Sr_Suzanne_Cooke.jpg","datePublished":"2020-10-17T16:21:32+00:00","dateModified":"2020-11-06T17:22:18+00:00","breadcrumb":{"@id":"https:\/\/amasc.org\/partners\/the-schools\/a-new-international-commission-on-education\/#breadcrumb"},"inLanguage":"es","potentialAction":[{"@type":"ReadAction","target":["https:\/\/amasc.org\/partners\/the-schools\/a-new-international-commission-on-education\/"]}]},{"@type":"ImageObject","inLanguage":"es","@id":"https:\/\/amasc.org\/partners\/the-schools\/a-new-international-commission-on-education\/#primaryimage","url":"https:\/\/amasc.org\/wp-content\/uploads\/Sr_Suzanne_Cooke.jpg","contentUrl":"https:\/\/amasc.org\/wp-content\/uploads\/Sr_Suzanne_Cooke.jpg"},{"@type":"BreadcrumbList","@id":"https:\/\/amasc.org\/partners\/the-schools\/a-new-international-commission-on-education\/#breadcrumb","itemListElement":[{"@type":"ListItem","position":1,"name":"Home","item":"https:\/\/amasc.org\/"},{"@type":"ListItem","position":2,"name":"Relatives","item":"https:\/\/amasc.org\/partners\/"},{"@type":"ListItem","position":3,"name":"Schools","item":"https:\/\/amasc.org\/partners\/the-schools\/"},{"@type":"ListItem","position":4,"name":"A new International Commission on Education"}]},{"@type":"WebSite","@id":"https:\/\/amasc.org\/#website","url":"https:\/\/amasc.org\/","name":"AMASC","description":"","publisher":{"@id":"https:\/\/amasc.org\/#organization"},"potentialAction":[{"@type":"SearchAction","target":{"@type":"EntryPoint","urlTemplate":"https:\/\/amasc.org\/?s={search_term_string}"},"query-input":{"@type":"PropertyValueSpecification","valueRequired":true,"valueName":"search_term_string"}}],"inLanguage":"es"},{"@type":"Organization","@id":"https:\/\/amasc.org\/#organization","name":"AMASC","url":"https:\/\/amasc.org\/","logo":{"@type":"ImageObject","inLanguage":"es","@id":"https:\/\/amasc.org\/#\/schema\/logo\/image\/","url":"https:\/\/amasc.org\/wp-content\/uploads\/logo-brand-red.png","contentUrl":"https:\/\/amasc.org\/wp-content\/uploads\/logo-brand-red.png","width":1283,"height":1624,"caption":"AMASC"},"image":{"@id":"https:\/\/amasc.org\/#\/schema\/logo\/image\/"}}]}},"taxonomy_info":[],"featured_image_src_large":false,"author_info":{"display_name":"AMASC","author_link":"https:\/\/amasc.org\/es\/author\/amasc\/"},"comment_info":0,"_links":{"self":[{"href":"https:\/\/amasc.org\/es\/wp-json\/wp\/v2\/pages\/543","targetHints":{"allow":["GET"]}}],"collection":[{"href":"https:\/\/amasc.org\/es\/wp-json\/wp\/v2\/pages"}],"about":[{"href":"https:\/\/amasc.org\/es\/wp-json\/wp\/v2\/types\/page"}],"author":[{"embeddable":true,"href":"https:\/\/amasc.org\/es\/wp-json\/wp\/v2\/users\/6"}],"replies":[{"embeddable":true,"href":"https:\/\/amasc.org\/es\/wp-json\/wp\/v2\/comments?post=543"}],"version-history":[{"count":0,"href":"https:\/\/amasc.org\/es\/wp-json\/wp\/v2\/pages\/543\/revisions"}],"up":[{"embeddable":true,"href":"https:\/\/amasc.org\/es\/wp-json\/wp\/v2\/pages\/534"}],"wp:attachment":[{"href":"https:\/\/amasc.org\/es\/wp-json\/wp\/v2\/media?parent=543"}],"curies":[{"name":"wp","href":"https:\/\/api.w.org\/{rel}","templated":true}]}}