{"id":553,"date":"2020-10-17T18:38:04","date_gmt":"2020-10-17T16:38:04","guid":{"rendered":"https:\/\/sitewp.amasc-sacrecoeur.net\/?page_id=553"},"modified":"2020-11-06T18:21:34","modified_gmt":"2020-11-06T17:21:34","slug":"the-networks-of-schools","status":"publish","type":"page","link":"https:\/\/amasc.org\/es\/partners\/the-schools\/the-networks-of-schools\/","title":{"rendered":"Redes de escuelas"},"content":{"rendered":"<div class=\"wp-block-columns is-layout-flex wp-container-core-columns-is-layout-9d6595d7 wp-block-columns-is-layout-flex\">\n<div class=\"wp-block-column is-layout-flow wp-block-column-is-layout-flow\" style=\"flex-basis:66.66%\">\n<h2 class=\"has-text-color wp-block-heading\" style=\"color:#b72424\">Las redes de escuelas<\/h2>\n\n\n\n<p><strong>Se han creado numerosos circuitos de intercambios y encuentros entre las instituciones del Sacr\u00e9-C\u0153ur<\/strong>, relativas a sus alumnos, sus profesores o sus directores, a nivel provincial o internacional.<\/p>\n\n\n\n<p>Cada a\u00f1o, algunas escuelas ofrecen a sus alumnos<\/p>\n\n\n\n<ul class=\"wp-block-list\"><li>Intercambios individuales basados en la reciprocidad<\/li><li>Viajes de clase para descubrir un Sagrado Coraz\u00f3n de un pa\u00eds diferente. Por ejemplo, en julio de 2017 los j\u00f3venes estudiantes de Taiw\u00e1n fueron recibidos en Corea...\/li&gt;.<\/li><li>Participaci\u00f3n en eventos colectivos, como estas olimpiadas celebradas en 2014 en Uganda, a las que se unieron adolescentes de Irlanda, Austria e Inglaterra que hab\u00edan preparado su viaje durante todo un a\u00f1o....<\/li><li>Proyectos de solidaridad internacional. En 2015, j\u00f3venes estudiantes de Londres, M\u00e9xico y Taiw\u00e1n trabajaron juntos para renovar infraviviendas en M\u00e9xico...<\/li><\/ul>\n\n\n\n<p>Numerosas oportunidades de encuentro entre profesores, educadores y responsables de Pastoral<\/p>\n\n\n\n<ul class=\"wp-block-list\"><li>Intercambios de profesores entre centros escolares para descubrir nuevas tecnolog\u00edas y nuevos estilos de ense\u00f1anza<\/li><li>Entrenar el carisma del Sagrado Coraz\u00f3n al fundar el programa \"Ra\u00edces dan alas\" en St. Charles, Missouri (EE.UU.)...<\/li><li>Conferencias de educadores sobre un aspecto concreto de su misi\u00f3n.<\/li><\/ul>\n\n\n\n<p>Se est\u00e1n estructurando dos redes en particular, con las que la AMASC desea mantener v\u00ednculos privilegiados: una relativa a los directores de instituciones del Sagrado Coraz\u00f3n y otra de j\u00f3venes escolares de 15 a 18 a\u00f1os: Rostros del Coraz\u00f3n.<\/p>\n\n\n\n<div style=\"height:50px\" aria-hidden=\"true\" class=\"wp-block-spacer\"><\/div>\n\n\n\n<div class=\"wp-block-buttons aligncenter is-layout-flex wp-block-buttons-is-layout-flex\">\n<div class=\"wp-block-button is-style-fill\"><a class=\"wp-block-button__link has-background\" href=\"https:\/\/amasc.org\/en\/partners\/the-schools\/the-networks-of-schools\/the-network-of-school-principals\/\" style=\"border-radius:15px;background-color:#b72424\">LA RED DE DIRECTORES DE CENTROS ESCOLARES<\/a><\/div>\n\n\n\n<div class=\"wp-block-button is-style-fill\"><a class=\"wp-block-button__link has-background\" href=\"https:\/\/amasc.org\/en\/partners\/the-schools\/the-networks-of-schools\/faces-of-the-heart-3\/\" style=\"border-radius:15px;background-color:#b72424\">\"ROSTROS DEL CORAZ\u00d3N\"<\/a><\/div>\n<\/div>\n<\/div>\n\n\n\n<div class=\"wp-block-column is-layout-flow wp-block-column-is-layout-flow\" style=\"flex-basis:33.33%\">\n<figure class=\"wp-block-image size-large\"><img loading=\"lazy\" decoding=\"async\" width=\"330\" height=\"327\" src=\"https:\/\/amasc.org\/wp-content\/uploads\/img_partenaires_ecoles_reseaux_dir.jpg\" alt=\"\" class=\"wp-image-550\" srcset=\"https:\/\/amasc.org\/wp-content\/uploads\/img_partenaires_ecoles_reseaux_dir.jpg 330w, https:\/\/amasc.org\/wp-content\/uploads\/img_partenaires_ecoles_reseaux_dir-300x297.jpg 300w, https:\/\/amasc.org\/wp-content\/uploads\/img_partenaires_ecoles_reseaux_dir-150x150.jpg 150w, https:\/\/amasc.org\/wp-content\/uploads\/img_partenaires_ecoles_reseaux_dir-303x300.jpg 303w\" sizes=\"auto, (max-width: 330px) 100vw, 330px\" \/><\/figure>\n<\/div>\n<\/div>","protected":false},"excerpt":{"rendered":"<p>Las redes de escuelas Se han creado numerosos circuitos de intercambios y encuentros entre las instituciones del Sacr\u00e9-C\u0153ur, relativos a sus alumnos, sus profesores o sus directores, a escala provincial o internacional. Cada a\u00f1o, algunas escuelas proponen a sus alumnos Intercambios individuales basados en la reciprocidad Viajes de clase para descubrir un Sagrado Coraz\u00f3n de otro pa\u00eds. Por ejemplo,...<\/p>","protected":false},"author":6,"featured_media":0,"parent":534,"menu_order":0,"comment_status":"closed","ping_status":"closed","template":"","meta":{"_acf_changed":false,"_kad_blocks_custom_css":"","_kad_blocks_head_custom_js":"","_kad_blocks_body_custom_js":"","_kad_blocks_footer_custom_js":"","_kad_post_transparent":"","_kad_post_title":"","_kad_post_layout":"","_kad_post_sidebar_id":"","_kad_post_content_style":"","_kad_post_vertical_padding":"","_kad_post_feature":"","_kad_post_feature_position":"","_kad_post_header":false,"_kad_post_footer":false,"_kad_post_classname":"","footnotes":""},"class_list":["post-553","page","type-page","status-publish","hentry"],"acf":[],"yoast_head":"<!-- This site is optimized with the Yoast SEO plugin v26.4 - https:\/\/yoast.com\/wordpress\/plugins\/seo\/ -->\n<title>Networks of schools - AMASC<\/title>\n<meta name=\"robots\" content=\"index, follow, max-snippet:-1, max-image-preview:large, max-video-preview:-1\" \/>\n<link rel=\"canonical\" href=\"https:\/\/amasc.org\/es\/partners\/the-schools\/the-networks-of-schools\/\" \/>\n<meta property=\"og:locale\" content=\"es_ES\" \/>\n<meta property=\"og:type\" content=\"article\" \/>\n<meta property=\"og:title\" content=\"Networks of schools - AMASC\" \/>\n<meta property=\"og:description\" content=\"The networks of schools Many exchange and meeting circuits have been created between the Sacr\u00e9-C\u0153ur institutions, concerning their students, their teachers or their directors, at the provincial or international level. Each year, some schools offer their students: Individual exchanges based on reciprocity Class trips to discover a Sacred Heart of a different country. For example,...\" \/>\n<meta property=\"og:url\" content=\"https:\/\/amasc.org\/es\/partners\/the-schools\/the-networks-of-schools\/\" \/>\n<meta property=\"og:site_name\" content=\"AMASC\" \/>\n<meta property=\"article:modified_time\" content=\"2020-11-06T17:21:34+00:00\" \/>\n<meta property=\"og:image\" content=\"https:\/\/amasc.org\/wp-content\/uploads\/img_partenaires_ecoles_reseaux_dir.jpg\" \/>\n<meta name=\"twitter:card\" content=\"summary_large_image\" \/>\n<meta name=\"twitter:label1\" content=\"Tiempo de lectura\" \/>\n\t<meta name=\"twitter:data1\" content=\"1 minuto\" \/>\n<script type=\"application\/ld+json\" class=\"yoast-schema-graph\">{\"@context\":\"https:\/\/schema.org\",\"@graph\":[{\"@type\":\"WebPage\",\"@id\":\"https:\/\/amasc.org\/partners\/the-schools\/the-networks-of-schools\/\",\"url\":\"https:\/\/amasc.org\/partners\/the-schools\/the-networks-of-schools\/\",\"name\":\"Networks of schools - AMASC\",\"isPartOf\":{\"@id\":\"https:\/\/amasc.org\/#website\"},\"primaryImageOfPage\":{\"@id\":\"https:\/\/amasc.org\/partners\/the-schools\/the-networks-of-schools\/#primaryimage\"},\"image\":{\"@id\":\"https:\/\/amasc.org\/partners\/the-schools\/the-networks-of-schools\/#primaryimage\"},\"thumbnailUrl\":\"https:\/\/amasc.org\/wp-content\/uploads\/img_partenaires_ecoles_reseaux_dir.jpg\",\"datePublished\":\"2020-10-17T16:38:04+00:00\",\"dateModified\":\"2020-11-06T17:21:34+00:00\",\"breadcrumb\":{\"@id\":\"https:\/\/amasc.org\/partners\/the-schools\/the-networks-of-schools\/#breadcrumb\"},\"inLanguage\":\"es\",\"potentialAction\":[{\"@type\":\"ReadAction\",\"target\":[\"https:\/\/amasc.org\/partners\/the-schools\/the-networks-of-schools\/\"]}]},{\"@type\":\"ImageObject\",\"inLanguage\":\"es\",\"@id\":\"https:\/\/amasc.org\/partners\/the-schools\/the-networks-of-schools\/#primaryimage\",\"url\":\"https:\/\/amasc.org\/wp-content\/uploads\/img_partenaires_ecoles_reseaux_dir.jpg\",\"contentUrl\":\"https:\/\/amasc.org\/wp-content\/uploads\/img_partenaires_ecoles_reseaux_dir.jpg\"},{\"@type\":\"BreadcrumbList\",\"@id\":\"https:\/\/amasc.org\/partners\/the-schools\/the-networks-of-schools\/#breadcrumb\",\"itemListElement\":[{\"@type\":\"ListItem\",\"position\":1,\"name\":\"Home\",\"item\":\"https:\/\/amasc.org\/\"},{\"@type\":\"ListItem\",\"position\":2,\"name\":\"Relatives\",\"item\":\"https:\/\/amasc.org\/partners\/\"},{\"@type\":\"ListItem\",\"position\":3,\"name\":\"Schools\",\"item\":\"https:\/\/amasc.org\/partners\/the-schools\/\"},{\"@type\":\"ListItem\",\"position\":4,\"name\":\"Networks of schools\"}]},{\"@type\":\"WebSite\",\"@id\":\"https:\/\/amasc.org\/#website\",\"url\":\"https:\/\/amasc.org\/\",\"name\":\"AMASC\",\"description\":\"\",\"publisher\":{\"@id\":\"https:\/\/amasc.org\/#organization\"},\"potentialAction\":[{\"@type\":\"SearchAction\",\"target\":{\"@type\":\"EntryPoint\",\"urlTemplate\":\"https:\/\/amasc.org\/?s={search_term_string}\"},\"query-input\":{\"@type\":\"PropertyValueSpecification\",\"valueRequired\":true,\"valueName\":\"search_term_string\"}}],\"inLanguage\":\"es\"},{\"@type\":\"Organization\",\"@id\":\"https:\/\/amasc.org\/#organization\",\"name\":\"AMASC\",\"url\":\"https:\/\/amasc.org\/\",\"logo\":{\"@type\":\"ImageObject\",\"inLanguage\":\"es\",\"@id\":\"https:\/\/amasc.org\/#\/schema\/logo\/image\/\",\"url\":\"https:\/\/amasc.org\/wp-content\/uploads\/logo-brand-red.png\",\"contentUrl\":\"https:\/\/amasc.org\/wp-content\/uploads\/logo-brand-red.png\",\"width\":1283,\"height\":1624,\"caption\":\"AMASC\"},\"image\":{\"@id\":\"https:\/\/amasc.org\/#\/schema\/logo\/image\/\"}}]}<\/script>\n<!-- \/ Yoast SEO plugin. -->","yoast_head_json":{"title":"Networks of schools - AMASC","robots":{"index":"index","follow":"follow","max-snippet":"max-snippet:-1","max-image-preview":"max-image-preview:large","max-video-preview":"max-video-preview:-1"},"canonical":"https:\/\/amasc.org\/es\/partners\/the-schools\/the-networks-of-schools\/","og_locale":"es_ES","og_type":"article","og_title":"Networks of schools - AMASC","og_description":"The networks of schools Many exchange and meeting circuits have been created between the Sacr\u00e9-C\u0153ur institutions, concerning their students, their teachers or their directors, at the provincial or international level. Each year, some schools offer their students: Individual exchanges based on reciprocity Class trips to discover a Sacred Heart of a different country. For example,...","og_url":"https:\/\/amasc.org\/es\/partners\/the-schools\/the-networks-of-schools\/","og_site_name":"AMASC","article_modified_time":"2020-11-06T17:21:34+00:00","og_image":[{"url":"https:\/\/amasc.org\/wp-content\/uploads\/img_partenaires_ecoles_reseaux_dir.jpg","type":"","width":"","height":""}],"twitter_card":"summary_large_image","twitter_misc":{"Tiempo de lectura":"1 minuto"},"schema":{"@context":"https:\/\/schema.org","@graph":[{"@type":"WebPage","@id":"https:\/\/amasc.org\/partners\/the-schools\/the-networks-of-schools\/","url":"https:\/\/amasc.org\/partners\/the-schools\/the-networks-of-schools\/","name":"Networks of schools - AMASC","isPartOf":{"@id":"https:\/\/amasc.org\/#website"},"primaryImageOfPage":{"@id":"https:\/\/amasc.org\/partners\/the-schools\/the-networks-of-schools\/#primaryimage"},"image":{"@id":"https:\/\/amasc.org\/partners\/the-schools\/the-networks-of-schools\/#primaryimage"},"thumbnailUrl":"https:\/\/amasc.org\/wp-content\/uploads\/img_partenaires_ecoles_reseaux_dir.jpg","datePublished":"2020-10-17T16:38:04+00:00","dateModified":"2020-11-06T17:21:34+00:00","breadcrumb":{"@id":"https:\/\/amasc.org\/partners\/the-schools\/the-networks-of-schools\/#breadcrumb"},"inLanguage":"es","potentialAction":[{"@type":"ReadAction","target":["https:\/\/amasc.org\/partners\/the-schools\/the-networks-of-schools\/"]}]},{"@type":"ImageObject","inLanguage":"es","@id":"https:\/\/amasc.org\/partners\/the-schools\/the-networks-of-schools\/#primaryimage","url":"https:\/\/amasc.org\/wp-content\/uploads\/img_partenaires_ecoles_reseaux_dir.jpg","contentUrl":"https:\/\/amasc.org\/wp-content\/uploads\/img_partenaires_ecoles_reseaux_dir.jpg"},{"@type":"BreadcrumbList","@id":"https:\/\/amasc.org\/partners\/the-schools\/the-networks-of-schools\/#breadcrumb","itemListElement":[{"@type":"ListItem","position":1,"name":"Home","item":"https:\/\/amasc.org\/"},{"@type":"ListItem","position":2,"name":"Relatives","item":"https:\/\/amasc.org\/partners\/"},{"@type":"ListItem","position":3,"name":"Schools","item":"https:\/\/amasc.org\/partners\/the-schools\/"},{"@type":"ListItem","position":4,"name":"Networks of schools"}]},{"@type":"WebSite","@id":"https:\/\/amasc.org\/#website","url":"https:\/\/amasc.org\/","name":"AMASC","description":"","publisher":{"@id":"https:\/\/amasc.org\/#organization"},"potentialAction":[{"@type":"SearchAction","target":{"@type":"EntryPoint","urlTemplate":"https:\/\/amasc.org\/?s={search_term_string}"},"query-input":{"@type":"PropertyValueSpecification","valueRequired":true,"valueName":"search_term_string"}}],"inLanguage":"es"},{"@type":"Organization","@id":"https:\/\/amasc.org\/#organization","name":"AMASC","url":"https:\/\/amasc.org\/","logo":{"@type":"ImageObject","inLanguage":"es","@id":"https:\/\/amasc.org\/#\/schema\/logo\/image\/","url":"https:\/\/amasc.org\/wp-content\/uploads\/logo-brand-red.png","contentUrl":"https:\/\/amasc.org\/wp-content\/uploads\/logo-brand-red.png","width":1283,"height":1624,"caption":"AMASC"},"image":{"@id":"https:\/\/amasc.org\/#\/schema\/logo\/image\/"}}]}},"taxonomy_info":[],"featured_image_src_large":false,"author_info":{"display_name":"AMASC","author_link":"https:\/\/amasc.org\/es\/author\/amasc\/"},"comment_info":0,"_links":{"self":[{"href":"https:\/\/amasc.org\/es\/wp-json\/wp\/v2\/pages\/553","targetHints":{"allow":["GET"]}}],"collection":[{"href":"https:\/\/amasc.org\/es\/wp-json\/wp\/v2\/pages"}],"about":[{"href":"https:\/\/amasc.org\/es\/wp-json\/wp\/v2\/types\/page"}],"author":[{"embeddable":true,"href":"https:\/\/amasc.org\/es\/wp-json\/wp\/v2\/users\/6"}],"replies":[{"embeddable":true,"href":"https:\/\/amasc.org\/es\/wp-json\/wp\/v2\/comments?post=553"}],"version-history":[{"count":0,"href":"https:\/\/amasc.org\/es\/wp-json\/wp\/v2\/pages\/553\/revisions"}],"up":[{"embeddable":true,"href":"https:\/\/amasc.org\/es\/wp-json\/wp\/v2\/pages\/534"}],"wp:attachment":[{"href":"https:\/\/amasc.org\/es\/wp-json\/wp\/v2\/media?parent=553"}],"curies":[{"name":"wp","href":"https:\/\/api.w.org\/{rel}","templated":true}]}}