{"id":568,"date":"2020-10-17T19:06:34","date_gmt":"2020-10-17T17:06:34","guid":{"rendered":"https:\/\/sitewp.amasc-sacrecoeur.net\/?page_id=568"},"modified":"2020-11-06T18:28:26","modified_gmt":"2020-11-06T17:28:26","slug":"the-network-of-school-principals","status":"publish","type":"page","link":"https:\/\/amasc.org\/es\/partners\/the-schools\/the-networks-of-schools\/the-network-of-school-principals\/","title":{"rendered":"Network of school principals"},"content":{"rendered":"<div class=\"wp-block-columns is-layout-flex wp-container-core-columns-is-layout-9d6595d7 wp-block-columns-is-layout-flex\">\n<div class=\"wp-block-column is-layout-flow wp-block-column-is-layout-flow\" style=\"flex-basis:66.66%\">\n<h2 class=\"has-text-color wp-block-heading\" style=\"color:#b72424\">La red internacional de directores de centros escolares<\/h2>\n\n\n\n<p><strong>Durante los \u00faltimos diez a\u00f1os, los directores de escuela, conscientes de su especial responsabilidad<\/strong>&nbsp;desde que las rscj ya no est\u00e1n presentes en sus instituciones, se han acostumbrado a reunirse a intervalos regulares.<br>En Europa, en Asia-Australia-Nueva Zelanda (\"Asia-ANZ\"), las conferencias continentales se alternan con conferencias mundiales, con un aumento constante de la participaci\u00f3n. La4\u00aa conferencia Taipei (Taiw\u00e1n) en octubre de 2011 acogi\u00f3 a 60 delegados de todo el mundo, la5\u00aa conferencia en M\u00e9xico en octubre de 2015 a m\u00e1s de 120. Se convocan cap\u00edtulos generales, profundizando en el sentido de la misi\u00f3n y su conocimiento del carisma de Santa Magdalena Sof\u00eda Barat son parte de sus temas de estudio :<\/p>\n\n\n\n<ul class=\"wp-block-list\"><li><em>\" Justicia, Paz e Integridad de la Creaci\u00f3n \"<\/em>&nbsp;en Taiw\u00e1n en 2011 (Conferencia Mundial),<\/li><li><em>\" La intuici\u00f3n educativa de Madeleine Sophie Barat \"<\/em>&nbsp;En Dubl\u00edn en 2013 (Conferencia Europea),<\/li><li><em>\" Educaci\u00f3n para la Paz \"<\/em>&nbsp;en Se\u00fal en 2014 (Conferencia del \u00c1rea Asia-ANZ),<\/li><li><em>\" Afrontar la complejidad del mundo, un viaje interior \"<\/em>&nbsp;en Ciudad de M\u00e9xico en 2015 (Conferencia Mundial),<\/li><li><em>\" La misi\u00f3n y el coraz\u00f3n \"<\/em>&nbsp;en Placeres (Espa\u00f1a) en 2017 (Conferencia Europea),<\/li><li><em>\" Las convocatorias del Cap\u00edtulo General de 2016 \"<\/em>&nbsp;en S\u00eddney en 2018 (Conferencia Asia-ANZ Area),<\/li><\/ul>\n\n\n\n<p>No hay jerarqu\u00eda en las redes que se han formado. Las reuniones suelen prepararlas un colegio y el rscj de su provincia. Las conferencias corren a cargo de monjas o expertos laicos, tras lo cual todos aportan su mirada y sus ideas a los talleres. A continuaci\u00f3n se redacta un documento de s\u00edntesis.<\/p>\n\n\n\n<p>La VI Conferencia Internacional Mundial de Directores de Escuela se celebrar\u00e1 en Miami en abril de 2020.<\/p>\n\n\n\n<div style=\"height:50px\" aria-hidden=\"true\" class=\"wp-block-spacer\"><\/div>\n<\/div>\n\n\n\n<div class=\"wp-block-column is-layout-flow wp-block-column-is-layout-flow\" style=\"flex-basis:33.33%\">\n<div class=\"wp-block-image\"><figure class=\"aligncenter size-large\"><img loading=\"lazy\" decoding=\"async\" width=\"330\" height=\"309\" src=\"https:\/\/amasc.org\/wp-content\/uploads\/img_partenaires_ecoles_reseaux_1.jpg\" alt=\"\" class=\"wp-image-564\" srcset=\"https:\/\/amasc.org\/wp-content\/uploads\/img_partenaires_ecoles_reseaux_1.jpg 330w, https:\/\/amasc.org\/wp-content\/uploads\/img_partenaires_ecoles_reseaux_1-300x281.jpg 300w, https:\/\/amasc.org\/wp-content\/uploads\/img_partenaires_ecoles_reseaux_1-320x300.jpg 320w\" sizes=\"auto, (max-width: 330px) 100vw, 330px\" \/><\/figure><\/div>\n\n\n\n<figure class=\"wp-block-image size-large is-resized\"><img loading=\"lazy\" decoding=\"async\" src=\"https:\/\/amasc.org\/wp-content\/uploads\/img_partenaires_ecoles_reseaux_2.jpg\" alt=\"\" class=\"wp-image-565\" width=\"331\" height=\"325\" srcset=\"https:\/\/amasc.org\/wp-content\/uploads\/img_partenaires_ecoles_reseaux_2.jpg 330w, https:\/\/amasc.org\/wp-content\/uploads\/img_partenaires_ecoles_reseaux_2-300x295.jpg 300w, https:\/\/amasc.org\/wp-content\/uploads\/img_partenaires_ecoles_reseaux_2-306x300.jpg 306w\" sizes=\"auto, (max-width: 331px) 100vw, 331px\" \/><figcaption><em>M\u00e9xico, 2015<\/em><\/figcaption><\/figure>\n<\/div>\n<\/div>","protected":false},"excerpt":{"rendered":"<p>The international network of school principals For the past ten years, school principals, aware of their special responsibility&nbsp;since the rscj are no longer present in their institutions, have become accustomed to meeting at regular intervals.In Europe, in Asia-Australia-New Zealand (&#8220;Asia-ANZ&#8221;), continental conferences alternate with global conferences, with a steady increase in participation. The4th conference Taipei&#8230;<\/p>","protected":false},"author":6,"featured_media":0,"parent":553,"menu_order":0,"comment_status":"closed","ping_status":"closed","template":"","meta":{"_acf_changed":false,"_kad_blocks_custom_css":"","_kad_blocks_head_custom_js":"","_kad_blocks_body_custom_js":"","_kad_blocks_footer_custom_js":"","_kad_post_transparent":"","_kad_post_title":"","_kad_post_layout":"","_kad_post_sidebar_id":"","_kad_post_content_style":"","_kad_post_vertical_padding":"","_kad_post_feature":"","_kad_post_feature_position":"","_kad_post_header":false,"_kad_post_footer":false,"_kad_post_classname":"","footnotes":""},"class_list":["post-568","page","type-page","status-publish","hentry"],"acf":[],"yoast_head":"<!-- This site is optimized with the Yoast SEO plugin v26.4 - https:\/\/yoast.com\/wordpress\/plugins\/seo\/ -->\n<title>Network of school principals - AMASC<\/title>\n<meta name=\"robots\" content=\"index, follow, max-snippet:-1, max-image-preview:large, max-video-preview:-1\" \/>\n<link rel=\"canonical\" href=\"https:\/\/amasc.org\/es\/partners\/the-schools\/the-networks-of-schools\/the-network-of-school-principals\/\" \/>\n<meta property=\"og:locale\" content=\"es_ES\" \/>\n<meta property=\"og:type\" content=\"article\" \/>\n<meta property=\"og:title\" content=\"Network of school principals - AMASC\" \/>\n<meta property=\"og:description\" content=\"The international network of school principals For the past ten years, school principals, aware of their special responsibility&nbsp;since the rscj are no longer present in their institutions, have become accustomed to meeting at regular intervals.In Europe, in Asia-Australia-New Zealand (&#8220;Asia-ANZ&#8221;), continental conferences alternate with global conferences, with a steady increase in participation. The4th conference Taipei...\" \/>\n<meta property=\"og:url\" content=\"https:\/\/amasc.org\/es\/partners\/the-schools\/the-networks-of-schools\/the-network-of-school-principals\/\" \/>\n<meta property=\"og:site_name\" content=\"AMASC\" \/>\n<meta property=\"article:modified_time\" content=\"2020-11-06T17:28:26+00:00\" \/>\n<meta property=\"og:image\" content=\"https:\/\/amasc.org\/wp-content\/uploads\/img_partenaires_ecoles_reseaux_1.jpg\" \/>\n<meta name=\"twitter:card\" content=\"summary_large_image\" \/>\n<meta name=\"twitter:label1\" content=\"Tiempo de lectura\" \/>\n\t<meta name=\"twitter:data1\" content=\"1 minuto\" \/>\n<script type=\"application\/ld+json\" class=\"yoast-schema-graph\">{\"@context\":\"https:\/\/schema.org\",\"@graph\":[{\"@type\":\"WebPage\",\"@id\":\"https:\/\/amasc.org\/partners\/the-schools\/the-networks-of-schools\/the-network-of-school-principals\/\",\"url\":\"https:\/\/amasc.org\/partners\/the-schools\/the-networks-of-schools\/the-network-of-school-principals\/\",\"name\":\"Network of school principals - AMASC\",\"isPartOf\":{\"@id\":\"https:\/\/amasc.org\/#website\"},\"primaryImageOfPage\":{\"@id\":\"https:\/\/amasc.org\/partners\/the-schools\/the-networks-of-schools\/the-network-of-school-principals\/#primaryimage\"},\"image\":{\"@id\":\"https:\/\/amasc.org\/partners\/the-schools\/the-networks-of-schools\/the-network-of-school-principals\/#primaryimage\"},\"thumbnailUrl\":\"https:\/\/amasc.org\/wp-content\/uploads\/img_partenaires_ecoles_reseaux_1.jpg\",\"datePublished\":\"2020-10-17T17:06:34+00:00\",\"dateModified\":\"2020-11-06T17:28:26+00:00\",\"breadcrumb\":{\"@id\":\"https:\/\/amasc.org\/partners\/the-schools\/the-networks-of-schools\/the-network-of-school-principals\/#breadcrumb\"},\"inLanguage\":\"es\",\"potentialAction\":[{\"@type\":\"ReadAction\",\"target\":[\"https:\/\/amasc.org\/partners\/the-schools\/the-networks-of-schools\/the-network-of-school-principals\/\"]}]},{\"@type\":\"ImageObject\",\"inLanguage\":\"es\",\"@id\":\"https:\/\/amasc.org\/partners\/the-schools\/the-networks-of-schools\/the-network-of-school-principals\/#primaryimage\",\"url\":\"https:\/\/amasc.org\/wp-content\/uploads\/img_partenaires_ecoles_reseaux_1.jpg\",\"contentUrl\":\"https:\/\/amasc.org\/wp-content\/uploads\/img_partenaires_ecoles_reseaux_1.jpg\"},{\"@type\":\"BreadcrumbList\",\"@id\":\"https:\/\/amasc.org\/partners\/the-schools\/the-networks-of-schools\/the-network-of-school-principals\/#breadcrumb\",\"itemListElement\":[{\"@type\":\"ListItem\",\"position\":1,\"name\":\"Home\",\"item\":\"https:\/\/amasc.org\/\"},{\"@type\":\"ListItem\",\"position\":2,\"name\":\"Relatives\",\"item\":\"https:\/\/amasc.org\/partners\/\"},{\"@type\":\"ListItem\",\"position\":3,\"name\":\"Schools\",\"item\":\"https:\/\/amasc.org\/partners\/the-schools\/\"},{\"@type\":\"ListItem\",\"position\":4,\"name\":\"Networks of schools\",\"item\":\"https:\/\/amasc.org\/partners\/the-schools\/the-networks-of-schools\/\"},{\"@type\":\"ListItem\",\"position\":5,\"name\":\"Network of school principals\"}]},{\"@type\":\"WebSite\",\"@id\":\"https:\/\/amasc.org\/#website\",\"url\":\"https:\/\/amasc.org\/\",\"name\":\"AMASC\",\"description\":\"\",\"publisher\":{\"@id\":\"https:\/\/amasc.org\/#organization\"},\"potentialAction\":[{\"@type\":\"SearchAction\",\"target\":{\"@type\":\"EntryPoint\",\"urlTemplate\":\"https:\/\/amasc.org\/?s={search_term_string}\"},\"query-input\":{\"@type\":\"PropertyValueSpecification\",\"valueRequired\":true,\"valueName\":\"search_term_string\"}}],\"inLanguage\":\"es\"},{\"@type\":\"Organization\",\"@id\":\"https:\/\/amasc.org\/#organization\",\"name\":\"AMASC\",\"url\":\"https:\/\/amasc.org\/\",\"logo\":{\"@type\":\"ImageObject\",\"inLanguage\":\"es\",\"@id\":\"https:\/\/amasc.org\/#\/schema\/logo\/image\/\",\"url\":\"https:\/\/amasc.org\/wp-content\/uploads\/logo-brand-red.png\",\"contentUrl\":\"https:\/\/amasc.org\/wp-content\/uploads\/logo-brand-red.png\",\"width\":1283,\"height\":1624,\"caption\":\"AMASC\"},\"image\":{\"@id\":\"https:\/\/amasc.org\/#\/schema\/logo\/image\/\"}}]}<\/script>\n<!-- \/ Yoast SEO plugin. -->","yoast_head_json":{"title":"Network of school principals - AMASC","robots":{"index":"index","follow":"follow","max-snippet":"max-snippet:-1","max-image-preview":"max-image-preview:large","max-video-preview":"max-video-preview:-1"},"canonical":"https:\/\/amasc.org\/es\/partners\/the-schools\/the-networks-of-schools\/the-network-of-school-principals\/","og_locale":"es_ES","og_type":"article","og_title":"Network of school principals - AMASC","og_description":"The international network of school principals For the past ten years, school principals, aware of their special responsibility&nbsp;since the rscj are no longer present in their institutions, have become accustomed to meeting at regular intervals.In Europe, in Asia-Australia-New Zealand (&#8220;Asia-ANZ&#8221;), continental conferences alternate with global conferences, with a steady increase in participation. The4th conference Taipei...","og_url":"https:\/\/amasc.org\/es\/partners\/the-schools\/the-networks-of-schools\/the-network-of-school-principals\/","og_site_name":"AMASC","article_modified_time":"2020-11-06T17:28:26+00:00","og_image":[{"url":"https:\/\/amasc.org\/wp-content\/uploads\/img_partenaires_ecoles_reseaux_1.jpg","type":"","width":"","height":""}],"twitter_card":"summary_large_image","twitter_misc":{"Tiempo de lectura":"1 minuto"},"schema":{"@context":"https:\/\/schema.org","@graph":[{"@type":"WebPage","@id":"https:\/\/amasc.org\/partners\/the-schools\/the-networks-of-schools\/the-network-of-school-principals\/","url":"https:\/\/amasc.org\/partners\/the-schools\/the-networks-of-schools\/the-network-of-school-principals\/","name":"Network of school principals - AMASC","isPartOf":{"@id":"https:\/\/amasc.org\/#website"},"primaryImageOfPage":{"@id":"https:\/\/amasc.org\/partners\/the-schools\/the-networks-of-schools\/the-network-of-school-principals\/#primaryimage"},"image":{"@id":"https:\/\/amasc.org\/partners\/the-schools\/the-networks-of-schools\/the-network-of-school-principals\/#primaryimage"},"thumbnailUrl":"https:\/\/amasc.org\/wp-content\/uploads\/img_partenaires_ecoles_reseaux_1.jpg","datePublished":"2020-10-17T17:06:34+00:00","dateModified":"2020-11-06T17:28:26+00:00","breadcrumb":{"@id":"https:\/\/amasc.org\/partners\/the-schools\/the-networks-of-schools\/the-network-of-school-principals\/#breadcrumb"},"inLanguage":"es","potentialAction":[{"@type":"ReadAction","target":["https:\/\/amasc.org\/partners\/the-schools\/the-networks-of-schools\/the-network-of-school-principals\/"]}]},{"@type":"ImageObject","inLanguage":"es","@id":"https:\/\/amasc.org\/partners\/the-schools\/the-networks-of-schools\/the-network-of-school-principals\/#primaryimage","url":"https:\/\/amasc.org\/wp-content\/uploads\/img_partenaires_ecoles_reseaux_1.jpg","contentUrl":"https:\/\/amasc.org\/wp-content\/uploads\/img_partenaires_ecoles_reseaux_1.jpg"},{"@type":"BreadcrumbList","@id":"https:\/\/amasc.org\/partners\/the-schools\/the-networks-of-schools\/the-network-of-school-principals\/#breadcrumb","itemListElement":[{"@type":"ListItem","position":1,"name":"Home","item":"https:\/\/amasc.org\/"},{"@type":"ListItem","position":2,"name":"Relatives","item":"https:\/\/amasc.org\/partners\/"},{"@type":"ListItem","position":3,"name":"Schools","item":"https:\/\/amasc.org\/partners\/the-schools\/"},{"@type":"ListItem","position":4,"name":"Networks of schools","item":"https:\/\/amasc.org\/partners\/the-schools\/the-networks-of-schools\/"},{"@type":"ListItem","position":5,"name":"Network of school principals"}]},{"@type":"WebSite","@id":"https:\/\/amasc.org\/#website","url":"https:\/\/amasc.org\/","name":"AMASC","description":"","publisher":{"@id":"https:\/\/amasc.org\/#organization"},"potentialAction":[{"@type":"SearchAction","target":{"@type":"EntryPoint","urlTemplate":"https:\/\/amasc.org\/?s={search_term_string}"},"query-input":{"@type":"PropertyValueSpecification","valueRequired":true,"valueName":"search_term_string"}}],"inLanguage":"es"},{"@type":"Organization","@id":"https:\/\/amasc.org\/#organization","name":"AMASC","url":"https:\/\/amasc.org\/","logo":{"@type":"ImageObject","inLanguage":"es","@id":"https:\/\/amasc.org\/#\/schema\/logo\/image\/","url":"https:\/\/amasc.org\/wp-content\/uploads\/logo-brand-red.png","contentUrl":"https:\/\/amasc.org\/wp-content\/uploads\/logo-brand-red.png","width":1283,"height":1624,"caption":"AMASC"},"image":{"@id":"https:\/\/amasc.org\/#\/schema\/logo\/image\/"}}]}},"taxonomy_info":[],"featured_image_src_large":false,"author_info":{"display_name":"AMASC","author_link":"https:\/\/amasc.org\/es\/author\/amasc\/"},"comment_info":0,"_links":{"self":[{"href":"https:\/\/amasc.org\/es\/wp-json\/wp\/v2\/pages\/568","targetHints":{"allow":["GET"]}}],"collection":[{"href":"https:\/\/amasc.org\/es\/wp-json\/wp\/v2\/pages"}],"about":[{"href":"https:\/\/amasc.org\/es\/wp-json\/wp\/v2\/types\/page"}],"author":[{"embeddable":true,"href":"https:\/\/amasc.org\/es\/wp-json\/wp\/v2\/users\/6"}],"replies":[{"embeddable":true,"href":"https:\/\/amasc.org\/es\/wp-json\/wp\/v2\/comments?post=568"}],"version-history":[{"count":0,"href":"https:\/\/amasc.org\/es\/wp-json\/wp\/v2\/pages\/568\/revisions"}],"up":[{"embeddable":true,"href":"https:\/\/amasc.org\/es\/wp-json\/wp\/v2\/pages\/553"}],"wp:attachment":[{"href":"https:\/\/amasc.org\/es\/wp-json\/wp\/v2\/media?parent=568"}],"curies":[{"name":"wp","href":"https:\/\/api.w.org\/{rel}","templated":true}]}}