{"id":627,"date":"2020-10-17T20:17:52","date_gmt":"2020-10-17T18:17:52","guid":{"rendered":"https:\/\/sitewp.amasc-sacrecoeur.net\/?page_id=627"},"modified":"2020-11-06T18:14:35","modified_gmt":"2020-11-06T17:14:35","slug":"some-old-projects","status":"publish","type":"page","link":"https:\/\/amasc.org\/es\/activities\/solidarity-projects\/some-old-projects\/","title":{"rendered":"Proyectos antiguos"},"content":{"rendered":"<div class=\"wp-block-columns is-layout-flex wp-container-core-columns-is-layout-9d6595d7 wp-block-columns-is-layout-flex\">\n<div class=\"wp-block-column is-layout-flow wp-block-column-is-layout-flow\" style=\"flex-basis:66.66%\">\n<h2 class=\"has-text-color wp-block-heading\" style=\"color:#b72424\">Algunos proyectos antiguos<\/h2>\n\n\n\n<ul class=\"wp-block-list\"><li>En 2000, el RSCJ quiso construir un&nbsp;<strong>peque\u00f1a escuela primaria en la colina de Kyamusansala<\/strong>una zona rural de Uganda. Tras una recaudaci\u00f3n de fondos en la que particip\u00f3 el AMASC, naci\u00f3 en 2003. Diez a\u00f1os despu\u00e9s, acoge a 530 ni\u00f1as que pueden acceder a la escuela secundaria, mientras que la media nacional de ni\u00f1as no llega a 30%.<br><br><\/li><li>En 2006, la hna. Clare Pratt llam\u00f3 la atenci\u00f3n de Hermine van Asten-Wennekers sobre la escuela primaria de Kibera, en los suburbios de Nairobi, Kenia. Necesita ser reconstruida, pero no pertenece a la rscj. Por ello, la Junta de AMASC prefiere&nbsp;<strong>realizar 3 proyectos de ayuda a la provincia de Uganda-Kenia<\/strong>&nbsp;convertirse en aut\u00f3nomas: un taller de costura en asociaci\u00f3n con otra organizaci\u00f3n internacional, un taller de velas devocionales en los lugares de peregrinaci\u00f3n de Kampala y una tienda de material escolar, primero para la escuela de Mbikko y despu\u00e9s para todo el pueblo. Al final de su mandato en 2010, Hermine y su vicepresidenta Claudia Taylor decidieron continuar sus compromisos a favor de la rscj en Uganda a t\u00edtulo personal, a trav\u00e9s de las asociaciones Obumu Netherland-Uganda y SOS Malta (ver Facebook)<br><br><\/li><li>En 2015, AMASC decidi\u00f3 apoyar el proyecto de una rscj de Argentina, que desea&nbsp;<strong>ofrecer una estructura educativa de calidad a los j\u00f3venes de Villa Jard\u00edn<\/strong>, un barrio perif\u00e9rico de la capital Buenos Aires, socialmente muy degradado (adicci\u00f3n a las drogas, narcotr\u00e1fico, diversas formas de violencia, etc.). Como parte de la escuela del Sagrado Coraz\u00f3n ALCAL, la realizaci\u00f3n del proyecto permiti\u00f3 la creaci\u00f3n de talleres, jornadas tem\u00e1ticas y actividades culturales, comunitarias y de reflexi\u00f3n - en el marco de los programas escolares - para todos los adolescentes y j\u00f3venes de Villa Jard\u00edn.<\/li><\/ul>\n<\/div>\n\n\n\n<div class=\"wp-block-column is-layout-flow wp-block-column-is-layout-flow\" style=\"flex-basis:33.33%\">\n<div class=\"wp-block-image\"><figure class=\"aligncenter size-large\"><img loading=\"lazy\" decoding=\"async\" width=\"259\" height=\"194\" src=\"https:\/\/amasc.org\/wp-content\/uploads\/img_anciens_projets_1.jpg\" alt=\"\" class=\"wp-image-620\"\/><figcaption><em><em>Escuela de Kyamusansala<\/em><\/em><\/figcaption><\/figure><\/div>\n\n\n\n<div class=\"wp-block-image\"><figure class=\"aligncenter size-large is-resized\"><img loading=\"lazy\" decoding=\"async\" src=\"https:\/\/amasc.org\/wp-content\/uploads\/img_anciens_projets_2.jpg\" alt=\"\" class=\"wp-image-621\" width=\"259\" height=\"238\"\/><figcaption><em><em>Escuela apoyada por la asociaci\u00f3n OBUMU - N\u00e9derland - Uganda<\/em><\/em><\/figcaption><\/figure><\/div>\n\n\n\n<div class=\"wp-block-image\"><figure class=\"aligncenter size-large\"><img loading=\"lazy\" decoding=\"async\" width=\"259\" height=\"235\" src=\"https:\/\/amasc.org\/wp-content\/uploads\/img_anciens_projets_3.jpg\" alt=\"\" class=\"wp-image-622\"\/><figcaption><em><em>Proyecto de apoyo en Villajard\u00edn, Argentina<\/em><\/em><\/figcaption><\/figure><\/div>\n<\/div>\n<\/div>\n\n\n\n<p><\/p>","protected":false},"excerpt":{"rendered":"<p>Algunos proyectos antiguos En 2000, las RSCJ quisieron construir una peque\u00f1a escuela primaria en Kyamusansala Hill, una zona rural de Uganda. Tras una colecta de fondos en la que particip\u00f3 la AMASC, vio la luz en 2003. Diez a\u00f1os despu\u00e9s, acoge a 530 ni\u00f1as que pueden acceder todas a la escuela secundaria, mientras que la media nacional de...<\/p>","protected":false},"author":6,"featured_media":0,"parent":615,"menu_order":0,"comment_status":"closed","ping_status":"closed","template":"","meta":{"_acf_changed":false,"_kad_blocks_custom_css":"","_kad_blocks_head_custom_js":"","_kad_blocks_body_custom_js":"","_kad_blocks_footer_custom_js":"","_kad_post_transparent":"","_kad_post_title":"","_kad_post_layout":"","_kad_post_sidebar_id":"","_kad_post_content_style":"","_kad_post_vertical_padding":"","_kad_post_feature":"","_kad_post_feature_position":"","_kad_post_header":false,"_kad_post_footer":false,"_kad_post_classname":"","footnotes":""},"class_list":["post-627","page","type-page","status-publish","hentry"],"acf":[],"yoast_head":"<!-- This site is optimized with the Yoast SEO plugin v26.4 - https:\/\/yoast.com\/wordpress\/plugins\/seo\/ -->\n<title>Old projects - AMASC<\/title>\n<meta name=\"robots\" content=\"index, follow, max-snippet:-1, max-image-preview:large, max-video-preview:-1\" \/>\n<link rel=\"canonical\" href=\"https:\/\/amasc.org\/es\/activities\/solidarity-projects\/some-old-projects\/\" \/>\n<meta property=\"og:locale\" content=\"es_ES\" \/>\n<meta property=\"og:type\" content=\"article\" \/>\n<meta property=\"og:title\" content=\"Old projects - AMASC\" \/>\n<meta property=\"og:description\" content=\"Some old projects In 2000, the RSCJ wanted to build a&nbsp;small primary school on Kyamusansala Hill, a rural area of Uganda. After a fundraising in which the AMASC participated, it was born in 2003. Ten years later, 530 little girls are welcomed there who can all access the high school, while the national average for...\" \/>\n<meta property=\"og:url\" content=\"https:\/\/amasc.org\/es\/activities\/solidarity-projects\/some-old-projects\/\" \/>\n<meta property=\"og:site_name\" content=\"AMASC\" \/>\n<meta property=\"article:modified_time\" content=\"2020-11-06T17:14:35+00:00\" \/>\n<meta property=\"og:image\" content=\"https:\/\/amasc.org\/wp-content\/uploads\/img_anciens_projets_1.jpg\" \/>\n<meta name=\"twitter:card\" content=\"summary_large_image\" \/>\n<meta name=\"twitter:label1\" content=\"Tiempo de lectura\" \/>\n\t<meta name=\"twitter:data1\" content=\"1 minuto\" \/>\n<script type=\"application\/ld+json\" class=\"yoast-schema-graph\">{\"@context\":\"https:\/\/schema.org\",\"@graph\":[{\"@type\":\"WebPage\",\"@id\":\"https:\/\/amasc.org\/activities\/solidarity-projects\/some-old-projects\/\",\"url\":\"https:\/\/amasc.org\/activities\/solidarity-projects\/some-old-projects\/\",\"name\":\"Old projects - AMASC\",\"isPartOf\":{\"@id\":\"https:\/\/amasc.org\/#website\"},\"primaryImageOfPage\":{\"@id\":\"https:\/\/amasc.org\/activities\/solidarity-projects\/some-old-projects\/#primaryimage\"},\"image\":{\"@id\":\"https:\/\/amasc.org\/activities\/solidarity-projects\/some-old-projects\/#primaryimage\"},\"thumbnailUrl\":\"https:\/\/amasc.org\/wp-content\/uploads\/img_anciens_projets_1.jpg\",\"datePublished\":\"2020-10-17T18:17:52+00:00\",\"dateModified\":\"2020-11-06T17:14:35+00:00\",\"breadcrumb\":{\"@id\":\"https:\/\/amasc.org\/activities\/solidarity-projects\/some-old-projects\/#breadcrumb\"},\"inLanguage\":\"es\",\"potentialAction\":[{\"@type\":\"ReadAction\",\"target\":[\"https:\/\/amasc.org\/activities\/solidarity-projects\/some-old-projects\/\"]}]},{\"@type\":\"ImageObject\",\"inLanguage\":\"es\",\"@id\":\"https:\/\/amasc.org\/activities\/solidarity-projects\/some-old-projects\/#primaryimage\",\"url\":\"https:\/\/amasc.org\/wp-content\/uploads\/img_anciens_projets_1.jpg\",\"contentUrl\":\"https:\/\/amasc.org\/wp-content\/uploads\/img_anciens_projets_1.jpg\"},{\"@type\":\"BreadcrumbList\",\"@id\":\"https:\/\/amasc.org\/activities\/solidarity-projects\/some-old-projects\/#breadcrumb\",\"itemListElement\":[{\"@type\":\"ListItem\",\"position\":1,\"name\":\"Home\",\"item\":\"https:\/\/amasc.org\/\"},{\"@type\":\"ListItem\",\"position\":2,\"name\":\"Activities\",\"item\":\"https:\/\/amasc.org\/activities\/\"},{\"@type\":\"ListItem\",\"position\":3,\"name\":\"Joint projects of solidarity\",\"item\":\"https:\/\/amasc.org\/activities\/solidarity-projects\/\"},{\"@type\":\"ListItem\",\"position\":4,\"name\":\"Old projects\"}]},{\"@type\":\"WebSite\",\"@id\":\"https:\/\/amasc.org\/#website\",\"url\":\"https:\/\/amasc.org\/\",\"name\":\"AMASC\",\"description\":\"\",\"publisher\":{\"@id\":\"https:\/\/amasc.org\/#organization\"},\"potentialAction\":[{\"@type\":\"SearchAction\",\"target\":{\"@type\":\"EntryPoint\",\"urlTemplate\":\"https:\/\/amasc.org\/?s={search_term_string}\"},\"query-input\":{\"@type\":\"PropertyValueSpecification\",\"valueRequired\":true,\"valueName\":\"search_term_string\"}}],\"inLanguage\":\"es\"},{\"@type\":\"Organization\",\"@id\":\"https:\/\/amasc.org\/#organization\",\"name\":\"AMASC\",\"url\":\"https:\/\/amasc.org\/\",\"logo\":{\"@type\":\"ImageObject\",\"inLanguage\":\"es\",\"@id\":\"https:\/\/amasc.org\/#\/schema\/logo\/image\/\",\"url\":\"https:\/\/amasc.org\/wp-content\/uploads\/logo-brand-red.png\",\"contentUrl\":\"https:\/\/amasc.org\/wp-content\/uploads\/logo-brand-red.png\",\"width\":1283,\"height\":1624,\"caption\":\"AMASC\"},\"image\":{\"@id\":\"https:\/\/amasc.org\/#\/schema\/logo\/image\/\"}}]}<\/script>\n<!-- \/ Yoast SEO plugin. -->","yoast_head_json":{"title":"Old projects - AMASC","robots":{"index":"index","follow":"follow","max-snippet":"max-snippet:-1","max-image-preview":"max-image-preview:large","max-video-preview":"max-video-preview:-1"},"canonical":"https:\/\/amasc.org\/es\/activities\/solidarity-projects\/some-old-projects\/","og_locale":"es_ES","og_type":"article","og_title":"Old projects - AMASC","og_description":"Some old projects In 2000, the RSCJ wanted to build a&nbsp;small primary school on Kyamusansala Hill, a rural area of Uganda. After a fundraising in which the AMASC participated, it was born in 2003. Ten years later, 530 little girls are welcomed there who can all access the high school, while the national average for...","og_url":"https:\/\/amasc.org\/es\/activities\/solidarity-projects\/some-old-projects\/","og_site_name":"AMASC","article_modified_time":"2020-11-06T17:14:35+00:00","og_image":[{"url":"https:\/\/amasc.org\/wp-content\/uploads\/img_anciens_projets_1.jpg","type":"","width":"","height":""}],"twitter_card":"summary_large_image","twitter_misc":{"Tiempo de lectura":"1 minuto"},"schema":{"@context":"https:\/\/schema.org","@graph":[{"@type":"WebPage","@id":"https:\/\/amasc.org\/activities\/solidarity-projects\/some-old-projects\/","url":"https:\/\/amasc.org\/activities\/solidarity-projects\/some-old-projects\/","name":"Old projects - AMASC","isPartOf":{"@id":"https:\/\/amasc.org\/#website"},"primaryImageOfPage":{"@id":"https:\/\/amasc.org\/activities\/solidarity-projects\/some-old-projects\/#primaryimage"},"image":{"@id":"https:\/\/amasc.org\/activities\/solidarity-projects\/some-old-projects\/#primaryimage"},"thumbnailUrl":"https:\/\/amasc.org\/wp-content\/uploads\/img_anciens_projets_1.jpg","datePublished":"2020-10-17T18:17:52+00:00","dateModified":"2020-11-06T17:14:35+00:00","breadcrumb":{"@id":"https:\/\/amasc.org\/activities\/solidarity-projects\/some-old-projects\/#breadcrumb"},"inLanguage":"es","potentialAction":[{"@type":"ReadAction","target":["https:\/\/amasc.org\/activities\/solidarity-projects\/some-old-projects\/"]}]},{"@type":"ImageObject","inLanguage":"es","@id":"https:\/\/amasc.org\/activities\/solidarity-projects\/some-old-projects\/#primaryimage","url":"https:\/\/amasc.org\/wp-content\/uploads\/img_anciens_projets_1.jpg","contentUrl":"https:\/\/amasc.org\/wp-content\/uploads\/img_anciens_projets_1.jpg"},{"@type":"BreadcrumbList","@id":"https:\/\/amasc.org\/activities\/solidarity-projects\/some-old-projects\/#breadcrumb","itemListElement":[{"@type":"ListItem","position":1,"name":"Home","item":"https:\/\/amasc.org\/"},{"@type":"ListItem","position":2,"name":"Activities","item":"https:\/\/amasc.org\/activities\/"},{"@type":"ListItem","position":3,"name":"Joint projects of solidarity","item":"https:\/\/amasc.org\/activities\/solidarity-projects\/"},{"@type":"ListItem","position":4,"name":"Old projects"}]},{"@type":"WebSite","@id":"https:\/\/amasc.org\/#website","url":"https:\/\/amasc.org\/","name":"AMASC","description":"","publisher":{"@id":"https:\/\/amasc.org\/#organization"},"potentialAction":[{"@type":"SearchAction","target":{"@type":"EntryPoint","urlTemplate":"https:\/\/amasc.org\/?s={search_term_string}"},"query-input":{"@type":"PropertyValueSpecification","valueRequired":true,"valueName":"search_term_string"}}],"inLanguage":"es"},{"@type":"Organization","@id":"https:\/\/amasc.org\/#organization","name":"AMASC","url":"https:\/\/amasc.org\/","logo":{"@type":"ImageObject","inLanguage":"es","@id":"https:\/\/amasc.org\/#\/schema\/logo\/image\/","url":"https:\/\/amasc.org\/wp-content\/uploads\/logo-brand-red.png","contentUrl":"https:\/\/amasc.org\/wp-content\/uploads\/logo-brand-red.png","width":1283,"height":1624,"caption":"AMASC"},"image":{"@id":"https:\/\/amasc.org\/#\/schema\/logo\/image\/"}}]}},"taxonomy_info":[],"featured_image_src_large":false,"author_info":{"display_name":"AMASC","author_link":"https:\/\/amasc.org\/es\/author\/amasc\/"},"comment_info":0,"_links":{"self":[{"href":"https:\/\/amasc.org\/es\/wp-json\/wp\/v2\/pages\/627","targetHints":{"allow":["GET"]}}],"collection":[{"href":"https:\/\/amasc.org\/es\/wp-json\/wp\/v2\/pages"}],"about":[{"href":"https:\/\/amasc.org\/es\/wp-json\/wp\/v2\/types\/page"}],"author":[{"embeddable":true,"href":"https:\/\/amasc.org\/es\/wp-json\/wp\/v2\/users\/6"}],"replies":[{"embeddable":true,"href":"https:\/\/amasc.org\/es\/wp-json\/wp\/v2\/comments?post=627"}],"version-history":[{"count":0,"href":"https:\/\/amasc.org\/es\/wp-json\/wp\/v2\/pages\/627\/revisions"}],"up":[{"embeddable":true,"href":"https:\/\/amasc.org\/es\/wp-json\/wp\/v2\/pages\/615"}],"wp:attachment":[{"href":"https:\/\/amasc.org\/es\/wp-json\/wp\/v2\/media?parent=627"}],"curies":[{"name":"wp","href":"https:\/\/api.w.org\/{rel}","templated":true}]}}