{"id":653,"date":"2020-10-17T22:09:21","date_gmt":"2020-10-17T20:09:21","guid":{"rendered":"https:\/\/sitewp.amasc-sacrecoeur.net\/?page_id=653"},"modified":"2020-11-06T18:16:12","modified_gmt":"2020-11-06T17:16:12","slug":"volunteering","status":"publish","type":"page","link":"https:\/\/amasc.org\/es\/activities\/young-amasc-2\/volunteering\/","title":{"rendered":"Voluntariado"},"content":{"rendered":"<div class=\"wp-block-columns is-layout-flex wp-container-core-columns-is-layout-9d6595d7 wp-block-columns-is-layout-flex\">\n<div class=\"wp-block-column is-layout-flow wp-block-column-is-layout-flow\" style=\"flex-basis:66.66%\">\n<h2 class=\"wp-block-heading\"><span style=\"color:#b72424\" class=\"has-inline-color\">Voluntariado<\/span><\/h2>\n\n\n\n<p><strong>En todo el mundo, muchas provincias ofrecen a los j\u00f3venes oportunidades de voluntariado \"nacional\".<\/strong>. A menudo abiertos tanto a los escolares como a los j\u00f3venes antiguos alumnos o asociados, revelan otras realidades en su propio pa\u00eds o en pa\u00edses con los que estas Provincias tienen v\u00ednculos privilegiados. Por ejemplo: en Egipto, los alumnos y antiguos alumnos apoyan las cl\u00ednicas rscj del Alto Egipto; en el Congo (RDC), las mujeres mayores crearon talleres de confecci\u00f3n para j\u00f3venes madres solteras. En la Provincia de Jap\u00f3n, los alumnos apoyan rscj de Filipinas y la Provincia de EE.UU. Canad\u00e1, los de Hait\u00ed...<\/p>\n\n\n\n<ul class=\"wp-block-list\"><li><strong>Voluntariado internacional<\/strong>dirigido a j\u00f3venes de entre 18 y 35 a\u00f1os, les ofrece servir durante un periodo de 1 mes a 2 a\u00f1os en una comunidad rscj en un barrio obrero o en un pa\u00eds en v\u00edas de desarrollo. Es necesaria una preparaci\u00f3n previa a la partida, que suele organizarse en la Provincia de Voluntariado. En la Casa Madre, se ha confiado a la Hna. Yuka Arita (JPN), asistente del Ec\u00f3nomo General, la tarea de racionalizar y coordinar todas las posibilidades que se ofrecen en este campo.<br><br><\/li><li>Finalmente, como parte de las festividades por el bicentenario de la llegada de San Filipino Duchesne al Nuevo Mundo se organiz\u00f3 el 15 de septiembre de 2018 una&nbsp;<strong>\" D\u00eda Mundial del Servicio \"<\/strong>. En todo el mundo, rscj, j\u00f3venes escolares y sus padres, antiguos alumnos, asociados fueron invitados a ponerse al servicio de los familiares tras formular la pregunta:&nbsp;<em>'Si Philippine siguiera all\u00ed, en mi lugar, \u00bfd\u00f3nde servir\u00eda? \u00bfqu\u00e9 har\u00eda?'<\/em><\/li><\/ul>\n\n\n\n<p>Muchos grupos se inician en acciones solidarias muy diversas: preparaci\u00f3n de bolsas de almuerzo para los necesitados, limpieza de las orillas de los r\u00edos, visitas a residencias de ancianos, etc. Como escribi\u00f3 uno de los rscj autores de este proyecto:&nbsp;<em>'\u00a1En todo el mundo, ha sido una ola de gracia durante todo el d\u00eda!'<\/em>. Dado este \u00e9xito, no cabe duda de que la experiencia se renovar\u00e1.<\/p>\n\n\n\n<p>Para m\u00e1s informaci\u00f3n, no dude en consultar las p\u00e1ginas web de cada Provincia o de la Sociedad Internacional:&nbsp;<a href=\"https:\/\/www.rscjinternational.org\/\" target=\"_blank\" rel=\"noreferrer noopener\">www.rscjinternational.org<\/a><\/p>\n<\/div>\n\n\n\n<div class=\"wp-block-column is-layout-flow wp-block-column-is-layout-flow\" style=\"flex-basis:33.33%\">\n<div class=\"wp-block-image\"><figure class=\"aligncenter size-large\"><img loading=\"lazy\" decoding=\"async\" width=\"330\" height=\"324\" src=\"https:\/\/amasc.org\/wp-content\/uploads\/activite_volontariat_1.jpg\" alt=\"\" class=\"wp-image-648\" srcset=\"https:\/\/amasc.org\/wp-content\/uploads\/activite_volontariat_1.jpg 330w, https:\/\/amasc.org\/wp-content\/uploads\/activite_volontariat_1-300x295.jpg 300w, https:\/\/amasc.org\/wp-content\/uploads\/activite_volontariat_1-306x300.jpg 306w\" sizes=\"auto, (max-width: 330px) 100vw, 330px\" \/><figcaption><em><em><em>\" En la India \"<\/em><\/em><\/em><\/figcaption><\/figure><\/div>\n\n\n\n<div class=\"wp-block-image\"><figure class=\"aligncenter size-large\"><img loading=\"lazy\" decoding=\"async\" width=\"330\" height=\"320\" src=\"https:\/\/amasc.org\/wp-content\/uploads\/activite_volontariat_2.jpg\" alt=\"\" class=\"wp-image-649\" srcset=\"https:\/\/amasc.org\/wp-content\/uploads\/activite_volontariat_2.jpg 330w, https:\/\/amasc.org\/wp-content\/uploads\/activite_volontariat_2-300x291.jpg 300w, https:\/\/amasc.org\/wp-content\/uploads\/activite_volontariat_2-309x300.jpg 309w\" sizes=\"auto, (max-width: 330px) 100vw, 330px\" \/><figcaption><em><em><em>\" En M\u00e9xico \"<\/em><\/em><\/em><\/figcaption><\/figure><\/div>\n\n\n\n<div class=\"wp-block-image\"><figure class=\"aligncenter size-large\"><img loading=\"lazy\" decoding=\"async\" width=\"330\" height=\"333\" src=\"https:\/\/amasc.org\/wp-content\/uploads\/activite_volontariat_3.jpg\" alt=\"\" class=\"wp-image-650\" srcset=\"https:\/\/amasc.org\/wp-content\/uploads\/activite_volontariat_3.jpg 330w, https:\/\/amasc.org\/wp-content\/uploads\/activite_volontariat_3-297x300.jpg 297w, https:\/\/amasc.org\/wp-content\/uploads\/activite_volontariat_3-150x150.jpg 150w\" sizes=\"auto, (max-width: 330px) 100vw, 330px\" \/><figcaption><em><em><em>\" Una experiencia que transforma \"<\/em><\/em><\/em><\/figcaption><\/figure><\/div>\n<\/div>\n<\/div>","protected":false},"excerpt":{"rendered":"<p>Voluntariado En todo el mundo, muchas Provincias ofrecen a los j\u00f3venes oportunidades de voluntariado \"nacional\". A menudo abiertas tanto a escolares como a j\u00f3venes antiguos alumnos o asociados, revelan otras realidades en su propio pa\u00eds o en pa\u00edses con los que estas Provincias mantienen v\u00ednculos privilegiados. Por ejemplo: en Egipto, alumnos y antiguos alumnos apoyan a las cl\u00ednicas de la rscj en el Alto Egipto,...<\/p>","protected":false},"author":6,"featured_media":0,"parent":641,"menu_order":0,"comment_status":"closed","ping_status":"closed","template":"","meta":{"_acf_changed":false,"_kad_blocks_custom_css":"","_kad_blocks_head_custom_js":"","_kad_blocks_body_custom_js":"","_kad_blocks_footer_custom_js":"","_kad_post_transparent":"","_kad_post_title":"","_kad_post_layout":"","_kad_post_sidebar_id":"","_kad_post_content_style":"","_kad_post_vertical_padding":"","_kad_post_feature":"","_kad_post_feature_position":"","_kad_post_header":false,"_kad_post_footer":false,"_kad_post_classname":"","footnotes":""},"class_list":["post-653","page","type-page","status-publish","hentry"],"acf":[],"yoast_head":"<!-- This site is optimized with the Yoast SEO plugin v26.4 - https:\/\/yoast.com\/wordpress\/plugins\/seo\/ -->\n<title>Volunteering - AMASC<\/title>\n<meta name=\"robots\" content=\"index, follow, max-snippet:-1, max-image-preview:large, max-video-preview:-1\" \/>\n<link rel=\"canonical\" href=\"https:\/\/amasc.org\/es\/activities\/young-amasc-2\/volunteering\/\" \/>\n<meta property=\"og:locale\" content=\"es_ES\" \/>\n<meta property=\"og:type\" content=\"article\" \/>\n<meta property=\"og:title\" content=\"Volunteering - AMASC\" \/>\n<meta property=\"og:description\" content=\"Volunteering All over the world, many Provinces offer young people &#8216;national&#8217; volunteering opportunities. Often open to schoolchildren as well as young alumni or associates, they reveal other realities in their own country or in countries with which these Provinces have privileged links. For example: in Egypt, students and alumni support rscj clinics in Upper Egypt,...\" \/>\n<meta property=\"og:url\" content=\"https:\/\/amasc.org\/es\/activities\/young-amasc-2\/volunteering\/\" \/>\n<meta property=\"og:site_name\" content=\"AMASC\" \/>\n<meta property=\"article:modified_time\" content=\"2020-11-06T17:16:12+00:00\" \/>\n<meta property=\"og:image\" content=\"https:\/\/amasc.org\/wp-content\/uploads\/activite_volontariat_1.jpg\" \/>\n<meta name=\"twitter:card\" content=\"summary_large_image\" \/>\n<meta name=\"twitter:label1\" content=\"Tiempo de lectura\" \/>\n\t<meta name=\"twitter:data1\" content=\"2 minutos\" \/>\n<script type=\"application\/ld+json\" class=\"yoast-schema-graph\">{\"@context\":\"https:\/\/schema.org\",\"@graph\":[{\"@type\":\"WebPage\",\"@id\":\"https:\/\/amasc.org\/activities\/young-amasc-2\/volunteering\/\",\"url\":\"https:\/\/amasc.org\/activities\/young-amasc-2\/volunteering\/\",\"name\":\"Volunteering - AMASC\",\"isPartOf\":{\"@id\":\"https:\/\/amasc.org\/#website\"},\"primaryImageOfPage\":{\"@id\":\"https:\/\/amasc.org\/activities\/young-amasc-2\/volunteering\/#primaryimage\"},\"image\":{\"@id\":\"https:\/\/amasc.org\/activities\/young-amasc-2\/volunteering\/#primaryimage\"},\"thumbnailUrl\":\"https:\/\/amasc.org\/wp-content\/uploads\/activite_volontariat_1.jpg\",\"datePublished\":\"2020-10-17T20:09:21+00:00\",\"dateModified\":\"2020-11-06T17:16:12+00:00\",\"breadcrumb\":{\"@id\":\"https:\/\/amasc.org\/activities\/young-amasc-2\/volunteering\/#breadcrumb\"},\"inLanguage\":\"es\",\"potentialAction\":[{\"@type\":\"ReadAction\",\"target\":[\"https:\/\/amasc.org\/activities\/young-amasc-2\/volunteering\/\"]}]},{\"@type\":\"ImageObject\",\"inLanguage\":\"es\",\"@id\":\"https:\/\/amasc.org\/activities\/young-amasc-2\/volunteering\/#primaryimage\",\"url\":\"https:\/\/amasc.org\/wp-content\/uploads\/activite_volontariat_1.jpg\",\"contentUrl\":\"https:\/\/amasc.org\/wp-content\/uploads\/activite_volontariat_1.jpg\"},{\"@type\":\"BreadcrumbList\",\"@id\":\"https:\/\/amasc.org\/activities\/young-amasc-2\/volunteering\/#breadcrumb\",\"itemListElement\":[{\"@type\":\"ListItem\",\"position\":1,\"name\":\"Home\",\"item\":\"https:\/\/amasc.org\/\"},{\"@type\":\"ListItem\",\"position\":2,\"name\":\"Activities\",\"item\":\"https:\/\/amasc.org\/activities\/\"},{\"@type\":\"ListItem\",\"position\":3,\"name\":\"Young AMASC\",\"item\":\"https:\/\/amasc.org\/activities\/young-amasc-2\/\"},{\"@type\":\"ListItem\",\"position\":4,\"name\":\"Volunteering\"}]},{\"@type\":\"WebSite\",\"@id\":\"https:\/\/amasc.org\/#website\",\"url\":\"https:\/\/amasc.org\/\",\"name\":\"AMASC\",\"description\":\"\",\"publisher\":{\"@id\":\"https:\/\/amasc.org\/#organization\"},\"potentialAction\":[{\"@type\":\"SearchAction\",\"target\":{\"@type\":\"EntryPoint\",\"urlTemplate\":\"https:\/\/amasc.org\/?s={search_term_string}\"},\"query-input\":{\"@type\":\"PropertyValueSpecification\",\"valueRequired\":true,\"valueName\":\"search_term_string\"}}],\"inLanguage\":\"es\"},{\"@type\":\"Organization\",\"@id\":\"https:\/\/amasc.org\/#organization\",\"name\":\"AMASC\",\"url\":\"https:\/\/amasc.org\/\",\"logo\":{\"@type\":\"ImageObject\",\"inLanguage\":\"es\",\"@id\":\"https:\/\/amasc.org\/#\/schema\/logo\/image\/\",\"url\":\"https:\/\/amasc.org\/wp-content\/uploads\/logo-brand-red.png\",\"contentUrl\":\"https:\/\/amasc.org\/wp-content\/uploads\/logo-brand-red.png\",\"width\":1283,\"height\":1624,\"caption\":\"AMASC\"},\"image\":{\"@id\":\"https:\/\/amasc.org\/#\/schema\/logo\/image\/\"}}]}<\/script>\n<!-- \/ Yoast SEO plugin. -->","yoast_head_json":{"title":"Volunteering - AMASC","robots":{"index":"index","follow":"follow","max-snippet":"max-snippet:-1","max-image-preview":"max-image-preview:large","max-video-preview":"max-video-preview:-1"},"canonical":"https:\/\/amasc.org\/es\/activities\/young-amasc-2\/volunteering\/","og_locale":"es_ES","og_type":"article","og_title":"Volunteering - AMASC","og_description":"Volunteering All over the world, many Provinces offer young people &#8216;national&#8217; volunteering opportunities. Often open to schoolchildren as well as young alumni or associates, they reveal other realities in their own country or in countries with which these Provinces have privileged links. For example: in Egypt, students and alumni support rscj clinics in Upper Egypt,...","og_url":"https:\/\/amasc.org\/es\/activities\/young-amasc-2\/volunteering\/","og_site_name":"AMASC","article_modified_time":"2020-11-06T17:16:12+00:00","og_image":[{"url":"https:\/\/amasc.org\/wp-content\/uploads\/activite_volontariat_1.jpg","type":"","width":"","height":""}],"twitter_card":"summary_large_image","twitter_misc":{"Tiempo de lectura":"2 minutos"},"schema":{"@context":"https:\/\/schema.org","@graph":[{"@type":"WebPage","@id":"https:\/\/amasc.org\/activities\/young-amasc-2\/volunteering\/","url":"https:\/\/amasc.org\/activities\/young-amasc-2\/volunteering\/","name":"Volunteering - AMASC","isPartOf":{"@id":"https:\/\/amasc.org\/#website"},"primaryImageOfPage":{"@id":"https:\/\/amasc.org\/activities\/young-amasc-2\/volunteering\/#primaryimage"},"image":{"@id":"https:\/\/amasc.org\/activities\/young-amasc-2\/volunteering\/#primaryimage"},"thumbnailUrl":"https:\/\/amasc.org\/wp-content\/uploads\/activite_volontariat_1.jpg","datePublished":"2020-10-17T20:09:21+00:00","dateModified":"2020-11-06T17:16:12+00:00","breadcrumb":{"@id":"https:\/\/amasc.org\/activities\/young-amasc-2\/volunteering\/#breadcrumb"},"inLanguage":"es","potentialAction":[{"@type":"ReadAction","target":["https:\/\/amasc.org\/activities\/young-amasc-2\/volunteering\/"]}]},{"@type":"ImageObject","inLanguage":"es","@id":"https:\/\/amasc.org\/activities\/young-amasc-2\/volunteering\/#primaryimage","url":"https:\/\/amasc.org\/wp-content\/uploads\/activite_volontariat_1.jpg","contentUrl":"https:\/\/amasc.org\/wp-content\/uploads\/activite_volontariat_1.jpg"},{"@type":"BreadcrumbList","@id":"https:\/\/amasc.org\/activities\/young-amasc-2\/volunteering\/#breadcrumb","itemListElement":[{"@type":"ListItem","position":1,"name":"Home","item":"https:\/\/amasc.org\/"},{"@type":"ListItem","position":2,"name":"Activities","item":"https:\/\/amasc.org\/activities\/"},{"@type":"ListItem","position":3,"name":"Young AMASC","item":"https:\/\/amasc.org\/activities\/young-amasc-2\/"},{"@type":"ListItem","position":4,"name":"Volunteering"}]},{"@type":"WebSite","@id":"https:\/\/amasc.org\/#website","url":"https:\/\/amasc.org\/","name":"AMASC","description":"","publisher":{"@id":"https:\/\/amasc.org\/#organization"},"potentialAction":[{"@type":"SearchAction","target":{"@type":"EntryPoint","urlTemplate":"https:\/\/amasc.org\/?s={search_term_string}"},"query-input":{"@type":"PropertyValueSpecification","valueRequired":true,"valueName":"search_term_string"}}],"inLanguage":"es"},{"@type":"Organization","@id":"https:\/\/amasc.org\/#organization","name":"AMASC","url":"https:\/\/amasc.org\/","logo":{"@type":"ImageObject","inLanguage":"es","@id":"https:\/\/amasc.org\/#\/schema\/logo\/image\/","url":"https:\/\/amasc.org\/wp-content\/uploads\/logo-brand-red.png","contentUrl":"https:\/\/amasc.org\/wp-content\/uploads\/logo-brand-red.png","width":1283,"height":1624,"caption":"AMASC"},"image":{"@id":"https:\/\/amasc.org\/#\/schema\/logo\/image\/"}}]}},"taxonomy_info":[],"featured_image_src_large":false,"author_info":{"display_name":"AMASC","author_link":"https:\/\/amasc.org\/es\/author\/amasc\/"},"comment_info":0,"_links":{"self":[{"href":"https:\/\/amasc.org\/es\/wp-json\/wp\/v2\/pages\/653","targetHints":{"allow":["GET"]}}],"collection":[{"href":"https:\/\/amasc.org\/es\/wp-json\/wp\/v2\/pages"}],"about":[{"href":"https:\/\/amasc.org\/es\/wp-json\/wp\/v2\/types\/page"}],"author":[{"embeddable":true,"href":"https:\/\/amasc.org\/es\/wp-json\/wp\/v2\/users\/6"}],"replies":[{"embeddable":true,"href":"https:\/\/amasc.org\/es\/wp-json\/wp\/v2\/comments?post=653"}],"version-history":[{"count":0,"href":"https:\/\/amasc.org\/es\/wp-json\/wp\/v2\/pages\/653\/revisions"}],"up":[{"embeddable":true,"href":"https:\/\/amasc.org\/es\/wp-json\/wp\/v2\/pages\/641"}],"wp:attachment":[{"href":"https:\/\/amasc.org\/es\/wp-json\/wp\/v2\/media?parent=653"}],"curies":[{"name":"wp","href":"https:\/\/api.w.org\/{rel}","templated":true}]}}