{"id":667,"date":"2020-10-17T22:16:34","date_gmt":"2020-10-17T20:16:34","guid":{"rendered":"https:\/\/sitewp.amasc-sacrecoeur.net\/?page_id=667"},"modified":"2023-09-27T17:25:01","modified_gmt":"2023-09-27T17:25:01","slug":"the-draft-2018-2022","status":"publish","type":"page","link":"https:\/\/amasc.org\/es\/activities\/young-amasc-2\/the-draft-2018-2022\/","title":{"rendered":"2022-2026"},"content":{"rendered":"<div class=\"wp-block-columns is-layout-flex wp-container-core-columns-is-layout-9d6595d7 wp-block-columns-is-layout-flex\">\n<div class=\"wp-block-column is-layout-flow wp-block-column-is-layout-flow\" style=\"flex-basis:66.66%\">\n<h2 class=\"wp-block-heading\">J\u00f3venes AMASC<\/h2>\n\n\n\n<p><\/p>\n\n\n\n<p>Casi todos los presidentes nacionales, cuando se les consulta, est\u00e1n preocupados por la falta de j\u00f3venes en sus asociaciones. Y una de las principales preocupaciones de la nueva oficina es ayudarles a afrontar este reto.<\/p>\n\n\n\n<p>Hay m\u00e1s de 150 colegios del Sagrado Coraz\u00f3n en todo el mundo (v\u00e9ase la pesta\u00f1a \"Socios\"). La gran mayor\u00eda de ellos tiene su propia red de antiguos alumnos, que ofrece, de manera m\u00e1s o menos formal, encuentros de promoci\u00f3n, ayuda para encontrar pr\u00e1cticas u oficios o incluso trabajo voluntario. Estas redes rara vez est\u00e1n asociadas a una asociaci\u00f3n nacional, lo que permitir\u00eda integrar a sus miembros en el AMASC; \u00e9ste podr\u00eda as\u00ed poner en com\u00fan sus ofertas y mejorar la eficacia de su propia red de J\u00f3venes AMASC en beneficio de todos.<\/p>\n\n\n\n<p><strong>Se trabajar\u00e1<\/strong>&nbsp;pour \u00e9valuer la situation actuelle et chercher le moyen de rapprocher l'AMASC des \u00e9coles pour y \u00eatre plus visible et devenir un vrai partenaire avec des propositions motivantes.<\/p>\n\n\n\n<p><\/p>\n\n\n\n<div style=\"height:50px\" aria-hidden=\"true\" class=\"wp-block-spacer\"><\/div>\n<\/div>\n\n\n\n<div class=\"wp-block-column is-layout-flow wp-block-column-is-layout-flow\" style=\"flex-basis:33.33%\"><\/div>\n<\/div>","protected":false},"excerpt":{"rendered":"<p>Young AMASC Almost all national presidents, when consulted, are concerned about the lack or young people in their associations. And it is a major concern of the new office to help them meet this challenge. There are more than 150 Sacred Heart schools around the world (see the &#8216;Partners&#8217; tab). The vast majority of them&#8230;<\/p>","protected":false},"author":6,"featured_media":0,"parent":641,"menu_order":0,"comment_status":"closed","ping_status":"closed","template":"","meta":{"_acf_changed":false,"_kad_blocks_custom_css":"","_kad_blocks_head_custom_js":"","_kad_blocks_body_custom_js":"","_kad_blocks_footer_custom_js":"","_kad_post_transparent":"","_kad_post_title":"","_kad_post_layout":"","_kad_post_sidebar_id":"","_kad_post_content_style":"","_kad_post_vertical_padding":"","_kad_post_feature":"","_kad_post_feature_position":"","_kad_post_header":false,"_kad_post_footer":false,"_kad_post_classname":"","footnotes":""},"class_list":["post-667","page","type-page","status-publish","hentry"],"acf":[],"yoast_head":"<!-- This site is optimized with the Yoast SEO plugin v26.4 - https:\/\/yoast.com\/wordpress\/plugins\/seo\/ -->\n<title>2022-2026 - AMASC<\/title>\n<meta name=\"robots\" content=\"index, follow, max-snippet:-1, max-image-preview:large, max-video-preview:-1\" \/>\n<link rel=\"canonical\" href=\"https:\/\/amasc.org\/es\/activities\/young-amasc-2\/the-draft-2018-2022\/\" \/>\n<meta property=\"og:locale\" content=\"es_ES\" \/>\n<meta property=\"og:type\" content=\"article\" \/>\n<meta property=\"og:title\" content=\"2022-2026 - AMASC\" \/>\n<meta property=\"og:description\" content=\"Young AMASC Almost all national presidents, when consulted, are concerned about the lack or young people in their associations. And it is a major concern of the new office to help them meet this challenge. There are more than 150 Sacred Heart schools around the world (see the &#8216;Partners&#8217; tab). The vast majority of them...\" \/>\n<meta property=\"og:url\" content=\"https:\/\/amasc.org\/es\/activities\/young-amasc-2\/the-draft-2018-2022\/\" \/>\n<meta property=\"og:site_name\" content=\"AMASC\" \/>\n<meta property=\"article:modified_time\" content=\"2023-09-27T17:25:01+00:00\" \/>\n<meta name=\"twitter:card\" content=\"summary_large_image\" \/>\n<meta name=\"twitter:label1\" content=\"Tiempo de lectura\" \/>\n\t<meta name=\"twitter:data1\" content=\"1 minuto\" \/>\n<script type=\"application\/ld+json\" class=\"yoast-schema-graph\">{\"@context\":\"https:\/\/schema.org\",\"@graph\":[{\"@type\":\"WebPage\",\"@id\":\"https:\/\/amasc.org\/activities\/young-amasc-2\/the-draft-2018-2022\/\",\"url\":\"https:\/\/amasc.org\/activities\/young-amasc-2\/the-draft-2018-2022\/\",\"name\":\"2022-2026 - AMASC\",\"isPartOf\":{\"@id\":\"https:\/\/amasc.org\/#website\"},\"datePublished\":\"2020-10-17T20:16:34+00:00\",\"dateModified\":\"2023-09-27T17:25:01+00:00\",\"breadcrumb\":{\"@id\":\"https:\/\/amasc.org\/activities\/young-amasc-2\/the-draft-2018-2022\/#breadcrumb\"},\"inLanguage\":\"es\",\"potentialAction\":[{\"@type\":\"ReadAction\",\"target\":[\"https:\/\/amasc.org\/activities\/young-amasc-2\/the-draft-2018-2022\/\"]}]},{\"@type\":\"BreadcrumbList\",\"@id\":\"https:\/\/amasc.org\/activities\/young-amasc-2\/the-draft-2018-2022\/#breadcrumb\",\"itemListElement\":[{\"@type\":\"ListItem\",\"position\":1,\"name\":\"Home\",\"item\":\"https:\/\/amasc.org\/\"},{\"@type\":\"ListItem\",\"position\":2,\"name\":\"Activities\",\"item\":\"https:\/\/amasc.org\/activities\/\"},{\"@type\":\"ListItem\",\"position\":3,\"name\":\"Young AMASC\",\"item\":\"https:\/\/amasc.org\/activities\/young-amasc-2\/\"},{\"@type\":\"ListItem\",\"position\":4,\"name\":\"2022-2026\"}]},{\"@type\":\"WebSite\",\"@id\":\"https:\/\/amasc.org\/#website\",\"url\":\"https:\/\/amasc.org\/\",\"name\":\"AMASC\",\"description\":\"\",\"publisher\":{\"@id\":\"https:\/\/amasc.org\/#organization\"},\"potentialAction\":[{\"@type\":\"SearchAction\",\"target\":{\"@type\":\"EntryPoint\",\"urlTemplate\":\"https:\/\/amasc.org\/?s={search_term_string}\"},\"query-input\":{\"@type\":\"PropertyValueSpecification\",\"valueRequired\":true,\"valueName\":\"search_term_string\"}}],\"inLanguage\":\"es\"},{\"@type\":\"Organization\",\"@id\":\"https:\/\/amasc.org\/#organization\",\"name\":\"AMASC\",\"url\":\"https:\/\/amasc.org\/\",\"logo\":{\"@type\":\"ImageObject\",\"inLanguage\":\"es\",\"@id\":\"https:\/\/amasc.org\/#\/schema\/logo\/image\/\",\"url\":\"https:\/\/amasc.org\/wp-content\/uploads\/logo-brand-red.png\",\"contentUrl\":\"https:\/\/amasc.org\/wp-content\/uploads\/logo-brand-red.png\",\"width\":1283,\"height\":1624,\"caption\":\"AMASC\"},\"image\":{\"@id\":\"https:\/\/amasc.org\/#\/schema\/logo\/image\/\"}}]}<\/script>\n<!-- \/ Yoast SEO plugin. -->","yoast_head_json":{"title":"2022-2026 - AMASC","robots":{"index":"index","follow":"follow","max-snippet":"max-snippet:-1","max-image-preview":"max-image-preview:large","max-video-preview":"max-video-preview:-1"},"canonical":"https:\/\/amasc.org\/es\/activities\/young-amasc-2\/the-draft-2018-2022\/","og_locale":"es_ES","og_type":"article","og_title":"2022-2026 - AMASC","og_description":"Young AMASC Almost all national presidents, when consulted, are concerned about the lack or young people in their associations. And it is a major concern of the new office to help them meet this challenge. There are more than 150 Sacred Heart schools around the world (see the &#8216;Partners&#8217; tab). The vast majority of them...","og_url":"https:\/\/amasc.org\/es\/activities\/young-amasc-2\/the-draft-2018-2022\/","og_site_name":"AMASC","article_modified_time":"2023-09-27T17:25:01+00:00","twitter_card":"summary_large_image","twitter_misc":{"Tiempo de lectura":"1 minuto"},"schema":{"@context":"https:\/\/schema.org","@graph":[{"@type":"WebPage","@id":"https:\/\/amasc.org\/activities\/young-amasc-2\/the-draft-2018-2022\/","url":"https:\/\/amasc.org\/activities\/young-amasc-2\/the-draft-2018-2022\/","name":"2022-2026 - AMASC","isPartOf":{"@id":"https:\/\/amasc.org\/#website"},"datePublished":"2020-10-17T20:16:34+00:00","dateModified":"2023-09-27T17:25:01+00:00","breadcrumb":{"@id":"https:\/\/amasc.org\/activities\/young-amasc-2\/the-draft-2018-2022\/#breadcrumb"},"inLanguage":"es","potentialAction":[{"@type":"ReadAction","target":["https:\/\/amasc.org\/activities\/young-amasc-2\/the-draft-2018-2022\/"]}]},{"@type":"BreadcrumbList","@id":"https:\/\/amasc.org\/activities\/young-amasc-2\/the-draft-2018-2022\/#breadcrumb","itemListElement":[{"@type":"ListItem","position":1,"name":"Home","item":"https:\/\/amasc.org\/"},{"@type":"ListItem","position":2,"name":"Activities","item":"https:\/\/amasc.org\/activities\/"},{"@type":"ListItem","position":3,"name":"Young AMASC","item":"https:\/\/amasc.org\/activities\/young-amasc-2\/"},{"@type":"ListItem","position":4,"name":"2022-2026"}]},{"@type":"WebSite","@id":"https:\/\/amasc.org\/#website","url":"https:\/\/amasc.org\/","name":"AMASC","description":"","publisher":{"@id":"https:\/\/amasc.org\/#organization"},"potentialAction":[{"@type":"SearchAction","target":{"@type":"EntryPoint","urlTemplate":"https:\/\/amasc.org\/?s={search_term_string}"},"query-input":{"@type":"PropertyValueSpecification","valueRequired":true,"valueName":"search_term_string"}}],"inLanguage":"es"},{"@type":"Organization","@id":"https:\/\/amasc.org\/#organization","name":"AMASC","url":"https:\/\/amasc.org\/","logo":{"@type":"ImageObject","inLanguage":"es","@id":"https:\/\/amasc.org\/#\/schema\/logo\/image\/","url":"https:\/\/amasc.org\/wp-content\/uploads\/logo-brand-red.png","contentUrl":"https:\/\/amasc.org\/wp-content\/uploads\/logo-brand-red.png","width":1283,"height":1624,"caption":"AMASC"},"image":{"@id":"https:\/\/amasc.org\/#\/schema\/logo\/image\/"}}]}},"taxonomy_info":[],"featured_image_src_large":false,"author_info":{"display_name":"AMASC","author_link":"https:\/\/amasc.org\/es\/author\/amasc\/"},"comment_info":0,"_links":{"self":[{"href":"https:\/\/amasc.org\/es\/wp-json\/wp\/v2\/pages\/667","targetHints":{"allow":["GET"]}}],"collection":[{"href":"https:\/\/amasc.org\/es\/wp-json\/wp\/v2\/pages"}],"about":[{"href":"https:\/\/amasc.org\/es\/wp-json\/wp\/v2\/types\/page"}],"author":[{"embeddable":true,"href":"https:\/\/amasc.org\/es\/wp-json\/wp\/v2\/users\/6"}],"replies":[{"embeddable":true,"href":"https:\/\/amasc.org\/es\/wp-json\/wp\/v2\/comments?post=667"}],"version-history":[{"count":0,"href":"https:\/\/amasc.org\/es\/wp-json\/wp\/v2\/pages\/667\/revisions"}],"up":[{"embeddable":true,"href":"https:\/\/amasc.org\/es\/wp-json\/wp\/v2\/pages\/641"}],"wp:attachment":[{"href":"https:\/\/amasc.org\/es\/wp-json\/wp\/v2\/media?parent=667"}],"curies":[{"name":"wp","href":"https:\/\/api.w.org\/{rel}","templated":true}]}}