{"id":689,"date":"2020-10-17T22:51:09","date_gmt":"2020-10-17T20:51:09","guid":{"rendered":"https:\/\/sitewp.amasc-sacrecoeur.net\/?page_id=689"},"modified":"2020-11-06T18:20:40","modified_gmt":"2020-11-06T17:20:40","slug":"its-history","status":"publish","type":"page","link":"https:\/\/amasc.org\/es\/its-history\/","title":{"rendered":"Historia"},"content":{"rendered":"<div class=\"wp-block-columns is-layout-flex wp-container-core-columns-is-layout-9d6595d7 wp-block-columns-is-layout-flex\">\n<div class=\"wp-block-column is-layout-flow wp-block-column-is-layout-flow\" style=\"flex-basis:66.66%\">\n<h2 class=\"wp-block-heading\"><span style=\"color:#b72424\" class=\"has-inline-color\">Su historia<\/span><\/h2>\n\n\n\n<p><strong>Desde el principio, a Santa Magdalena Sof\u00eda Barat le pareci\u00f3 que la funci\u00f3n educativa de las monjas no deb\u00eda detenerse<\/strong>&nbsp;en las \u00faltimas clases, sino que contin\u00faan con reuniones, ayuda moral, incluso material. Casi todas las casas ten\u00edan su asociaci\u00f3n de antiguos o una \"Congregaci\u00f3n de Se\u00f1oras Hijas de Mar\u00eda\", que a veces acog\u00eda junto a antiguos internos a personas que no hab\u00edan sido alumnos del Sagrado Coraz\u00f3n (1).<\/p>\n\n\n\n<p>A finales de los a\u00f1os 50, en muchos pa\u00edses, como Holanda, los antiguos alumnos empezaron a organizarse a escala nacional.<\/p>\n\n\n\n<p>En 1958, por iniciativa de la Presidenta de los Pa\u00edses Bajos, Maria van Mierlo, tambi\u00e9n miembro del Consejo de Europa y convencida de la fuerza de una asociaci\u00f3n internacional, se celebr\u00f3 en Bruselas una primera reuni\u00f3n de los Presidentes nacionales de Europa con motivo de la Exposici\u00f3n Universal.<\/p>\n\n\n\n<p>En 1960, por consejo de la Superiora General, Madre Sabine de Valon, que percibi\u00f3 la importancia que los antiguos alumnos pod\u00edan tener para la difusi\u00f3n de la espiritualidad del Sagrado Coraz\u00f3n, se celebr\u00f3 en Trinidad y Tobago un \"encuentro mundial\". Roma, al que esta vez fueron invitados todos los antiguos alumnos del mundo entero.<\/p>\n\n\n\n<p>En mayo de 1965 se volver\u00eda a celebrar un tercer Congreso Internacional en Bruselas, con motivo del centenario de la muerte del fundador del Sagrado Coraz\u00f3n, durante el cual se ratific\u00f3 la idea de formar una asociaci\u00f3n mundial, dirigida por la baronesa Copp\u00e9e.<\/p>\n\n\n\n<p>Los estatutos de la nueva asociaci\u00f3n mundial se firmaron y depositaron oficialmente un a\u00f1o despu\u00e9s, el 24 de mayo de 1966, en la Trinita dei Monti de Roma. Hab\u00eda nacido la AMASC, que iba a permitir conectar a decenas de miles de antiguos alumnos de todo el mundo.<\/p>\n\n\n\n<p>Al d\u00eda siguiente de su creaci\u00f3n, el 25 de mayo de 1966, la AMASC solicit\u00f3 ser miembro de la UMOFC (Uni\u00f3n Mundial de Organizaciones Femeninas Cat\u00f3licas \/ World Union of Catholic Women's Organizations), una organizaci\u00f3n de mujeres cat\u00f3licas presente en m\u00e1s de 66 pa\u00edses que tiene como objetivo promover la presencia, la participaci\u00f3n de las mujeres cat\u00f3licas en la sociedad y en la Iglesia, para permitirles cumplir su misi\u00f3n de evangelizaci\u00f3n y trabajar por el desarrollo humano.<\/p>\n\n\n\n<p>En 1970, en su III Congreso Mundial celebrado en Madrid, se decidi\u00f3 que la AMASC se uniera a la OMAEC (Organizaci\u00f3n Mundial de Antiguos Alumnos de Estudiantes Cat\u00f3licos), fundada en 1967, a la que la AMASC sigue perteneciendo.<\/p>\n\n\n\n<p>(1) La Soci\u00e9t\u00e9 du Sacr\u00e9-C\u0153ur dans le monde de son temps, Sor Monique Luirard, p.140 et s<\/p>\n\n\n\n<div style=\"height:50px\" aria-hidden=\"true\" class=\"wp-block-spacer\"><\/div>\n<\/div>\n\n\n\n<div class=\"wp-block-column is-layout-flow wp-block-column-is-layout-flow\" style=\"flex-basis:33.33%\">\n<div class=\"wp-block-image\"><figure class=\"aligncenter size-large\"><img loading=\"lazy\" decoding=\"async\" width=\"250\" height=\"302\" src=\"https:\/\/amasc.org\/wp-content\/uploads\/Portrait_Sophie_Barat.jpg\" alt=\"\" class=\"wp-image-685\" srcset=\"https:\/\/amasc.org\/wp-content\/uploads\/Portrait_Sophie_Barat.jpg 250w, https:\/\/amasc.org\/wp-content\/uploads\/Portrait_Sophie_Barat-248x300.jpg 248w\" sizes=\"auto, (max-width: 250px) 100vw, 250px\" \/><figcaption><em><em>La joven Sophie Barat<\/em><\/em><\/figcaption><\/figure><\/div>\n\n\n\n<div class=\"wp-block-image\"><figure class=\"aligncenter size-large\"><img loading=\"lazy\" decoding=\"async\" width=\"114\" height=\"150\" src=\"https:\/\/amasc.org\/wp-content\/uploads\/Mere_Sabine_Valon.jpg\" alt=\"\" class=\"wp-image-686\"\/><figcaption><em><em>Madre Sabine de Valon<\/em><\/em><\/figcaption><\/figure><\/div>\n\n\n\n<div class=\"wp-block-image\"><figure class=\"aligncenter size-large\"><img loading=\"lazy\" decoding=\"async\" width=\"250\" height=\"142\" src=\"https:\/\/amasc.org\/wp-content\/uploads\/eleves_debut_siecle_dernier.jpg\" alt=\"\" class=\"wp-image-687\"\/><figcaption><em><em>La escuela primaria en el siglo XX<\/em><\/em><\/figcaption><\/figure><\/div>\n<\/div>\n<\/div>","protected":false},"excerpt":{"rendered":"<p>Su historia Desde el principio, a Santa Magdalena Sof\u00eda Barat le pareci\u00f3 que la funci\u00f3n educativa de las monjas no deb\u00eda detenerse en las clases finales, sino continuar con encuentros, ayuda moral, incluso material. Casi todas las casas ten\u00edan su asociaci\u00f3n de antiguas o una \"Congregaci\u00f3n de Se\u00f1oras Hijas de Mar\u00eda\", que a veces acog\u00eda a personas que...<\/p>","protected":false},"author":6,"featured_media":0,"parent":0,"menu_order":0,"comment_status":"closed","ping_status":"closed","template":"","meta":{"_acf_changed":false,"_kad_blocks_custom_css":"","_kad_blocks_head_custom_js":"","_kad_blocks_body_custom_js":"","_kad_blocks_footer_custom_js":"","_kad_post_transparent":"","_kad_post_title":"","_kad_post_layout":"","_kad_post_sidebar_id":"","_kad_post_content_style":"","_kad_post_vertical_padding":"","_kad_post_feature":"","_kad_post_feature_position":"","_kad_post_header":false,"_kad_post_footer":false,"_kad_post_classname":"","footnotes":""},"class_list":["post-689","page","type-page","status-publish","hentry"],"acf":[],"yoast_head":"<!-- This site is optimized with the Yoast SEO plugin v26.4 - https:\/\/yoast.com\/wordpress\/plugins\/seo\/ -->\n<title>History - AMASC<\/title>\n<meta name=\"robots\" content=\"index, follow, max-snippet:-1, max-image-preview:large, max-video-preview:-1\" \/>\n<link rel=\"canonical\" href=\"https:\/\/amasc.org\/es\/its-history\/\" \/>\n<meta property=\"og:locale\" content=\"es_ES\" \/>\n<meta property=\"og:type\" content=\"article\" \/>\n<meta property=\"og:title\" content=\"History - AMASC\" \/>\n<meta property=\"og:description\" content=\"Its history From the beginning, it appeared to Saint Madeleine Sophie Barat, that the educational role of the nuns should not stop&nbsp;at the final classes but continue with meetings, help moral, even material. Almost all the houses had their association of old or a &#8220;Congregation of Ladies Children of Mary&#8221;, which sometimes accommodated people who...\" \/>\n<meta property=\"og:url\" content=\"https:\/\/amasc.org\/es\/its-history\/\" \/>\n<meta property=\"og:site_name\" content=\"AMASC\" \/>\n<meta property=\"article:modified_time\" content=\"2020-11-06T17:20:40+00:00\" \/>\n<meta property=\"og:image\" content=\"https:\/\/amasc.org\/wp-content\/uploads\/Portrait_Sophie_Barat.jpg\" \/>\n<meta name=\"twitter:card\" content=\"summary_large_image\" \/>\n<meta name=\"twitter:label1\" content=\"Tiempo de lectura\" \/>\n\t<meta name=\"twitter:data1\" content=\"2 minutos\" \/>\n<script type=\"application\/ld+json\" class=\"yoast-schema-graph\">{\"@context\":\"https:\/\/schema.org\",\"@graph\":[{\"@type\":\"WebPage\",\"@id\":\"https:\/\/amasc.org\/its-history\/\",\"url\":\"https:\/\/amasc.org\/its-history\/\",\"name\":\"History - AMASC\",\"isPartOf\":{\"@id\":\"https:\/\/amasc.org\/#website\"},\"primaryImageOfPage\":{\"@id\":\"https:\/\/amasc.org\/its-history\/#primaryimage\"},\"image\":{\"@id\":\"https:\/\/amasc.org\/its-history\/#primaryimage\"},\"thumbnailUrl\":\"https:\/\/amasc.org\/wp-content\/uploads\/Portrait_Sophie_Barat.jpg\",\"datePublished\":\"2020-10-17T20:51:09+00:00\",\"dateModified\":\"2020-11-06T17:20:40+00:00\",\"breadcrumb\":{\"@id\":\"https:\/\/amasc.org\/its-history\/#breadcrumb\"},\"inLanguage\":\"es\",\"potentialAction\":[{\"@type\":\"ReadAction\",\"target\":[\"https:\/\/amasc.org\/its-history\/\"]}]},{\"@type\":\"ImageObject\",\"inLanguage\":\"es\",\"@id\":\"https:\/\/amasc.org\/its-history\/#primaryimage\",\"url\":\"https:\/\/amasc.org\/wp-content\/uploads\/Portrait_Sophie_Barat.jpg\",\"contentUrl\":\"https:\/\/amasc.org\/wp-content\/uploads\/Portrait_Sophie_Barat.jpg\"},{\"@type\":\"BreadcrumbList\",\"@id\":\"https:\/\/amasc.org\/its-history\/#breadcrumb\",\"itemListElement\":[{\"@type\":\"ListItem\",\"position\":1,\"name\":\"Home\",\"item\":\"https:\/\/amasc.org\/\"},{\"@type\":\"ListItem\",\"position\":2,\"name\":\"History\"}]},{\"@type\":\"WebSite\",\"@id\":\"https:\/\/amasc.org\/#website\",\"url\":\"https:\/\/amasc.org\/\",\"name\":\"AMASC\",\"description\":\"\",\"publisher\":{\"@id\":\"https:\/\/amasc.org\/#organization\"},\"potentialAction\":[{\"@type\":\"SearchAction\",\"target\":{\"@type\":\"EntryPoint\",\"urlTemplate\":\"https:\/\/amasc.org\/?s={search_term_string}\"},\"query-input\":{\"@type\":\"PropertyValueSpecification\",\"valueRequired\":true,\"valueName\":\"search_term_string\"}}],\"inLanguage\":\"es\"},{\"@type\":\"Organization\",\"@id\":\"https:\/\/amasc.org\/#organization\",\"name\":\"AMASC\",\"url\":\"https:\/\/amasc.org\/\",\"logo\":{\"@type\":\"ImageObject\",\"inLanguage\":\"es\",\"@id\":\"https:\/\/amasc.org\/#\/schema\/logo\/image\/\",\"url\":\"https:\/\/amasc.org\/wp-content\/uploads\/logo-brand-red.png\",\"contentUrl\":\"https:\/\/amasc.org\/wp-content\/uploads\/logo-brand-red.png\",\"width\":1283,\"height\":1624,\"caption\":\"AMASC\"},\"image\":{\"@id\":\"https:\/\/amasc.org\/#\/schema\/logo\/image\/\"}}]}<\/script>\n<!-- \/ Yoast SEO plugin. -->","yoast_head_json":{"title":"History - AMASC","robots":{"index":"index","follow":"follow","max-snippet":"max-snippet:-1","max-image-preview":"max-image-preview:large","max-video-preview":"max-video-preview:-1"},"canonical":"https:\/\/amasc.org\/es\/its-history\/","og_locale":"es_ES","og_type":"article","og_title":"History - AMASC","og_description":"Its history From the beginning, it appeared to Saint Madeleine Sophie Barat, that the educational role of the nuns should not stop&nbsp;at the final classes but continue with meetings, help moral, even material. Almost all the houses had their association of old or a &#8220;Congregation of Ladies Children of Mary&#8221;, which sometimes accommodated people who...","og_url":"https:\/\/amasc.org\/es\/its-history\/","og_site_name":"AMASC","article_modified_time":"2020-11-06T17:20:40+00:00","og_image":[{"url":"https:\/\/amasc.org\/wp-content\/uploads\/Portrait_Sophie_Barat.jpg","type":"","width":"","height":""}],"twitter_card":"summary_large_image","twitter_misc":{"Tiempo de lectura":"2 minutos"},"schema":{"@context":"https:\/\/schema.org","@graph":[{"@type":"WebPage","@id":"https:\/\/amasc.org\/its-history\/","url":"https:\/\/amasc.org\/its-history\/","name":"History - AMASC","isPartOf":{"@id":"https:\/\/amasc.org\/#website"},"primaryImageOfPage":{"@id":"https:\/\/amasc.org\/its-history\/#primaryimage"},"image":{"@id":"https:\/\/amasc.org\/its-history\/#primaryimage"},"thumbnailUrl":"https:\/\/amasc.org\/wp-content\/uploads\/Portrait_Sophie_Barat.jpg","datePublished":"2020-10-17T20:51:09+00:00","dateModified":"2020-11-06T17:20:40+00:00","breadcrumb":{"@id":"https:\/\/amasc.org\/its-history\/#breadcrumb"},"inLanguage":"es","potentialAction":[{"@type":"ReadAction","target":["https:\/\/amasc.org\/its-history\/"]}]},{"@type":"ImageObject","inLanguage":"es","@id":"https:\/\/amasc.org\/its-history\/#primaryimage","url":"https:\/\/amasc.org\/wp-content\/uploads\/Portrait_Sophie_Barat.jpg","contentUrl":"https:\/\/amasc.org\/wp-content\/uploads\/Portrait_Sophie_Barat.jpg"},{"@type":"BreadcrumbList","@id":"https:\/\/amasc.org\/its-history\/#breadcrumb","itemListElement":[{"@type":"ListItem","position":1,"name":"Home","item":"https:\/\/amasc.org\/"},{"@type":"ListItem","position":2,"name":"History"}]},{"@type":"WebSite","@id":"https:\/\/amasc.org\/#website","url":"https:\/\/amasc.org\/","name":"AMASC","description":"","publisher":{"@id":"https:\/\/amasc.org\/#organization"},"potentialAction":[{"@type":"SearchAction","target":{"@type":"EntryPoint","urlTemplate":"https:\/\/amasc.org\/?s={search_term_string}"},"query-input":{"@type":"PropertyValueSpecification","valueRequired":true,"valueName":"search_term_string"}}],"inLanguage":"es"},{"@type":"Organization","@id":"https:\/\/amasc.org\/#organization","name":"AMASC","url":"https:\/\/amasc.org\/","logo":{"@type":"ImageObject","inLanguage":"es","@id":"https:\/\/amasc.org\/#\/schema\/logo\/image\/","url":"https:\/\/amasc.org\/wp-content\/uploads\/logo-brand-red.png","contentUrl":"https:\/\/amasc.org\/wp-content\/uploads\/logo-brand-red.png","width":1283,"height":1624,"caption":"AMASC"},"image":{"@id":"https:\/\/amasc.org\/#\/schema\/logo\/image\/"}}]}},"taxonomy_info":[],"featured_image_src_large":false,"author_info":{"display_name":"AMASC","author_link":"https:\/\/amasc.org\/es\/author\/amasc\/"},"comment_info":0,"_links":{"self":[{"href":"https:\/\/amasc.org\/es\/wp-json\/wp\/v2\/pages\/689","targetHints":{"allow":["GET"]}}],"collection":[{"href":"https:\/\/amasc.org\/es\/wp-json\/wp\/v2\/pages"}],"about":[{"href":"https:\/\/amasc.org\/es\/wp-json\/wp\/v2\/types\/page"}],"author":[{"embeddable":true,"href":"https:\/\/amasc.org\/es\/wp-json\/wp\/v2\/users\/6"}],"replies":[{"embeddable":true,"href":"https:\/\/amasc.org\/es\/wp-json\/wp\/v2\/comments?post=689"}],"version-history":[{"count":0,"href":"https:\/\/amasc.org\/es\/wp-json\/wp\/v2\/pages\/689\/revisions"}],"wp:attachment":[{"href":"https:\/\/amasc.org\/es\/wp-json\/wp\/v2\/media?parent=689"}],"curies":[{"name":"wp","href":"https:\/\/api.w.org\/{rel}","templated":true}]}}