{"id":735,"date":"2020-10-18T13:18:12","date_gmt":"2020-10-18T11:18:12","guid":{"rendered":"https:\/\/sitewp.amasc-sacrecoeur.net\/?page_id=735"},"modified":"2025-03-24T12:43:41","modified_gmt":"2025-03-24T16:43:41","slug":"cv-from-jacqueline-de-montjoye","status":"publish","type":"page","link":"https:\/\/amasc.org\/es\/what-is-amasc\/board-of-directors\/cv-from-jacqueline-de-montjoye\/","title":{"rendered":"Jacqueline de Montjoye"},"content":{"rendered":"<div class=\"wp-block-columns is-layout-flex wp-container-core-columns-is-layout-9d6595d7 wp-block-columns-is-layout-flex\">\n<div class=\"wp-block-column is-layout-flow wp-block-column-is-layout-flow\" style=\"flex-basis:66.66%\">\n<h2 class=\"wp-block-heading\"><span style=\"color:#b72424\" class=\"has-inline-color\">CV de Jacqueline de Montjoye<\/span><\/h2>\n\n\n\n<h6 class=\"wp-block-heading\"><span class=\"has-inline-color has-vivid-cyan-blue-color\">vpsdt@amasc-sacrecoeur.net<\/span><\/h6>\n\n\n\n<p><strong>Datos personales<\/strong><\/p>\n\n\n\n<ul class=\"wp-block-list\">\n<li>Residente en Amberes <\/li>\n\n\n\n<li>Alumna del Sagrado Coraz\u00f3n de Amberes (durante toda su escolaridad)<\/li>\n\n\n\n<li>Casada; madre de dos antiguos alumnos de los colegios del Sagrado Coraz\u00f3n (Antwerp, Lindthout, Rosales).<\/li>\n\n\n\n<li>Abuela de tres hijos, dos de los cuales asisten a la escuela del Sagrado Coraz\u00f3n de Lindthout.<\/li>\n\n\n\n<li>Hija de una antigua alumna del Sagrado Coraz\u00f3n de Amberes<\/li>\n\n\n\n<li>De 1959 a 1976, miembro de las Gu\u00edas Cat\u00f3licas de B\u00e9lgica (GCB) como gu\u00eda, asistente, animador diplomado y acompa\u00f1ante en campamentos.<\/li>\n\n\n\n<li>Graduada en secretariado m\u00e9dico con sobresaliente<\/li>\n\n\n\n<li>Bachillerato con sobresaliente<\/li>\n\n\n\n<li>Tras dedicarse a la educaci\u00f3n hasta 1985, fue voluntaria en \u00c1frica hasta 1992<\/li>\n\n\n\n<li>Administrador de la empresa familiar United Brokers<\/li>\n\n\n\n<li>Idiomas hablados: Franc\u00e9s, neerland\u00e9s, ingl\u00e9s<\/li>\n<\/ul>\n\n\n\n<p><strong>Principales compromisos para el Sagrado Coraz\u00f3n<\/strong><\/p>\n\n\n\n<ul class=\"wp-block-list\">\n<li>Miembro de la ANASC desde 1971<\/li>\n\n\n\n<li>Miembro del Bureau de l'Amicale de Amberes, 1992-2015<\/li>\n\n\n\n<li>Vicepresidente de la ANASC, 1996-2006; particip\u00f3 activamente en el Congreso de la AMASC celebrado en Bruselas en 2000.<\/li>\n\n\n\n<li>Miembro de la organizaci\u00f3n del Sagrado Coraz\u00f3n de Lindthout, 2004 hasta la actualidad<\/li>\n\n\n\n<li>Presidente de la ANASC, de 2006 a la actualidad<\/li>\n\n\n\n<li>Director de la publicaci\u00f3n trimestral <em>Familia<\/em>desde 2006<\/li>\n\n\n\n<li>Desde 2010, miembro del Consejo de Administraci\u00f3n de AMASC<\/li>\n\n\n\n<li>Organizador del 175 aniversario del Sagrado Coraz\u00f3n de Jette (2011)<\/li>\n\n\n\n<li>Administrador, Sagrado Coraz\u00f3n de Lindthout, desde 2013.<\/li>\n<\/ul>\n\n\n\n<div style=\"height:50px\" aria-hidden=\"true\" class=\"wp-block-spacer\"><\/div>\n<\/div>\n\n\n\n<div class=\"wp-block-column is-layout-flow wp-block-column-is-layout-flow\" style=\"flex-basis:33.33%\"><div class=\"wp-block-image\">\n<figure class=\"aligncenter size-large is-resized\"><img loading=\"lazy\" decoding=\"async\" width=\"150\" height=\"218\" src=\"https:\/\/amasc.org\/wp-content\/uploads\/Jacqueline_de_Montjoye.jpg\" alt=\"\" class=\"wp-image-116\" style=\"width:255px;height:371px\"\/><\/figure>\n<\/div><\/div>\n<\/div>","protected":false},"excerpt":{"rendered":"<p>CV of Jacqueline de Montjoye vpsdt@amasc-sacrecoeur.net Personal data Main commitments for the Sacred Heart<\/p>","protected":false},"author":6,"featured_media":0,"parent":169,"menu_order":0,"comment_status":"closed","ping_status":"closed","template":"","meta":{"_acf_changed":false,"_kad_blocks_custom_css":"","_kad_blocks_head_custom_js":"","_kad_blocks_body_custom_js":"","_kad_blocks_footer_custom_js":"","_kad_post_transparent":"","_kad_post_title":"","_kad_post_layout":"","_kad_post_sidebar_id":"","_kad_post_content_style":"","_kad_post_vertical_padding":"","_kad_post_feature":"","_kad_post_feature_position":"","_kad_post_header":false,"_kad_post_footer":false,"_kad_post_classname":"","footnotes":""},"class_list":["post-735","page","type-page","status-publish","hentry"],"acf":[],"yoast_head":"<!-- This site is optimized with the Yoast SEO plugin v26.4 - https:\/\/yoast.com\/wordpress\/plugins\/seo\/ -->\n<title>Jacqueline de Montjoye - AMASC<\/title>\n<meta name=\"robots\" content=\"index, follow, max-snippet:-1, max-image-preview:large, max-video-preview:-1\" \/>\n<link rel=\"canonical\" href=\"https:\/\/amasc.org\/es\/what-is-amasc\/board-of-directors\/cv-from-jacqueline-de-montjoye\/\" \/>\n<meta property=\"og:locale\" content=\"es_ES\" \/>\n<meta property=\"og:type\" content=\"article\" \/>\n<meta property=\"og:title\" content=\"Jacqueline de Montjoye - AMASC\" \/>\n<meta property=\"og:description\" content=\"CV of Jacqueline de Montjoye vpsdt@amasc-sacrecoeur.net Personal data Main commitments for the Sacred Heart\" \/>\n<meta property=\"og:url\" content=\"https:\/\/amasc.org\/es\/what-is-amasc\/board-of-directors\/cv-from-jacqueline-de-montjoye\/\" \/>\n<meta property=\"og:site_name\" content=\"AMASC\" \/>\n<meta property=\"article:modified_time\" content=\"2025-03-24T16:43:41+00:00\" \/>\n<meta property=\"og:image\" content=\"https:\/\/amasc.org\/wp-content\/uploads\/Jacqueline_de_Montjoye.jpg\" \/>\n\t<meta property=\"og:image:width\" content=\"150\" \/>\n\t<meta property=\"og:image:height\" content=\"218\" \/>\n\t<meta property=\"og:image:type\" content=\"image\/jpeg\" \/>\n<meta name=\"twitter:card\" content=\"summary_large_image\" \/>\n<meta name=\"twitter:label1\" content=\"Tiempo de lectura\" \/>\n\t<meta name=\"twitter:data1\" content=\"2 minutos\" \/>\n<script type=\"application\/ld+json\" class=\"yoast-schema-graph\">{\"@context\":\"https:\/\/schema.org\",\"@graph\":[{\"@type\":\"WebPage\",\"@id\":\"https:\/\/amasc.org\/what-is-amasc\/board-of-directors\/cv-from-jacqueline-de-montjoye\/\",\"url\":\"https:\/\/amasc.org\/what-is-amasc\/board-of-directors\/cv-from-jacqueline-de-montjoye\/\",\"name\":\"Jacqueline de Montjoye - AMASC\",\"isPartOf\":{\"@id\":\"https:\/\/amasc.org\/#website\"},\"primaryImageOfPage\":{\"@id\":\"https:\/\/amasc.org\/what-is-amasc\/board-of-directors\/cv-from-jacqueline-de-montjoye\/#primaryimage\"},\"image\":{\"@id\":\"https:\/\/amasc.org\/what-is-amasc\/board-of-directors\/cv-from-jacqueline-de-montjoye\/#primaryimage\"},\"thumbnailUrl\":\"https:\/\/amasc.org\/wp-content\/uploads\/Jacqueline_de_Montjoye.jpg\",\"datePublished\":\"2020-10-18T11:18:12+00:00\",\"dateModified\":\"2025-03-24T16:43:41+00:00\",\"breadcrumb\":{\"@id\":\"https:\/\/amasc.org\/what-is-amasc\/board-of-directors\/cv-from-jacqueline-de-montjoye\/#breadcrumb\"},\"inLanguage\":\"es\",\"potentialAction\":[{\"@type\":\"ReadAction\",\"target\":[\"https:\/\/amasc.org\/what-is-amasc\/board-of-directors\/cv-from-jacqueline-de-montjoye\/\"]}]},{\"@type\":\"ImageObject\",\"inLanguage\":\"es\",\"@id\":\"https:\/\/amasc.org\/what-is-amasc\/board-of-directors\/cv-from-jacqueline-de-montjoye\/#primaryimage\",\"url\":\"https:\/\/amasc.org\/wp-content\/uploads\/Jacqueline_de_Montjoye.jpg\",\"contentUrl\":\"https:\/\/amasc.org\/wp-content\/uploads\/Jacqueline_de_Montjoye.jpg\"},{\"@type\":\"BreadcrumbList\",\"@id\":\"https:\/\/amasc.org\/what-is-amasc\/board-of-directors\/cv-from-jacqueline-de-montjoye\/#breadcrumb\",\"itemListElement\":[{\"@type\":\"ListItem\",\"position\":1,\"name\":\"Home\",\"item\":\"https:\/\/amasc.org\/\"},{\"@type\":\"ListItem\",\"position\":2,\"name\":\"What is AMASC ?\",\"item\":\"https:\/\/amasc.org\/what-is-amasc\/\"},{\"@type\":\"ListItem\",\"position\":3,\"name\":\"Board of directors\",\"item\":\"https:\/\/amasc.org\/what-is-amasc\/board-of-directors\/\"},{\"@type\":\"ListItem\",\"position\":4,\"name\":\"Jacqueline de Montjoye\"}]},{\"@type\":\"WebSite\",\"@id\":\"https:\/\/amasc.org\/#website\",\"url\":\"https:\/\/amasc.org\/\",\"name\":\"AMASC\",\"description\":\"\",\"publisher\":{\"@id\":\"https:\/\/amasc.org\/#organization\"},\"potentialAction\":[{\"@type\":\"SearchAction\",\"target\":{\"@type\":\"EntryPoint\",\"urlTemplate\":\"https:\/\/amasc.org\/?s={search_term_string}\"},\"query-input\":{\"@type\":\"PropertyValueSpecification\",\"valueRequired\":true,\"valueName\":\"search_term_string\"}}],\"inLanguage\":\"es\"},{\"@type\":\"Organization\",\"@id\":\"https:\/\/amasc.org\/#organization\",\"name\":\"AMASC\",\"url\":\"https:\/\/amasc.org\/\",\"logo\":{\"@type\":\"ImageObject\",\"inLanguage\":\"es\",\"@id\":\"https:\/\/amasc.org\/#\/schema\/logo\/image\/\",\"url\":\"https:\/\/amasc.org\/wp-content\/uploads\/logo-brand-red.png\",\"contentUrl\":\"https:\/\/amasc.org\/wp-content\/uploads\/logo-brand-red.png\",\"width\":1283,\"height\":1624,\"caption\":\"AMASC\"},\"image\":{\"@id\":\"https:\/\/amasc.org\/#\/schema\/logo\/image\/\"}}]}<\/script>\n<!-- \/ Yoast SEO plugin. -->","yoast_head_json":{"title":"Jacqueline de Montjoye - AMASC","robots":{"index":"index","follow":"follow","max-snippet":"max-snippet:-1","max-image-preview":"max-image-preview:large","max-video-preview":"max-video-preview:-1"},"canonical":"https:\/\/amasc.org\/es\/what-is-amasc\/board-of-directors\/cv-from-jacqueline-de-montjoye\/","og_locale":"es_ES","og_type":"article","og_title":"Jacqueline de Montjoye - AMASC","og_description":"CV of Jacqueline de Montjoye vpsdt@amasc-sacrecoeur.net Personal data Main commitments for the Sacred Heart","og_url":"https:\/\/amasc.org\/es\/what-is-amasc\/board-of-directors\/cv-from-jacqueline-de-montjoye\/","og_site_name":"AMASC","article_modified_time":"2025-03-24T16:43:41+00:00","og_image":[{"width":150,"height":218,"url":"https:\/\/amasc.org\/wp-content\/uploads\/Jacqueline_de_Montjoye.jpg","type":"image\/jpeg"}],"twitter_card":"summary_large_image","twitter_misc":{"Tiempo de lectura":"2 minutos"},"schema":{"@context":"https:\/\/schema.org","@graph":[{"@type":"WebPage","@id":"https:\/\/amasc.org\/what-is-amasc\/board-of-directors\/cv-from-jacqueline-de-montjoye\/","url":"https:\/\/amasc.org\/what-is-amasc\/board-of-directors\/cv-from-jacqueline-de-montjoye\/","name":"Jacqueline de Montjoye - AMASC","isPartOf":{"@id":"https:\/\/amasc.org\/#website"},"primaryImageOfPage":{"@id":"https:\/\/amasc.org\/what-is-amasc\/board-of-directors\/cv-from-jacqueline-de-montjoye\/#primaryimage"},"image":{"@id":"https:\/\/amasc.org\/what-is-amasc\/board-of-directors\/cv-from-jacqueline-de-montjoye\/#primaryimage"},"thumbnailUrl":"https:\/\/amasc.org\/wp-content\/uploads\/Jacqueline_de_Montjoye.jpg","datePublished":"2020-10-18T11:18:12+00:00","dateModified":"2025-03-24T16:43:41+00:00","breadcrumb":{"@id":"https:\/\/amasc.org\/what-is-amasc\/board-of-directors\/cv-from-jacqueline-de-montjoye\/#breadcrumb"},"inLanguage":"es","potentialAction":[{"@type":"ReadAction","target":["https:\/\/amasc.org\/what-is-amasc\/board-of-directors\/cv-from-jacqueline-de-montjoye\/"]}]},{"@type":"ImageObject","inLanguage":"es","@id":"https:\/\/amasc.org\/what-is-amasc\/board-of-directors\/cv-from-jacqueline-de-montjoye\/#primaryimage","url":"https:\/\/amasc.org\/wp-content\/uploads\/Jacqueline_de_Montjoye.jpg","contentUrl":"https:\/\/amasc.org\/wp-content\/uploads\/Jacqueline_de_Montjoye.jpg"},{"@type":"BreadcrumbList","@id":"https:\/\/amasc.org\/what-is-amasc\/board-of-directors\/cv-from-jacqueline-de-montjoye\/#breadcrumb","itemListElement":[{"@type":"ListItem","position":1,"name":"Home","item":"https:\/\/amasc.org\/"},{"@type":"ListItem","position":2,"name":"What is AMASC ?","item":"https:\/\/amasc.org\/what-is-amasc\/"},{"@type":"ListItem","position":3,"name":"Board of directors","item":"https:\/\/amasc.org\/what-is-amasc\/board-of-directors\/"},{"@type":"ListItem","position":4,"name":"Jacqueline de Montjoye"}]},{"@type":"WebSite","@id":"https:\/\/amasc.org\/#website","url":"https:\/\/amasc.org\/","name":"AMASC","description":"","publisher":{"@id":"https:\/\/amasc.org\/#organization"},"potentialAction":[{"@type":"SearchAction","target":{"@type":"EntryPoint","urlTemplate":"https:\/\/amasc.org\/?s={search_term_string}"},"query-input":{"@type":"PropertyValueSpecification","valueRequired":true,"valueName":"search_term_string"}}],"inLanguage":"es"},{"@type":"Organization","@id":"https:\/\/amasc.org\/#organization","name":"AMASC","url":"https:\/\/amasc.org\/","logo":{"@type":"ImageObject","inLanguage":"es","@id":"https:\/\/amasc.org\/#\/schema\/logo\/image\/","url":"https:\/\/amasc.org\/wp-content\/uploads\/logo-brand-red.png","contentUrl":"https:\/\/amasc.org\/wp-content\/uploads\/logo-brand-red.png","width":1283,"height":1624,"caption":"AMASC"},"image":{"@id":"https:\/\/amasc.org\/#\/schema\/logo\/image\/"}}]}},"taxonomy_info":[],"featured_image_src_large":false,"author_info":{"display_name":"AMASC","author_link":"https:\/\/amasc.org\/es\/author\/amasc\/"},"comment_info":0,"_links":{"self":[{"href":"https:\/\/amasc.org\/es\/wp-json\/wp\/v2\/pages\/735","targetHints":{"allow":["GET"]}}],"collection":[{"href":"https:\/\/amasc.org\/es\/wp-json\/wp\/v2\/pages"}],"about":[{"href":"https:\/\/amasc.org\/es\/wp-json\/wp\/v2\/types\/page"}],"author":[{"embeddable":true,"href":"https:\/\/amasc.org\/es\/wp-json\/wp\/v2\/users\/6"}],"replies":[{"embeddable":true,"href":"https:\/\/amasc.org\/es\/wp-json\/wp\/v2\/comments?post=735"}],"version-history":[{"count":0,"href":"https:\/\/amasc.org\/es\/wp-json\/wp\/v2\/pages\/735\/revisions"}],"up":[{"embeddable":true,"href":"https:\/\/amasc.org\/es\/wp-json\/wp\/v2\/pages\/169"}],"wp:attachment":[{"href":"https:\/\/amasc.org\/es\/wp-json\/wp\/v2\/media?parent=735"}],"curies":[{"name":"wp","href":"https:\/\/api.w.org\/{rel}","templated":true}]}}