{"id":742,"date":"2020-10-18T13:32:45","date_gmt":"2020-10-18T11:32:45","guid":{"rendered":"https:\/\/sitewp.amasc-sacrecoeur.net\/?page_id=742"},"modified":"2026-02-17T12:23:54","modified_gmt":"2026-02-17T17:23:54","slug":"the-presidency","status":"publish","type":"page","link":"https:\/\/amasc.org\/es\/what-is-amasc\/the-presidency\/","title":{"rendered":"Presidencia"},"content":{"rendered":"<figure class=\"wp-block-image alignfull size-large\"><img loading=\"lazy\" decoding=\"async\" width=\"1024\" height=\"288\" src=\"https:\/\/amasc.org\/wp-content\/uploads\/banner-amasc-EN-ES-1024x288.jpg\" alt=\"\" class=\"wp-image-1434\" srcset=\"https:\/\/amasc.org\/wp-content\/uploads\/banner-amasc-EN-ES-1024x288.jpg 1024w, https:\/\/amasc.org\/wp-content\/uploads\/banner-amasc-EN-ES-300x84.jpg 300w, https:\/\/amasc.org\/wp-content\/uploads\/banner-amasc-EN-ES-150x42.jpg 150w, https:\/\/amasc.org\/wp-content\/uploads\/banner-amasc-EN-ES-768x216.jpg 768w, https:\/\/amasc.org\/wp-content\/uploads\/banner-amasc-EN-ES-1536x432.jpg 1536w, https:\/\/amasc.org\/wp-content\/uploads\/banner-amasc-EN-ES.jpg 1920w\" sizes=\"auto, (max-width: 1024px) 100vw, 1024px\" \/><\/figure>\n\n\n\n<div class=\"wp-block-columns is-layout-flex wp-container-core-columns-is-layout-9d6595d7 wp-block-columns-is-layout-flex\">\n<div class=\"wp-block-column is-layout-flow wp-block-column-is-layout-flow\" style=\"flex-basis:66.66%\">\n<h2 class=\"wp-block-heading\">LA PRESIDENCIA<\/h2>\n\n\n\n<h6 class=\"wp-block-heading has-text-align-center\"><strong>\"Un coraz\u00f3n que avanza con valent\u00eda y confianza\"<\/strong><\/h6>\n\n\n\n<p class=\"has-text-align-center\"><br><em>El mandato 2022-2026 de Roselie Posselius<\/em><\/p>\n\n\n\n<p>Queridos compa\u00f1eros y amigos de la Junta Directiva,<\/p>\n\n\n\n<p>Feliz a\u00f1o nuevo a todos. Espero que sean cuatro a\u00f1os muy productivos, significativos y divertidos mientras trabajamos para hacer avanzar nuestra organizaci\u00f3n y ayudar a promover la misi\u00f3n del Sagrado Coraz\u00f3n en el futuro y en todo el mundo. Siento que tenemos la bendici\u00f3n de contar con muchas oportunidades para fomentar el trabajo de nuestra familia del Sagrado Coraz\u00f3n a medida que desarrollamos programas para alentar la participaci\u00f3n y apoyar a nuestros constituyentes. Estoy agradecido a cada uno de ustedes por su continuo compromiso, dedicaci\u00f3n y amor al Sagrado Coraz\u00f3n. Me siento honrado de que compartan sus talentos con este grupo mientras navegamos juntos los pr\u00f3ximos cuatro a\u00f1os de AMASC.<\/p>\n\n\n\n<p>El equipo ejecutivo ha celebrado muchas reuniones para reunir la informaci\u00f3n necesaria de la \u00faltima Junta y fijar nuestros objetivos en las \u00e1reas que consideramos que necesitan m\u00e1s atenci\u00f3n. Nuestra primera tarea fue idear nuestro lema; hemos elegido \"Un coraz\u00f3n que avanza con valent\u00eda y confianza\".<\/p>\n\n\n\n<p>Estamos en el proceso de obtener el control de las finanzas necesarias para operar nuestro negocio. Con la ayuda de Quentin Merny, tenemos previsto tenerlo en orden en los pr\u00f3ximos dos meses. En ese momento, Marie-Therese Sebrechts (Tesorera) y yo viajaremos a B\u00e9lgica para firmar toda la documentaci\u00f3n necesaria.<\/p>\n\n\n\n<p>Los objetivos que hemos identificado son de gran importancia para el futuro de nuestra organizaci\u00f3n:<\/p>\n\n\n\n<ol style=\"list-style-type:1\" class=\"wp-block-list\">\n<li>Crear un fondo de dotaci\u00f3n:  Hay muy poco dinero en nuestra cuenta, y creemos que una campa\u00f1a de recaudaci\u00f3n de fondos o de capital es imprescindible para garantizar que AMASC pueda ser sostenible durante muchos a\u00f1os.<\/li>\n\n\n\n<li>Encontrar una manera de incluir a las alumnas\/os de todo el mundo donde ya no exista una escuela u organizaci\u00f3n de alumnas\/os.<\/li>\n\n\n\n<li>Desarrollar \"Conexiones del Sagrado Coraz\u00f3n\", una herramienta para conectar, compartir recursos y cultivar la afiliaci\u00f3n en todo el mundo. Las \"Conexiones\" incluir\u00edan oportunidades de trabajo y pr\u00e1cticas, servicios de reubicaci\u00f3n, alojamiento para viajes y bienes y servicios proporcionados por nuestras alumnas\/i en todo el mundo.<\/li>\n\n\n\n<li>Revisar y actualizar nuestros estatutos y reglamentos para racionalizar la capacidad de cumplir nuestros objetivos y prever los retos desconocidos que puedan surgir (por ejemplo, permitir reuniones virtuales en caso de imposibilidad de viajar, como experimentamos en el mandato anterior).<\/li>\n\n\n\n<li>Crear una presencia en las redes sociales para comunicarnos f\u00e1cilmente con nuestros electores. Debido a las restrictivas leyes de protecci\u00f3n de la intimidad, no podemos enviar correos electr\u00f3nicos masivos hasta que no podamos crear un sistema para que la gente acepte recibirlos. Pero debemos encontrar formas de comunicarnos. Necesitaremos contenidos fotogr\u00e1ficos y de v\u00eddeo junto con nuestros mensajes. Tambi\u00e9n en este caso debemos cumplir las leyes de protecci\u00f3n de la intimidad.<\/li>\n\n\n\n<li>Crear documentaci\u00f3n que ayude en la sucesi\u00f3n de una junta a otra. Esta gu\u00eda proporcionar\u00eda detalles sobre las actividades requeridas y el calendario a lo largo del a\u00f1o, adem\u00e1s de los procedimientos para las herramientas compartidas, el sitio web y la contabilidad. Compartiremos informaci\u00f3n sobre los miembros, las funciones y responsabilidades de la Junta del AMASC.<\/li>\n<\/ol>\n\n\n\n<p>Otros temas en curso son:<\/p>\n\n\n\n<ol style=\"list-style-type:1\" class=\"wp-block-list\">\n<li>Creaci\u00f3n de v\u00eddeos para promover la informaci\u00f3n y aumentar el inter\u00e9s y la participaci\u00f3n.<\/li>\n\n\n\n<li>Reuniones quincenales del equipo ejecutivo y reuniones mensuales del consejo de administraci\u00f3n en pleno hasta que seamos plenamente operativos (se determinar\u00e1 seg\u00fan sea necesario).<\/li>\n\n\n\n<li>Identificar las \u00e1reas m\u00e1s necesitadas de nuestro apoyo financiero.<\/li>\n\n\n\n<li>Construir y mantener una relaci\u00f3n m\u00e1s estrecha con todos los miembros de nuestro \u00e1rbol geneal\u00f3gico del Sagrado Coraz\u00f3n: las RSCJ, las redes escolares, los Asociados, etc.<\/li>\n\n\n\n<li>Investigar y utilizar herramientas de traducci\u00f3n para mejorar nuestra comunicaci\u00f3n en las tres lenguas oficiales del AMASC.<\/li>\n<\/ol>\n\n\n\n<p>Me complace anunciar que la Hna. Nsanja \"Susan\" Nankya, RSCJ, de Uganda, ha aceptado ser nuestra consejera espiritual para el mandato. Estamos muy agradecidos.<\/p>\n\n\n\n<p>Con estas actualizaciones, les pido que reflexionemos sobre una oraci\u00f3n de Janet Erskine Stuart, RSCJ:<\/p>\n\n\n\n<p><em>\"Dios amoroso, invisible Compa\u00f1ero de nuestra vida, danos fe y ansiosa expectaci\u00f3n al comenzar esta nueva etapa de nuestro viaje. Aparta de nosotros todo temor a lo desconocido y ens\u00e9\u00f1anos a arrancar tesoros de la oscuridad y de las dificultades. A medida que los d\u00edas se suceden, que encontremos que cada uno est\u00e1 cargado de oportunidades felices y experiencias enriquecedoras; y cuando este a\u00f1o llegue a su fin, que nuestras mejores esperanzas se cumplan m\u00e1s que nunca.\"<\/em><\/p>\n\n\n\n<div style=\"height:50px\" aria-hidden=\"true\" class=\"wp-block-spacer\"><\/div>\n<\/div>\n\n\n\n<div class=\"wp-block-column is-layout-flow wp-block-column-is-layout-flow\" style=\"flex-basis:33.33%\"><div class=\"wp-block-image\">\n<figure class=\"aligncenter size-full\"><img loading=\"lazy\" decoding=\"async\" width=\"344\" height=\"413\" src=\"https:\/\/amasc.org\/wp-content\/uploads\/Roselie.jpg\" alt=\"\" class=\"wp-image-3582\" srcset=\"https:\/\/amasc.org\/wp-content\/uploads\/Roselie.jpg 344w, https:\/\/amasc.org\/wp-content\/uploads\/Roselie-250x300.jpg 250w, https:\/\/amasc.org\/wp-content\/uploads\/Roselie-125x150.jpg 125w\" sizes=\"auto, (max-width: 344px) 100vw, 344px\" \/><\/figure>\n<\/div><\/div>\n<\/div>","protected":false},"excerpt":{"rendered":"<p>THE PRESIDENCY &#8220;One Heart Moving Forward with Courage and Confidence&#8221; The mandate 2022-2026 of Roselie Posselius Dear fellow Board members and friends, Happy new year to all.&nbsp;I am looking forward to a very productive, meaningful, and fun four years as we work to advance our organization and help promote the Sacred Heart mission into the&#8230;<\/p>","protected":false},"author":6,"featured_media":0,"parent":1413,"menu_order":0,"comment_status":"closed","ping_status":"closed","template":"","meta":{"_acf_changed":false,"_kad_blocks_custom_css":"","_kad_blocks_head_custom_js":"","_kad_blocks_body_custom_js":"","_kad_blocks_footer_custom_js":"","_kad_post_transparent":"","_kad_post_title":"","_kad_post_layout":"","_kad_post_sidebar_id":"","_kad_post_content_style":"","_kad_post_vertical_padding":"","_kad_post_feature":"","_kad_post_feature_position":"","_kad_post_header":false,"_kad_post_footer":false,"_kad_post_classname":"","footnotes":""},"class_list":["post-742","page","type-page","status-publish","hentry"],"acf":[],"yoast_head":"<!-- This site is optimized with the Yoast SEO plugin v26.4 - https:\/\/yoast.com\/wordpress\/plugins\/seo\/ -->\n<title>Presidency - AMASC<\/title>\n<meta name=\"robots\" content=\"index, follow, max-snippet:-1, max-image-preview:large, max-video-preview:-1\" \/>\n<link rel=\"canonical\" href=\"https:\/\/amasc.org\/es\/what-is-amasc\/the-presidency\/\" \/>\n<meta property=\"og:locale\" content=\"es_ES\" \/>\n<meta property=\"og:type\" content=\"article\" \/>\n<meta property=\"og:title\" content=\"Presidency - AMASC\" \/>\n<meta property=\"og:description\" content=\"THE PRESIDENCY &#8220;One Heart Moving Forward with Courage and Confidence&#8221; The mandate 2022-2026 of Roselie Posselius Dear fellow Board members and friends, Happy new year to all.&nbsp;I am looking forward to a very productive, meaningful, and fun four years as we work to advance our organization and help promote the Sacred Heart mission into the...\" \/>\n<meta property=\"og:url\" content=\"https:\/\/amasc.org\/es\/what-is-amasc\/the-presidency\/\" \/>\n<meta property=\"og:site_name\" content=\"AMASC\" \/>\n<meta property=\"article:modified_time\" content=\"2026-02-17T17:23:54+00:00\" \/>\n<meta property=\"og:image\" content=\"https:\/\/amasc.org\/wp-content\/uploads\/banner-amasc-EN-ES.jpg\" \/>\n\t<meta property=\"og:image:width\" content=\"1920\" \/>\n\t<meta property=\"og:image:height\" content=\"540\" \/>\n\t<meta property=\"og:image:type\" content=\"image\/jpeg\" \/>\n<meta name=\"twitter:card\" content=\"summary_large_image\" \/>\n<meta name=\"twitter:label1\" content=\"Tiempo de lectura\" \/>\n\t<meta name=\"twitter:data1\" content=\"4 minutos\" \/>\n<script type=\"application\/ld+json\" class=\"yoast-schema-graph\">{\"@context\":\"https:\/\/schema.org\",\"@graph\":[{\"@type\":\"WebPage\",\"@id\":\"https:\/\/amasc.org\/what-is-amasc\/the-presidency\/\",\"url\":\"https:\/\/amasc.org\/what-is-amasc\/the-presidency\/\",\"name\":\"Presidency - AMASC\",\"isPartOf\":{\"@id\":\"https:\/\/amasc.org\/#website\"},\"primaryImageOfPage\":{\"@id\":\"https:\/\/amasc.org\/what-is-amasc\/the-presidency\/#primaryimage\"},\"image\":{\"@id\":\"https:\/\/amasc.org\/what-is-amasc\/the-presidency\/#primaryimage\"},\"thumbnailUrl\":\"https:\/\/amasc.org\/wp-content\/uploads\/banner-amasc-EN-ES-1024x288.jpg\",\"datePublished\":\"2020-10-18T11:32:45+00:00\",\"dateModified\":\"2026-02-17T17:23:54+00:00\",\"breadcrumb\":{\"@id\":\"https:\/\/amasc.org\/what-is-amasc\/the-presidency\/#breadcrumb\"},\"inLanguage\":\"es\",\"potentialAction\":[{\"@type\":\"ReadAction\",\"target\":[\"https:\/\/amasc.org\/what-is-amasc\/the-presidency\/\"]}]},{\"@type\":\"ImageObject\",\"inLanguage\":\"es\",\"@id\":\"https:\/\/amasc.org\/what-is-amasc\/the-presidency\/#primaryimage\",\"url\":\"https:\/\/amasc.org\/wp-content\/uploads\/banner-amasc-EN-ES-1024x288.jpg\",\"contentUrl\":\"https:\/\/amasc.org\/wp-content\/uploads\/banner-amasc-EN-ES-1024x288.jpg\"},{\"@type\":\"BreadcrumbList\",\"@id\":\"https:\/\/amasc.org\/what-is-amasc\/the-presidency\/#breadcrumb\",\"itemListElement\":[{\"@type\":\"ListItem\",\"position\":1,\"name\":\"Home\",\"item\":\"https:\/\/amasc.org\/\"},{\"@type\":\"ListItem\",\"position\":2,\"name\":\"What is AMASC ?\",\"item\":\"https:\/\/amasc.org\/what-is-amasc\/\"},{\"@type\":\"ListItem\",\"position\":3,\"name\":\"Presidency\"}]},{\"@type\":\"WebSite\",\"@id\":\"https:\/\/amasc.org\/#website\",\"url\":\"https:\/\/amasc.org\/\",\"name\":\"AMASC\",\"description\":\"\",\"publisher\":{\"@id\":\"https:\/\/amasc.org\/#organization\"},\"potentialAction\":[{\"@type\":\"SearchAction\",\"target\":{\"@type\":\"EntryPoint\",\"urlTemplate\":\"https:\/\/amasc.org\/?s={search_term_string}\"},\"query-input\":{\"@type\":\"PropertyValueSpecification\",\"valueRequired\":true,\"valueName\":\"search_term_string\"}}],\"inLanguage\":\"es\"},{\"@type\":\"Organization\",\"@id\":\"https:\/\/amasc.org\/#organization\",\"name\":\"AMASC\",\"url\":\"https:\/\/amasc.org\/\",\"logo\":{\"@type\":\"ImageObject\",\"inLanguage\":\"es\",\"@id\":\"https:\/\/amasc.org\/#\/schema\/logo\/image\/\",\"url\":\"https:\/\/amasc.org\/wp-content\/uploads\/logo-brand-red.png\",\"contentUrl\":\"https:\/\/amasc.org\/wp-content\/uploads\/logo-brand-red.png\",\"width\":1283,\"height\":1624,\"caption\":\"AMASC\"},\"image\":{\"@id\":\"https:\/\/amasc.org\/#\/schema\/logo\/image\/\"}}]}<\/script>\n<!-- \/ Yoast SEO plugin. -->","yoast_head_json":{"title":"Presidency - AMASC","robots":{"index":"index","follow":"follow","max-snippet":"max-snippet:-1","max-image-preview":"max-image-preview:large","max-video-preview":"max-video-preview:-1"},"canonical":"https:\/\/amasc.org\/es\/what-is-amasc\/the-presidency\/","og_locale":"es_ES","og_type":"article","og_title":"Presidency - AMASC","og_description":"THE PRESIDENCY &#8220;One Heart Moving Forward with Courage and Confidence&#8221; The mandate 2022-2026 of Roselie Posselius Dear fellow Board members and friends, Happy new year to all.&nbsp;I am looking forward to a very productive, meaningful, and fun four years as we work to advance our organization and help promote the Sacred Heart mission into the...","og_url":"https:\/\/amasc.org\/es\/what-is-amasc\/the-presidency\/","og_site_name":"AMASC","article_modified_time":"2026-02-17T17:23:54+00:00","og_image":[{"width":1920,"height":540,"url":"https:\/\/amasc.org\/wp-content\/uploads\/banner-amasc-EN-ES.jpg","type":"image\/jpeg"}],"twitter_card":"summary_large_image","twitter_misc":{"Tiempo de lectura":"4 minutos"},"schema":{"@context":"https:\/\/schema.org","@graph":[{"@type":"WebPage","@id":"https:\/\/amasc.org\/what-is-amasc\/the-presidency\/","url":"https:\/\/amasc.org\/what-is-amasc\/the-presidency\/","name":"Presidency - AMASC","isPartOf":{"@id":"https:\/\/amasc.org\/#website"},"primaryImageOfPage":{"@id":"https:\/\/amasc.org\/what-is-amasc\/the-presidency\/#primaryimage"},"image":{"@id":"https:\/\/amasc.org\/what-is-amasc\/the-presidency\/#primaryimage"},"thumbnailUrl":"https:\/\/amasc.org\/wp-content\/uploads\/banner-amasc-EN-ES-1024x288.jpg","datePublished":"2020-10-18T11:32:45+00:00","dateModified":"2026-02-17T17:23:54+00:00","breadcrumb":{"@id":"https:\/\/amasc.org\/what-is-amasc\/the-presidency\/#breadcrumb"},"inLanguage":"es","potentialAction":[{"@type":"ReadAction","target":["https:\/\/amasc.org\/what-is-amasc\/the-presidency\/"]}]},{"@type":"ImageObject","inLanguage":"es","@id":"https:\/\/amasc.org\/what-is-amasc\/the-presidency\/#primaryimage","url":"https:\/\/amasc.org\/wp-content\/uploads\/banner-amasc-EN-ES-1024x288.jpg","contentUrl":"https:\/\/amasc.org\/wp-content\/uploads\/banner-amasc-EN-ES-1024x288.jpg"},{"@type":"BreadcrumbList","@id":"https:\/\/amasc.org\/what-is-amasc\/the-presidency\/#breadcrumb","itemListElement":[{"@type":"ListItem","position":1,"name":"Home","item":"https:\/\/amasc.org\/"},{"@type":"ListItem","position":2,"name":"What is AMASC ?","item":"https:\/\/amasc.org\/what-is-amasc\/"},{"@type":"ListItem","position":3,"name":"Presidency"}]},{"@type":"WebSite","@id":"https:\/\/amasc.org\/#website","url":"https:\/\/amasc.org\/","name":"AMASC","description":"","publisher":{"@id":"https:\/\/amasc.org\/#organization"},"potentialAction":[{"@type":"SearchAction","target":{"@type":"EntryPoint","urlTemplate":"https:\/\/amasc.org\/?s={search_term_string}"},"query-input":{"@type":"PropertyValueSpecification","valueRequired":true,"valueName":"search_term_string"}}],"inLanguage":"es"},{"@type":"Organization","@id":"https:\/\/amasc.org\/#organization","name":"AMASC","url":"https:\/\/amasc.org\/","logo":{"@type":"ImageObject","inLanguage":"es","@id":"https:\/\/amasc.org\/#\/schema\/logo\/image\/","url":"https:\/\/amasc.org\/wp-content\/uploads\/logo-brand-red.png","contentUrl":"https:\/\/amasc.org\/wp-content\/uploads\/logo-brand-red.png","width":1283,"height":1624,"caption":"AMASC"},"image":{"@id":"https:\/\/amasc.org\/#\/schema\/logo\/image\/"}}]}},"taxonomy_info":[],"featured_image_src_large":false,"author_info":{"display_name":"AMASC","author_link":"https:\/\/amasc.org\/es\/author\/amasc\/"},"comment_info":0,"_links":{"self":[{"href":"https:\/\/amasc.org\/es\/wp-json\/wp\/v2\/pages\/742","targetHints":{"allow":["GET"]}}],"collection":[{"href":"https:\/\/amasc.org\/es\/wp-json\/wp\/v2\/pages"}],"about":[{"href":"https:\/\/amasc.org\/es\/wp-json\/wp\/v2\/types\/page"}],"author":[{"embeddable":true,"href":"https:\/\/amasc.org\/es\/wp-json\/wp\/v2\/users\/6"}],"replies":[{"embeddable":true,"href":"https:\/\/amasc.org\/es\/wp-json\/wp\/v2\/comments?post=742"}],"version-history":[{"count":0,"href":"https:\/\/amasc.org\/es\/wp-json\/wp\/v2\/pages\/742\/revisions"}],"up":[{"embeddable":true,"href":"https:\/\/amasc.org\/es\/wp-json\/wp\/v2\/pages\/1413"}],"wp:attachment":[{"href":"https:\/\/amasc.org\/es\/wp-json\/wp\/v2\/media?parent=742"}],"curies":[{"name":"wp","href":"https:\/\/api.w.org\/{rel}","templated":true}]}}