{"id":830,"date":"2020-10-18T22:26:21","date_gmt":"2020-10-18T20:26:21","guid":{"rendered":"https:\/\/sitewp.amasc-sacrecoeur.net\/?page_id=830"},"modified":"2024-05-08T08:42:37","modified_gmt":"2024-05-08T12:42:37","slug":"the-rscj-and-the-society-of-the-sacred-heart","status":"publish","type":"page","link":"https:\/\/amasc.org\/es\/partners\/the-rscj-and-the-society-of-the-sacred-heart\/","title":{"rendered":"Las RSCJ y la Sociedad del Sagrado Coraz\u00f3n"},"content":{"rendered":"<figure class=\"wp-block-image alignfull size-large\"><img loading=\"lazy\" decoding=\"async\" width=\"1024\" height=\"288\" src=\"https:\/\/amasc.org\/wp-content\/uploads\/banner-rscj-EN-1024x288.jpg\" alt=\"\" class=\"wp-image-1444\" srcset=\"https:\/\/amasc.org\/wp-content\/uploads\/banner-rscj-EN-1024x288.jpg 1024w, https:\/\/amasc.org\/wp-content\/uploads\/banner-rscj-EN-300x84.jpg 300w, https:\/\/amasc.org\/wp-content\/uploads\/banner-rscj-EN-150x42.jpg 150w, https:\/\/amasc.org\/wp-content\/uploads\/banner-rscj-EN-768x216.jpg 768w, https:\/\/amasc.org\/wp-content\/uploads\/banner-rscj-EN-1536x432.jpg 1536w, https:\/\/amasc.org\/wp-content\/uploads\/banner-rscj-EN.jpg 1920w\" sizes=\"auto, (max-width: 1024px) 100vw, 1024px\" \/><\/figure>\n\n\n\n<div class=\"wp-block-columns is-layout-flex wp-container-core-columns-is-layout-9d6595d7 wp-block-columns-is-layout-flex\">\n<div class=\"wp-block-column is-layout-flow wp-block-column-is-layout-flow\" style=\"flex-basis:66.66%\">\n<h2 class=\"wp-block-heading\">LA RSCJ Y LA SOCIEDAD DEL SAGRADO CORAZ\u00d3N<\/h2>\n\n\n\n<p><strong>Fundada en 1800, en Francia, por Santa Magdalena Sof\u00eda Barat (1779 - 1865)<\/strong>En la actualidad, la Sociedad del Sagrado Coraz\u00f3n cuenta con algo menos de 2.000 monjas (o \" rscj \") en el mundo, repartidas en 27 Provincias que cubren 41 pa\u00edses. Cada Provincia est\u00e1 a su vez adscrita a una Regi\u00f3n (aproximadamente, un continente). En 2016, las rscj segu\u00edan siendo 280 en Asia, 140 en \u00c1frica, 400 en Am\u00e9rica Latina, 370 en Australia-Nueva Zelanda-Estados Unidos-Canad\u00e1 (\" Canzus \") y 1 000 en Europa.<\/p>\n\n\n\n<p>La internacionalidad de la Sociedad del Sagrado Coraz\u00f3n, inaugurada principalmente por el env\u00edo de San Filipino Duchesne (1769 - 1852) a Am\u00e9rica en 1818, es un elemento fuerte de su identidad.<\/p>\n\n\n\n<p><strong>La vocaci\u00f3n de las rscj es descubrir y manifestar el amor del coraz\u00f3n de Jes\u00fas<\/strong>&nbsp;mediante el servicio de la educaci\u00f3n, noci\u00f3n que debe entenderse en sentido amplio, como&nbsp;<em>\" el camino para hacer crecer a la persona en su dignidad humana e hijo de dios \"<\/em>&nbsp;(Constituciones \u00a7 7, 8, 11 y 30), que incluye tanto la educaci\u00f3n formal (la de las escuelas), como la informal, como la formaci\u00f3n de las mujeres para la autonom\u00eda, etc.<\/p>\n\n\n\n<p>Seg\u00fan las necesidades (o \" llamadas \") de sus pa\u00edses y sus propias competencias, las RSCJ son acompa\u00f1antes espirituales, enfermeras, m\u00e9dicos, trabajadores sociales, profesores... Otras trabajan en organizaciones no gubernamentales (ONG) o en la ONU.<\/p>\n\n\n\n<p><strong>La autoridad suprema de la Sociedad del Sagrado Coraz\u00f3n corresponde a su Cap\u00edtulo General.<\/strong>&nbsp;(Constituciones, \u00a7 631). Compuesto por delegados de cada provincia, y precedido por una consulta a todas las comunidades rscj del mundo, se re\u00fane cada 8 a\u00f1os desde el cap\u00edtulo 2000. Elige a la pr\u00f3xima Superiora General y a su consejo, y decide las nuevas orientaciones que la evoluci\u00f3n de la Sociedad y las llamadas del mundo y de la Iglesia hacen necesarias, en fidelidad a las intuiciones del fundador.<\/p>\n\n\n\n<p>El Consejo General, que reside en la Casa Madre de Roma, presidido por la Superiora General, es&nbsp;<em>\"una comunidad de discernimiento<\/em>&nbsp;(v\u00e9ase Actas del Cap\u00edtulo 2008, p.37). Ella&nbsp;<em>\" ejerce el liderazgo espiritual y promueve la comuni\u00f3n y la unidad en la Sociedad \"<\/em>&nbsp;y tiene la misi\u00f3n de velar por la aplicaci\u00f3n de las distintas resoluciones del cap\u00edtulo.<\/p>\n\n\n\n<div style=\"height:50px\" aria-hidden=\"true\" class=\"wp-block-spacer\"><\/div>\n\n\n\n<div class=\"wp-block-buttons is-content-justification-left is-layout-flex wp-container-core-buttons-is-layout-fdcfc74e wp-block-buttons-is-layout-flex\">\n<div class=\"wp-block-button is-style-fill\"><a class=\"wp-block-button__link has-background wp-element-button\" href=\"\/es\/partners\/the-rscj-and-the-society-of-the-sacred-heart\/some-important-dates\/\" style=\"border-radius:15px;background-color:#b72424\">ALGUNAS FECHAS IMPORTANTES<\/a><\/div>\n\n\n\n<div class=\"wp-block-button is-style-fill\"><a class=\"wp-block-button__link has-background wp-element-button\" href=\"\/es\/partners\/the-rscj-and-the-society-of-the-sacred-heart\/their-spirituality\/\" style=\"border-radius:15px;background-color:#b72424\">SU ESPIRITUALIDAD<\/a><\/div>\n\n\n\n<div class=\"wp-block-button is-style-fill\"><a class=\"wp-block-button__link has-background wp-element-button\" href=\"\/es\/partners\/the-rscj-and-the-society-of-the-sacred-heart\/their-mission\/\" style=\"border-radius:15px;background-color:#b72424\">SU MISI\u00d3N<\/a><\/div>\n<\/div>\n\n\n\n<p><\/p>\n<\/div>\n\n\n\n<div class=\"wp-block-column is-layout-flow wp-block-column-is-layout-flow\" style=\"flex-basis:33.33%\"><div class=\"wp-block-image\">\n<figure class=\"aligncenter size-large\"><img loading=\"lazy\" decoding=\"async\" width=\"330\" height=\"435\" src=\"https:\/\/amasc.org\/wp-content\/uploads\/img_partenaires_RSCJ_1.jpg\" alt=\"\" class=\"wp-image-827\" srcset=\"https:\/\/amasc.org\/wp-content\/uploads\/img_partenaires_RSCJ_1.jpg 330w, https:\/\/amasc.org\/wp-content\/uploads\/img_partenaires_RSCJ_1-228x300.jpg 228w\" sizes=\"auto, (max-width: 330px) 100vw, 330px\" \/><figcaption class=\"wp-element-caption\"><em><em>Ayer como hoy<\/em><\/em><\/figcaption><\/figure>\n<\/div>\n\n<div class=\"wp-block-image\">\n<figure class=\"aligncenter size-large\"><img loading=\"lazy\" decoding=\"async\" width=\"330\" height=\"352\" src=\"https:\/\/amasc.org\/wp-content\/uploads\/img_partenaires_RSCJ_3.jpg\" alt=\"\" class=\"wp-image-828\" srcset=\"https:\/\/amasc.org\/wp-content\/uploads\/img_partenaires_RSCJ_3.jpg 330w, https:\/\/amasc.org\/wp-content\/uploads\/img_partenaires_RSCJ_3-281x300.jpg 281w\" sizes=\"auto, (max-width: 330px) 100vw, 330px\" \/><figcaption class=\"wp-element-caption\"><em><em>Una acci\u00f3n nacida de la contemplaci\u00f3n (ilustraci\u00f3n RSCJ)<\/em><\/em><\/figcaption><\/figure>\n<\/div><\/div>\n<\/div>","protected":false},"excerpt":{"rendered":"<p>LAS RSCJ Y LA SOCIEDAD DEL SAGRADO CORAZ\u00d3N Fundada en 1800, en Francia, por Santa Magdalena Sof\u00eda Barat (1779 - 1865), la Sociedad del Sagrado Coraz\u00f3n cuenta actualmente con algo menos de 2.000 monjas (o \" rscj \") en el mundo, repartidas en 27 provincias que cubren 41 pa\u00edses. Cada Provincia est\u00e1 a su vez adscrita...<\/p>","protected":false},"author":6,"featured_media":0,"parent":1425,"menu_order":0,"comment_status":"closed","ping_status":"closed","template":"","meta":{"_acf_changed":false,"_kad_blocks_custom_css":"","_kad_blocks_head_custom_js":"","_kad_blocks_body_custom_js":"","_kad_blocks_footer_custom_js":"","_kad_post_transparent":"","_kad_post_title":"","_kad_post_layout":"","_kad_post_sidebar_id":"","_kad_post_content_style":"","_kad_post_vertical_padding":"","_kad_post_feature":"","_kad_post_feature_position":"","_kad_post_header":false,"_kad_post_footer":false,"_kad_post_classname":"","footnotes":""},"class_list":["post-830","page","type-page","status-publish","hentry"],"acf":[],"yoast_head":"<!-- This site is optimized with the Yoast SEO plugin v26.4 - https:\/\/yoast.com\/wordpress\/plugins\/seo\/ -->\n<title>The RSCJ and the Society of the Sacred Heart - AMASC<\/title>\n<meta name=\"robots\" content=\"index, follow, max-snippet:-1, max-image-preview:large, max-video-preview:-1\" \/>\n<link rel=\"canonical\" href=\"https:\/\/amasc.org\/es\/partners\/the-rscj-and-the-society-of-the-sacred-heart\/\" \/>\n<meta property=\"og:locale\" content=\"es_ES\" \/>\n<meta property=\"og:type\" content=\"article\" \/>\n<meta property=\"og:title\" content=\"The RSCJ and the Society of the Sacred Heart - AMASC\" \/>\n<meta property=\"og:description\" content=\"THE RSCJ AND THE SOCIETY OF THE SACRED HEART Founded in 1800, in France, by St. Madeleine Sophie Barat (1779 &#8211; 1865), the Society of the Sacred Heart now has a little less than 2,000 nuns (or \u00ab rscj \u00bb) in the world, divided into 27 provinces covering 41 countries. Each Province is itself attached...\" \/>\n<meta property=\"og:url\" content=\"https:\/\/amasc.org\/es\/partners\/the-rscj-and-the-society-of-the-sacred-heart\/\" \/>\n<meta property=\"og:site_name\" content=\"AMASC\" \/>\n<meta property=\"article:modified_time\" content=\"2024-05-08T12:42:37+00:00\" \/>\n<meta property=\"og:image\" content=\"https:\/\/amasc.org\/wp-content\/uploads\/banner-rscj-EN-1024x288.jpg\" \/>\n<meta name=\"twitter:card\" content=\"summary_large_image\" \/>\n<meta name=\"twitter:label1\" content=\"Tiempo de lectura\" \/>\n\t<meta name=\"twitter:data1\" content=\"2 minutos\" \/>\n<script type=\"application\/ld+json\" class=\"yoast-schema-graph\">{\"@context\":\"https:\/\/schema.org\",\"@graph\":[{\"@type\":\"WebPage\",\"@id\":\"https:\/\/amasc.org\/partners\/the-rscj-and-the-society-of-the-sacred-heart\/\",\"url\":\"https:\/\/amasc.org\/partners\/the-rscj-and-the-society-of-the-sacred-heart\/\",\"name\":\"The RSCJ and the Society of the Sacred Heart - AMASC\",\"isPartOf\":{\"@id\":\"https:\/\/amasc.org\/#website\"},\"primaryImageOfPage\":{\"@id\":\"https:\/\/amasc.org\/partners\/the-rscj-and-the-society-of-the-sacred-heart\/#primaryimage\"},\"image\":{\"@id\":\"https:\/\/amasc.org\/partners\/the-rscj-and-the-society-of-the-sacred-heart\/#primaryimage\"},\"thumbnailUrl\":\"https:\/\/amasc.org\/wp-content\/uploads\/banner-rscj-EN-1024x288.jpg\",\"datePublished\":\"2020-10-18T20:26:21+00:00\",\"dateModified\":\"2024-05-08T12:42:37+00:00\",\"breadcrumb\":{\"@id\":\"https:\/\/amasc.org\/partners\/the-rscj-and-the-society-of-the-sacred-heart\/#breadcrumb\"},\"inLanguage\":\"es\",\"potentialAction\":[{\"@type\":\"ReadAction\",\"target\":[\"https:\/\/amasc.org\/partners\/the-rscj-and-the-society-of-the-sacred-heart\/\"]}]},{\"@type\":\"ImageObject\",\"inLanguage\":\"es\",\"@id\":\"https:\/\/amasc.org\/partners\/the-rscj-and-the-society-of-the-sacred-heart\/#primaryimage\",\"url\":\"https:\/\/amasc.org\/wp-content\/uploads\/banner-rscj-EN-1024x288.jpg\",\"contentUrl\":\"https:\/\/amasc.org\/wp-content\/uploads\/banner-rscj-EN-1024x288.jpg\"},{\"@type\":\"BreadcrumbList\",\"@id\":\"https:\/\/amasc.org\/partners\/the-rscj-and-the-society-of-the-sacred-heart\/#breadcrumb\",\"itemListElement\":[{\"@type\":\"ListItem\",\"position\":1,\"name\":\"Home\",\"item\":\"https:\/\/amasc.org\/\"},{\"@type\":\"ListItem\",\"position\":2,\"name\":\"Relatives\",\"item\":\"https:\/\/amasc.org\/partners\/\"},{\"@type\":\"ListItem\",\"position\":3,\"name\":\"The RSCJ and the Society of the Sacred Heart\"}]},{\"@type\":\"WebSite\",\"@id\":\"https:\/\/amasc.org\/#website\",\"url\":\"https:\/\/amasc.org\/\",\"name\":\"AMASC\",\"description\":\"\",\"publisher\":{\"@id\":\"https:\/\/amasc.org\/#organization\"},\"potentialAction\":[{\"@type\":\"SearchAction\",\"target\":{\"@type\":\"EntryPoint\",\"urlTemplate\":\"https:\/\/amasc.org\/?s={search_term_string}\"},\"query-input\":{\"@type\":\"PropertyValueSpecification\",\"valueRequired\":true,\"valueName\":\"search_term_string\"}}],\"inLanguage\":\"es\"},{\"@type\":\"Organization\",\"@id\":\"https:\/\/amasc.org\/#organization\",\"name\":\"AMASC\",\"url\":\"https:\/\/amasc.org\/\",\"logo\":{\"@type\":\"ImageObject\",\"inLanguage\":\"es\",\"@id\":\"https:\/\/amasc.org\/#\/schema\/logo\/image\/\",\"url\":\"https:\/\/amasc.org\/wp-content\/uploads\/logo-brand-red.png\",\"contentUrl\":\"https:\/\/amasc.org\/wp-content\/uploads\/logo-brand-red.png\",\"width\":1283,\"height\":1624,\"caption\":\"AMASC\"},\"image\":{\"@id\":\"https:\/\/amasc.org\/#\/schema\/logo\/image\/\"}}]}<\/script>\n<!-- \/ Yoast SEO plugin. -->","yoast_head_json":{"title":"La RSCJ y la Sociedad del Sagrado Coraz\u00f3n - AMASC","robots":{"index":"index","follow":"follow","max-snippet":"max-snippet:-1","max-image-preview":"max-image-preview:large","max-video-preview":"max-video-preview:-1"},"canonical":"https:\/\/amasc.org\/es\/partners\/the-rscj-and-the-society-of-the-sacred-heart\/","og_locale":"es_ES","og_type":"article","og_title":"The RSCJ and the Society of the Sacred Heart - AMASC","og_description":"THE RSCJ AND THE SOCIETY OF THE SACRED HEART Founded in 1800, in France, by St. Madeleine Sophie Barat (1779 &#8211; 1865), the Society of the Sacred Heart now has a little less than 2,000 nuns (or \u00ab rscj \u00bb) in the world, divided into 27 provinces covering 41 countries. Each Province is itself attached...","og_url":"https:\/\/amasc.org\/es\/partners\/the-rscj-and-the-society-of-the-sacred-heart\/","og_site_name":"AMASC","article_modified_time":"2024-05-08T12:42:37+00:00","og_image":[{"url":"https:\/\/amasc.org\/wp-content\/uploads\/banner-rscj-EN-1024x288.jpg","type":"","width":"","height":""}],"twitter_card":"summary_large_image","twitter_misc":{"Tiempo de lectura":"2 minutos"},"schema":{"@context":"https:\/\/schema.org","@graph":[{"@type":"WebPage","@id":"https:\/\/amasc.org\/partners\/the-rscj-and-the-society-of-the-sacred-heart\/","url":"https:\/\/amasc.org\/partners\/the-rscj-and-the-society-of-the-sacred-heart\/","name":"La RSCJ y la Sociedad del Sagrado Coraz\u00f3n - AMASC","isPartOf":{"@id":"https:\/\/amasc.org\/#website"},"primaryImageOfPage":{"@id":"https:\/\/amasc.org\/partners\/the-rscj-and-the-society-of-the-sacred-heart\/#primaryimage"},"image":{"@id":"https:\/\/amasc.org\/partners\/the-rscj-and-the-society-of-the-sacred-heart\/#primaryimage"},"thumbnailUrl":"https:\/\/amasc.org\/wp-content\/uploads\/banner-rscj-EN-1024x288.jpg","datePublished":"2020-10-18T20:26:21+00:00","dateModified":"2024-05-08T12:42:37+00:00","breadcrumb":{"@id":"https:\/\/amasc.org\/partners\/the-rscj-and-the-society-of-the-sacred-heart\/#breadcrumb"},"inLanguage":"es","potentialAction":[{"@type":"ReadAction","target":["https:\/\/amasc.org\/partners\/the-rscj-and-the-society-of-the-sacred-heart\/"]}]},{"@type":"ImageObject","inLanguage":"es","@id":"https:\/\/amasc.org\/partners\/the-rscj-and-the-society-of-the-sacred-heart\/#primaryimage","url":"https:\/\/amasc.org\/wp-content\/uploads\/banner-rscj-EN-1024x288.jpg","contentUrl":"https:\/\/amasc.org\/wp-content\/uploads\/banner-rscj-EN-1024x288.jpg"},{"@type":"BreadcrumbList","@id":"https:\/\/amasc.org\/partners\/the-rscj-and-the-society-of-the-sacred-heart\/#breadcrumb","itemListElement":[{"@type":"ListItem","position":1,"name":"Home","item":"https:\/\/amasc.org\/"},{"@type":"ListItem","position":2,"name":"Relatives","item":"https:\/\/amasc.org\/partners\/"},{"@type":"ListItem","position":3,"name":"The RSCJ and the Society of the Sacred Heart"}]},{"@type":"WebSite","@id":"https:\/\/amasc.org\/#website","url":"https:\/\/amasc.org\/","name":"AMASC","description":"","publisher":{"@id":"https:\/\/amasc.org\/#organization"},"potentialAction":[{"@type":"SearchAction","target":{"@type":"EntryPoint","urlTemplate":"https:\/\/amasc.org\/?s={search_term_string}"},"query-input":{"@type":"PropertyValueSpecification","valueRequired":true,"valueName":"search_term_string"}}],"inLanguage":"es"},{"@type":"Organization","@id":"https:\/\/amasc.org\/#organization","name":"AMASC","url":"https:\/\/amasc.org\/","logo":{"@type":"ImageObject","inLanguage":"es","@id":"https:\/\/amasc.org\/#\/schema\/logo\/image\/","url":"https:\/\/amasc.org\/wp-content\/uploads\/logo-brand-red.png","contentUrl":"https:\/\/amasc.org\/wp-content\/uploads\/logo-brand-red.png","width":1283,"height":1624,"caption":"AMASC"},"image":{"@id":"https:\/\/amasc.org\/#\/schema\/logo\/image\/"}}]}},"taxonomy_info":[],"featured_image_src_large":false,"author_info":{"display_name":"AMASC","author_link":"https:\/\/amasc.org\/es\/author\/amasc\/"},"comment_info":0,"_links":{"self":[{"href":"https:\/\/amasc.org\/es\/wp-json\/wp\/v2\/pages\/830","targetHints":{"allow":["GET"]}}],"collection":[{"href":"https:\/\/amasc.org\/es\/wp-json\/wp\/v2\/pages"}],"about":[{"href":"https:\/\/amasc.org\/es\/wp-json\/wp\/v2\/types\/page"}],"author":[{"embeddable":true,"href":"https:\/\/amasc.org\/es\/wp-json\/wp\/v2\/users\/6"}],"replies":[{"embeddable":true,"href":"https:\/\/amasc.org\/es\/wp-json\/wp\/v2\/comments?post=830"}],"version-history":[{"count":0,"href":"https:\/\/amasc.org\/es\/wp-json\/wp\/v2\/pages\/830\/revisions"}],"up":[{"embeddable":true,"href":"https:\/\/amasc.org\/es\/wp-json\/wp\/v2\/pages\/1425"}],"wp:attachment":[{"href":"https:\/\/amasc.org\/es\/wp-json\/wp\/v2\/media?parent=830"}],"curies":[{"name":"wp","href":"https:\/\/api.w.org\/{rel}","templated":true}]}}