{"id":849,"date":"2020-10-18T22:47:56","date_gmt":"2020-10-18T20:47:56","guid":{"rendered":"https:\/\/sitewp.amasc-sacrecoeur.net\/?page_id=849"},"modified":"2020-11-06T18:24:22","modified_gmt":"2020-11-06T17:24:22","slug":"some-important-dates","status":"publish","type":"page","link":"https:\/\/amasc.org\/es\/partners\/the-rscj-and-the-society-of-the-sacred-heart\/some-important-dates\/","title":{"rendered":"Algunas fechas importantes"},"content":{"rendered":"<div class=\"wp-block-columns is-layout-flex wp-container-core-columns-is-layout-9d6595d7 wp-block-columns-is-layout-flex\">\n<div class=\"wp-block-column is-layout-flow wp-block-column-is-layout-flow\" style=\"flex-basis:66.66%\">\n<h2 class=\"wp-block-heading\"><span style=\"color:#b72424\" class=\"has-inline-color\">Algunas fechas importantes en la historia del Sagrado Coraz\u00f3n<\/span><\/h2>\n\n\n\n<ul class=\"wp-block-list\"><li>12 de diciembre de 1779: Nacimiento de Sophie Barat en Joigny (Francia)<\/li><li>21 de noviembre de 1800: En el H\u00f4tel de Vass\u00e9 en Par\u00eds, primeros deseos de Sophie Barat<\/li><li>En noviembre de 1801: Apertura de un primer internado en Amiens (Francia))<\/li><li>El 18 de diciembre de 1804:Encuentro entre Sophie Barat y Philippine Duchesne, el convento de Santa Maria d'en Haut (Grenoble),<\/li><li>)1806: Primer Consejo General de la \" peque\u00f1a sociedad \", Sophie Barat es elegida Superiora vitalicia<\/li><li>15 de diciembre de 1815: Primeras Constituciones<\/li><li>21 de marzo de 1818: En Royan (puerto avanzado de Burdeos), Philippine Duchesne embarca en el Rebecca con 4 compa\u00f1eras con destino a Am\u00e9rica, donde abre la primera escuela en St. Charles de Missouri el 14 de septiembre de 1818.<\/li><li>1839-1845: Importante crisis en la Sociedad sobre la situaci\u00f3n de su gobierno<\/li><li>18 de noviembre de 1852: Muerte de Philippine Duchesne en St. Charles, Missouri<\/li><li>25 de mayo de 1865: Muerte de Magdalena Sof\u00eda Barat. Hay 3.539 religiosas en 89 casas, de ellas 64 en Europa, 20 en Estados Unidos y Canad\u00e1, 2 en Cuba y 3 en Am\u00e9rica Latina.<\/li><li>1907: Debido a las leyes hostiles a las congregaciones religiosas, 2.500 rscj abandonan Francia. Este exilio dar\u00e1 un nuevo impulso a la internacionalidad de la Sociedad del Sagrado Coraz\u00f3n con la creaci\u00f3n de nuevas fundaciones, especialmente en diversos pa\u00edses del Tercer Mundo.<\/li><li>1925: Canonizaci\u00f3n de Santa Magdalena Sof\u00eda Barat<\/li><li>1965 : Al final del Concilio Vaticano II (1962 - 1965), la Iglesia pide a todas las congregaciones religiosas que revisen sus Constituciones.<\/li><li>1967: Un cap\u00edtulo especial dar\u00e1 a la Compa\u00f1\u00eda los medios para adaptarse a los \"signos de los tiempos\": desaparece el generalato de por vida, el gobierno de la sociedad apunta a una mayor corresponsabilidad y a un mayor respeto de las particularidades locales . Sin embargo, est\u00e1 previsto aplazar la adopci\u00f3n de las nuevas Constituciones hasta 1982, con el fin de permitir a todas las monjas del mundo participar en esta revisi\u00f3n.<\/li><li>1982: Al final del Cap\u00edtulo General, los capitulares votan por unanimidad las nuevas constituciones de la Sociedad del Sagrado Coraz\u00f3n. Ser\u00e1n aprobadas por la Iglesia en 1987.<\/li><li>1988: Canonizaci\u00f3n de Santa Filipina Duchesne<\/li><li>2009: Repatriaci\u00f3n del santuario de Santa Magdalena Sof\u00eda Barat en la iglesia Saint-Fran\u00e7ois-Xavier de Par\u00eds<\/li><\/ul>\n\n\n\n<div style=\"height:50px\" aria-hidden=\"true\" class=\"wp-block-spacer\"><\/div>\n\n\n\n<div class=\"wp-block-buttons aligncenter is-layout-flex wp-block-buttons-is-layout-flex\">\n<div class=\"wp-block-button is-style-fill\"><a class=\"wp-block-button__link has-background\" href=\"https:\/\/amasc.org\/en\/partners\/the-rscj-and-the-society-of-the-sacred-heart\/some-important-dates\/the-emblematic-sites\/\" style=\"border-radius:15px;background-color:#b72424\">LOS LUGARES EMBLEM\u00c1TICOS DE LA SOCIEDAD DEL SAGRADO CORAZ\u00d3N<\/a><\/div>\n<\/div>\n<\/div>\n\n\n\n<div class=\"wp-block-column is-layout-flow wp-block-column-is-layout-flow\" style=\"flex-basis:33.33%\">\n<div class=\"wp-block-image\"><figure class=\"aligncenter size-large\"><img loading=\"lazy\" decoding=\"async\" width=\"330\" height=\"356\" src=\"https:\/\/amasc.org\/wp-content\/uploads\/img_partenaires_RSCJ_dates_1.jpg\" alt=\"\" class=\"wp-image-838\" srcset=\"https:\/\/amasc.org\/wp-content\/uploads\/img_partenaires_RSCJ_dates_1.jpg 330w, https:\/\/amasc.org\/wp-content\/uploads\/img_partenaires_RSCJ_dates_1-278x300.jpg 278w\" sizes=\"auto, (max-width: 330px) 100vw, 330px\" \/><figcaption><em><em><em>Casa natal de Sophie Barat en Joigny<\/em><\/em><\/em><\/figcaption><\/figure><\/div>\n\n\n\n<div class=\"wp-block-image\"><figure class=\"aligncenter size-large\"><img loading=\"lazy\" decoding=\"async\" width=\"330\" height=\"390\" src=\"https:\/\/amasc.org\/wp-content\/uploads\/img_partenaires_RSCJ_dates_2.jpg\" alt=\"\" class=\"wp-image-839\" srcset=\"https:\/\/amasc.org\/wp-content\/uploads\/img_partenaires_RSCJ_dates_2.jpg 330w, https:\/\/amasc.org\/wp-content\/uploads\/img_partenaires_RSCJ_dates_2-254x300.jpg 254w\" sizes=\"auto, (max-width: 330px) 100vw, 330px\" \/><figcaption><em><em><em>Phillipine Duchesne embarque para souAmerica<\/em><\/em><\/em><\/figcaption><\/figure><\/div>\n\n\n\n<div class=\"wp-block-image\"><figure class=\"aligncenter size-large\"><img loading=\"lazy\" decoding=\"async\" width=\"330\" height=\"398\" src=\"https:\/\/amasc.org\/wp-content\/uploads\/img_partenaires_RSCJ_dates_3.jpg\" alt=\"\" class=\"wp-image-840\" srcset=\"https:\/\/amasc.org\/wp-content\/uploads\/img_partenaires_RSCJ_dates_3.jpg 330w, https:\/\/amasc.org\/wp-content\/uploads\/img_partenaires_RSCJ_dates_3-249x300.jpg 249w\" sizes=\"auto, (max-width: 330px) 100vw, 330px\" \/><figcaption><em><em>Bajo el generalato de la madre Camacho(1970-1982) las RSCJ se encaminan hacia un nuevo estilo de vida<\/em><\/em><\/figcaption><\/figure><\/div>\n<\/div>\n<\/div>\n\n\n\n<p><\/p>","protected":false},"excerpt":{"rendered":"<p>Algunas fechas importantes en la historia del Sagrado Coraz\u00f3n 12 de diciembre de 1779: Nacimiento de Sof\u00eda Barat en Joigny (Francia) 21 de noviembre de 1800: En el H\u00f4tel de Vass\u00e9 de Par\u00eds, primeros deseos de Sof\u00eda Barat En noviembre de 1801: Apertura de un primer internado en Amiens (Francia)) El 18 de diciembre de 1804:Encuentro entre Sof\u00eda Barat y...<\/p>","protected":false},"author":6,"featured_media":0,"parent":830,"menu_order":0,"comment_status":"closed","ping_status":"closed","template":"","meta":{"_acf_changed":false,"_kad_blocks_custom_css":"","_kad_blocks_head_custom_js":"","_kad_blocks_body_custom_js":"","_kad_blocks_footer_custom_js":"","_kad_post_transparent":"","_kad_post_title":"","_kad_post_layout":"","_kad_post_sidebar_id":"","_kad_post_content_style":"","_kad_post_vertical_padding":"","_kad_post_feature":"","_kad_post_feature_position":"","_kad_post_header":false,"_kad_post_footer":false,"_kad_post_classname":"","footnotes":""},"class_list":["post-849","page","type-page","status-publish","hentry"],"acf":[],"yoast_head":"<!-- This site is optimized with the Yoast SEO plugin v26.4 - https:\/\/yoast.com\/wordpress\/plugins\/seo\/ -->\n<title>Some important dates - AMASC<\/title>\n<meta name=\"robots\" content=\"index, follow, max-snippet:-1, max-image-preview:large, max-video-preview:-1\" \/>\n<link rel=\"canonical\" href=\"https:\/\/amasc.org\/es\/partners\/the-rscj-and-the-society-of-the-sacred-heart\/some-important-dates\/\" \/>\n<meta property=\"og:locale\" content=\"es_ES\" \/>\n<meta property=\"og:type\" content=\"article\" \/>\n<meta property=\"og:title\" content=\"Some important dates - AMASC\" \/>\n<meta property=\"og:description\" content=\"Some important dates in the history of the Sacred Heart December 12, 1779: Birth of Sophie Barat in Joigny (France) November 21, 1800: At the H\u00f4tel de Vass\u00e9 in Paris, first wishes of Sophie Barat In November 1801: Opening of a first boarding school in Amiens (France)) The December 18,1804:Meeting between Sophie Barat and Philippine...\" \/>\n<meta property=\"og:url\" content=\"https:\/\/amasc.org\/es\/partners\/the-rscj-and-the-society-of-the-sacred-heart\/some-important-dates\/\" \/>\n<meta property=\"og:site_name\" content=\"AMASC\" \/>\n<meta property=\"article:modified_time\" content=\"2020-11-06T17:24:22+00:00\" \/>\n<meta property=\"og:image\" content=\"https:\/\/amasc.org\/wp-content\/uploads\/img_partenaires_RSCJ_dates_1.jpg\" \/>\n<meta name=\"twitter:card\" content=\"summary_large_image\" \/>\n<meta name=\"twitter:label1\" content=\"Tiempo de lectura\" \/>\n\t<meta name=\"twitter:data1\" content=\"2 minutos\" \/>\n<script type=\"application\/ld+json\" class=\"yoast-schema-graph\">{\"@context\":\"https:\/\/schema.org\",\"@graph\":[{\"@type\":\"WebPage\",\"@id\":\"https:\/\/amasc.org\/partners\/the-rscj-and-the-society-of-the-sacred-heart\/some-important-dates\/\",\"url\":\"https:\/\/amasc.org\/partners\/the-rscj-and-the-society-of-the-sacred-heart\/some-important-dates\/\",\"name\":\"Some important dates - AMASC\",\"isPartOf\":{\"@id\":\"https:\/\/amasc.org\/#website\"},\"primaryImageOfPage\":{\"@id\":\"https:\/\/amasc.org\/partners\/the-rscj-and-the-society-of-the-sacred-heart\/some-important-dates\/#primaryimage\"},\"image\":{\"@id\":\"https:\/\/amasc.org\/partners\/the-rscj-and-the-society-of-the-sacred-heart\/some-important-dates\/#primaryimage\"},\"thumbnailUrl\":\"https:\/\/amasc.org\/wp-content\/uploads\/img_partenaires_RSCJ_dates_1.jpg\",\"datePublished\":\"2020-10-18T20:47:56+00:00\",\"dateModified\":\"2020-11-06T17:24:22+00:00\",\"breadcrumb\":{\"@id\":\"https:\/\/amasc.org\/partners\/the-rscj-and-the-society-of-the-sacred-heart\/some-important-dates\/#breadcrumb\"},\"inLanguage\":\"es\",\"potentialAction\":[{\"@type\":\"ReadAction\",\"target\":[\"https:\/\/amasc.org\/partners\/the-rscj-and-the-society-of-the-sacred-heart\/some-important-dates\/\"]}]},{\"@type\":\"ImageObject\",\"inLanguage\":\"es\",\"@id\":\"https:\/\/amasc.org\/partners\/the-rscj-and-the-society-of-the-sacred-heart\/some-important-dates\/#primaryimage\",\"url\":\"https:\/\/amasc.org\/wp-content\/uploads\/img_partenaires_RSCJ_dates_1.jpg\",\"contentUrl\":\"https:\/\/amasc.org\/wp-content\/uploads\/img_partenaires_RSCJ_dates_1.jpg\"},{\"@type\":\"BreadcrumbList\",\"@id\":\"https:\/\/amasc.org\/partners\/the-rscj-and-the-society-of-the-sacred-heart\/some-important-dates\/#breadcrumb\",\"itemListElement\":[{\"@type\":\"ListItem\",\"position\":1,\"name\":\"Home\",\"item\":\"https:\/\/amasc.org\/\"},{\"@type\":\"ListItem\",\"position\":2,\"name\":\"Relatives\",\"item\":\"https:\/\/amasc.org\/partners\/\"},{\"@type\":\"ListItem\",\"position\":3,\"name\":\"The RSCJ and the Society of the Sacred Heart\",\"item\":\"https:\/\/amasc.org\/partners\/the-rscj-and-the-society-of-the-sacred-heart\/\"},{\"@type\":\"ListItem\",\"position\":4,\"name\":\"Some important dates\"}]},{\"@type\":\"WebSite\",\"@id\":\"https:\/\/amasc.org\/#website\",\"url\":\"https:\/\/amasc.org\/\",\"name\":\"AMASC\",\"description\":\"\",\"publisher\":{\"@id\":\"https:\/\/amasc.org\/#organization\"},\"potentialAction\":[{\"@type\":\"SearchAction\",\"target\":{\"@type\":\"EntryPoint\",\"urlTemplate\":\"https:\/\/amasc.org\/?s={search_term_string}\"},\"query-input\":{\"@type\":\"PropertyValueSpecification\",\"valueRequired\":true,\"valueName\":\"search_term_string\"}}],\"inLanguage\":\"es\"},{\"@type\":\"Organization\",\"@id\":\"https:\/\/amasc.org\/#organization\",\"name\":\"AMASC\",\"url\":\"https:\/\/amasc.org\/\",\"logo\":{\"@type\":\"ImageObject\",\"inLanguage\":\"es\",\"@id\":\"https:\/\/amasc.org\/#\/schema\/logo\/image\/\",\"url\":\"https:\/\/amasc.org\/wp-content\/uploads\/logo-brand-red.png\",\"contentUrl\":\"https:\/\/amasc.org\/wp-content\/uploads\/logo-brand-red.png\",\"width\":1283,\"height\":1624,\"caption\":\"AMASC\"},\"image\":{\"@id\":\"https:\/\/amasc.org\/#\/schema\/logo\/image\/\"}}]}<\/script>\n<!-- \/ Yoast SEO plugin. -->","yoast_head_json":{"title":"Some important dates - AMASC","robots":{"index":"index","follow":"follow","max-snippet":"max-snippet:-1","max-image-preview":"max-image-preview:large","max-video-preview":"max-video-preview:-1"},"canonical":"https:\/\/amasc.org\/es\/partners\/the-rscj-and-the-society-of-the-sacred-heart\/some-important-dates\/","og_locale":"es_ES","og_type":"article","og_title":"Some important dates - AMASC","og_description":"Some important dates in the history of the Sacred Heart December 12, 1779: Birth of Sophie Barat in Joigny (France) November 21, 1800: At the H\u00f4tel de Vass\u00e9 in Paris, first wishes of Sophie Barat In November 1801: Opening of a first boarding school in Amiens (France)) The December 18,1804:Meeting between Sophie Barat and Philippine...","og_url":"https:\/\/amasc.org\/es\/partners\/the-rscj-and-the-society-of-the-sacred-heart\/some-important-dates\/","og_site_name":"AMASC","article_modified_time":"2020-11-06T17:24:22+00:00","og_image":[{"url":"https:\/\/amasc.org\/wp-content\/uploads\/img_partenaires_RSCJ_dates_1.jpg","type":"","width":"","height":""}],"twitter_card":"summary_large_image","twitter_misc":{"Tiempo de lectura":"2 minutos"},"schema":{"@context":"https:\/\/schema.org","@graph":[{"@type":"WebPage","@id":"https:\/\/amasc.org\/partners\/the-rscj-and-the-society-of-the-sacred-heart\/some-important-dates\/","url":"https:\/\/amasc.org\/partners\/the-rscj-and-the-society-of-the-sacred-heart\/some-important-dates\/","name":"Some important dates - AMASC","isPartOf":{"@id":"https:\/\/amasc.org\/#website"},"primaryImageOfPage":{"@id":"https:\/\/amasc.org\/partners\/the-rscj-and-the-society-of-the-sacred-heart\/some-important-dates\/#primaryimage"},"image":{"@id":"https:\/\/amasc.org\/partners\/the-rscj-and-the-society-of-the-sacred-heart\/some-important-dates\/#primaryimage"},"thumbnailUrl":"https:\/\/amasc.org\/wp-content\/uploads\/img_partenaires_RSCJ_dates_1.jpg","datePublished":"2020-10-18T20:47:56+00:00","dateModified":"2020-11-06T17:24:22+00:00","breadcrumb":{"@id":"https:\/\/amasc.org\/partners\/the-rscj-and-the-society-of-the-sacred-heart\/some-important-dates\/#breadcrumb"},"inLanguage":"es","potentialAction":[{"@type":"ReadAction","target":["https:\/\/amasc.org\/partners\/the-rscj-and-the-society-of-the-sacred-heart\/some-important-dates\/"]}]},{"@type":"ImageObject","inLanguage":"es","@id":"https:\/\/amasc.org\/partners\/the-rscj-and-the-society-of-the-sacred-heart\/some-important-dates\/#primaryimage","url":"https:\/\/amasc.org\/wp-content\/uploads\/img_partenaires_RSCJ_dates_1.jpg","contentUrl":"https:\/\/amasc.org\/wp-content\/uploads\/img_partenaires_RSCJ_dates_1.jpg"},{"@type":"BreadcrumbList","@id":"https:\/\/amasc.org\/partners\/the-rscj-and-the-society-of-the-sacred-heart\/some-important-dates\/#breadcrumb","itemListElement":[{"@type":"ListItem","position":1,"name":"Home","item":"https:\/\/amasc.org\/"},{"@type":"ListItem","position":2,"name":"Relatives","item":"https:\/\/amasc.org\/partners\/"},{"@type":"ListItem","position":3,"name":"The RSCJ and the Society of the Sacred Heart","item":"https:\/\/amasc.org\/partners\/the-rscj-and-the-society-of-the-sacred-heart\/"},{"@type":"ListItem","position":4,"name":"Some important dates"}]},{"@type":"WebSite","@id":"https:\/\/amasc.org\/#website","url":"https:\/\/amasc.org\/","name":"AMASC","description":"","publisher":{"@id":"https:\/\/amasc.org\/#organization"},"potentialAction":[{"@type":"SearchAction","target":{"@type":"EntryPoint","urlTemplate":"https:\/\/amasc.org\/?s={search_term_string}"},"query-input":{"@type":"PropertyValueSpecification","valueRequired":true,"valueName":"search_term_string"}}],"inLanguage":"es"},{"@type":"Organization","@id":"https:\/\/amasc.org\/#organization","name":"AMASC","url":"https:\/\/amasc.org\/","logo":{"@type":"ImageObject","inLanguage":"es","@id":"https:\/\/amasc.org\/#\/schema\/logo\/image\/","url":"https:\/\/amasc.org\/wp-content\/uploads\/logo-brand-red.png","contentUrl":"https:\/\/amasc.org\/wp-content\/uploads\/logo-brand-red.png","width":1283,"height":1624,"caption":"AMASC"},"image":{"@id":"https:\/\/amasc.org\/#\/schema\/logo\/image\/"}}]}},"taxonomy_info":[],"featured_image_src_large":false,"author_info":{"display_name":"AMASC","author_link":"https:\/\/amasc.org\/es\/author\/amasc\/"},"comment_info":0,"_links":{"self":[{"href":"https:\/\/amasc.org\/es\/wp-json\/wp\/v2\/pages\/849","targetHints":{"allow":["GET"]}}],"collection":[{"href":"https:\/\/amasc.org\/es\/wp-json\/wp\/v2\/pages"}],"about":[{"href":"https:\/\/amasc.org\/es\/wp-json\/wp\/v2\/types\/page"}],"author":[{"embeddable":true,"href":"https:\/\/amasc.org\/es\/wp-json\/wp\/v2\/users\/6"}],"replies":[{"embeddable":true,"href":"https:\/\/amasc.org\/es\/wp-json\/wp\/v2\/comments?post=849"}],"version-history":[{"count":0,"href":"https:\/\/amasc.org\/es\/wp-json\/wp\/v2\/pages\/849\/revisions"}],"up":[{"embeddable":true,"href":"https:\/\/amasc.org\/es\/wp-json\/wp\/v2\/pages\/830"}],"wp:attachment":[{"href":"https:\/\/amasc.org\/es\/wp-json\/wp\/v2\/media?parent=849"}],"curies":[{"name":"wp","href":"https:\/\/api.w.org\/{rel}","templated":true}]}}