{"id":872,"date":"2020-10-24T22:44:21","date_gmt":"2020-10-24T20:44:21","guid":{"rendered":"https:\/\/sitewp.amasc-sacrecoeur.net\/?page_id=872"},"modified":"2020-11-06T18:25:12","modified_gmt":"2020-11-06T17:25:12","slug":"their-spirituality","status":"publish","type":"page","link":"https:\/\/amasc.org\/es\/partners\/the-rscj-and-the-society-of-the-sacred-heart\/their-spirituality\/","title":{"rendered":"Espiritualidad"},"content":{"rendered":"<div class=\"wp-block-columns is-layout-flex wp-container-core-columns-is-layout-9d6595d7 wp-block-columns-is-layout-flex\">\n<div class=\"wp-block-column is-layout-flow wp-block-column-is-layout-flow\" style=\"flex-basis:66.66%\">\n<h2 class=\"wp-block-heading\"><span style=\"color:#b72424\" class=\"has-inline-color\">Su espiritualidad<\/span><\/h2>\n\n\n\n<p><strong>Las rscj est\u00e1n a la vez unidas en el coraz\u00f3n de Cristo y entregadas al mundo<\/strong>Su vida apost\u00f3lica, enraizada en la contemplaci\u00f3n del coraz\u00f3n de Jes\u00fas, se inspira en la espiritualidad de San Ignacio de Loyola, fundador de los \"jesuitas\", para quien no es posible concebir una relaci\u00f3n con Dios sin el compromiso al servicio de la comunidad humana.<\/p>\n\n\n\n<p>Esta contemplaci\u00f3n, que requiere silencio e interioridad y les llev\u00f3 a buscar amar como \u00e9l les da a encontrar un camino educativo que permite a cada uno :<\/p>\n\n\n\n<ul class=\"wp-block-list\"><li>desarrollar su potencial<\/li><li>superar<\/li><li>escucha los gritos de nuestro mundo<\/li><li>comprometerse con los dem\u00e1s en la transformaci\u00f3n del mundo.<\/li><\/ul>\n\n\n\n<p>Tambi\u00e9n les ordena vivir en unidad, que es&nbsp;<em>\"la marca de su identidad ... y autentifica la verdad de su vida apost\u00f3lica\"<\/em>&nbsp;(Constituciones, \u00a7 329). Reunidas en comunidades, las rscj est\u00e1n invitadas a actuar como un solo cuerpo dentro de su congregaci\u00f3n, en fidelidad al lema&nbsp;<em>\" Cor unum y anima una in cuerda Jesu\"<\/em>&nbsp;(Un solo coraz\u00f3n y una sola alma en el coraz\u00f3n de Jes\u00fas). Un lema que la fundadora hab\u00eda pedido a sus hermanas que inscribieran en la cruz que llevar\u00edan en el coraz\u00f3n.<\/p>\n\n\n\n<p>Por \u00faltimo, la devoci\u00f3n a Mar\u00eda ocupa un lugar importante en la tradici\u00f3n espiritual del Sagrado Coraz\u00f3n. Desde el principio, Santa Magdalena Sof\u00eda asoci\u00f3 el coraz\u00f3n de Mar\u00eda, tambi\u00e9n atravesado por una espada, al de su Hijo.&nbsp;<em>Mater Admirabilis<\/em>, pintada en 1844 por la joven postulante Pauline Perdrau, en el claustro de Trinita dei Monti en Roma, se convirti\u00f3 en la patrona de todos los colegios del Sagrado Coraz\u00f3n del mundo, que siguen siendo numerosos para celebrar su cumplea\u00f1os el 20 de octubre.<\/p>\n\n\n\n<div style=\"height:50px\" aria-hidden=\"true\" class=\"wp-block-spacer\"><\/div>\n\n\n\n<div class=\"wp-block-buttons aligncenter is-layout-flex wp-block-buttons-is-layout-flex\">\n<div class=\"wp-block-button is-style-fill\"><a class=\"wp-block-button__link has-background\" href=\"https:\/\/amasc.org\/en\/partners\/the-rscj-and-the-society-of-the-sacred-heart\/their-spirituality\/some-great-figures\/\" style=\"border-radius:15px;background-color:#b72424\">ALGUNAS GRANDES FIGURAS DE RSCJ<\/a><\/div>\n\n\n\n<div class=\"wp-block-button is-style-fill\"><a class=\"wp-block-button__link has-background\" href=\"https:\/\/amasc.org\/en\/partners\/the-rscj-and-the-society-of-the-sacred-heart\/their-spirituality\/the-constitutions-of-1982-excerpts\/\" style=\"border-radius:15px;background-color:#b72424\">LAS CONSTITUCIONES DE 1982 (EXTRACTOS)<\/a><\/div>\n<\/div>\n<\/div>\n\n\n\n<div class=\"wp-block-column is-layout-flow wp-block-column-is-layout-flow\" style=\"flex-basis:33.33%\">\n<div class=\"wp-block-image\"><figure class=\"aligncenter size-large\"><img loading=\"lazy\" decoding=\"async\" width=\"330\" height=\"434\" src=\"https:\/\/amasc.org\/wp-content\/uploads\/img_rscj_spiritualite_1.jpg\" alt=\"\" class=\"wp-image-868\" srcset=\"https:\/\/amasc.org\/wp-content\/uploads\/img_rscj_spiritualite_1.jpg 330w, https:\/\/amasc.org\/wp-content\/uploads\/img_rscj_spiritualite_1-228x300.jpg 228w\" sizes=\"auto, (max-width: 330px) 100vw, 330px\" \/><figcaption><em><em><em>Una espiritualidad basada en la contemplaci\u00f3n del coraz\u00f3n herido de Cristo que impulsa a la acci\u00f3n<\/em><\/em><\/em><\/figcaption><\/figure><\/div>\n\n\n\n<div class=\"wp-block-image\"><figure class=\"aligncenter size-large\"><img loading=\"lazy\" decoding=\"async\" width=\"330\" height=\"398\" src=\"https:\/\/amasc.org\/wp-content\/uploads\/img_rscj_spiritualite_2.jpg\" alt=\"\" class=\"wp-image-869\" srcset=\"https:\/\/amasc.org\/wp-content\/uploads\/img_rscj_spiritualite_2.jpg 330w, https:\/\/amasc.org\/wp-content\/uploads\/img_rscj_spiritualite_2-249x300.jpg 249w\" sizes=\"auto, (max-width: 330px) 100vw, 330px\" \/><figcaption><em><em><em>Una devoci\u00f3n com\u00fan a Mar\u00eda, protectora de todos los Sagrados Corazones del mundo<\/em><\/em><\/em><\/figcaption><\/figure><\/div>\n<\/div>\n<\/div>","protected":false},"excerpt":{"rendered":"<p>Su espiritualidad Las rscj est\u00e1n a la vez unidas en el coraz\u00f3n de Cristo y entregadas al mundo.Su vida apost\u00f3lica, enraizada en la contemplaci\u00f3n del coraz\u00f3n de Jes\u00fas, se inspira en la espiritualidad de San Ignacio de Loyola, fundador de los \"jesuitas\", para quien no es posible concebir una relaci\u00f3n con Dios...<\/p>","protected":false},"author":6,"featured_media":0,"parent":830,"menu_order":0,"comment_status":"closed","ping_status":"closed","template":"","meta":{"_acf_changed":false,"_kad_blocks_custom_css":"","_kad_blocks_head_custom_js":"","_kad_blocks_body_custom_js":"","_kad_blocks_footer_custom_js":"","_kad_post_transparent":"","_kad_post_title":"","_kad_post_layout":"","_kad_post_sidebar_id":"","_kad_post_content_style":"","_kad_post_vertical_padding":"","_kad_post_feature":"","_kad_post_feature_position":"","_kad_post_header":false,"_kad_post_footer":false,"_kad_post_classname":"","footnotes":""},"class_list":["post-872","page","type-page","status-publish","hentry"],"acf":[],"yoast_head":"<!-- This site is optimized with the Yoast SEO plugin v26.4 - https:\/\/yoast.com\/wordpress\/plugins\/seo\/ -->\n<title>Spirituality - AMASC<\/title>\n<meta name=\"robots\" content=\"index, follow, max-snippet:-1, max-image-preview:large, max-video-preview:-1\" \/>\n<link rel=\"canonical\" href=\"https:\/\/amasc.org\/es\/partners\/the-rscj-and-the-society-of-the-sacred-heart\/their-spirituality\/\" \/>\n<meta property=\"og:locale\" content=\"es_ES\" \/>\n<meta property=\"og:type\" content=\"article\" \/>\n<meta property=\"og:title\" content=\"Spirituality - AMASC\" \/>\n<meta property=\"og:description\" content=\"Their spirituality The rscj are both united in the heart of Christ and given to the world.Their apostolic life, rooted in the contemplation of the heart of Jesus, is inspired by the spirituality of St Ignatius Loyola, the founder of the \u00abJesuits\u00bb, for whom it is not possible to conceive of a relationship with God...\" \/>\n<meta property=\"og:url\" content=\"https:\/\/amasc.org\/es\/partners\/the-rscj-and-the-society-of-the-sacred-heart\/their-spirituality\/\" \/>\n<meta property=\"og:site_name\" content=\"AMASC\" \/>\n<meta property=\"article:modified_time\" content=\"2020-11-06T17:25:12+00:00\" \/>\n<meta property=\"og:image\" content=\"https:\/\/amasc.org\/wp-content\/uploads\/img_rscj_spiritualite_1.jpg\" \/>\n<meta name=\"twitter:card\" content=\"summary_large_image\" \/>\n<meta name=\"twitter:label1\" content=\"Tiempo de lectura\" \/>\n\t<meta name=\"twitter:data1\" content=\"2 minutos\" \/>\n<script type=\"application\/ld+json\" class=\"yoast-schema-graph\">{\"@context\":\"https:\/\/schema.org\",\"@graph\":[{\"@type\":\"WebPage\",\"@id\":\"https:\/\/amasc.org\/partners\/the-rscj-and-the-society-of-the-sacred-heart\/their-spirituality\/\",\"url\":\"https:\/\/amasc.org\/partners\/the-rscj-and-the-society-of-the-sacred-heart\/their-spirituality\/\",\"name\":\"Spirituality - AMASC\",\"isPartOf\":{\"@id\":\"https:\/\/amasc.org\/#website\"},\"primaryImageOfPage\":{\"@id\":\"https:\/\/amasc.org\/partners\/the-rscj-and-the-society-of-the-sacred-heart\/their-spirituality\/#primaryimage\"},\"image\":{\"@id\":\"https:\/\/amasc.org\/partners\/the-rscj-and-the-society-of-the-sacred-heart\/their-spirituality\/#primaryimage\"},\"thumbnailUrl\":\"https:\/\/amasc.org\/wp-content\/uploads\/img_rscj_spiritualite_1.jpg\",\"datePublished\":\"2020-10-24T20:44:21+00:00\",\"dateModified\":\"2020-11-06T17:25:12+00:00\",\"breadcrumb\":{\"@id\":\"https:\/\/amasc.org\/partners\/the-rscj-and-the-society-of-the-sacred-heart\/their-spirituality\/#breadcrumb\"},\"inLanguage\":\"es\",\"potentialAction\":[{\"@type\":\"ReadAction\",\"target\":[\"https:\/\/amasc.org\/partners\/the-rscj-and-the-society-of-the-sacred-heart\/their-spirituality\/\"]}]},{\"@type\":\"ImageObject\",\"inLanguage\":\"es\",\"@id\":\"https:\/\/amasc.org\/partners\/the-rscj-and-the-society-of-the-sacred-heart\/their-spirituality\/#primaryimage\",\"url\":\"https:\/\/amasc.org\/wp-content\/uploads\/img_rscj_spiritualite_1.jpg\",\"contentUrl\":\"https:\/\/amasc.org\/wp-content\/uploads\/img_rscj_spiritualite_1.jpg\"},{\"@type\":\"BreadcrumbList\",\"@id\":\"https:\/\/amasc.org\/partners\/the-rscj-and-the-society-of-the-sacred-heart\/their-spirituality\/#breadcrumb\",\"itemListElement\":[{\"@type\":\"ListItem\",\"position\":1,\"name\":\"Home\",\"item\":\"https:\/\/amasc.org\/\"},{\"@type\":\"ListItem\",\"position\":2,\"name\":\"Relatives\",\"item\":\"https:\/\/amasc.org\/partners\/\"},{\"@type\":\"ListItem\",\"position\":3,\"name\":\"The RSCJ and the Society of the Sacred Heart\",\"item\":\"https:\/\/amasc.org\/partners\/the-rscj-and-the-society-of-the-sacred-heart\/\"},{\"@type\":\"ListItem\",\"position\":4,\"name\":\"Spirituality\"}]},{\"@type\":\"WebSite\",\"@id\":\"https:\/\/amasc.org\/#website\",\"url\":\"https:\/\/amasc.org\/\",\"name\":\"AMASC\",\"description\":\"\",\"publisher\":{\"@id\":\"https:\/\/amasc.org\/#organization\"},\"potentialAction\":[{\"@type\":\"SearchAction\",\"target\":{\"@type\":\"EntryPoint\",\"urlTemplate\":\"https:\/\/amasc.org\/?s={search_term_string}\"},\"query-input\":{\"@type\":\"PropertyValueSpecification\",\"valueRequired\":true,\"valueName\":\"search_term_string\"}}],\"inLanguage\":\"es\"},{\"@type\":\"Organization\",\"@id\":\"https:\/\/amasc.org\/#organization\",\"name\":\"AMASC\",\"url\":\"https:\/\/amasc.org\/\",\"logo\":{\"@type\":\"ImageObject\",\"inLanguage\":\"es\",\"@id\":\"https:\/\/amasc.org\/#\/schema\/logo\/image\/\",\"url\":\"https:\/\/amasc.org\/wp-content\/uploads\/logo-brand-red.png\",\"contentUrl\":\"https:\/\/amasc.org\/wp-content\/uploads\/logo-brand-red.png\",\"width\":1283,\"height\":1624,\"caption\":\"AMASC\"},\"image\":{\"@id\":\"https:\/\/amasc.org\/#\/schema\/logo\/image\/\"}}]}<\/script>\n<!-- \/ Yoast SEO plugin. -->","yoast_head_json":{"title":"Spirituality - AMASC","robots":{"index":"index","follow":"follow","max-snippet":"max-snippet:-1","max-image-preview":"max-image-preview:large","max-video-preview":"max-video-preview:-1"},"canonical":"https:\/\/amasc.org\/es\/partners\/the-rscj-and-the-society-of-the-sacred-heart\/their-spirituality\/","og_locale":"es_ES","og_type":"article","og_title":"Spirituality - AMASC","og_description":"Their spirituality The rscj are both united in the heart of Christ and given to the world.Their apostolic life, rooted in the contemplation of the heart of Jesus, is inspired by the spirituality of St Ignatius Loyola, the founder of the \u00abJesuits\u00bb, for whom it is not possible to conceive of a relationship with God...","og_url":"https:\/\/amasc.org\/es\/partners\/the-rscj-and-the-society-of-the-sacred-heart\/their-spirituality\/","og_site_name":"AMASC","article_modified_time":"2020-11-06T17:25:12+00:00","og_image":[{"url":"https:\/\/amasc.org\/wp-content\/uploads\/img_rscj_spiritualite_1.jpg","type":"","width":"","height":""}],"twitter_card":"summary_large_image","twitter_misc":{"Tiempo de lectura":"2 minutos"},"schema":{"@context":"https:\/\/schema.org","@graph":[{"@type":"WebPage","@id":"https:\/\/amasc.org\/partners\/the-rscj-and-the-society-of-the-sacred-heart\/their-spirituality\/","url":"https:\/\/amasc.org\/partners\/the-rscj-and-the-society-of-the-sacred-heart\/their-spirituality\/","name":"Spirituality - AMASC","isPartOf":{"@id":"https:\/\/amasc.org\/#website"},"primaryImageOfPage":{"@id":"https:\/\/amasc.org\/partners\/the-rscj-and-the-society-of-the-sacred-heart\/their-spirituality\/#primaryimage"},"image":{"@id":"https:\/\/amasc.org\/partners\/the-rscj-and-the-society-of-the-sacred-heart\/their-spirituality\/#primaryimage"},"thumbnailUrl":"https:\/\/amasc.org\/wp-content\/uploads\/img_rscj_spiritualite_1.jpg","datePublished":"2020-10-24T20:44:21+00:00","dateModified":"2020-11-06T17:25:12+00:00","breadcrumb":{"@id":"https:\/\/amasc.org\/partners\/the-rscj-and-the-society-of-the-sacred-heart\/their-spirituality\/#breadcrumb"},"inLanguage":"es","potentialAction":[{"@type":"ReadAction","target":["https:\/\/amasc.org\/partners\/the-rscj-and-the-society-of-the-sacred-heart\/their-spirituality\/"]}]},{"@type":"ImageObject","inLanguage":"es","@id":"https:\/\/amasc.org\/partners\/the-rscj-and-the-society-of-the-sacred-heart\/their-spirituality\/#primaryimage","url":"https:\/\/amasc.org\/wp-content\/uploads\/img_rscj_spiritualite_1.jpg","contentUrl":"https:\/\/amasc.org\/wp-content\/uploads\/img_rscj_spiritualite_1.jpg"},{"@type":"BreadcrumbList","@id":"https:\/\/amasc.org\/partners\/the-rscj-and-the-society-of-the-sacred-heart\/their-spirituality\/#breadcrumb","itemListElement":[{"@type":"ListItem","position":1,"name":"Home","item":"https:\/\/amasc.org\/"},{"@type":"ListItem","position":2,"name":"Relatives","item":"https:\/\/amasc.org\/partners\/"},{"@type":"ListItem","position":3,"name":"The RSCJ and the Society of the Sacred Heart","item":"https:\/\/amasc.org\/partners\/the-rscj-and-the-society-of-the-sacred-heart\/"},{"@type":"ListItem","position":4,"name":"Spirituality"}]},{"@type":"WebSite","@id":"https:\/\/amasc.org\/#website","url":"https:\/\/amasc.org\/","name":"AMASC","description":"","publisher":{"@id":"https:\/\/amasc.org\/#organization"},"potentialAction":[{"@type":"SearchAction","target":{"@type":"EntryPoint","urlTemplate":"https:\/\/amasc.org\/?s={search_term_string}"},"query-input":{"@type":"PropertyValueSpecification","valueRequired":true,"valueName":"search_term_string"}}],"inLanguage":"es"},{"@type":"Organization","@id":"https:\/\/amasc.org\/#organization","name":"AMASC","url":"https:\/\/amasc.org\/","logo":{"@type":"ImageObject","inLanguage":"es","@id":"https:\/\/amasc.org\/#\/schema\/logo\/image\/","url":"https:\/\/amasc.org\/wp-content\/uploads\/logo-brand-red.png","contentUrl":"https:\/\/amasc.org\/wp-content\/uploads\/logo-brand-red.png","width":1283,"height":1624,"caption":"AMASC"},"image":{"@id":"https:\/\/amasc.org\/#\/schema\/logo\/image\/"}}]}},"taxonomy_info":[],"featured_image_src_large":false,"author_info":{"display_name":"AMASC","author_link":"https:\/\/amasc.org\/es\/author\/amasc\/"},"comment_info":0,"_links":{"self":[{"href":"https:\/\/amasc.org\/es\/wp-json\/wp\/v2\/pages\/872","targetHints":{"allow":["GET"]}}],"collection":[{"href":"https:\/\/amasc.org\/es\/wp-json\/wp\/v2\/pages"}],"about":[{"href":"https:\/\/amasc.org\/es\/wp-json\/wp\/v2\/types\/page"}],"author":[{"embeddable":true,"href":"https:\/\/amasc.org\/es\/wp-json\/wp\/v2\/users\/6"}],"replies":[{"embeddable":true,"href":"https:\/\/amasc.org\/es\/wp-json\/wp\/v2\/comments?post=872"}],"version-history":[{"count":0,"href":"https:\/\/amasc.org\/es\/wp-json\/wp\/v2\/pages\/872\/revisions"}],"up":[{"embeddable":true,"href":"https:\/\/amasc.org\/es\/wp-json\/wp\/v2\/pages\/830"}],"wp:attachment":[{"href":"https:\/\/amasc.org\/es\/wp-json\/wp\/v2\/media?parent=872"}],"curies":[{"name":"wp","href":"https:\/\/api.w.org\/{rel}","templated":true}]}}