{"id":907,"date":"2020-10-24T23:31:48","date_gmt":"2020-10-24T21:31:48","guid":{"rendered":"https:\/\/sitewp.amasc-sacrecoeur.net\/?page_id=907"},"modified":"2020-11-06T18:22:45","modified_gmt":"2020-11-06T17:22:45","slug":"their-mission","status":"publish","type":"page","link":"https:\/\/amasc.org\/es\/partners\/the-rscj-and-the-society-of-the-sacred-heart\/their-mission\/","title":{"rendered":"Misi\u00f3n"},"content":{"rendered":"<div class=\"wp-block-columns is-layout-flex wp-container-core-columns-is-layout-9d6595d7 wp-block-columns-is-layout-flex\">\n<div class=\"wp-block-column is-layout-flow wp-block-column-is-layout-flow\" style=\"flex-basis:66.66%\">\n<h2 class=\"wp-block-heading\"><span style=\"color:#b72424\" class=\"has-inline-color\">Su misi\u00f3n<\/span><\/h2>\n\n\n\n<p><strong>Al principio, la misi\u00f3n de la rscj se dedicaba casi exclusivamente a la educaci\u00f3n \"formal\" de las ni\u00f1as<\/strong>, escuelas en prestigiosos internados, para las m\u00e1s afortunadas, o en escuelas gratuitas, ya que una escuela para muchachas pobres casi siempre iba asociada a un internado.<\/p>\n\n\n\n<p>Con la expansi\u00f3n internacional de la Sociedad del Sagrado Coraz\u00f3n, particularmente en los pa\u00edses en v\u00edas de desarrollo, y la petici\u00f3n de la Iglesia a las congregaciones religiosas tras el Concilio Vaticano II (1962-1965) de abrirse a otras formas de apostolado, las rscj \" han creado nuevas formas de educar, nuevas formas de emancipar a las mujeres, nuevas formas de promover la vida de las personas marginadas \" (Hna. Barbara Dawson, conferencia de clausura del cap\u00edtulo de 2016 ).<\/p>\n\n\n\n<p><strong>Hoy<\/strong>rscj est\u00e1n animados por el deseo&nbsp;<em>\" amar, practicar y dar testimonio de la justicia, la paz y la integridad de la creaci\u00f3n (JPIC) en todos los niveles de su vida y su misi\u00f3n \"<\/em>&nbsp;(Cap\u00edtulo de los Hechos 2016, p.25).<\/p>\n\n\n\n<p><strong>Principalmente para campos apost\u00f3licos<\/strong>&nbsp;:<\/p>\n\n\n\n<ul class=\"wp-block-list\"><li>Educaci\u00f3n por las escuelas: en el marco de las instituciones que supervisan o que est\u00e1n vinculadas a su espiritualidad y pedagog\u00eda.<\/li><li>Proyectos socioeducativos: especialmente para ni\u00f1os, j\u00f3venes y mujeres, y para todos los excluidos.<\/li><li>Proyectos y actividades pastorales en un entorno eclesial, capellan\u00edas de hospital, para orientaci\u00f3n espiritual, asesoramiento psicol\u00f3gico, campamentos juveniles, voluntariado...<\/li><li>Colaboraci\u00f3n con otras instituciones: laicas (representaci\u00f3n en las Naciones Unidas) o religiosas, como en la red juvenil ignaciana Magis...<\/li><\/ul>\n\n\n\n<div style=\"height:50px\" aria-hidden=\"true\" class=\"wp-block-spacer\"><\/div>\n\n\n\n<div class=\"wp-block-buttons aligncenter is-layout-flex wp-block-buttons-is-layout-flex\">\n<div class=\"wp-block-button is-style-fill\"><a class=\"wp-block-button__link has-background\" href=\"https:\/\/amasc.org\/en\/partners\/the-rscj-and-the-society-of-the-sacred-heart\/their-mission\/employees-and-associates\/\" style=\"border-radius:15px;background-color:#b72424\">EMPLEADOS Y ASOCIADOS<\/a><\/div>\n\n\n\n<div class=\"wp-block-button is-style-fill\"><a class=\"wp-block-button__link has-background\" href=\"https:\/\/amasc.org\/en\/partners\/the-rscj-and-the-society-of-the-sacred-heart\/their-mission\/a-special-chapter-in-2021\/\" style=\"border-radius:15px;background-color:#b72424\">UN CAP\u00cdTULO ESPECIAL EN 2021<\/a><\/div>\n<\/div>\n<\/div>\n\n\n\n<div class=\"wp-block-column is-layout-flow wp-block-column-is-layout-flow\" style=\"flex-basis:33.33%\">\n<div class=\"wp-block-image\"><figure class=\"aligncenter size-large\"><img loading=\"lazy\" decoding=\"async\" width=\"330\" height=\"354\" src=\"https:\/\/amasc.org\/wp-content\/uploads\/img_rscj_mission_1.jpg\" alt=\"\" class=\"wp-image-903\" srcset=\"https:\/\/amasc.org\/wp-content\/uploads\/img_rscj_mission_1.jpg 330w, https:\/\/amasc.org\/wp-content\/uploads\/img_rscj_mission_1-280x300.jpg 280w\" sizes=\"auto, (max-width: 330px) 100vw, 330px\" \/><figcaption><em><em>Crecer<\/em><\/em><\/figcaption><\/figure><\/div>\n\n\n\n<div class=\"wp-block-image\"><figure class=\"aligncenter size-large\"><img loading=\"lazy\" decoding=\"async\" width=\"330\" height=\"434\" src=\"https:\/\/amasc.org\/wp-content\/uploads\/img_rscj_mission_2.jpg\" alt=\"\" class=\"wp-image-904\" srcset=\"https:\/\/amasc.org\/wp-content\/uploads\/img_rscj_mission_2.jpg 330w, https:\/\/amasc.org\/wp-content\/uploads\/img_rscj_mission_2-228x300.jpg 228w\" sizes=\"auto, (max-width: 330px) 100vw, 330px\" \/><figcaption><em><em>y desplegar la vida (RSCJ Photos)<\/em><\/em><\/figcaption><\/figure><\/div>\n<\/div>\n<\/div>","protected":false},"excerpt":{"rendered":"<p>Su misi\u00f3n Originalmente, la misi\u00f3n de las rscj se dedicaba casi exclusivamente a la educaci\u00f3n \"formal\" de las ni\u00f1as, escuelas en prestigiosos internados, para las m\u00e1s afortunadas, o en escuelas gratuitas, ya que una escuela para ni\u00f1as pobres casi siempre iba asociada a un internado. Con la expansi\u00f3n internacional de la Sociedad...<\/p>","protected":false},"author":6,"featured_media":0,"parent":830,"menu_order":0,"comment_status":"closed","ping_status":"closed","template":"","meta":{"_acf_changed":false,"_kad_blocks_custom_css":"","_kad_blocks_head_custom_js":"","_kad_blocks_body_custom_js":"","_kad_blocks_footer_custom_js":"","_kad_post_transparent":"","_kad_post_title":"","_kad_post_layout":"","_kad_post_sidebar_id":"","_kad_post_content_style":"","_kad_post_vertical_padding":"","_kad_post_feature":"","_kad_post_feature_position":"","_kad_post_header":false,"_kad_post_footer":false,"_kad_post_classname":"","footnotes":""},"class_list":["post-907","page","type-page","status-publish","hentry"],"acf":[],"yoast_head":"<!-- This site is optimized with the Yoast SEO plugin v26.4 - https:\/\/yoast.com\/wordpress\/plugins\/seo\/ -->\n<title>Mission - AMASC<\/title>\n<meta name=\"robots\" content=\"index, follow, max-snippet:-1, max-image-preview:large, max-video-preview:-1\" \/>\n<link rel=\"canonical\" href=\"https:\/\/amasc.org\/es\/partners\/the-rscj-and-the-society-of-the-sacred-heart\/their-mission\/\" \/>\n<meta property=\"og:locale\" content=\"es_ES\" \/>\n<meta property=\"og:type\" content=\"article\" \/>\n<meta property=\"og:title\" content=\"Mission - AMASC\" \/>\n<meta property=\"og:description\" content=\"Their mission Originally, the mission of the rscj was almost exclusively devoted to the \u00abformal\u00bb education of girls, schools in prestigious boarding accommodations, for the most fortunate of them, or in free schools, since a school for poor young girls was almost always associated with a boarding school. With the international expansion of the Society...\" \/>\n<meta property=\"og:url\" content=\"https:\/\/amasc.org\/es\/partners\/the-rscj-and-the-society-of-the-sacred-heart\/their-mission\/\" \/>\n<meta property=\"og:site_name\" content=\"AMASC\" \/>\n<meta property=\"article:modified_time\" content=\"2020-11-06T17:22:45+00:00\" \/>\n<meta property=\"og:image\" content=\"https:\/\/amasc.org\/wp-content\/uploads\/img_rscj_mission_1.jpg\" \/>\n<meta name=\"twitter:card\" content=\"summary_large_image\" \/>\n<meta name=\"twitter:label1\" content=\"Tiempo de lectura\" \/>\n\t<meta name=\"twitter:data1\" content=\"1 minuto\" \/>\n<script type=\"application\/ld+json\" class=\"yoast-schema-graph\">{\"@context\":\"https:\/\/schema.org\",\"@graph\":[{\"@type\":\"WebPage\",\"@id\":\"https:\/\/amasc.org\/partners\/the-rscj-and-the-society-of-the-sacred-heart\/their-mission\/\",\"url\":\"https:\/\/amasc.org\/partners\/the-rscj-and-the-society-of-the-sacred-heart\/their-mission\/\",\"name\":\"Mission - AMASC\",\"isPartOf\":{\"@id\":\"https:\/\/amasc.org\/#website\"},\"primaryImageOfPage\":{\"@id\":\"https:\/\/amasc.org\/partners\/the-rscj-and-the-society-of-the-sacred-heart\/their-mission\/#primaryimage\"},\"image\":{\"@id\":\"https:\/\/amasc.org\/partners\/the-rscj-and-the-society-of-the-sacred-heart\/their-mission\/#primaryimage\"},\"thumbnailUrl\":\"https:\/\/amasc.org\/wp-content\/uploads\/img_rscj_mission_1.jpg\",\"datePublished\":\"2020-10-24T21:31:48+00:00\",\"dateModified\":\"2020-11-06T17:22:45+00:00\",\"breadcrumb\":{\"@id\":\"https:\/\/amasc.org\/partners\/the-rscj-and-the-society-of-the-sacred-heart\/their-mission\/#breadcrumb\"},\"inLanguage\":\"es\",\"potentialAction\":[{\"@type\":\"ReadAction\",\"target\":[\"https:\/\/amasc.org\/partners\/the-rscj-and-the-society-of-the-sacred-heart\/their-mission\/\"]}]},{\"@type\":\"ImageObject\",\"inLanguage\":\"es\",\"@id\":\"https:\/\/amasc.org\/partners\/the-rscj-and-the-society-of-the-sacred-heart\/their-mission\/#primaryimage\",\"url\":\"https:\/\/amasc.org\/wp-content\/uploads\/img_rscj_mission_1.jpg\",\"contentUrl\":\"https:\/\/amasc.org\/wp-content\/uploads\/img_rscj_mission_1.jpg\"},{\"@type\":\"BreadcrumbList\",\"@id\":\"https:\/\/amasc.org\/partners\/the-rscj-and-the-society-of-the-sacred-heart\/their-mission\/#breadcrumb\",\"itemListElement\":[{\"@type\":\"ListItem\",\"position\":1,\"name\":\"Home\",\"item\":\"https:\/\/amasc.org\/\"},{\"@type\":\"ListItem\",\"position\":2,\"name\":\"Relatives\",\"item\":\"https:\/\/amasc.org\/partners\/\"},{\"@type\":\"ListItem\",\"position\":3,\"name\":\"The RSCJ and the Society of the Sacred Heart\",\"item\":\"https:\/\/amasc.org\/partners\/the-rscj-and-the-society-of-the-sacred-heart\/\"},{\"@type\":\"ListItem\",\"position\":4,\"name\":\"Mission\"}]},{\"@type\":\"WebSite\",\"@id\":\"https:\/\/amasc.org\/#website\",\"url\":\"https:\/\/amasc.org\/\",\"name\":\"AMASC\",\"description\":\"\",\"publisher\":{\"@id\":\"https:\/\/amasc.org\/#organization\"},\"potentialAction\":[{\"@type\":\"SearchAction\",\"target\":{\"@type\":\"EntryPoint\",\"urlTemplate\":\"https:\/\/amasc.org\/?s={search_term_string}\"},\"query-input\":{\"@type\":\"PropertyValueSpecification\",\"valueRequired\":true,\"valueName\":\"search_term_string\"}}],\"inLanguage\":\"es\"},{\"@type\":\"Organization\",\"@id\":\"https:\/\/amasc.org\/#organization\",\"name\":\"AMASC\",\"url\":\"https:\/\/amasc.org\/\",\"logo\":{\"@type\":\"ImageObject\",\"inLanguage\":\"es\",\"@id\":\"https:\/\/amasc.org\/#\/schema\/logo\/image\/\",\"url\":\"https:\/\/amasc.org\/wp-content\/uploads\/logo-brand-red.png\",\"contentUrl\":\"https:\/\/amasc.org\/wp-content\/uploads\/logo-brand-red.png\",\"width\":1283,\"height\":1624,\"caption\":\"AMASC\"},\"image\":{\"@id\":\"https:\/\/amasc.org\/#\/schema\/logo\/image\/\"}}]}<\/script>\n<!-- \/ Yoast SEO plugin. -->","yoast_head_json":{"title":"Mission - AMASC","robots":{"index":"index","follow":"follow","max-snippet":"max-snippet:-1","max-image-preview":"max-image-preview:large","max-video-preview":"max-video-preview:-1"},"canonical":"https:\/\/amasc.org\/es\/partners\/the-rscj-and-the-society-of-the-sacred-heart\/their-mission\/","og_locale":"es_ES","og_type":"article","og_title":"Mission - AMASC","og_description":"Their mission Originally, the mission of the rscj was almost exclusively devoted to the \u00abformal\u00bb education of girls, schools in prestigious boarding accommodations, for the most fortunate of them, or in free schools, since a school for poor young girls was almost always associated with a boarding school. With the international expansion of the Society...","og_url":"https:\/\/amasc.org\/es\/partners\/the-rscj-and-the-society-of-the-sacred-heart\/their-mission\/","og_site_name":"AMASC","article_modified_time":"2020-11-06T17:22:45+00:00","og_image":[{"url":"https:\/\/amasc.org\/wp-content\/uploads\/img_rscj_mission_1.jpg","type":"","width":"","height":""}],"twitter_card":"summary_large_image","twitter_misc":{"Tiempo de lectura":"1 minuto"},"schema":{"@context":"https:\/\/schema.org","@graph":[{"@type":"WebPage","@id":"https:\/\/amasc.org\/partners\/the-rscj-and-the-society-of-the-sacred-heart\/their-mission\/","url":"https:\/\/amasc.org\/partners\/the-rscj-and-the-society-of-the-sacred-heart\/their-mission\/","name":"Mission - AMASC","isPartOf":{"@id":"https:\/\/amasc.org\/#website"},"primaryImageOfPage":{"@id":"https:\/\/amasc.org\/partners\/the-rscj-and-the-society-of-the-sacred-heart\/their-mission\/#primaryimage"},"image":{"@id":"https:\/\/amasc.org\/partners\/the-rscj-and-the-society-of-the-sacred-heart\/their-mission\/#primaryimage"},"thumbnailUrl":"https:\/\/amasc.org\/wp-content\/uploads\/img_rscj_mission_1.jpg","datePublished":"2020-10-24T21:31:48+00:00","dateModified":"2020-11-06T17:22:45+00:00","breadcrumb":{"@id":"https:\/\/amasc.org\/partners\/the-rscj-and-the-society-of-the-sacred-heart\/their-mission\/#breadcrumb"},"inLanguage":"es","potentialAction":[{"@type":"ReadAction","target":["https:\/\/amasc.org\/partners\/the-rscj-and-the-society-of-the-sacred-heart\/their-mission\/"]}]},{"@type":"ImageObject","inLanguage":"es","@id":"https:\/\/amasc.org\/partners\/the-rscj-and-the-society-of-the-sacred-heart\/their-mission\/#primaryimage","url":"https:\/\/amasc.org\/wp-content\/uploads\/img_rscj_mission_1.jpg","contentUrl":"https:\/\/amasc.org\/wp-content\/uploads\/img_rscj_mission_1.jpg"},{"@type":"BreadcrumbList","@id":"https:\/\/amasc.org\/partners\/the-rscj-and-the-society-of-the-sacred-heart\/their-mission\/#breadcrumb","itemListElement":[{"@type":"ListItem","position":1,"name":"Home","item":"https:\/\/amasc.org\/"},{"@type":"ListItem","position":2,"name":"Relatives","item":"https:\/\/amasc.org\/partners\/"},{"@type":"ListItem","position":3,"name":"The RSCJ and the Society of the Sacred Heart","item":"https:\/\/amasc.org\/partners\/the-rscj-and-the-society-of-the-sacred-heart\/"},{"@type":"ListItem","position":4,"name":"Mission"}]},{"@type":"WebSite","@id":"https:\/\/amasc.org\/#website","url":"https:\/\/amasc.org\/","name":"AMASC","description":"","publisher":{"@id":"https:\/\/amasc.org\/#organization"},"potentialAction":[{"@type":"SearchAction","target":{"@type":"EntryPoint","urlTemplate":"https:\/\/amasc.org\/?s={search_term_string}"},"query-input":{"@type":"PropertyValueSpecification","valueRequired":true,"valueName":"search_term_string"}}],"inLanguage":"es"},{"@type":"Organization","@id":"https:\/\/amasc.org\/#organization","name":"AMASC","url":"https:\/\/amasc.org\/","logo":{"@type":"ImageObject","inLanguage":"es","@id":"https:\/\/amasc.org\/#\/schema\/logo\/image\/","url":"https:\/\/amasc.org\/wp-content\/uploads\/logo-brand-red.png","contentUrl":"https:\/\/amasc.org\/wp-content\/uploads\/logo-brand-red.png","width":1283,"height":1624,"caption":"AMASC"},"image":{"@id":"https:\/\/amasc.org\/#\/schema\/logo\/image\/"}}]}},"taxonomy_info":[],"featured_image_src_large":false,"author_info":{"display_name":"AMASC","author_link":"https:\/\/amasc.org\/es\/author\/amasc\/"},"comment_info":0,"_links":{"self":[{"href":"https:\/\/amasc.org\/es\/wp-json\/wp\/v2\/pages\/907","targetHints":{"allow":["GET"]}}],"collection":[{"href":"https:\/\/amasc.org\/es\/wp-json\/wp\/v2\/pages"}],"about":[{"href":"https:\/\/amasc.org\/es\/wp-json\/wp\/v2\/types\/page"}],"author":[{"embeddable":true,"href":"https:\/\/amasc.org\/es\/wp-json\/wp\/v2\/users\/6"}],"replies":[{"embeddable":true,"href":"https:\/\/amasc.org\/es\/wp-json\/wp\/v2\/comments?post=907"}],"version-history":[{"count":0,"href":"https:\/\/amasc.org\/es\/wp-json\/wp\/v2\/pages\/907\/revisions"}],"up":[{"embeddable":true,"href":"https:\/\/amasc.org\/es\/wp-json\/wp\/v2\/pages\/830"}],"wp:attachment":[{"href":"https:\/\/amasc.org\/es\/wp-json\/wp\/v2\/media?parent=907"}],"curies":[{"name":"wp","href":"https:\/\/api.w.org\/{rel}","templated":true}]}}