{"id":940,"date":"2020-10-24T23:57:43","date_gmt":"2020-10-24T21:57:43","guid":{"rendered":"https:\/\/sitewp.amasc-sacrecoeur.net\/?page_id=940"},"modified":"2020-11-03T22:13:16","modified_gmt":"2020-11-03T20:13:16","slug":"legal-notices","status":"publish","type":"page","link":"https:\/\/amasc.org\/es\/legal-notices\/","title":{"rendered":"Menciones legales"},"content":{"rendered":"<h2 class=\"wp-block-heading\">AVISOS LEGALES<\/h2>\n\n\n\n<p>Este sitio pertenece a la AMASC (Asociaci\u00f3n Mundial de Antiguos y Antiguas del Sagrado Coraz\u00f3n), asociaci\u00f3n internacional sin \u00e1nimo de lucro.<\/p>\n\n\n\n<p>Asociaci\u00f3n registrada con el n\u00famero 473 279 529<br>Avenida Henri Dietrich, 20<br>B-1200 Bruselas<\/p>\n\n\n\n<p>El usuario que se conecte a este sitio acepta cumplir estas condiciones de uso.<\/p>\n\n\n\n<p><span style=\"text-decoration: underline;\">Informaci\u00f3n contenida en este sitio<\/span><br>Toda la informaci\u00f3n, de todo tipo (im\u00e1genes, textos, etc.), presente en este sitio puede descargarse, reproducirse, imprimirse a reserva de:<\/p>\n\n\n\n<ul class=\"wp-block-list\"><li>que su circulaci\u00f3n ha sido autorizada<\/li><li>que esta informaci\u00f3n se utilice \u00fanicamente con fines personales y en ning\u00fan caso con fines comerciales o difamatorios;<\/li><li>que toda reproducci\u00f3n de esta informaci\u00f3n, en papel o en formato digital, lleve una menci\u00f3n relativa a los derechos de autor de la AMASC<\/li><\/ul>\n\n\n\n<p>AMASC no ofrece ninguna garant\u00eda, expresa o impl\u00edcita, y no asume ninguna responsabilidad por el uso de esta informaci\u00f3n.<\/p>\n\n\n\n<p>AMASC no se hace responsable de ning\u00fan da\u00f1o, ya sea directo o indirecto, resultante de la informaci\u00f3n contenida en este sitio. El usuario se compromete a no transmitir en este sitio cualquier informaci\u00f3n que pueda dar lugar a responsabilidad civil o penal AMASC y se compromete a no divulgar a trav\u00e9s de este sitio informaci\u00f3n ilegal, contraria al orden p\u00fablico, las buenas costumbres o difamatorio.<\/p>\n\n\n\n<p><span style=\"text-decoration: underline;\">Derecho de acceso a la informaci\u00f3n<\/span><br>Toda persona tiene derecho a acceder, rectificar y oponerse a los datos personales que le conciernan. S\u00f3lo tiene que enviarnos un correo electr\u00f3nico a : contact@amasc-sacrecoeur.net<\/p>\n\n\n\n<p><span style=\"text-decoration: underline;\">Enlaces de hipertexto<\/span><br>Los sitios ajenos a AMASC con un enlace de hipertexto a este sitio no est\u00e1n bajo el control de AMASC, que por lo tanto declina toda responsabilidad por su contenido.<\/p>","protected":false},"excerpt":{"rendered":"<p>AVISOS LEGALES Este sitio pertenece a la AMASC (Asociaci\u00f3n Mundial de Antiguos y Antiguas del Sagrado Coraz\u00f3n), asociaci\u00f3n internacional sin \u00e1nimo de lucro. Asociaci\u00f3n registrada con el n\u00famero 473 279 529Avenue Henri Dietrich, 20B-1200 Bruxelles El usuario que se conecte a este sitio acepta cumplir las presentes condiciones de uso. Informaci\u00f3n contenida en este sitioToda la informaci\u00f3n, de todo tipo...<\/p>","protected":false},"author":6,"featured_media":0,"parent":0,"menu_order":0,"comment_status":"closed","ping_status":"closed","template":"","meta":{"_acf_changed":false,"_kad_blocks_custom_css":"","_kad_blocks_head_custom_js":"","_kad_blocks_body_custom_js":"","_kad_blocks_footer_custom_js":"","_kad_post_transparent":"","_kad_post_title":"","_kad_post_layout":"","_kad_post_sidebar_id":"","_kad_post_content_style":"","_kad_post_vertical_padding":"","_kad_post_feature":"","_kad_post_feature_position":"","_kad_post_header":false,"_kad_post_footer":false,"_kad_post_classname":"","footnotes":""},"class_list":["post-940","page","type-page","status-publish","hentry"],"acf":[],"yoast_head":"<!-- This site is optimized with the Yoast SEO plugin v26.4 - https:\/\/yoast.com\/wordpress\/plugins\/seo\/ -->\n<title>Legal notices - AMASC<\/title>\n<meta name=\"robots\" content=\"index, follow, max-snippet:-1, max-image-preview:large, max-video-preview:-1\" \/>\n<link rel=\"canonical\" href=\"https:\/\/amasc.org\/es\/legal-notices\/\" \/>\n<meta property=\"og:locale\" content=\"es_ES\" \/>\n<meta property=\"og:type\" content=\"article\" \/>\n<meta property=\"og:title\" content=\"Legal notices - AMASC\" \/>\n<meta property=\"og:description\" content=\"LEGAL NOTICES This site belongs to the AMASC (World Association of Old and Former of the Sacred Heart), international non-profit association. Association registered under number 473 279 529Avenue Henri Dietrich, 20B-1200 Bruxelles The user connecting to this site agrees to comply with these terms of use. Information contained in this siteAll information, of all kinds...\" \/>\n<meta property=\"og:url\" content=\"https:\/\/amasc.org\/es\/legal-notices\/\" \/>\n<meta property=\"og:site_name\" content=\"AMASC\" \/>\n<meta property=\"article:modified_time\" content=\"2020-11-03T20:13:16+00:00\" \/>\n<meta name=\"twitter:card\" content=\"summary_large_image\" \/>\n<meta name=\"twitter:label1\" content=\"Tiempo de lectura\" \/>\n\t<meta name=\"twitter:data1\" content=\"1 minuto\" \/>\n<script type=\"application\/ld+json\" class=\"yoast-schema-graph\">{\"@context\":\"https:\/\/schema.org\",\"@graph\":[{\"@type\":\"WebPage\",\"@id\":\"https:\/\/amasc.org\/legal-notices\/\",\"url\":\"https:\/\/amasc.org\/legal-notices\/\",\"name\":\"Legal notices - AMASC\",\"isPartOf\":{\"@id\":\"https:\/\/amasc.org\/#website\"},\"datePublished\":\"2020-10-24T21:57:43+00:00\",\"dateModified\":\"2020-11-03T20:13:16+00:00\",\"breadcrumb\":{\"@id\":\"https:\/\/amasc.org\/legal-notices\/#breadcrumb\"},\"inLanguage\":\"es\",\"potentialAction\":[{\"@type\":\"ReadAction\",\"target\":[\"https:\/\/amasc.org\/legal-notices\/\"]}]},{\"@type\":\"BreadcrumbList\",\"@id\":\"https:\/\/amasc.org\/legal-notices\/#breadcrumb\",\"itemListElement\":[{\"@type\":\"ListItem\",\"position\":1,\"name\":\"Home\",\"item\":\"https:\/\/amasc.org\/\"},{\"@type\":\"ListItem\",\"position\":2,\"name\":\"Legal notices\"}]},{\"@type\":\"WebSite\",\"@id\":\"https:\/\/amasc.org\/#website\",\"url\":\"https:\/\/amasc.org\/\",\"name\":\"AMASC\",\"description\":\"\",\"publisher\":{\"@id\":\"https:\/\/amasc.org\/#organization\"},\"potentialAction\":[{\"@type\":\"SearchAction\",\"target\":{\"@type\":\"EntryPoint\",\"urlTemplate\":\"https:\/\/amasc.org\/?s={search_term_string}\"},\"query-input\":{\"@type\":\"PropertyValueSpecification\",\"valueRequired\":true,\"valueName\":\"search_term_string\"}}],\"inLanguage\":\"es\"},{\"@type\":\"Organization\",\"@id\":\"https:\/\/amasc.org\/#organization\",\"name\":\"AMASC\",\"url\":\"https:\/\/amasc.org\/\",\"logo\":{\"@type\":\"ImageObject\",\"inLanguage\":\"es\",\"@id\":\"https:\/\/amasc.org\/#\/schema\/logo\/image\/\",\"url\":\"https:\/\/amasc.org\/wp-content\/uploads\/logo-brand-red.png\",\"contentUrl\":\"https:\/\/amasc.org\/wp-content\/uploads\/logo-brand-red.png\",\"width\":1283,\"height\":1624,\"caption\":\"AMASC\"},\"image\":{\"@id\":\"https:\/\/amasc.org\/#\/schema\/logo\/image\/\"}}]}<\/script>\n<!-- \/ Yoast SEO plugin. -->","yoast_head_json":{"title":"Legal notices - AMASC","robots":{"index":"index","follow":"follow","max-snippet":"max-snippet:-1","max-image-preview":"max-image-preview:large","max-video-preview":"max-video-preview:-1"},"canonical":"https:\/\/amasc.org\/es\/legal-notices\/","og_locale":"es_ES","og_type":"article","og_title":"Legal notices - AMASC","og_description":"LEGAL NOTICES This site belongs to the AMASC (World Association of Old and Former of the Sacred Heart), international non-profit association. Association registered under number 473 279 529Avenue Henri Dietrich, 20B-1200 Bruxelles The user connecting to this site agrees to comply with these terms of use. Information contained in this siteAll information, of all kinds...","og_url":"https:\/\/amasc.org\/es\/legal-notices\/","og_site_name":"AMASC","article_modified_time":"2020-11-03T20:13:16+00:00","twitter_card":"summary_large_image","twitter_misc":{"Tiempo de lectura":"1 minuto"},"schema":{"@context":"https:\/\/schema.org","@graph":[{"@type":"WebPage","@id":"https:\/\/amasc.org\/legal-notices\/","url":"https:\/\/amasc.org\/legal-notices\/","name":"Legal notices - AMASC","isPartOf":{"@id":"https:\/\/amasc.org\/#website"},"datePublished":"2020-10-24T21:57:43+00:00","dateModified":"2020-11-03T20:13:16+00:00","breadcrumb":{"@id":"https:\/\/amasc.org\/legal-notices\/#breadcrumb"},"inLanguage":"es","potentialAction":[{"@type":"ReadAction","target":["https:\/\/amasc.org\/legal-notices\/"]}]},{"@type":"BreadcrumbList","@id":"https:\/\/amasc.org\/legal-notices\/#breadcrumb","itemListElement":[{"@type":"ListItem","position":1,"name":"Home","item":"https:\/\/amasc.org\/"},{"@type":"ListItem","position":2,"name":"Legal notices"}]},{"@type":"WebSite","@id":"https:\/\/amasc.org\/#website","url":"https:\/\/amasc.org\/","name":"AMASC","description":"","publisher":{"@id":"https:\/\/amasc.org\/#organization"},"potentialAction":[{"@type":"SearchAction","target":{"@type":"EntryPoint","urlTemplate":"https:\/\/amasc.org\/?s={search_term_string}"},"query-input":{"@type":"PropertyValueSpecification","valueRequired":true,"valueName":"search_term_string"}}],"inLanguage":"es"},{"@type":"Organization","@id":"https:\/\/amasc.org\/#organization","name":"AMASC","url":"https:\/\/amasc.org\/","logo":{"@type":"ImageObject","inLanguage":"es","@id":"https:\/\/amasc.org\/#\/schema\/logo\/image\/","url":"https:\/\/amasc.org\/wp-content\/uploads\/logo-brand-red.png","contentUrl":"https:\/\/amasc.org\/wp-content\/uploads\/logo-brand-red.png","width":1283,"height":1624,"caption":"AMASC"},"image":{"@id":"https:\/\/amasc.org\/#\/schema\/logo\/image\/"}}]}},"taxonomy_info":[],"featured_image_src_large":false,"author_info":{"display_name":"AMASC","author_link":"https:\/\/amasc.org\/es\/author\/amasc\/"},"comment_info":0,"_links":{"self":[{"href":"https:\/\/amasc.org\/es\/wp-json\/wp\/v2\/pages\/940","targetHints":{"allow":["GET"]}}],"collection":[{"href":"https:\/\/amasc.org\/es\/wp-json\/wp\/v2\/pages"}],"about":[{"href":"https:\/\/amasc.org\/es\/wp-json\/wp\/v2\/types\/page"}],"author":[{"embeddable":true,"href":"https:\/\/amasc.org\/es\/wp-json\/wp\/v2\/users\/6"}],"replies":[{"embeddable":true,"href":"https:\/\/amasc.org\/es\/wp-json\/wp\/v2\/comments?post=940"}],"version-history":[{"count":0,"href":"https:\/\/amasc.org\/es\/wp-json\/wp\/v2\/pages\/940\/revisions"}],"wp:attachment":[{"href":"https:\/\/amasc.org\/es\/wp-json\/wp\/v2\/media?parent=940"}],"curies":[{"name":"wp","href":"https:\/\/api.w.org\/{rel}","templated":true}]}}