{"id":1432,"date":"2020-11-03T22:36:46","date_gmt":"2020-11-03T20:36:46","guid":{"rendered":"https:\/\/sitewp.amasc-sacrecoeur.net\/?page_id=1432"},"modified":"2020-11-06T18:20:52","modified_gmt":"2020-11-06T17:20:52","slug":"its-goals","status":"publish","type":"page","link":"https:\/\/amasc.org\/fr\/its-goals\/","title":{"rendered":"Objectifs"},"content":{"rendered":"<div class=\"wp-block-columns is-layout-flex wp-container-core-columns-is-layout-9d6595d7 wp-block-columns-is-layout-flex\">\n<div class=\"wp-block-column is-layout-flow wp-block-column-is-layout-flow\" style=\"flex-basis:66.66%\">\n<h2 class=\"wp-block-heading\"><span style=\"color:#b72424\" class=\"has-inline-color\">Ses objectifs<\/span><\/h2>\n\n\n\n<p><strong>Bien entendu, les fondateurs de l'AMASC, en d\u00e9cidant de se r\u00e9unir en association globale<\/strong>Les deux organisations \u00e9taient libres d'assigner les objectifs qu'elles souhaitaient, mais elles avaient en commun une \u00e9ducation bas\u00e9e sur les valeurs chr\u00e9tiennes dans leurs \u00e9coles. De plus, elles avaient \u00e9t\u00e9 largement soutenues et encourag\u00e9es par la rscj dans leur d\u00e9marche, et sainte Madeleine Sophie Barat elle-m\u00eame, en fondant le Sacr\u00e9-C\u0153ur, souhaitait \"susciter des adorateurs du c\u0153ur de J\u00e9sus\" qui participeraient \u00e0 la rechristianisation du monde.<\/p>\n\n\n\n<p>C'est \u00e0 l'\u00e9poque du Concile que l'Eglise a commenc\u00e9 \u00e0 l'ouvrir aux la\u00efcs. Aussi, M\u00e8re de Valon, leur avait envoy\u00e9 cette exhortation en mai 1965 \u00e0 Bruxelles (1) :<\/p>\n\n\n\n<blockquote class=\"wp-block-quote is-layout-flow wp-block-quote-is-layout-flow\"><p>\"Je pense qu'il y a en vous une gr\u00e2ce (...) C'est un appel, un appel de l'\u00c9glise.<br>L'Eglise est en ce moment en Concile (...). On vous a enseign\u00e9 dans le Sacr\u00e9-C\u0153ur un amour s\u00e9rieux de la Sainte \u00c9glise.<br>Vous devez vous ouvrir \u00e0 tous les probl\u00e8mes qu'elle met sous vos yeux... (...) les conna\u00eetre mieux et collaborer davantage (...) \u00e9tudier cette lente mais r\u00e9elle d\u00e9christianisation, \u00e9tudier aussi la pens\u00e9e actuelle du monde, qui confond trop facilement l'int\u00e9ressant avec la v\u00e9rit\u00e9, \u00e9tudier les probl\u00e8mes de la souffrance lorsqu'ils entrent dans le monde du travail o\u00f9 na\u00eet trop souvent une haine de classe \u00e0 classe, \u00e9tudier la mis\u00e8re humaine... (...) (En vous \u00e9clairant davantage) vous porterez davantage la flamme. Vous allez demander cette gr\u00e2ce dans le contact que vous aurez entre vous. Du choc des id\u00e9es jaillit la lumi\u00e8re. (...)<br>Le Seigneur a dit : \"Je suis venu apporter le feu sur la terre\". En d\u00e9finitive, c'est en Lui que nous devons prendre feu et flamme. (Ainsi) je suis s\u00fbr que vous aurez r\u00e9pondu \u00e0 l'attente de l'\u00c9glise. \"<br>Une voie leur a \u00e9t\u00e9 propos\u00e9e, sur laquelle ils se sont r\u00e9solument engag\u00e9s en assignant parmi les objectifs de la nouvelle association de \"coop\u00e9rer activement et efficacement avec la Soci\u00e9t\u00e9 du Sacr\u00e9-C\u0153ur dans ses diverses t\u00e2ches et options\"<\/p><\/blockquote>\n\n\n\n<p>(art. 3-2-b de ses statuts)<\/p>\n\n\n\n<p>(1) Discours au 3\u00e8me Congr\u00e8s Mondial des Anciens Bruxelles 10-15 mai 1965<\/p>\n\n\n\n<div style=\"height:50px\" aria-hidden=\"true\" class=\"wp-block-spacer\"><\/div>\n<\/div>\n\n\n\n<div class=\"wp-block-column is-layout-flow wp-block-column-is-layout-flow\" style=\"flex-basis:33.33%\">\n<div class=\"wp-block-image\"><figure class=\"aligncenter size-large\"><img loading=\"lazy\" decoding=\"async\" width=\"330\" height=\"276\" src=\"https:\/\/amasc.org\/wp-content\/uploads\/Creation_Ana_Morales_spiritualite.jpg\" alt=\"\" class=\"wp-image-696\" srcset=\"https:\/\/amasc.org\/wp-content\/uploads\/Creation_Ana_Morales_spiritualite.jpg 330w, https:\/\/amasc.org\/wp-content\/uploads\/Creation_Ana_Morales_spiritualite-300x251.jpg 300w\" sizes=\"auto, (max-width: 330px) 100vw, 330px\" \/><figcaption><em><em>ANA MORALES, RSCJ<\/em><\/em><\/figcaption><\/figure><\/div>\n<\/div>\n<\/div>","protected":false},"excerpt":{"rendered":"<p>Ses objectifs Bien s\u00fbr, les fondateurs de l'AMASC, en d\u00e9cidant de se r\u00e9unir en association mondiale, \u00e9taient libres d'assigner les objectifs qu'ils souhaitaient, mais ils avaient en commun une \u00e9ducation bas\u00e9e sur les valeurs chr\u00e9tiennes dans leurs \u00e9coles. De plus, ils avaient \u00e9t\u00e9 largement soutenus et encourag\u00e9s par le rscj dans leur d\u00e9marche, et Sainte Madeleine...<\/p>","protected":false},"author":6,"featured_media":0,"parent":0,"menu_order":0,"comment_status":"closed","ping_status":"closed","template":"","meta":{"_acf_changed":false,"_kad_blocks_custom_css":"","_kad_blocks_head_custom_js":"","_kad_blocks_body_custom_js":"","_kad_blocks_footer_custom_js":"","_kad_post_transparent":"","_kad_post_title":"","_kad_post_layout":"","_kad_post_sidebar_id":"","_kad_post_content_style":"","_kad_post_vertical_padding":"","_kad_post_feature":"","_kad_post_feature_position":"","_kad_post_header":false,"_kad_post_footer":false,"_kad_post_classname":"","footnotes":""},"class_list":["post-1432","page","type-page","status-publish","hentry"],"acf":[],"yoast_head":"<!-- This site is optimized with the Yoast SEO plugin v26.4 - https:\/\/yoast.com\/wordpress\/plugins\/seo\/ -->\n<title>Goals - AMASC<\/title>\n<meta name=\"robots\" content=\"index, follow, max-snippet:-1, max-image-preview:large, max-video-preview:-1\" \/>\n<link rel=\"canonical\" href=\"https:\/\/amasc.org\/fr\/its-goals\/\" \/>\n<meta property=\"og:locale\" content=\"fr_FR\" \/>\n<meta property=\"og:type\" content=\"article\" \/>\n<meta property=\"og:title\" content=\"Goals - AMASC\" \/>\n<meta property=\"og:description\" content=\"Its goals Of course, the founders of AMASC, in deciding to meet in global association, were free to assign the objectives they wanted, but they had in common an education based on Christian values in their schools. In addition, they had been widely supported and encouraged by the rscj in their approach, and St. Madeleine...\" \/>\n<meta property=\"og:url\" content=\"https:\/\/amasc.org\/fr\/its-goals\/\" \/>\n<meta property=\"og:site_name\" content=\"AMASC\" \/>\n<meta property=\"article:modified_time\" content=\"2020-11-06T17:20:52+00:00\" \/>\n<meta property=\"og:image\" content=\"https:\/\/amasc.org\/wp-content\/uploads\/Creation_Ana_Morales_spiritualite.jpg\" \/>\n<meta name=\"twitter:card\" content=\"summary_large_image\" \/>\n<meta name=\"twitter:label1\" content=\"Dur\u00e9e de lecture estim\u00e9e\" \/>\n\t<meta name=\"twitter:data1\" content=\"2 minutes\" \/>\n<script type=\"application\/ld+json\" class=\"yoast-schema-graph\">{\"@context\":\"https:\/\/schema.org\",\"@graph\":[{\"@type\":\"WebPage\",\"@id\":\"https:\/\/amasc.org\/its-goals\/\",\"url\":\"https:\/\/amasc.org\/its-goals\/\",\"name\":\"Goals - AMASC\",\"isPartOf\":{\"@id\":\"https:\/\/amasc.org\/#website\"},\"primaryImageOfPage\":{\"@id\":\"https:\/\/amasc.org\/its-goals\/#primaryimage\"},\"image\":{\"@id\":\"https:\/\/amasc.org\/its-goals\/#primaryimage\"},\"thumbnailUrl\":\"https:\/\/amasc.org\/wp-content\/uploads\/Creation_Ana_Morales_spiritualite.jpg\",\"datePublished\":\"2020-11-03T20:36:46+00:00\",\"dateModified\":\"2020-11-06T17:20:52+00:00\",\"breadcrumb\":{\"@id\":\"https:\/\/amasc.org\/its-goals\/#breadcrumb\"},\"inLanguage\":\"fr-FR\",\"potentialAction\":[{\"@type\":\"ReadAction\",\"target\":[\"https:\/\/amasc.org\/its-goals\/\"]}]},{\"@type\":\"ImageObject\",\"inLanguage\":\"fr-FR\",\"@id\":\"https:\/\/amasc.org\/its-goals\/#primaryimage\",\"url\":\"https:\/\/amasc.org\/wp-content\/uploads\/Creation_Ana_Morales_spiritualite.jpg\",\"contentUrl\":\"https:\/\/amasc.org\/wp-content\/uploads\/Creation_Ana_Morales_spiritualite.jpg\"},{\"@type\":\"BreadcrumbList\",\"@id\":\"https:\/\/amasc.org\/its-goals\/#breadcrumb\",\"itemListElement\":[{\"@type\":\"ListItem\",\"position\":1,\"name\":\"Home\",\"item\":\"https:\/\/amasc.org\/\"},{\"@type\":\"ListItem\",\"position\":2,\"name\":\"Goals\"}]},{\"@type\":\"WebSite\",\"@id\":\"https:\/\/amasc.org\/#website\",\"url\":\"https:\/\/amasc.org\/\",\"name\":\"AMASC\",\"description\":\"\",\"publisher\":{\"@id\":\"https:\/\/amasc.org\/#organization\"},\"potentialAction\":[{\"@type\":\"SearchAction\",\"target\":{\"@type\":\"EntryPoint\",\"urlTemplate\":\"https:\/\/amasc.org\/?s={search_term_string}\"},\"query-input\":{\"@type\":\"PropertyValueSpecification\",\"valueRequired\":true,\"valueName\":\"search_term_string\"}}],\"inLanguage\":\"fr-FR\"},{\"@type\":\"Organization\",\"@id\":\"https:\/\/amasc.org\/#organization\",\"name\":\"AMASC\",\"url\":\"https:\/\/amasc.org\/\",\"logo\":{\"@type\":\"ImageObject\",\"inLanguage\":\"fr-FR\",\"@id\":\"https:\/\/amasc.org\/#\/schema\/logo\/image\/\",\"url\":\"https:\/\/amasc.org\/wp-content\/uploads\/logo-brand-red.png\",\"contentUrl\":\"https:\/\/amasc.org\/wp-content\/uploads\/logo-brand-red.png\",\"width\":1283,\"height\":1624,\"caption\":\"AMASC\"},\"image\":{\"@id\":\"https:\/\/amasc.org\/#\/schema\/logo\/image\/\"}}]}<\/script>\n<!-- \/ Yoast SEO plugin. -->","yoast_head_json":{"title":"Objectifs - AMASC","robots":{"index":"index","follow":"follow","max-snippet":"max-snippet:-1","max-image-preview":"max-image-preview:large","max-video-preview":"max-video-preview:-1"},"canonical":"https:\/\/amasc.org\/fr\/its-goals\/","og_locale":"fr_FR","og_type":"article","og_title":"Goals - AMASC","og_description":"Its goals Of course, the founders of AMASC, in deciding to meet in global association, were free to assign the objectives they wanted, but they had in common an education based on Christian values in their schools. In addition, they had been widely supported and encouraged by the rscj in their approach, and St. Madeleine...","og_url":"https:\/\/amasc.org\/fr\/its-goals\/","og_site_name":"AMASC","article_modified_time":"2020-11-06T17:20:52+00:00","og_image":[{"url":"https:\/\/amasc.org\/wp-content\/uploads\/Creation_Ana_Morales_spiritualite.jpg","type":"","width":"","height":""}],"twitter_card":"summary_large_image","twitter_misc":{"Dur\u00e9e de lecture estim\u00e9e":"2 minutes"},"schema":{"@context":"https:\/\/schema.org","@graph":[{"@type":"WebPage","@id":"https:\/\/amasc.org\/its-goals\/","url":"https:\/\/amasc.org\/its-goals\/","name":"Objectifs - AMASC","isPartOf":{"@id":"https:\/\/amasc.org\/#website"},"primaryImageOfPage":{"@id":"https:\/\/amasc.org\/its-goals\/#primaryimage"},"image":{"@id":"https:\/\/amasc.org\/its-goals\/#primaryimage"},"thumbnailUrl":"https:\/\/amasc.org\/wp-content\/uploads\/Creation_Ana_Morales_spiritualite.jpg","datePublished":"2020-11-03T20:36:46+00:00","dateModified":"2020-11-06T17:20:52+00:00","breadcrumb":{"@id":"https:\/\/amasc.org\/its-goals\/#breadcrumb"},"inLanguage":"fr-FR","potentialAction":[{"@type":"ReadAction","target":["https:\/\/amasc.org\/its-goals\/"]}]},{"@type":"ImageObject","inLanguage":"fr-FR","@id":"https:\/\/amasc.org\/its-goals\/#primaryimage","url":"https:\/\/amasc.org\/wp-content\/uploads\/Creation_Ana_Morales_spiritualite.jpg","contentUrl":"https:\/\/amasc.org\/wp-content\/uploads\/Creation_Ana_Morales_spiritualite.jpg"},{"@type":"BreadcrumbList","@id":"https:\/\/amasc.org\/its-goals\/#breadcrumb","itemListElement":[{"@type":"ListItem","position":1,"name":"Home","item":"https:\/\/amasc.org\/"},{"@type":"ListItem","position":2,"name":"Goals"}]},{"@type":"WebSite","@id":"https:\/\/amasc.org\/#website","url":"https:\/\/amasc.org\/","name":"AMASC","description":"","publisher":{"@id":"https:\/\/amasc.org\/#organization"},"potentialAction":[{"@type":"SearchAction","target":{"@type":"EntryPoint","urlTemplate":"https:\/\/amasc.org\/?s={search_term_string}"},"query-input":{"@type":"PropertyValueSpecification","valueRequired":true,"valueName":"search_term_string"}}],"inLanguage":"fr-FR"},{"@type":"Organization","@id":"https:\/\/amasc.org\/#organization","name":"AMASC","url":"https:\/\/amasc.org\/","logo":{"@type":"ImageObject","inLanguage":"fr-FR","@id":"https:\/\/amasc.org\/#\/schema\/logo\/image\/","url":"https:\/\/amasc.org\/wp-content\/uploads\/logo-brand-red.png","contentUrl":"https:\/\/amasc.org\/wp-content\/uploads\/logo-brand-red.png","width":1283,"height":1624,"caption":"AMASC"},"image":{"@id":"https:\/\/amasc.org\/#\/schema\/logo\/image\/"}}]}},"taxonomy_info":[],"featured_image_src_large":false,"author_info":{"display_name":"AMASC","author_link":"https:\/\/amasc.org\/fr\/author\/amasc\/"},"comment_info":0,"_links":{"self":[{"href":"https:\/\/amasc.org\/fr\/wp-json\/wp\/v2\/pages\/1432","targetHints":{"allow":["GET"]}}],"collection":[{"href":"https:\/\/amasc.org\/fr\/wp-json\/wp\/v2\/pages"}],"about":[{"href":"https:\/\/amasc.org\/fr\/wp-json\/wp\/v2\/types\/page"}],"author":[{"embeddable":true,"href":"https:\/\/amasc.org\/fr\/wp-json\/wp\/v2\/users\/6"}],"replies":[{"embeddable":true,"href":"https:\/\/amasc.org\/fr\/wp-json\/wp\/v2\/comments?post=1432"}],"version-history":[{"count":0,"href":"https:\/\/amasc.org\/fr\/wp-json\/wp\/v2\/pages\/1432\/revisions"}],"wp:attachment":[{"href":"https:\/\/amasc.org\/fr\/wp-json\/wp\/v2\/media?parent=1432"}],"curies":[{"name":"wp","href":"https:\/\/api.w.org\/{rel}","templated":true}]}}