{"id":169,"date":"2020-10-10T16:49:58","date_gmt":"2020-10-10T14:49:58","guid":{"rendered":"https:\/\/sitewp.amasc-sacrecoeur.net\/?page_id=169"},"modified":"2025-03-26T08:46:11","modified_gmt":"2025-03-26T12:46:11","slug":"board-of-directors","status":"publish","type":"page","link":"https:\/\/amasc.org\/fr\/what-is-amasc\/board-of-directors\/","title":{"rendered":"Conseil d'administration"},"content":{"rendered":"<figure class=\"wp-block-image alignfull size-large\"><img loading=\"lazy\" decoding=\"async\" width=\"1024\" height=\"288\" src=\"https:\/\/amasc.org\/wp-content\/uploads\/banner-amasc-EN-ES-1024x288.jpg\" alt=\"\" class=\"wp-image-1434\" srcset=\"https:\/\/amasc.org\/wp-content\/uploads\/banner-amasc-EN-ES-1024x288.jpg 1024w, https:\/\/amasc.org\/wp-content\/uploads\/banner-amasc-EN-ES-300x84.jpg 300w, https:\/\/amasc.org\/wp-content\/uploads\/banner-amasc-EN-ES-150x42.jpg 150w, https:\/\/amasc.org\/wp-content\/uploads\/banner-amasc-EN-ES-768x216.jpg 768w, https:\/\/amasc.org\/wp-content\/uploads\/banner-amasc-EN-ES-1536x432.jpg 1536w, https:\/\/amasc.org\/wp-content\/uploads\/banner-amasc-EN-ES.jpg 1920w\" sizes=\"auto, (max-width: 1024px) 100vw, 1024px\" \/><\/figure>\n\n\n\n<h2 class=\"wp-block-heading\">CONSEIL D'ADMINISTRATION<\/h2>\n\n\n<p>Le conseil d'administration, dirig\u00e9 par la pr\u00e9sidente Roselie Bellanca Posselius, servira l'AMASC pendant le mandat 2022-2026, avec pour th\u00e8me :<\/p>\n<center><\/center><center><span style=\"font-size: 14pt;\"><b>\" Un c\u0153ur qui avance avec courage et confiance \"<\/b><\/span><\/center>\n<p><span style=\"font-size: 14pt;\"><strong><span style=\"color: #b72424;\">Bureau administratif<\/span><\/strong><\/span><\/p>\n<table style=\"width: 1144px; border-collapse: collapse; height: 655px;\" border=\"0\">\n<tbody>\n<tr>\n<td style=\"width: 310px;\"><img loading=\"lazy\" decoding=\"async\" class=\"wp-image-3582 alignleft\" src=\"https:\/\/amasc.org\/wp-content\/uploads\/Roselie-250x300.jpg\" alt=\"\" width=\"123\" height=\"148\" srcset=\"https:\/\/amasc.org\/wp-content\/uploads\/Roselie-250x300.jpg 250w, https:\/\/amasc.org\/wp-content\/uploads\/Roselie-125x150.jpg 125w, https:\/\/amasc.org\/wp-content\/uploads\/Roselie.jpg 344w\" sizes=\"auto, (max-width: 123px) 100vw, 123px\" \/><b>Pr\u00e9sident<\/b><br \/>Roselie Bellanca Posselius (USA)<br \/><a href=\"mailto:president2022-2026@amasc.org\"><span style=\"color: #3366ff;\">president@amasc.org<\/span><\/a><\/td>\n<\/tr>\n<tr>\n<td style=\"width: 310px; vertical-align: middle;\"><img loading=\"lazy\" decoding=\"async\" class=\"wp-image-3585  alignleft\" src=\"https:\/\/amasc.org\/wp-content\/uploads\/Maria-Asteinza.jpg\" alt=\"\" width=\"104\" height=\"126\" srcset=\"https:\/\/amasc.org\/wp-content\/uploads\/Maria-Asteinza.jpg 208w, https:\/\/amasc.org\/wp-content\/uploads\/Maria-Asteinza-124x150.jpg 124w\" sizes=\"auto, (max-width: 104px) 100vw, 104px\" \/><b>Vice-pr\u00e9sident<\/b><br \/>Maria Asteinza (\u00c9tats-Unis)<br \/><a href=\"mailto:vp@amasc.org\"><span style=\"color: #3366ff;\">vp@amasc.org<\/span><\/a><\/td>\n<\/tr>\n<tr>\n<td style=\"width: 310px;\"><img loading=\"lazy\" decoding=\"async\" class=\"wp-image-4165  alignleft\" src=\"https:\/\/amasc.org\/wp-content\/uploads\/Claude-Dubois.jpg\" alt=\"\" width=\"96\" height=\"168\" srcset=\"https:\/\/amasc.org\/wp-content\/uploads\/Claude-Dubois.jpg 171w, https:\/\/amasc.org\/wp-content\/uploads\/Claude-Dubois-86x150.jpg 86w, https:\/\/amasc.org\/wp-content\/uploads\/Claude-Dubois-7x12.jpg 7w\" sizes=\"auto, (max-width: 96px) 100vw, 96px\" \/><b>Tr\u00e9sorier<\/b><br \/>Claude Dubois-de la Fouchardi\u00e8re (France)<br \/><a href=\"mailto:claudedelafouchardiere@gmail.com\"><span style=\"color: #3366ff;\">treasurer@amasc.org<\/span><\/a><\/td>\n<\/tr>\n<tr>\n<td style=\"width: 310px;\"><img loading=\"lazy\" decoding=\"async\" class=\"wp-image-3640  alignleft\" src=\"https:\/\/amasc.org\/wp-content\/uploads\/Screenshot-2022-12-12-at-2.06.30-PM-227x300.png\" alt=\"\" width=\"100\" height=\"132\" srcset=\"https:\/\/amasc.org\/wp-content\/uploads\/Screenshot-2022-12-12-at-2.06.30-PM-227x300.png 227w, https:\/\/amasc.org\/wp-content\/uploads\/Screenshot-2022-12-12-at-2.06.30-PM-113x150.png 113w, https:\/\/amasc.org\/wp-content\/uploads\/Screenshot-2022-12-12-at-2.06.30-PM.png 418w\" sizes=\"auto, (max-width: 100px) 100vw, 100px\" \/><b>Secr\u00e9taire g\u00e9n\u00e9ral<\/b><br \/>Marcia Tufarolo (USA)<br \/><a href=\"mailto:secgen@amasc.org\"><span style=\"color: #3366ff;\">secgen@amasc.org<\/span><\/a><\/td>\n<\/tr>\n<\/tbody>\n<\/table>\n<table border=\"0\">\n<tbody>\n<tr>\n<td>\n<p><img loading=\"lazy\" decoding=\"async\" class=\"wp-image-3646  alignleft\" src=\"https:\/\/amasc.org\/wp-content\/uploads\/Sieger-headshot-2022-for-web-254x300.png\" alt=\"\" width=\"94\" height=\"111\" srcset=\"https:\/\/amasc.org\/wp-content\/uploads\/Sieger-headshot-2022-for-web-254x300.png 254w, https:\/\/amasc.org\/wp-content\/uploads\/Sieger-headshot-2022-for-web-127x150.png 127w, https:\/\/amasc.org\/wp-content\/uploads\/Sieger-headshot-2022-for-web.png 739w\" sizes=\"auto, (max-width: 94px) 100vw, 94px\" \/><strong>Secr\u00e9taire \u00e0 la communication<br \/><\/strong>Maggie Sieger Kaspura (USA)<br \/><a href=\"mailto:mkaspura@amasc.org\">communications@amasc.org<\/a><\/p>\n<\/td>\n<\/tr>\n<\/tbody>\n<\/table>\n<p><strong style=\"font-size: 14pt;\"><span style=\"color: #b72424;\">Leaders continentaux<\/span><\/strong><\/p>\n<table style=\"width: 100%; border-collapse: collapse;\" border=\"0\">\n<tbody>\n<tr>\n<td style=\"width: 321px;\">\n<p><b><img loading=\"lazy\" decoding=\"async\" class=\"wp-image-4166 size-full alignleft\" src=\"https:\/\/amasc.org\/wp-content\/uploads\/Gertrude-Lufwa-Nzolani.png\" alt=\"\" width=\"114\" height=\"150\" srcset=\"https:\/\/amasc.org\/wp-content\/uploads\/Gertrude-Lufwa-Nzolani.png 114w, https:\/\/amasc.org\/wp-content\/uploads\/Gertrude-Lufwa-Nzolani-9x12.png 9w\" sizes=\"auto, (max-width: 114px) 100vw, 114px\" \/>Afrique<br \/><\/b>Gertrude Lufwa Nzolani (Congo)<br \/><a href=\"mailto:africa2022-2026@amasc.org\">africa@amasc.org<\/a><\/p>\n<\/td>\n<\/tr>\n<tr>\n<td style=\"width: 321px;\"><img loading=\"lazy\" decoding=\"async\" class=\"wp-image-4219  alignleft\" src=\"https:\/\/amasc.org\/wp-content\/uploads\/image-4.png\" alt=\"\" width=\"125\" height=\"125\" srcset=\"https:\/\/amasc.org\/wp-content\/uploads\/image-4.png 48w, https:\/\/amasc.org\/wp-content\/uploads\/image-4-12x12.png 12w\" sizes=\"auto, (max-width: 125px) 100vw, 125px\" \/><b>Am\u00e9rique latine<\/b><br \/>Mary Sue Arrospide de Pinzas (P\u00e9rou)<br \/><span style=\"color: #3366ff;\">latinamerica@amasc.org<\/span><\/td>\n<\/tr>\n<tr>\n<td style=\"width: 321px;\">\u00a0<\/td>\n<\/tr>\n<tr>\n<td style=\"width: 321px;\"><img loading=\"lazy\" decoding=\"async\" class=\"wp-image-3649  alignleft\" src=\"https:\/\/amasc.org\/wp-content\/uploads\/Screenshot-2022-12-12-at-2.09.02-PM-233x300.png\" alt=\"\" width=\"114\" height=\"147\" srcset=\"https:\/\/amasc.org\/wp-content\/uploads\/Screenshot-2022-12-12-at-2.09.02-PM-233x300.png 233w, https:\/\/amasc.org\/wp-content\/uploads\/Screenshot-2022-12-12-at-2.09.02-PM-117x150.png 117w, https:\/\/amasc.org\/wp-content\/uploads\/Screenshot-2022-12-12-at-2.09.02-PM.png 362w\" sizes=\"auto, (max-width: 114px) 100vw, 114px\" \/><b>L'Europe<\/b><br \/><span lang=\"EN-US\">Maria Sch\u00f6ner<\/span> (Autriche)<br \/><a href=\"mailto:europe2022-2026@amasc.org\"><span style=\"color: #3366ff;\">europe@amasc.org<\/span><\/a><\/td>\n<\/tr>\n<tr>\n<td style=\"width: 321px;\">\n<p><img loading=\"lazy\" decoding=\"async\" class=\"alignleft wp-image-3647\" src=\"https:\/\/amasc.org\/wp-content\/uploads\/Screenshot-2022-12-12-at-2.07.31-PM-241x300.png\" alt=\"\" width=\"112\" height=\"139\" srcset=\"https:\/\/amasc.org\/wp-content\/uploads\/Screenshot-2022-12-12-at-2.07.31-PM-241x300.png 241w, https:\/\/amasc.org\/wp-content\/uploads\/Screenshot-2022-12-12-at-2.07.31-PM-120x150.png 120w, https:\/\/amasc.org\/wp-content\/uploads\/Screenshot-2022-12-12-at-2.07.31-PM.png 445w\" sizes=\"auto, (max-width: 112px) 100vw, 112px\" \/><b>USA-Canada<br \/><\/b>Sandra Chellel (USA)<br \/><a href=\"mailto:us-c2022-2026@amasc.org\"><span style=\"color: #3366ff;\">us-c@<\/span><span style=\"color: #3366ff;\">amasc.org<\/span><\/a><\/p>\n<\/td>\n<\/tr>\n<\/tbody>\n<\/table>\n<p><strong style=\"font-size: 14pt;\"><span style=\"color: #b72424;\">Membres du conseil d'administration<\/span><\/strong><\/p>\n<table style=\"width: 100%; border-collapse: collapse;\" border=\"0\">\n<tbody>\n<tr>\n<td style=\"width: 321px;\">\n<p><img loading=\"lazy\" decoding=\"async\" class=\"wp-image-3652  alignleft\" src=\"https:\/\/amasc.org\/wp-content\/uploads\/Screenshot-2022-12-12-at-4.02.12-PM-213x300.png\" alt=\"\" width=\"119\" height=\"168\" srcset=\"https:\/\/amasc.org\/wp-content\/uploads\/Screenshot-2022-12-12-at-4.02.12-PM-213x300.png 213w, https:\/\/amasc.org\/wp-content\/uploads\/Screenshot-2022-12-12-at-4.02.12-PM-107x150.png 107w, https:\/\/amasc.org\/wp-content\/uploads\/Screenshot-2022-12-12-at-4.02.12-PM.png 466w\" sizes=\"auto, (max-width: 119px) 100vw, 119px\" \/><\/p>\n<p>Maria Luisa Campa (Italie)<span style=\"color: #3366ff;\"><br \/><\/span><\/p>\n<\/td>\n<\/tr>\n<tr>\n<td style=\"width: 321px;\">\u00a0<\/td>\n<\/tr>\n<tr>\n<td style=\"width: 321px;\">\n<p><img loading=\"lazy\" decoding=\"async\" class=\"wp-image-3642  alignleft\" src=\"https:\/\/amasc.org\/wp-content\/uploads\/Screenshot-2022-12-12-at-2.08.28-PM-211x300.png\" alt=\"\" width=\"94\" height=\"134\" srcset=\"https:\/\/amasc.org\/wp-content\/uploads\/Screenshot-2022-12-12-at-2.08.28-PM-211x300.png 211w, https:\/\/amasc.org\/wp-content\/uploads\/Screenshot-2022-12-12-at-2.08.28-PM-106x150.png 106w, https:\/\/amasc.org\/wp-content\/uploads\/Screenshot-2022-12-12-at-2.08.28-PM.png 486w\" sizes=\"auto, (max-width: 94px) 100vw, 94px\" \/><b><\/b><b>Liaison avec l'administration belge<\/b><br \/>Quentin Merny (Belgique)<br \/><a href=\"mailto:belgianadmin2022-2026@amasc.org\"><span style=\"color: #3366ff;\">belgianadmin@amasc.org<\/span><\/a><\/p>\n<\/td>\n<\/tr>\n<tr>\n<td style=\"width: 321px;\">\n<p><b><img loading=\"lazy\" decoding=\"async\" class=\"wp-image-3648  alignleft\" src=\"https:\/\/amasc.org\/wp-content\/uploads\/Screenshot-2022-12-12-at-2.08.01-PM-194x300.png\" alt=\"\" width=\"108\" height=\"167\" srcset=\"https:\/\/amasc.org\/wp-content\/uploads\/Screenshot-2022-12-12-at-2.08.01-PM-194x300.png 194w, https:\/\/amasc.org\/wp-content\/uploads\/Screenshot-2022-12-12-at-2.08.01-PM-97x150.png 97w, https:\/\/amasc.org\/wp-content\/uploads\/Screenshot-2022-12-12-at-2.08.01-PM.png 398w\" sizes=\"auto, (max-width: 108px) 100vw, 108px\" \/><\/b>Hayley Harmouch (\u00c9gypte)<br \/><a href=\"mailto:egypt@amasc.org\">egypt@amasc.org<\/a><\/p>\n<\/td>\n<\/tr>\n<tr>\n<td style=\"width: 321px;\">\n<p><img loading=\"lazy\" decoding=\"async\" class=\"wp-image-3649  alignleft\" src=\"https:\/\/amasc.org\/wp-content\/uploads\/Screenshot-2022-12-12-at-2.09.02-PM-233x300.png\" alt=\"\" width=\"112\" height=\"144\" srcset=\"https:\/\/amasc.org\/wp-content\/uploads\/Screenshot-2022-12-12-at-2.09.02-PM-233x300.png 233w, https:\/\/amasc.org\/wp-content\/uploads\/Screenshot-2022-12-12-at-2.09.02-PM-117x150.png 117w, https:\/\/amasc.org\/wp-content\/uploads\/Screenshot-2022-12-12-at-2.09.02-PM.png 362w\" sizes=\"auto, (max-width: 112px) 100vw, 112px\" \/>Maria Sch\u00f6ner (Autriche)<br \/><a href=\"mailto:europe2022-2026@amasc.org\">europe@amasc.org<\/a><\/p>\n<\/td>\n<\/tr>\n<\/tbody>\n<\/table>\n<p><strong style=\"font-size: 14pt;\"><span style=\"color: #b72424;\">Conseiller spirituel et connexion au Sacr\u00e9-C\u0153ur<\/span><\/strong><\/p>\n<table style=\"width: 100%; border-collapse: collapse;\" border=\"0\">\n<tbody>\n<tr>\n<td><b>Nsanja \"Susan\" Nankya, RSCJ <\/b><br \/><a href=\"mailto:spiritual@amasc.org\"><span style=\"color: #3366ff;\">spiritual@amasc.org<\/span><\/a><\/td>\n<\/tr>\n<\/tbody>\n<\/table>\n<p><strong style=\"font-size: 14pt;\"><span style=\"color: #b72424;\">Membres \u00e9m\u00e9rites<\/span><\/strong><br \/><strong><br \/>Membres vivants<\/strong><\/p>\n<p>Francesca Kaucisvili Molzi D'eri (Italie)<br \/>Mme Olga S. Rome (USA) <a href=\"mailto:osrome23@gmail.com\">osrome23@gmail.com<\/a><br \/>Mme Hermine van Asten-Wennekers (Pays-Bas) <a href=\"mailto:hermine.amasc@gmail.com\">hermine.amasc@gmail.com<\/a><br \/>Sra. Mar\u00eda Ignacia Areyzaga, Vda. de Irastorza (Espagne)<br \/>Mme Anne de Broglio (Australie) <a href=\"mailto:anne.debroglio@bigpond.com\">anne.debroglio@bigpond.com<\/a><br \/>Mme Gillie Collyer (Royaume-Uni) <a href=\"mailto:gilliecollyer@gmail.com\">gilliecollyer@gmail.com<\/a><br \/>Mme Djuanne Walker (Nouvelle-Z\u00e9lande)<br \/>Ana Elena Ogarrio de Reyes Retana (Mexique)<br \/>Mme Maureen Elliott (Canada) <a href=\"mailto:mae13@shaw.ca\">mae13@shaw.ca<\/a><\/p>\n<p><strong>Membres d\u00e9c\u00e9d\u00e9s<\/strong><\/p>\n<p>Mme Yannick Balay (France)<br \/>Mme Mary Browne (Australie)<br \/>Mme Patricia (Trish) Burns (Australie)<br \/>Mme Krystyna Capinska (Pologne)<br \/>Sra. Mar\u00eda del Carmen G\u00f3mez Madrazo (Mexique)<br \/>Mme Miriam Drum Gray (USA)<br \/>Mme Elizabeth Lovatt Dolan (Irlande)<br \/>Sra. Mar\u00eda Luisa Largacha de Escall\u00f3n (Colombie)<br \/>Mme Patricia Horsley (Australie)<br \/>Mme Denise Peeters le Boulenge (Belgique)<br \/>Elsa Gempeler Lleras (Colombie)<br \/>Mme Maryliz de Vito Ruhl Lincoln (USA)<br \/>Sra. Filomena Luciani (Italie)<br \/>Sadako Ogata (Japon)<br \/>Mme Mary Pejacsevich (Hongrie en exil)<br \/>Sra. Maria Olga Cassinis Pittatore (Italie)<br \/>Sra. Beatriz Restrepo de Echavarr\u00eda (Colombie)<br \/>Mme Marguerite Nyst Seigneur<br \/>Mme Sabine van der Plancke (Belgique)<br \/>Mme Jacqueline Klomp-Verhoeven (Pays-Bas)<br \/>Mme Maria Franca Migone de Amicis Calvi (Italie)<br \/>Mme Reiko Kobori (Japon)<\/p>\n\n\n<p><\/p>","protected":false},"excerpt":{"rendered":"<p>CONSEIL D'ADMINISTRATION Le Conseil d'administration, dirig\u00e9 par la pr\u00e9sidente Roselie Bellanca Posselius, servira l'AMASC durant le mandat 2022-2026, sous le th\u00e8me : \" Un c\u0153ur qui avance avec courage et confiance \" Bureau administratif Pr\u00e9sidenteRoselie Bellanca Posselius (USA)president@amasc.org Vice-pr\u00e9sidenteMaria Asteinza (USA)vp@amasc.org Tr\u00e9sorierClaude Dubois-de la Fouchardi\u00e8re (France)treasurer@amasc.org Secr\u00e9taire g\u00e9n\u00e9raleMarcia Tufarolo (USA)secgen@amasc.org Secr\u00e9taire \u00e0 la communicationMaggie Sieger Kaspura....<\/p>","protected":false},"author":6,"featured_media":0,"parent":1413,"menu_order":0,"comment_status":"closed","ping_status":"closed","template":"","meta":{"_acf_changed":false,"_kad_blocks_custom_css":"","_kad_blocks_head_custom_js":"","_kad_blocks_body_custom_js":"","_kad_blocks_footer_custom_js":"","_kad_post_transparent":"","_kad_post_title":"","_kad_post_layout":"","_kad_post_sidebar_id":"","_kad_post_content_style":"","_kad_post_vertical_padding":"","_kad_post_feature":"","_kad_post_feature_position":"","_kad_post_header":false,"_kad_post_footer":false,"_kad_post_classname":"","footnotes":""},"class_list":["post-169","page","type-page","status-publish","hentry"],"acf":[],"yoast_head":"<!-- This site is optimized with the Yoast SEO plugin v26.4 - https:\/\/yoast.com\/wordpress\/plugins\/seo\/ -->\n<title>Board of directors - AMASC<\/title>\n<meta name=\"robots\" content=\"index, follow, max-snippet:-1, max-image-preview:large, max-video-preview:-1\" \/>\n<link rel=\"canonical\" href=\"https:\/\/amasc.org\/fr\/what-is-amasc\/board-of-directors\/\" \/>\n<meta property=\"og:locale\" content=\"fr_FR\" \/>\n<meta property=\"og:type\" content=\"article\" \/>\n<meta property=\"og:title\" content=\"Board of directors - AMASC\" \/>\n<meta property=\"og:description\" content=\"BOARD OF DIRECTORS The Board of Directors, headed by President Roselie Bellanca Posselius, will serve AMASC during the 2022-2026 mandate, with the theme: \u00ab One heart moving forward with courage and confidence \u00bb Administrative Office PresidentRoselie Bellanca Posselius (USA)president@amasc.org Vice-PresidentMaria Asteinza (USA)vp@amasc.org TreasurerClaude Dubois-de la Fouchardi\u00e8re (France)treasurer@amasc.org Secretary GeneralMarcia Tufarolo (USA)secgen@amasc.org Communications SecretaryMaggie Sieger Kaspura...\" \/>\n<meta property=\"og:url\" content=\"https:\/\/amasc.org\/fr\/what-is-amasc\/board-of-directors\/\" \/>\n<meta property=\"og:site_name\" content=\"AMASC\" \/>\n<meta property=\"article:modified_time\" content=\"2025-03-26T12:46:11+00:00\" \/>\n<meta property=\"og:image\" content=\"https:\/\/amasc.org\/wp-content\/uploads\/banner-amasc-EN-ES.jpg\" \/>\n\t<meta property=\"og:image:width\" content=\"1920\" \/>\n\t<meta property=\"og:image:height\" content=\"540\" \/>\n\t<meta property=\"og:image:type\" content=\"image\/jpeg\" \/>\n<meta name=\"twitter:card\" content=\"summary_large_image\" \/>\n<meta name=\"twitter:label1\" content=\"Dur\u00e9e de lecture estim\u00e9e\" \/>\n\t<meta name=\"twitter:data1\" content=\"5 minutes\" \/>\n<script type=\"application\/ld+json\" class=\"yoast-schema-graph\">{\"@context\":\"https:\/\/schema.org\",\"@graph\":[{\"@type\":\"WebPage\",\"@id\":\"https:\/\/amasc.org\/what-is-amasc\/board-of-directors\/\",\"url\":\"https:\/\/amasc.org\/what-is-amasc\/board-of-directors\/\",\"name\":\"Board of directors - AMASC\",\"isPartOf\":{\"@id\":\"https:\/\/amasc.org\/#website\"},\"primaryImageOfPage\":{\"@id\":\"https:\/\/amasc.org\/what-is-amasc\/board-of-directors\/#primaryimage\"},\"image\":{\"@id\":\"https:\/\/amasc.org\/what-is-amasc\/board-of-directors\/#primaryimage\"},\"thumbnailUrl\":\"https:\/\/amasc.org\/wp-content\/uploads\/banner-amasc-EN-ES-1024x288.jpg\",\"datePublished\":\"2020-10-10T14:49:58+00:00\",\"dateModified\":\"2025-03-26T12:46:11+00:00\",\"breadcrumb\":{\"@id\":\"https:\/\/amasc.org\/what-is-amasc\/board-of-directors\/#breadcrumb\"},\"inLanguage\":\"fr-FR\",\"potentialAction\":[{\"@type\":\"ReadAction\",\"target\":[\"https:\/\/amasc.org\/what-is-amasc\/board-of-directors\/\"]}]},{\"@type\":\"ImageObject\",\"inLanguage\":\"fr-FR\",\"@id\":\"https:\/\/amasc.org\/what-is-amasc\/board-of-directors\/#primaryimage\",\"url\":\"https:\/\/amasc.org\/wp-content\/uploads\/banner-amasc-EN-ES-1024x288.jpg\",\"contentUrl\":\"https:\/\/amasc.org\/wp-content\/uploads\/banner-amasc-EN-ES-1024x288.jpg\"},{\"@type\":\"BreadcrumbList\",\"@id\":\"https:\/\/amasc.org\/what-is-amasc\/board-of-directors\/#breadcrumb\",\"itemListElement\":[{\"@type\":\"ListItem\",\"position\":1,\"name\":\"Home\",\"item\":\"https:\/\/amasc.org\/\"},{\"@type\":\"ListItem\",\"position\":2,\"name\":\"What is AMASC ?\",\"item\":\"https:\/\/amasc.org\/what-is-amasc\/\"},{\"@type\":\"ListItem\",\"position\":3,\"name\":\"Board of directors\"}]},{\"@type\":\"WebSite\",\"@id\":\"https:\/\/amasc.org\/#website\",\"url\":\"https:\/\/amasc.org\/\",\"name\":\"AMASC\",\"description\":\"\",\"publisher\":{\"@id\":\"https:\/\/amasc.org\/#organization\"},\"potentialAction\":[{\"@type\":\"SearchAction\",\"target\":{\"@type\":\"EntryPoint\",\"urlTemplate\":\"https:\/\/amasc.org\/?s={search_term_string}\"},\"query-input\":{\"@type\":\"PropertyValueSpecification\",\"valueRequired\":true,\"valueName\":\"search_term_string\"}}],\"inLanguage\":\"fr-FR\"},{\"@type\":\"Organization\",\"@id\":\"https:\/\/amasc.org\/#organization\",\"name\":\"AMASC\",\"url\":\"https:\/\/amasc.org\/\",\"logo\":{\"@type\":\"ImageObject\",\"inLanguage\":\"fr-FR\",\"@id\":\"https:\/\/amasc.org\/#\/schema\/logo\/image\/\",\"url\":\"https:\/\/amasc.org\/wp-content\/uploads\/logo-brand-red.png\",\"contentUrl\":\"https:\/\/amasc.org\/wp-content\/uploads\/logo-brand-red.png\",\"width\":1283,\"height\":1624,\"caption\":\"AMASC\"},\"image\":{\"@id\":\"https:\/\/amasc.org\/#\/schema\/logo\/image\/\"}}]}<\/script>\n<!-- \/ Yoast SEO plugin. -->","yoast_head_json":{"title":"Conseil d'administration - AMASC","robots":{"index":"index","follow":"follow","max-snippet":"max-snippet:-1","max-image-preview":"max-image-preview:large","max-video-preview":"max-video-preview:-1"},"canonical":"https:\/\/amasc.org\/fr\/what-is-amasc\/board-of-directors\/","og_locale":"fr_FR","og_type":"article","og_title":"Board of directors - AMASC","og_description":"BOARD OF DIRECTORS The Board of Directors, headed by President Roselie Bellanca Posselius, will serve AMASC during the 2022-2026 mandate, with the theme: \u00ab One heart moving forward with courage and confidence \u00bb Administrative Office PresidentRoselie Bellanca Posselius (USA)president@amasc.org Vice-PresidentMaria Asteinza (USA)vp@amasc.org TreasurerClaude Dubois-de la Fouchardi\u00e8re (France)treasurer@amasc.org Secretary GeneralMarcia Tufarolo (USA)secgen@amasc.org Communications SecretaryMaggie Sieger Kaspura...","og_url":"https:\/\/amasc.org\/fr\/what-is-amasc\/board-of-directors\/","og_site_name":"AMASC","article_modified_time":"2025-03-26T12:46:11+00:00","og_image":[{"width":1920,"height":540,"url":"https:\/\/amasc.org\/wp-content\/uploads\/banner-amasc-EN-ES.jpg","type":"image\/jpeg"}],"twitter_card":"summary_large_image","twitter_misc":{"Dur\u00e9e de lecture estim\u00e9e":"5 minutes"},"schema":{"@context":"https:\/\/schema.org","@graph":[{"@type":"WebPage","@id":"https:\/\/amasc.org\/what-is-amasc\/board-of-directors\/","url":"https:\/\/amasc.org\/what-is-amasc\/board-of-directors\/","name":"Conseil d'administration - AMASC","isPartOf":{"@id":"https:\/\/amasc.org\/#website"},"primaryImageOfPage":{"@id":"https:\/\/amasc.org\/what-is-amasc\/board-of-directors\/#primaryimage"},"image":{"@id":"https:\/\/amasc.org\/what-is-amasc\/board-of-directors\/#primaryimage"},"thumbnailUrl":"https:\/\/amasc.org\/wp-content\/uploads\/banner-amasc-EN-ES-1024x288.jpg","datePublished":"2020-10-10T14:49:58+00:00","dateModified":"2025-03-26T12:46:11+00:00","breadcrumb":{"@id":"https:\/\/amasc.org\/what-is-amasc\/board-of-directors\/#breadcrumb"},"inLanguage":"fr-FR","potentialAction":[{"@type":"ReadAction","target":["https:\/\/amasc.org\/what-is-amasc\/board-of-directors\/"]}]},{"@type":"ImageObject","inLanguage":"fr-FR","@id":"https:\/\/amasc.org\/what-is-amasc\/board-of-directors\/#primaryimage","url":"https:\/\/amasc.org\/wp-content\/uploads\/banner-amasc-EN-ES-1024x288.jpg","contentUrl":"https:\/\/amasc.org\/wp-content\/uploads\/banner-amasc-EN-ES-1024x288.jpg"},{"@type":"BreadcrumbList","@id":"https:\/\/amasc.org\/what-is-amasc\/board-of-directors\/#breadcrumb","itemListElement":[{"@type":"ListItem","position":1,"name":"Home","item":"https:\/\/amasc.org\/"},{"@type":"ListItem","position":2,"name":"What is AMASC ?","item":"https:\/\/amasc.org\/what-is-amasc\/"},{"@type":"ListItem","position":3,"name":"Board of directors"}]},{"@type":"WebSite","@id":"https:\/\/amasc.org\/#website","url":"https:\/\/amasc.org\/","name":"AMASC","description":"","publisher":{"@id":"https:\/\/amasc.org\/#organization"},"potentialAction":[{"@type":"SearchAction","target":{"@type":"EntryPoint","urlTemplate":"https:\/\/amasc.org\/?s={search_term_string}"},"query-input":{"@type":"PropertyValueSpecification","valueRequired":true,"valueName":"search_term_string"}}],"inLanguage":"fr-FR"},{"@type":"Organization","@id":"https:\/\/amasc.org\/#organization","name":"AMASC","url":"https:\/\/amasc.org\/","logo":{"@type":"ImageObject","inLanguage":"fr-FR","@id":"https:\/\/amasc.org\/#\/schema\/logo\/image\/","url":"https:\/\/amasc.org\/wp-content\/uploads\/logo-brand-red.png","contentUrl":"https:\/\/amasc.org\/wp-content\/uploads\/logo-brand-red.png","width":1283,"height":1624,"caption":"AMASC"},"image":{"@id":"https:\/\/amasc.org\/#\/schema\/logo\/image\/"}}]}},"taxonomy_info":[],"featured_image_src_large":false,"author_info":{"display_name":"AMASC","author_link":"https:\/\/amasc.org\/fr\/author\/amasc\/"},"comment_info":0,"_links":{"self":[{"href":"https:\/\/amasc.org\/fr\/wp-json\/wp\/v2\/pages\/169","targetHints":{"allow":["GET"]}}],"collection":[{"href":"https:\/\/amasc.org\/fr\/wp-json\/wp\/v2\/pages"}],"about":[{"href":"https:\/\/amasc.org\/fr\/wp-json\/wp\/v2\/types\/page"}],"author":[{"embeddable":true,"href":"https:\/\/amasc.org\/fr\/wp-json\/wp\/v2\/users\/6"}],"replies":[{"embeddable":true,"href":"https:\/\/amasc.org\/fr\/wp-json\/wp\/v2\/comments?post=169"}],"version-history":[{"count":0,"href":"https:\/\/amasc.org\/fr\/wp-json\/wp\/v2\/pages\/169\/revisions"}],"up":[{"embeddable":true,"href":"https:\/\/amasc.org\/fr\/wp-json\/wp\/v2\/pages\/1413"}],"wp:attachment":[{"href":"https:\/\/amasc.org\/fr\/wp-json\/wp\/v2\/media?parent=169"}],"curies":[{"name":"wp","href":"https:\/\/api.w.org\/{rel}","templated":true}]}}