{"id":392,"date":"2020-10-11T18:01:03","date_gmt":"2020-10-11T16:01:03","guid":{"rendered":"https:\/\/sitewp.amasc-sacrecoeur.net\/?page_id=392"},"modified":"2021-11-24T22:34:20","modified_gmt":"2021-11-24T21:34:20","slug":"meditations","status":"publish","type":"page","link":"https:\/\/amasc.org\/fr\/activities\/spiritual-formation\/meditations\/","title":{"rendered":"M\u00e9ditations"},"content":{"rendered":"<div class=\"wp-block-columns is-layout-flex wp-container-core-columns-is-layout-9d6595d7 wp-block-columns-is-layout-flex\">\n<div class=\"wp-block-column is-layout-flow wp-block-column-is-layout-flow\" style=\"flex-basis:66.66%\">\n<h2 class=\"wp-block-heading\"><span style=\"color:#b72424\" class=\"has-inline-color\">Les m\u00e9ditations de Sr Dolores Aleixandre, rscj<\/span><\/h2>\n\n\n\n<p>24\/11\/2021<br><strong> <strong>AVENT 2021<\/strong> <\/strong><\/p>\n\n\n\n<div class=\"wp-block-file\"><a href=\"https:\/\/amasc.org\/wp-content\/uploads\/UK.-ADVENT-2021-AMASC.pdf\" target=\"_blank\" rel=\"noreferrer noopener\">Lire en ligne<\/a><a href=\"https:\/\/amasc.org\/wp-content\/uploads\/UK.-ADVENT-2021-AMASC.pdf\" class=\"wp-block-file__button\" download>T\u00e9l\u00e9charger<\/a><\/div>\n\n\n\n<p>11\/06\/2021<br><strong>SOLENNIT\u00c9 DU SACR\u00c9 C\u0152UR<\/strong><\/p>\n\n\n\n<div class=\"wp-block-file\"><a href=\"https:\/\/amasc.org\/wp-content\/uploads\/UK.-Solemnity-of-the-Sacred-Heart-2021-1.pdf\" target=\"_blank\" rel=\"noreferrer noopener\">Lire en ligne<\/a><a href=\"https:\/\/amasc.org\/wp-content\/uploads\/UK.-Solemnity-of-the-Sacred-Heart-2021-1.pdf\" class=\"wp-block-file__button\" download>T\u00e9l\u00e9charger<\/a><\/div>\n\n\n\n<p>25\/05\/2021<br><strong>F\u00caTE DE SAINTE MADELEINE SOPHIE<\/strong><\/p>\n\n\n\n<div class=\"wp-block-file\"><a href=\"https:\/\/amasc.org\/wp-content\/uploads\/UK-Fiest-of-Saint-Magdeleine-Sophie-2021.pdf\" target=\"_blank\" rel=\"noreferrer noopener\">Lire en ligne<\/a><a href=\"https:\/\/amasc.org\/wp-content\/uploads\/UK-Fiest-of-Saint-Magdeleine-Sophie-2021.pdf\" class=\"wp-block-file__button\" download>T\u00e9l\u00e9charger<\/a><\/div>\n\n\n\n<p>28\/03\/2021<br><strong>\u00caTRE UNE ALUMNA SELON LE C\u0152UR DE MADELEINE-SOPHIE BARAT<\/strong><\/p>\n\n\n\n<div class=\"wp-block-file\"><a href=\"https:\/\/amasc.org\/wp-content\/uploads\/TO-BE-AN-ALUMNA-UK.pdf\" target=\"_blank\" rel=\"noreferrer noopener\">Lire en ligne<\/a><a href=\"https:\/\/amasc.org\/wp-content\/uploads\/TO-BE-AN-ALUMNA-UK.pdf\" class=\"wp-block-file__button\" download>T\u00e9l\u00e9charger<\/a><\/div>\n\n\n\n<p>15\/12\/2020<br><strong>NO\u00cbL 2020<\/strong><\/p>\n\n\n\n<div class=\"wp-block-file\"><a href=\"https:\/\/amasc.org\/wp-content\/uploads\/Uk_Christmas_2020.pdf\" target=\"_blank\" rel=\"noreferrer noopener\">Lire en ligne<\/a><a href=\"https:\/\/amasc.org\/wp-content\/uploads\/Uk_Christmas_2020.pdf\" class=\"wp-block-file__button\" download>T\u00e9l\u00e9charger<\/a><\/div>\n\n\n\n<p>10\/06\/2020<br><strong>SOLENNIT\u00c9 DU SACR\u00c9 C\u0152UR<\/strong><\/p>\n\n\n\n<div class=\"wp-block-file\"><a href=\"https:\/\/amasc.org\/wp-content\/uploads\/uk_sacredheart_2020.pdf\" target=\"_blank\" rel=\"noreferrer noopener\">Lire en ligne<\/a><a href=\"https:\/\/amasc.org\/wp-content\/uploads\/uk_sacredheart_2020.pdf\" class=\"wp-block-file__button\" download>T\u00e9l\u00e9charger<\/a><\/div>\n\n\n\n<p>16\/05\/2020<br><strong>F\u00caTE DE SAINTE MADELEINE SOPHIE<\/strong><\/p>\n\n\n\n<div class=\"wp-block-file\"><a href=\"https:\/\/amasc.org\/wp-content\/uploads\/uk_feast_2020.pdf\" target=\"_blank\" rel=\"noreferrer noopener\">Lire en ligne<\/a><a href=\"https:\/\/amasc.org\/wp-content\/uploads\/uk_feast_2020.pdf\" class=\"wp-block-file__button\" download>T\u00e9l\u00e9charger<\/a><\/div>\n\n\n\n<p>30\/03\/2020<br><strong>TRIDUUM DE P\u00c2QUES<\/strong><\/p>\n\n\n\n<div class=\"wp-block-file\"><a href=\"https:\/\/amasc.org\/wp-content\/uploads\/uk_triduum_2020.pdf\" target=\"_blank\" rel=\"noreferrer noopener\">Lire en ligne<\/a><a href=\"https:\/\/amasc.org\/wp-content\/uploads\/uk_triduum_2020.pdf\" class=\"wp-block-file__button\" download>T\u00e9l\u00e9charger<\/a><\/div>\n\n\n\n<p>20\/12\/2019<br><strong>NO\u00cbL 2019<\/strong><\/p>\n\n\n\n<div class=\"wp-block-file\"><a href=\"https:\/\/amasc.org\/wp-content\/uploads\/uk_Christmas_2019.pdf\" target=\"_blank\" rel=\"noreferrer noopener\">Lire en ligne<\/a><a href=\"https:\/\/amasc.org\/wp-content\/uploads\/uk_Christmas_2019.pdf\" class=\"wp-block-file__button\" download>T\u00e9l\u00e9charger<\/a><\/div>\n\n\n\n<p>30\/11\/2019<br><strong>AVENT 2019<\/strong><\/p>\n\n\n\n<div class=\"wp-block-file\"><a href=\"https:\/\/amasc.org\/wp-content\/uploads\/uk_advent_2019.pdf.pdf\" target=\"_blank\" rel=\"noreferrer noopener\">Lire en ligne<\/a><a href=\"https:\/\/amasc.org\/wp-content\/uploads\/uk_advent_2019.pdf.pdf\" class=\"wp-block-file__button\" download>T\u00e9l\u00e9charger<\/a><\/div>\n\n\n\n<p>15\/10\/2019<br><strong>F\u00caTE DE MATER ADMIRABILIS 2019<\/strong><\/p>\n\n\n\n<div class=\"wp-block-file\"><a href=\"https:\/\/amasc.org\/wp-content\/uploads\/uk_fiest_mater.pdf\" target=\"_blank\" rel=\"noreferrer noopener\">Lire en ligne<\/a><a href=\"https:\/\/amasc.org\/wp-content\/uploads\/uk_fiest_mater.pdf\" class=\"wp-block-file__button\" download>T\u00e9l\u00e9charger<\/a><\/div>\n\n\n\n<p>12\/10\/2019<br><strong>AVENT 2018<\/strong><\/p>\n\n\n\n<div class=\"wp-block-file\"><a href=\"https:\/\/amasc.org\/wp-content\/uploads\/uk_Avent_2018.pdf\" target=\"_blank\" rel=\"noreferrer noopener\">Lire en ligne<\/a><a href=\"https:\/\/amasc.org\/wp-content\/uploads\/uk_Avent_2018.pdf\" class=\"wp-block-file__button\" download>T\u00e9l\u00e9charger<\/a><\/div>\n\n\n\n<div style=\"height:50px\" aria-hidden=\"true\" class=\"wp-block-spacer\"><\/div>\n<\/div>\n\n\n\n<div class=\"wp-block-column is-layout-flow wp-block-column-is-layout-flow\" style=\"flex-basis:33.33%\">\n<div class=\"wp-block-image\"><figure class=\"aligncenter size-large is-resized\"><img loading=\"lazy\" decoding=\"async\" src=\"https:\/\/amasc.org\/wp-content\/uploads\/ca_aleixandre.jpg\" alt=\"\" class=\"wp-image-145\" width=\"215\" height=\"312\"\/><figcaption><em><em><em><em>Sr Dolores Aleixandre, RSCJ<br><em>Conseiller spirituel de l'AMASC<\/em><\/em><\/em><\/em><\/em><\/figcaption><\/figure><\/div>\n\n\n\n<p><\/p>\n<\/div>\n<\/div>\n\n\n\n<p><\/p>","protected":false},"excerpt":{"rendered":"<p>Les m\u00e9ditations de Sr. Dolores Aleixandre, rscj 24\/11\/2021 AVENT 2021 11\/06\/2021SOLEMNIT\u00c9 DU SACR\u00c9-C\u0152UR 25\/05\/2021F\u00caTE DE SAINTE MADELEINE SOPHIE 28\/03\/2021POUR \u00caTRE UNE ALUMNA SELON LE C\u0152UR DE MADELEINE-SOPHIE BARAT 15\/12\/2020NO\u00cbL 2020 10\/06\/2020SOLEMNIT\u00c9 DU SACR\u00c9 COEUR 16\/05\/2020F\u00caTE DE SAINTE MADELEINE SOPHIE 30\/03\/2020TRIDUUM PASCAL 20\/12\/2019NO\u00cbL 2019 30\/11\/2019AVENTURE 2019 15\/10\/2019F\u00caTE DE MATER ADMIRABILIS 2019 12\/10\/2019AVENTURE...<\/p>","protected":false},"author":6,"featured_media":0,"parent":599,"menu_order":0,"comment_status":"closed","ping_status":"closed","template":"","meta":{"_acf_changed":false,"_kad_blocks_custom_css":"","_kad_blocks_head_custom_js":"","_kad_blocks_body_custom_js":"","_kad_blocks_footer_custom_js":"","_kad_post_transparent":"","_kad_post_title":"","_kad_post_layout":"","_kad_post_sidebar_id":"","_kad_post_content_style":"","_kad_post_vertical_padding":"","_kad_post_feature":"","_kad_post_feature_position":"","_kad_post_header":false,"_kad_post_footer":false,"_kad_post_classname":"","footnotes":""},"class_list":["post-392","page","type-page","status-publish","hentry"],"acf":[],"yoast_head":"<!-- This site is optimized with the Yoast SEO plugin v26.4 - https:\/\/yoast.com\/wordpress\/plugins\/seo\/ -->\n<title>Meditations - AMASC<\/title>\n<meta name=\"robots\" content=\"index, follow, max-snippet:-1, max-image-preview:large, max-video-preview:-1\" \/>\n<link rel=\"canonical\" href=\"https:\/\/amasc.org\/fr\/activities\/spiritual-formation\/meditations\/\" \/>\n<meta property=\"og:locale\" content=\"fr_FR\" \/>\n<meta property=\"og:type\" content=\"article\" \/>\n<meta property=\"og:title\" content=\"Meditations - AMASC\" \/>\n<meta property=\"og:description\" content=\"The meditations of Sr. Dolores Aleixandre, rscj 24\/11\/2021 ADVENT 2021 11\/06\/2021SOLEMNITY OF THE SACRED HEART 25\/05\/2021FEAST OF SAINT MADELEINE SOPHIE 28\/03\/2021TO BE AN ALUMNA ACCORDING TO THE HEART OF MADELEINE-SOPHIE BARAT 15\/12\/2020CHRISTMAS 2020 10\/06\/2020SOLEMNITY OF THE SACRED HEART 16\/05\/2020FEAST OF SAINT MADELEINE SOPHIE 30\/03\/2020EASTER TRIDUUM 20\/12\/2019CHRISTMAS 2019 30\/11\/2019ADVENT 2019 15\/10\/2019FIEST OF MATER ADMIRABILIS 2019 12\/10\/2019ADVENT...\" \/>\n<meta property=\"og:url\" content=\"https:\/\/amasc.org\/fr\/activities\/spiritual-formation\/meditations\/\" \/>\n<meta property=\"og:site_name\" content=\"AMASC\" \/>\n<meta property=\"article:modified_time\" content=\"2021-11-24T21:34:20+00:00\" \/>\n<meta property=\"og:image\" content=\"https:\/\/amasc.org\/wp-content\/uploads\/ca_aleixandre.jpg\" \/>\n<meta name=\"twitter:card\" content=\"summary_large_image\" \/>\n<script type=\"application\/ld+json\" class=\"yoast-schema-graph\">{\"@context\":\"https:\/\/schema.org\",\"@graph\":[{\"@type\":\"WebPage\",\"@id\":\"https:\/\/amasc.org\/activities\/spiritual-formation\/meditations\/\",\"url\":\"https:\/\/amasc.org\/activities\/spiritual-formation\/meditations\/\",\"name\":\"Meditations - AMASC\",\"isPartOf\":{\"@id\":\"https:\/\/amasc.org\/#website\"},\"primaryImageOfPage\":{\"@id\":\"https:\/\/amasc.org\/activities\/spiritual-formation\/meditations\/#primaryimage\"},\"image\":{\"@id\":\"https:\/\/amasc.org\/activities\/spiritual-formation\/meditations\/#primaryimage\"},\"thumbnailUrl\":\"https:\/\/amasc.org\/wp-content\/uploads\/ca_aleixandre.jpg\",\"datePublished\":\"2020-10-11T16:01:03+00:00\",\"dateModified\":\"2021-11-24T21:34:20+00:00\",\"breadcrumb\":{\"@id\":\"https:\/\/amasc.org\/activities\/spiritual-formation\/meditations\/#breadcrumb\"},\"inLanguage\":\"fr-FR\",\"potentialAction\":[{\"@type\":\"ReadAction\",\"target\":[\"https:\/\/amasc.org\/activities\/spiritual-formation\/meditations\/\"]}]},{\"@type\":\"ImageObject\",\"inLanguage\":\"fr-FR\",\"@id\":\"https:\/\/amasc.org\/activities\/spiritual-formation\/meditations\/#primaryimage\",\"url\":\"https:\/\/amasc.org\/wp-content\/uploads\/ca_aleixandre.jpg\",\"contentUrl\":\"https:\/\/amasc.org\/wp-content\/uploads\/ca_aleixandre.jpg\"},{\"@type\":\"BreadcrumbList\",\"@id\":\"https:\/\/amasc.org\/activities\/spiritual-formation\/meditations\/#breadcrumb\",\"itemListElement\":[{\"@type\":\"ListItem\",\"position\":1,\"name\":\"Home\",\"item\":\"https:\/\/amasc.org\/\"},{\"@type\":\"ListItem\",\"position\":2,\"name\":\"Activities\",\"item\":\"https:\/\/amasc.org\/activities\/\"},{\"@type\":\"ListItem\",\"position\":3,\"name\":\"Spiritual formation\",\"item\":\"https:\/\/amasc.org\/activities\/spiritual-formation\/\"},{\"@type\":\"ListItem\",\"position\":4,\"name\":\"Meditations\"}]},{\"@type\":\"WebSite\",\"@id\":\"https:\/\/amasc.org\/#website\",\"url\":\"https:\/\/amasc.org\/\",\"name\":\"AMASC\",\"description\":\"\",\"publisher\":{\"@id\":\"https:\/\/amasc.org\/#organization\"},\"potentialAction\":[{\"@type\":\"SearchAction\",\"target\":{\"@type\":\"EntryPoint\",\"urlTemplate\":\"https:\/\/amasc.org\/?s={search_term_string}\"},\"query-input\":{\"@type\":\"PropertyValueSpecification\",\"valueRequired\":true,\"valueName\":\"search_term_string\"}}],\"inLanguage\":\"fr-FR\"},{\"@type\":\"Organization\",\"@id\":\"https:\/\/amasc.org\/#organization\",\"name\":\"AMASC\",\"url\":\"https:\/\/amasc.org\/\",\"logo\":{\"@type\":\"ImageObject\",\"inLanguage\":\"fr-FR\",\"@id\":\"https:\/\/amasc.org\/#\/schema\/logo\/image\/\",\"url\":\"https:\/\/amasc.org\/wp-content\/uploads\/logo-brand-red.png\",\"contentUrl\":\"https:\/\/amasc.org\/wp-content\/uploads\/logo-brand-red.png\",\"width\":1283,\"height\":1624,\"caption\":\"AMASC\"},\"image\":{\"@id\":\"https:\/\/amasc.org\/#\/schema\/logo\/image\/\"}}]}<\/script>\n<!-- \/ Yoast SEO plugin. -->","yoast_head_json":{"title":"M\u00e9ditations - AMASC","robots":{"index":"index","follow":"follow","max-snippet":"max-snippet:-1","max-image-preview":"max-image-preview:large","max-video-preview":"max-video-preview:-1"},"canonical":"https:\/\/amasc.org\/fr\/activities\/spiritual-formation\/meditations\/","og_locale":"fr_FR","og_type":"article","og_title":"Meditations - AMASC","og_description":"The meditations of Sr. Dolores Aleixandre, rscj 24\/11\/2021 ADVENT 2021 11\/06\/2021SOLEMNITY OF THE SACRED HEART 25\/05\/2021FEAST OF SAINT MADELEINE SOPHIE 28\/03\/2021TO BE AN ALUMNA ACCORDING TO THE HEART OF MADELEINE-SOPHIE BARAT 15\/12\/2020CHRISTMAS 2020 10\/06\/2020SOLEMNITY OF THE SACRED HEART 16\/05\/2020FEAST OF SAINT MADELEINE SOPHIE 30\/03\/2020EASTER TRIDUUM 20\/12\/2019CHRISTMAS 2019 30\/11\/2019ADVENT 2019 15\/10\/2019FIEST OF MATER ADMIRABILIS 2019 12\/10\/2019ADVENT...","og_url":"https:\/\/amasc.org\/fr\/activities\/spiritual-formation\/meditations\/","og_site_name":"AMASC","article_modified_time":"2021-11-24T21:34:20+00:00","og_image":[{"url":"https:\/\/amasc.org\/wp-content\/uploads\/ca_aleixandre.jpg","type":"","width":"","height":""}],"twitter_card":"summary_large_image","schema":{"@context":"https:\/\/schema.org","@graph":[{"@type":"WebPage","@id":"https:\/\/amasc.org\/activities\/spiritual-formation\/meditations\/","url":"https:\/\/amasc.org\/activities\/spiritual-formation\/meditations\/","name":"M\u00e9ditations - AMASC","isPartOf":{"@id":"https:\/\/amasc.org\/#website"},"primaryImageOfPage":{"@id":"https:\/\/amasc.org\/activities\/spiritual-formation\/meditations\/#primaryimage"},"image":{"@id":"https:\/\/amasc.org\/activities\/spiritual-formation\/meditations\/#primaryimage"},"thumbnailUrl":"https:\/\/amasc.org\/wp-content\/uploads\/ca_aleixandre.jpg","datePublished":"2020-10-11T16:01:03+00:00","dateModified":"2021-11-24T21:34:20+00:00","breadcrumb":{"@id":"https:\/\/amasc.org\/activities\/spiritual-formation\/meditations\/#breadcrumb"},"inLanguage":"fr-FR","potentialAction":[{"@type":"ReadAction","target":["https:\/\/amasc.org\/activities\/spiritual-formation\/meditations\/"]}]},{"@type":"ImageObject","inLanguage":"fr-FR","@id":"https:\/\/amasc.org\/activities\/spiritual-formation\/meditations\/#primaryimage","url":"https:\/\/amasc.org\/wp-content\/uploads\/ca_aleixandre.jpg","contentUrl":"https:\/\/amasc.org\/wp-content\/uploads\/ca_aleixandre.jpg"},{"@type":"BreadcrumbList","@id":"https:\/\/amasc.org\/activities\/spiritual-formation\/meditations\/#breadcrumb","itemListElement":[{"@type":"ListItem","position":1,"name":"Home","item":"https:\/\/amasc.org\/"},{"@type":"ListItem","position":2,"name":"Activities","item":"https:\/\/amasc.org\/activities\/"},{"@type":"ListItem","position":3,"name":"Spiritual formation","item":"https:\/\/amasc.org\/activities\/spiritual-formation\/"},{"@type":"ListItem","position":4,"name":"Meditations"}]},{"@type":"WebSite","@id":"https:\/\/amasc.org\/#website","url":"https:\/\/amasc.org\/","name":"AMASC","description":"","publisher":{"@id":"https:\/\/amasc.org\/#organization"},"potentialAction":[{"@type":"SearchAction","target":{"@type":"EntryPoint","urlTemplate":"https:\/\/amasc.org\/?s={search_term_string}"},"query-input":{"@type":"PropertyValueSpecification","valueRequired":true,"valueName":"search_term_string"}}],"inLanguage":"fr-FR"},{"@type":"Organization","@id":"https:\/\/amasc.org\/#organization","name":"AMASC","url":"https:\/\/amasc.org\/","logo":{"@type":"ImageObject","inLanguage":"fr-FR","@id":"https:\/\/amasc.org\/#\/schema\/logo\/image\/","url":"https:\/\/amasc.org\/wp-content\/uploads\/logo-brand-red.png","contentUrl":"https:\/\/amasc.org\/wp-content\/uploads\/logo-brand-red.png","width":1283,"height":1624,"caption":"AMASC"},"image":{"@id":"https:\/\/amasc.org\/#\/schema\/logo\/image\/"}}]}},"taxonomy_info":[],"featured_image_src_large":false,"author_info":{"display_name":"AMASC","author_link":"https:\/\/amasc.org\/fr\/author\/amasc\/"},"comment_info":0,"_links":{"self":[{"href":"https:\/\/amasc.org\/fr\/wp-json\/wp\/v2\/pages\/392","targetHints":{"allow":["GET"]}}],"collection":[{"href":"https:\/\/amasc.org\/fr\/wp-json\/wp\/v2\/pages"}],"about":[{"href":"https:\/\/amasc.org\/fr\/wp-json\/wp\/v2\/types\/page"}],"author":[{"embeddable":true,"href":"https:\/\/amasc.org\/fr\/wp-json\/wp\/v2\/users\/6"}],"replies":[{"embeddable":true,"href":"https:\/\/amasc.org\/fr\/wp-json\/wp\/v2\/comments?post=392"}],"version-history":[{"count":0,"href":"https:\/\/amasc.org\/fr\/wp-json\/wp\/v2\/pages\/392\/revisions"}],"up":[{"embeddable":true,"href":"https:\/\/amasc.org\/fr\/wp-json\/wp\/v2\/pages\/599"}],"wp:attachment":[{"href":"https:\/\/amasc.org\/fr\/wp-json\/wp\/v2\/media?parent=392"}],"curies":[{"name":"wp","href":"https:\/\/api.w.org\/{rel}","templated":true}]}}