{"id":439,"date":"2020-10-11T18:54:07","date_gmt":"2020-10-11T16:54:07","guid":{"rendered":"https:\/\/sitewp.amasc-sacrecoeur.net\/?page_id=439"},"modified":"2025-10-17T14:01:28","modified_gmt":"2025-10-17T18:01:28","slug":"welcome-and-hospitality","status":"publish","type":"page","link":"https:\/\/amasc.org\/fr\/activities\/welcome-and-hospitality\/","title":{"rendered":"Accueil et hospitalit\u00e9"},"content":{"rendered":"<figure class=\"wp-block-image alignfull size-large\"><img loading=\"lazy\" decoding=\"async\" width=\"1024\" height=\"288\" src=\"https:\/\/amasc.org\/wp-content\/uploads\/banner-activites-EN-1024x288.jpg\" alt=\"\" class=\"wp-image-1442\" srcset=\"https:\/\/amasc.org\/wp-content\/uploads\/banner-activites-EN-1024x288.jpg 1024w, https:\/\/amasc.org\/wp-content\/uploads\/banner-activites-EN-300x84.jpg 300w, https:\/\/amasc.org\/wp-content\/uploads\/banner-activites-EN-150x42.jpg 150w, https:\/\/amasc.org\/wp-content\/uploads\/banner-activites-EN-768x216.jpg 768w, https:\/\/amasc.org\/wp-content\/uploads\/banner-activites-EN-1536x432.jpg 1536w, https:\/\/amasc.org\/wp-content\/uploads\/banner-activites-EN.jpg 1920w\" sizes=\"auto, (max-width: 1024px) 100vw, 1024px\" \/><\/figure>\n\n\n\n<div class=\"wp-block-columns is-layout-flex wp-container-core-columns-is-layout-9d6595d7 wp-block-columns-is-layout-flex\">\n<div class=\"wp-block-column is-layout-flow wp-block-column-is-layout-flow\" style=\"flex-basis:66.66%\">\n<h2 class=\"wp-block-heading\">ACCUEIL ET HOSPITALIT\u00c9<\/h2>\n\n\n\n<p><strong>La diversit\u00e9 de leurs cultures est un atout que les associations nationales sont appel\u00e9es \u00e0 partager<\/strong>&nbsp;en acceptant d'accueillir des anciens \u00e9l\u00e8ves d'autres pays. Certains n'ont besoin que de conseils ou de services pour un court s\u00e9jour, d'autres vont s'installer dans un pays. Dans ce dernier cas, il est bon de penser \u00e0 les associer aux diff\u00e9rents \u00e9v\u00e9nements organis\u00e9s par l'association locale : journ\u00e9e de l'amiti\u00e9, f\u00eates, etc. \u00catre accueilli et accueillir les autres nous aide \u00e0 prendre conscience de l'internationalit\u00e9 de notre r\u00e9seau. De nombreuses amiti\u00e9s se sont cr\u00e9\u00e9es au-del\u00e0 des fronti\u00e8res.<\/p>\n\n\n\n<p>Nous nous pr\u00e9parons pour le congr\u00e8s mondial de l'AMASC de 2026 qui se tiendra dans le fabuleux Porto Rico. Rejoignez les anciens \u00e9l\u00e8ves du Sacred Heart du monde entier du 12 au 16 novembre 2026. Pour plus d'informations, cliquez sur <a href=\"https:\/\/amasc.org\/fr\/news-from-san-juan\/\">ici<\/a>.<\/p>\n\n\n\n<p>Membre du Conseil d'administration de l'AMASC, Alicia Moreyra est la personne charg\u00e9e d'aider les anciens \u00e9l\u00e8ves qui visitent un pays particulier ou qui ont besoin d'informations \u00e0 son sujet. Alicia Moreyra peut \u00eatre contact\u00e9e pour toute demande d'hospitalit\u00e9 ou d'assistance.<\/p>\n\n\n\n<p>Travaillant en \u00e9troite collaboration avec les pr\u00e9sidents nationaux, elle est en possession de la liste des d\u00e9l\u00e9gu\u00e9s \u00e0 l'hospitalit\u00e9 des pays membres, auxquels elle adresse les demandes qui lui sont pr\u00e9sent\u00e9es. Elle informe le pr\u00e9sident du pays d'origine de l'alumna, son coordinateur continental et le pr\u00e9sident de l'AMASC.<\/p>\n\n\n\n<p>Bien entendu, les personnes qui demandent \u00e0 \u00eatre accueillies s'engagent \u00e0 respecter les coutumes de ceux qui les re\u00e7oivent et, pour des questions d'\u00e9thique, il est n\u00e9cessaire qu'elles soient membres d'une association nationale, t\u00e9moignant ainsi de leur attachement aux valeurs du Sacr\u00e9-C\u0153ur.<\/p>\n<\/div>\n\n\n\n<div class=\"wp-block-column is-layout-flow wp-block-column-is-layout-flow\" style=\"flex-basis:33.33%\"><div class=\"wp-block-image\">\n<figure class=\"aligncenter size-large is-resized\"><img loading=\"lazy\" decoding=\"async\" width=\"150\" height=\"207\" src=\"https:\/\/amasc.org\/wp-content\/uploads\/ca_moreyra.jpg\" alt=\"\" class=\"wp-image-141\" style=\"width:204px;height:282px\"\/><figcaption class=\"wp-element-caption\"><em><em>Alicia Moreyra<br>\u00e9galement responsable du bulletin d'information de l'AMASC<\/em><\/em><\/figcaption><\/figure>\n<\/div><\/div>\n<\/div>","protected":false},"excerpt":{"rendered":"<p>ACCUEIL ET HOSPITALIT\u00c9 La diversit\u00e9 de leurs cultures est un atout que les associations nationales sont appel\u00e9es \u00e0 partager en acceptant d'accueillir des anciens \u00e9l\u00e8ves d'autres pays. Certains n'ont besoin que de conseils ou de services pour un court s\u00e9jour, d'autres vont s'installer dans un pays. Et, dans ce dernier cas, il est bon de penser \u00e0 s'associer...<\/p>","protected":false},"author":6,"featured_media":0,"parent":1409,"menu_order":0,"comment_status":"closed","ping_status":"closed","template":"","meta":{"_acf_changed":false,"_kad_blocks_custom_css":"","_kad_blocks_head_custom_js":"","_kad_blocks_body_custom_js":"","_kad_blocks_footer_custom_js":"","_kad_post_transparent":"","_kad_post_title":"","_kad_post_layout":"","_kad_post_sidebar_id":"","_kad_post_content_style":"","_kad_post_vertical_padding":"","_kad_post_feature":"","_kad_post_feature_position":"","_kad_post_header":false,"_kad_post_footer":false,"_kad_post_classname":"","footnotes":""},"class_list":["post-439","page","type-page","status-publish","hentry"],"acf":[],"yoast_head":"<!-- This site is optimized with the Yoast SEO plugin v26.4 - https:\/\/yoast.com\/wordpress\/plugins\/seo\/ -->\n<title>Welcome and hospitality - AMASC<\/title>\n<meta name=\"robots\" content=\"index, follow, max-snippet:-1, max-image-preview:large, max-video-preview:-1\" \/>\n<link rel=\"canonical\" href=\"https:\/\/amasc.org\/fr\/activities\/welcome-and-hospitality\/\" \/>\n<meta property=\"og:locale\" content=\"fr_FR\" \/>\n<meta property=\"og:type\" content=\"article\" \/>\n<meta property=\"og:title\" content=\"Welcome and hospitality - AMASC\" \/>\n<meta property=\"og:description\" content=\"WELCOME AND HOSPITALITY The diversity of their cultures is an asset that national associations are called to share&nbsp;by accepting to welcome alumni from other countries. Some need only some advice or services for a short stay, while others will move to a country. And, in the latter case, it is good to think of associating...\" \/>\n<meta property=\"og:url\" content=\"https:\/\/amasc.org\/fr\/activities\/welcome-and-hospitality\/\" \/>\n<meta property=\"og:site_name\" content=\"AMASC\" \/>\n<meta property=\"article:modified_time\" content=\"2025-10-17T18:01:28+00:00\" \/>\n<meta property=\"og:image\" content=\"https:\/\/amasc.org\/wp-content\/uploads\/banner-activites-EN.jpg\" \/>\n\t<meta property=\"og:image:width\" content=\"1920\" \/>\n\t<meta property=\"og:image:height\" content=\"540\" \/>\n\t<meta property=\"og:image:type\" content=\"image\/jpeg\" \/>\n<meta name=\"twitter:card\" content=\"summary_large_image\" \/>\n<meta name=\"twitter:label1\" content=\"Dur\u00e9e de lecture estim\u00e9e\" \/>\n\t<meta name=\"twitter:data1\" content=\"2 minutes\" \/>\n<script type=\"application\/ld+json\" class=\"yoast-schema-graph\">{\"@context\":\"https:\/\/schema.org\",\"@graph\":[{\"@type\":\"WebPage\",\"@id\":\"https:\/\/amasc.org\/activities\/welcome-and-hospitality\/\",\"url\":\"https:\/\/amasc.org\/activities\/welcome-and-hospitality\/\",\"name\":\"Welcome and hospitality - AMASC\",\"isPartOf\":{\"@id\":\"https:\/\/amasc.org\/#website\"},\"primaryImageOfPage\":{\"@id\":\"https:\/\/amasc.org\/activities\/welcome-and-hospitality\/#primaryimage\"},\"image\":{\"@id\":\"https:\/\/amasc.org\/activities\/welcome-and-hospitality\/#primaryimage\"},\"thumbnailUrl\":\"https:\/\/amasc.org\/wp-content\/uploads\/banner-activites-EN-1024x288.jpg\",\"datePublished\":\"2020-10-11T16:54:07+00:00\",\"dateModified\":\"2025-10-17T18:01:28+00:00\",\"breadcrumb\":{\"@id\":\"https:\/\/amasc.org\/activities\/welcome-and-hospitality\/#breadcrumb\"},\"inLanguage\":\"fr-FR\",\"potentialAction\":[{\"@type\":\"ReadAction\",\"target\":[\"https:\/\/amasc.org\/activities\/welcome-and-hospitality\/\"]}]},{\"@type\":\"ImageObject\",\"inLanguage\":\"fr-FR\",\"@id\":\"https:\/\/amasc.org\/activities\/welcome-and-hospitality\/#primaryimage\",\"url\":\"https:\/\/amasc.org\/wp-content\/uploads\/banner-activites-EN-1024x288.jpg\",\"contentUrl\":\"https:\/\/amasc.org\/wp-content\/uploads\/banner-activites-EN-1024x288.jpg\"},{\"@type\":\"BreadcrumbList\",\"@id\":\"https:\/\/amasc.org\/activities\/welcome-and-hospitality\/#breadcrumb\",\"itemListElement\":[{\"@type\":\"ListItem\",\"position\":1,\"name\":\"Home\",\"item\":\"https:\/\/amasc.org\/\"},{\"@type\":\"ListItem\",\"position\":2,\"name\":\"Activities\",\"item\":\"https:\/\/amasc.org\/activities\/\"},{\"@type\":\"ListItem\",\"position\":3,\"name\":\"Welcome and hospitality\"}]},{\"@type\":\"WebSite\",\"@id\":\"https:\/\/amasc.org\/#website\",\"url\":\"https:\/\/amasc.org\/\",\"name\":\"AMASC\",\"description\":\"\",\"publisher\":{\"@id\":\"https:\/\/amasc.org\/#organization\"},\"potentialAction\":[{\"@type\":\"SearchAction\",\"target\":{\"@type\":\"EntryPoint\",\"urlTemplate\":\"https:\/\/amasc.org\/?s={search_term_string}\"},\"query-input\":{\"@type\":\"PropertyValueSpecification\",\"valueRequired\":true,\"valueName\":\"search_term_string\"}}],\"inLanguage\":\"fr-FR\"},{\"@type\":\"Organization\",\"@id\":\"https:\/\/amasc.org\/#organization\",\"name\":\"AMASC\",\"url\":\"https:\/\/amasc.org\/\",\"logo\":{\"@type\":\"ImageObject\",\"inLanguage\":\"fr-FR\",\"@id\":\"https:\/\/amasc.org\/#\/schema\/logo\/image\/\",\"url\":\"https:\/\/amasc.org\/wp-content\/uploads\/logo-brand-red.png\",\"contentUrl\":\"https:\/\/amasc.org\/wp-content\/uploads\/logo-brand-red.png\",\"width\":1283,\"height\":1624,\"caption\":\"AMASC\"},\"image\":{\"@id\":\"https:\/\/amasc.org\/#\/schema\/logo\/image\/\"}}]}<\/script>\n<!-- \/ Yoast SEO plugin. -->","yoast_head_json":{"title":"Welcome and hospitality - AMASC","robots":{"index":"index","follow":"follow","max-snippet":"max-snippet:-1","max-image-preview":"max-image-preview:large","max-video-preview":"max-video-preview:-1"},"canonical":"https:\/\/amasc.org\/fr\/activities\/welcome-and-hospitality\/","og_locale":"fr_FR","og_type":"article","og_title":"Welcome and hospitality - AMASC","og_description":"WELCOME AND HOSPITALITY The diversity of their cultures is an asset that national associations are called to share&nbsp;by accepting to welcome alumni from other countries. Some need only some advice or services for a short stay, while others will move to a country. And, in the latter case, it is good to think of associating...","og_url":"https:\/\/amasc.org\/fr\/activities\/welcome-and-hospitality\/","og_site_name":"AMASC","article_modified_time":"2025-10-17T18:01:28+00:00","og_image":[{"width":1920,"height":540,"url":"https:\/\/amasc.org\/wp-content\/uploads\/banner-activites-EN.jpg","type":"image\/jpeg"}],"twitter_card":"summary_large_image","twitter_misc":{"Dur\u00e9e de lecture estim\u00e9e":"2 minutes"},"schema":{"@context":"https:\/\/schema.org","@graph":[{"@type":"WebPage","@id":"https:\/\/amasc.org\/activities\/welcome-and-hospitality\/","url":"https:\/\/amasc.org\/activities\/welcome-and-hospitality\/","name":"Welcome and hospitality - AMASC","isPartOf":{"@id":"https:\/\/amasc.org\/#website"},"primaryImageOfPage":{"@id":"https:\/\/amasc.org\/activities\/welcome-and-hospitality\/#primaryimage"},"image":{"@id":"https:\/\/amasc.org\/activities\/welcome-and-hospitality\/#primaryimage"},"thumbnailUrl":"https:\/\/amasc.org\/wp-content\/uploads\/banner-activites-EN-1024x288.jpg","datePublished":"2020-10-11T16:54:07+00:00","dateModified":"2025-10-17T18:01:28+00:00","breadcrumb":{"@id":"https:\/\/amasc.org\/activities\/welcome-and-hospitality\/#breadcrumb"},"inLanguage":"fr-FR","potentialAction":[{"@type":"ReadAction","target":["https:\/\/amasc.org\/activities\/welcome-and-hospitality\/"]}]},{"@type":"ImageObject","inLanguage":"fr-FR","@id":"https:\/\/amasc.org\/activities\/welcome-and-hospitality\/#primaryimage","url":"https:\/\/amasc.org\/wp-content\/uploads\/banner-activites-EN-1024x288.jpg","contentUrl":"https:\/\/amasc.org\/wp-content\/uploads\/banner-activites-EN-1024x288.jpg"},{"@type":"BreadcrumbList","@id":"https:\/\/amasc.org\/activities\/welcome-and-hospitality\/#breadcrumb","itemListElement":[{"@type":"ListItem","position":1,"name":"Home","item":"https:\/\/amasc.org\/"},{"@type":"ListItem","position":2,"name":"Activities","item":"https:\/\/amasc.org\/activities\/"},{"@type":"ListItem","position":3,"name":"Welcome and hospitality"}]},{"@type":"WebSite","@id":"https:\/\/amasc.org\/#website","url":"https:\/\/amasc.org\/","name":"AMASC","description":"","publisher":{"@id":"https:\/\/amasc.org\/#organization"},"potentialAction":[{"@type":"SearchAction","target":{"@type":"EntryPoint","urlTemplate":"https:\/\/amasc.org\/?s={search_term_string}"},"query-input":{"@type":"PropertyValueSpecification","valueRequired":true,"valueName":"search_term_string"}}],"inLanguage":"fr-FR"},{"@type":"Organization","@id":"https:\/\/amasc.org\/#organization","name":"AMASC","url":"https:\/\/amasc.org\/","logo":{"@type":"ImageObject","inLanguage":"fr-FR","@id":"https:\/\/amasc.org\/#\/schema\/logo\/image\/","url":"https:\/\/amasc.org\/wp-content\/uploads\/logo-brand-red.png","contentUrl":"https:\/\/amasc.org\/wp-content\/uploads\/logo-brand-red.png","width":1283,"height":1624,"caption":"AMASC"},"image":{"@id":"https:\/\/amasc.org\/#\/schema\/logo\/image\/"}}]}},"taxonomy_info":[],"featured_image_src_large":false,"author_info":{"display_name":"AMASC","author_link":"https:\/\/amasc.org\/fr\/author\/amasc\/"},"comment_info":0,"_links":{"self":[{"href":"https:\/\/amasc.org\/fr\/wp-json\/wp\/v2\/pages\/439","targetHints":{"allow":["GET"]}}],"collection":[{"href":"https:\/\/amasc.org\/fr\/wp-json\/wp\/v2\/pages"}],"about":[{"href":"https:\/\/amasc.org\/fr\/wp-json\/wp\/v2\/types\/page"}],"author":[{"embeddable":true,"href":"https:\/\/amasc.org\/fr\/wp-json\/wp\/v2\/users\/6"}],"replies":[{"embeddable":true,"href":"https:\/\/amasc.org\/fr\/wp-json\/wp\/v2\/comments?post=439"}],"version-history":[{"count":0,"href":"https:\/\/amasc.org\/fr\/wp-json\/wp\/v2\/pages\/439\/revisions"}],"up":[{"embeddable":true,"href":"https:\/\/amasc.org\/fr\/wp-json\/wp\/v2\/pages\/1409"}],"wp:attachment":[{"href":"https:\/\/amasc.org\/fr\/wp-json\/wp\/v2\/media?parent=439"}],"curies":[{"name":"wp","href":"https:\/\/api.w.org\/{rel}","templated":true}]}}