{"id":534,"date":"2020-10-17T18:12:46","date_gmt":"2020-10-17T16:12:46","guid":{"rendered":"https:\/\/sitewp.amasc-sacrecoeur.net\/?page_id=534"},"modified":"2026-03-17T11:30:09","modified_gmt":"2026-03-17T15:30:09","slug":"the-schools","status":"publish","type":"page","link":"https:\/\/amasc.org\/fr\/partners\/the-schools\/","title":{"rendered":"Les \u00e9coles"},"content":{"rendered":"<figure class=\"wp-block-image alignfull size-large\"><img loading=\"lazy\" decoding=\"async\" width=\"1024\" height=\"288\" src=\"https:\/\/amasc.org\/wp-content\/uploads\/banner-ecoles-EN-1024x288.jpg\" alt=\"\" class=\"wp-image-1439\" srcset=\"https:\/\/amasc.org\/wp-content\/uploads\/banner-ecoles-EN-1024x288.jpg 1024w, https:\/\/amasc.org\/wp-content\/uploads\/banner-ecoles-EN-300x84.jpg 300w, https:\/\/amasc.org\/wp-content\/uploads\/banner-ecoles-EN-150x42.jpg 150w, https:\/\/amasc.org\/wp-content\/uploads\/banner-ecoles-EN-768x216.jpg 768w, https:\/\/amasc.org\/wp-content\/uploads\/banner-ecoles-EN-1536x432.jpg 1536w, https:\/\/amasc.org\/wp-content\/uploads\/banner-ecoles-EN.jpg 1920w\" sizes=\"auto, (max-width: 1024px) 100vw, 1024px\" \/><\/figure>\n\n\n\n<div class=\"wp-block-columns is-layout-flex wp-container-core-columns-is-layout-9d6595d7 wp-block-columns-is-layout-flex\">\n<div class=\"wp-block-column is-layout-flow wp-block-column-is-layout-flow\" style=\"flex-basis:66.66%\">\n<h2 class=\"wp-block-heading\">LES \u00c9COLES DU SACR\u00c9 C\u0152UR<\/h2>\n\n\n\n<p><strong>Il y a plus de <a href=\"https:\/\/www.sacredheartusc.education\/schools\/international-sacred-heart-schools\">173 \u00e9coles du Sacr\u00e9-C\u0153ur<\/a> autour du monde<\/strong>. Ce chiffre serait encore plus \u00e9lev\u00e9 s'il incluait les \u00e9coles libres des pays \u00e9mergents et les \u00e9coles qui n'appartiennent pas aux RSCJ mais qui suivent explicitement la spiritualit\u00e9 et la p\u00e9dagogie de la Soci\u00e9t\u00e9, comme la Trinit\u00e9 des Monts.<\/p>\n\n\n\n<p>Les \u00e9coles du Sacr\u00e9-C\u0153ur partagent la mission \u00e9ducative de la Soci\u00e9t\u00e9 du Sacr\u00e9-C\u0153ur, telle qu'elle est d\u00e9finie dans les objectifs et les crit\u00e8res. La structure qui soutient l'\u00e9ducation du Sacr\u00e9-C\u0153ur au Canada et aux \u00c9tats-Unis comprend la Conf\u00e9rence de l'\u00e9ducation du Sacr\u00e9-C\u0153ur et le R\u00e9seau des \u00e9coles du Sacr\u00e9-C\u0153ur. Ensemble, ils fournissent des services et des programmes pour assurer la vitalit\u00e9 de la mission des \u00e9coles membres parrain\u00e9es par la Soci\u00e9t\u00e9 du Sacr\u00e9-C\u0153ur. R\u00e9parties dans des dizaines de pays, chaque \u00e9cole a son propre visage et ses propres traditions.<\/p>\n\n\n\n<p>L'\u00e9ducation du Sacr\u00e9-C\u0153ur repose sur l'hypoth\u00e8se que l'\u00e9ducation est un processus de d\u00e9veloppement qui jette les bases permettant aux \u00e9l\u00e8ves de devenir des personnes \u00e0 part enti\u00e8re, des personnes qui m\u00e8nent une vie int\u00e8gre. Consid\u00e9rant les r\u00e9alit\u00e9s du monde et les d\u00e9fis profonds auxquels les jeunes sont confront\u00e9s \u00e0 la lumi\u00e8re de l'avenir \u00e9mergent, nous visons \u00e0 former nos \u00e9l\u00e8ves sur un chemin de transformation et d'espoir en fournissant une \u00e9ducation efficace qui comprend la formation du caract\u00e8re.<\/p>\n\n\n\n<p>L'\u00e9ducation du Sacr\u00e9-C\u0153ur est con\u00e7ue pour inculquer les comp\u00e9tences et les attitudes qui renforcent la conscience critique et l'action compatissante. Le charisme de la Soci\u00e9t\u00e9 du Sacr\u00e9-C\u0153ur, la vision de l'\u00e9ducation de Sophie et les valeurs \u00e9nonc\u00e9es dans les Objectifs et Crit\u00e8res guident les \u00e9ducateurs qui cultivent les vertus essentielles pour que les \u00e9l\u00e8ves s'engagent sur la voie du discernement et r\u00e9alisent leur plein potentiel en tant que penseurs socialement conscients et empathiques, engag\u00e9s dans la compassion et la justice.<\/p>\n\n\n\n<p>Les objectifs et les crit\u00e8res d\u00e9crivent les principes et les valeurs essentiels de l'\u00e9ducation du Sacr\u00e9-C\u0153ur. D\u00e8s le d\u00e9but, il a servi d'alliance entre les \u00e9ducateurs du Sacr\u00e9-C\u0153ur et la Soci\u00e9t\u00e9 du Sacr\u00e9-C\u0153ur au nom des jeunes, dans le but de construire un monde refl\u00e9tant les attitudes du C\u0153ur du Christ. Il reste le document central pour les \u00e9l\u00e8ves, les familles et les \u00e9ducateurs du Sacr\u00e9-C\u0153ur. Cette articulation de la mission continue \u00e0 jouer un r\u00f4le fondamental dans le soutien de l'int\u00e9grit\u00e9 de la mission en exprimant les principes intemporels au c\u0153ur de l'\u00e9ducation du Sacr\u00e9-C\u0153ur. Les \u00e9coles du Sacr\u00e9-C\u0153ur \u00e9duquent \u00e0 :<\/p>\n\n\n\n<ul class=\"wp-block-list\">\n<li>I. Une foi personnelle et active en Dieu<\/li>\n\n\n\n<li>II. Un profond respect des valeurs intellectuelles<\/li>\n\n\n\n<li>III. Une conscience sociale qui pousse \u00e0 l'action<\/li>\n\n\n\n<li>IV. La construction de la communaut\u00e9 comme valeur chr\u00e9tienne<\/li>\n\n\n\n<li>V. Croissance personnelle dans un climat de sage libert\u00e9<\/li>\n<\/ul>\n\n\n\n<div style=\"height:50px\" aria-hidden=\"true\" class=\"wp-block-spacer\"><\/div>\n\n\n\n<div class=\"wp-block-buttons is-content-justification-center is-layout-flex wp-container-core-buttons-is-layout-16018d1d wp-block-buttons-is-layout-flex\">\n<div class=\"wp-block-button is-style-fill\"><a class=\"wp-block-button__link has-background wp-element-button\" href=\"\/fr\/partners\/the-schools\/the-networks-of-schools\/\" style=\"border-radius:15px;background-color:#b72424\">LEURS R\u00c9SEAUX<\/a><\/div>\n\n\n\n<div class=\"wp-block-button is-style-fill\"><a class=\"wp-block-button__link has-background wp-element-button\" href=\"\/fr\/partners\/the-schools\/a-new-international-commission-on-education\/\" style=\"border-radius:15px;background-color:#b72424\">UNE NOUVELLE COMMISSION INTERNATIONALE DE L'EDUCATION<\/a><\/div>\n<\/div>\n<\/div>\n\n\n\n<div class=\"wp-block-column is-layout-flow wp-block-column-is-layout-flow\" style=\"flex-basis:33.33%\">\n<figure class=\"wp-block-image size-large\"><img loading=\"lazy\" decoding=\"async\" width=\"330\" height=\"327\" src=\"https:\/\/amasc.org\/wp-content\/uploads\/img_partenaires_ecoles_1.jpg\" alt=\"\" class=\"wp-image-305\" srcset=\"https:\/\/amasc.org\/wp-content\/uploads\/img_partenaires_ecoles_1.jpg 330w, https:\/\/amasc.org\/wp-content\/uploads\/img_partenaires_ecoles_1-300x297.jpg 300w, https:\/\/amasc.org\/wp-content\/uploads\/img_partenaires_ecoles_1-150x150.jpg 150w, https:\/\/amasc.org\/wp-content\/uploads\/img_partenaires_ecoles_1-303x300.jpg 303w\" sizes=\"auto, (max-width: 330px) 100vw, 330px\" \/><figcaption class=\"wp-element-caption\"><em><em>Ch\u00e2tenay-Malabry (France)<\/em><\/em><\/figcaption><\/figure>\n\n\n\n<figure class=\"wp-block-image size-large\"><img loading=\"lazy\" decoding=\"async\" width=\"330\" height=\"369\" src=\"https:\/\/amasc.org\/wp-content\/uploads\/img_partenaires_ecoles_2.jpg\" alt=\"\" class=\"wp-image-306\" srcset=\"https:\/\/amasc.org\/wp-content\/uploads\/img_partenaires_ecoles_2.jpg 330w, https:\/\/amasc.org\/wp-content\/uploads\/img_partenaires_ecoles_2-268x300.jpg 268w\" sizes=\"auto, (max-width: 330px) 100vw, 330px\" \/><figcaption class=\"wp-element-caption\"><em><em>Baradene (Nouvelle-Z\u00e9lande)<\/em><\/em><\/figcaption><\/figure>\n\n\n\n<figure class=\"wp-block-image size-large\"><img loading=\"lazy\" decoding=\"async\" width=\"330\" height=\"343\" src=\"https:\/\/amasc.org\/wp-content\/uploads\/img_partenaires_ecoles_3.jpg\" alt=\"\" class=\"wp-image-307\" srcset=\"https:\/\/amasc.org\/wp-content\/uploads\/img_partenaires_ecoles_3.jpg 330w, https:\/\/amasc.org\/wp-content\/uploads\/img_partenaires_ecoles_3-289x300.jpg 289w\" sizes=\"auto, (max-width: 330px) 100vw, 330px\" \/><figcaption class=\"wp-element-caption\"><em>Halifax (Canada)<\/em><\/figcaption><\/figure>\n<\/div>\n<\/div>\n\n\n\n<p><\/p>","protected":false},"excerpt":{"rendered":"<p>THE SACRED HEART SCHOOLS There are more than 173 Sacred Heart schools around the world. That figure that would be even higher if it included the free schools in emerging countries and schools that do not belong to the RSCJ but explicitly follow the Society&#8217;s spirituality and pedagogy, such as Trinit\u00e0 dei Monti. Schools of&#8230;<\/p>","protected":false},"author":6,"featured_media":0,"parent":1425,"menu_order":0,"comment_status":"closed","ping_status":"closed","template":"","meta":{"_acf_changed":false,"_kad_blocks_custom_css":"","_kad_blocks_head_custom_js":"","_kad_blocks_body_custom_js":"","_kad_blocks_footer_custom_js":"","_kad_post_transparent":"","_kad_post_title":"","_kad_post_layout":"","_kad_post_sidebar_id":"","_kad_post_content_style":"","_kad_post_vertical_padding":"","_kad_post_feature":"","_kad_post_feature_position":"","_kad_post_header":false,"_kad_post_footer":false,"_kad_post_classname":"","footnotes":""},"class_list":["post-534","page","type-page","status-publish","hentry"],"acf":[],"yoast_head":"<!-- This site is optimized with the Yoast SEO plugin v26.4 - https:\/\/yoast.com\/wordpress\/plugins\/seo\/ -->\n<title>Schools - AMASC<\/title>\n<meta name=\"robots\" content=\"index, follow, max-snippet:-1, max-image-preview:large, max-video-preview:-1\" \/>\n<link rel=\"canonical\" href=\"https:\/\/amasc.org\/fr\/partners\/the-schools\/\" \/>\n<meta property=\"og:locale\" content=\"fr_FR\" \/>\n<meta property=\"og:type\" content=\"article\" \/>\n<meta property=\"og:title\" content=\"Schools - AMASC\" \/>\n<meta property=\"og:description\" content=\"THE SACRED HEART SCHOOLS There are more than 173 Sacred Heart schools around the world. That figure that would be even higher if it included the free schools in emerging countries and schools that do not belong to the RSCJ but explicitly follow the Society&#8217;s spirituality and pedagogy, such as Trinit\u00e0 dei Monti. Schools of...\" \/>\n<meta property=\"og:url\" content=\"https:\/\/amasc.org\/fr\/partners\/the-schools\/\" \/>\n<meta property=\"og:site_name\" content=\"AMASC\" \/>\n<meta property=\"article:modified_time\" content=\"2026-03-17T15:30:09+00:00\" \/>\n<meta property=\"og:image\" content=\"https:\/\/amasc.org\/wp-content\/uploads\/banner-ecoles-EN.jpg\" \/>\n\t<meta property=\"og:image:width\" content=\"1920\" \/>\n\t<meta property=\"og:image:height\" content=\"540\" \/>\n\t<meta property=\"og:image:type\" content=\"image\/jpeg\" \/>\n<meta name=\"twitter:card\" content=\"summary_large_image\" \/>\n<meta name=\"twitter:label1\" content=\"Dur\u00e9e de lecture estim\u00e9e\" \/>\n\t<meta name=\"twitter:data1\" content=\"3 minutes\" \/>\n<script type=\"application\/ld+json\" class=\"yoast-schema-graph\">{\"@context\":\"https:\/\/schema.org\",\"@graph\":[{\"@type\":\"WebPage\",\"@id\":\"https:\/\/amasc.org\/partners\/the-schools\/\",\"url\":\"https:\/\/amasc.org\/partners\/the-schools\/\",\"name\":\"Schools - AMASC\",\"isPartOf\":{\"@id\":\"https:\/\/amasc.org\/#website\"},\"primaryImageOfPage\":{\"@id\":\"https:\/\/amasc.org\/partners\/the-schools\/#primaryimage\"},\"image\":{\"@id\":\"https:\/\/amasc.org\/partners\/the-schools\/#primaryimage\"},\"thumbnailUrl\":\"https:\/\/amasc.org\/wp-content\/uploads\/banner-ecoles-EN-1024x288.jpg\",\"datePublished\":\"2020-10-17T16:12:46+00:00\",\"dateModified\":\"2026-03-17T15:30:09+00:00\",\"breadcrumb\":{\"@id\":\"https:\/\/amasc.org\/partners\/the-schools\/#breadcrumb\"},\"inLanguage\":\"fr-FR\",\"potentialAction\":[{\"@type\":\"ReadAction\",\"target\":[\"https:\/\/amasc.org\/partners\/the-schools\/\"]}]},{\"@type\":\"ImageObject\",\"inLanguage\":\"fr-FR\",\"@id\":\"https:\/\/amasc.org\/partners\/the-schools\/#primaryimage\",\"url\":\"https:\/\/amasc.org\/wp-content\/uploads\/banner-ecoles-EN-1024x288.jpg\",\"contentUrl\":\"https:\/\/amasc.org\/wp-content\/uploads\/banner-ecoles-EN-1024x288.jpg\"},{\"@type\":\"BreadcrumbList\",\"@id\":\"https:\/\/amasc.org\/partners\/the-schools\/#breadcrumb\",\"itemListElement\":[{\"@type\":\"ListItem\",\"position\":1,\"name\":\"Home\",\"item\":\"https:\/\/amasc.org\/\"},{\"@type\":\"ListItem\",\"position\":2,\"name\":\"Relatives\",\"item\":\"https:\/\/amasc.org\/partners\/\"},{\"@type\":\"ListItem\",\"position\":3,\"name\":\"Schools\"}]},{\"@type\":\"WebSite\",\"@id\":\"https:\/\/amasc.org\/#website\",\"url\":\"https:\/\/amasc.org\/\",\"name\":\"AMASC\",\"description\":\"\",\"publisher\":{\"@id\":\"https:\/\/amasc.org\/#organization\"},\"potentialAction\":[{\"@type\":\"SearchAction\",\"target\":{\"@type\":\"EntryPoint\",\"urlTemplate\":\"https:\/\/amasc.org\/?s={search_term_string}\"},\"query-input\":{\"@type\":\"PropertyValueSpecification\",\"valueRequired\":true,\"valueName\":\"search_term_string\"}}],\"inLanguage\":\"fr-FR\"},{\"@type\":\"Organization\",\"@id\":\"https:\/\/amasc.org\/#organization\",\"name\":\"AMASC\",\"url\":\"https:\/\/amasc.org\/\",\"logo\":{\"@type\":\"ImageObject\",\"inLanguage\":\"fr-FR\",\"@id\":\"https:\/\/amasc.org\/#\/schema\/logo\/image\/\",\"url\":\"https:\/\/amasc.org\/wp-content\/uploads\/logo-brand-red.png\",\"contentUrl\":\"https:\/\/amasc.org\/wp-content\/uploads\/logo-brand-red.png\",\"width\":1283,\"height\":1624,\"caption\":\"AMASC\"},\"image\":{\"@id\":\"https:\/\/amasc.org\/#\/schema\/logo\/image\/\"}}]}<\/script>\n<!-- \/ Yoast SEO plugin. -->","yoast_head_json":{"title":"\u00c9coles - AMASC","robots":{"index":"index","follow":"follow","max-snippet":"max-snippet:-1","max-image-preview":"max-image-preview:large","max-video-preview":"max-video-preview:-1"},"canonical":"https:\/\/amasc.org\/fr\/partners\/the-schools\/","og_locale":"fr_FR","og_type":"article","og_title":"Schools - AMASC","og_description":"THE SACRED HEART SCHOOLS There are more than 173 Sacred Heart schools around the world. That figure that would be even higher if it included the free schools in emerging countries and schools that do not belong to the RSCJ but explicitly follow the Society&#8217;s spirituality and pedagogy, such as Trinit\u00e0 dei Monti. Schools of...","og_url":"https:\/\/amasc.org\/fr\/partners\/the-schools\/","og_site_name":"AMASC","article_modified_time":"2026-03-17T15:30:09+00:00","og_image":[{"width":1920,"height":540,"url":"https:\/\/amasc.org\/wp-content\/uploads\/banner-ecoles-EN.jpg","type":"image\/jpeg"}],"twitter_card":"summary_large_image","twitter_misc":{"Dur\u00e9e de lecture estim\u00e9e":"3 minutes"},"schema":{"@context":"https:\/\/schema.org","@graph":[{"@type":"WebPage","@id":"https:\/\/amasc.org\/partners\/the-schools\/","url":"https:\/\/amasc.org\/partners\/the-schools\/","name":"\u00c9coles - AMASC","isPartOf":{"@id":"https:\/\/amasc.org\/#website"},"primaryImageOfPage":{"@id":"https:\/\/amasc.org\/partners\/the-schools\/#primaryimage"},"image":{"@id":"https:\/\/amasc.org\/partners\/the-schools\/#primaryimage"},"thumbnailUrl":"https:\/\/amasc.org\/wp-content\/uploads\/banner-ecoles-EN-1024x288.jpg","datePublished":"2020-10-17T16:12:46+00:00","dateModified":"2026-03-17T15:30:09+00:00","breadcrumb":{"@id":"https:\/\/amasc.org\/partners\/the-schools\/#breadcrumb"},"inLanguage":"fr-FR","potentialAction":[{"@type":"ReadAction","target":["https:\/\/amasc.org\/partners\/the-schools\/"]}]},{"@type":"ImageObject","inLanguage":"fr-FR","@id":"https:\/\/amasc.org\/partners\/the-schools\/#primaryimage","url":"https:\/\/amasc.org\/wp-content\/uploads\/banner-ecoles-EN-1024x288.jpg","contentUrl":"https:\/\/amasc.org\/wp-content\/uploads\/banner-ecoles-EN-1024x288.jpg"},{"@type":"BreadcrumbList","@id":"https:\/\/amasc.org\/partners\/the-schools\/#breadcrumb","itemListElement":[{"@type":"ListItem","position":1,"name":"Home","item":"https:\/\/amasc.org\/"},{"@type":"ListItem","position":2,"name":"Relatives","item":"https:\/\/amasc.org\/partners\/"},{"@type":"ListItem","position":3,"name":"Schools"}]},{"@type":"WebSite","@id":"https:\/\/amasc.org\/#website","url":"https:\/\/amasc.org\/","name":"AMASC","description":"","publisher":{"@id":"https:\/\/amasc.org\/#organization"},"potentialAction":[{"@type":"SearchAction","target":{"@type":"EntryPoint","urlTemplate":"https:\/\/amasc.org\/?s={search_term_string}"},"query-input":{"@type":"PropertyValueSpecification","valueRequired":true,"valueName":"search_term_string"}}],"inLanguage":"fr-FR"},{"@type":"Organization","@id":"https:\/\/amasc.org\/#organization","name":"AMASC","url":"https:\/\/amasc.org\/","logo":{"@type":"ImageObject","inLanguage":"fr-FR","@id":"https:\/\/amasc.org\/#\/schema\/logo\/image\/","url":"https:\/\/amasc.org\/wp-content\/uploads\/logo-brand-red.png","contentUrl":"https:\/\/amasc.org\/wp-content\/uploads\/logo-brand-red.png","width":1283,"height":1624,"caption":"AMASC"},"image":{"@id":"https:\/\/amasc.org\/#\/schema\/logo\/image\/"}}]}},"taxonomy_info":[],"featured_image_src_large":false,"author_info":{"display_name":"AMASC","author_link":"https:\/\/amasc.org\/fr\/author\/amasc\/"},"comment_info":0,"_links":{"self":[{"href":"https:\/\/amasc.org\/fr\/wp-json\/wp\/v2\/pages\/534","targetHints":{"allow":["GET"]}}],"collection":[{"href":"https:\/\/amasc.org\/fr\/wp-json\/wp\/v2\/pages"}],"about":[{"href":"https:\/\/amasc.org\/fr\/wp-json\/wp\/v2\/types\/page"}],"author":[{"embeddable":true,"href":"https:\/\/amasc.org\/fr\/wp-json\/wp\/v2\/users\/6"}],"replies":[{"embeddable":true,"href":"https:\/\/amasc.org\/fr\/wp-json\/wp\/v2\/comments?post=534"}],"version-history":[{"count":0,"href":"https:\/\/amasc.org\/fr\/wp-json\/wp\/v2\/pages\/534\/revisions"}],"up":[{"embeddable":true,"href":"https:\/\/amasc.org\/fr\/wp-json\/wp\/v2\/pages\/1425"}],"wp:attachment":[{"href":"https:\/\/amasc.org\/fr\/wp-json\/wp\/v2\/media?parent=534"}],"curies":[{"name":"wp","href":"https:\/\/api.w.org\/{rel}","templated":true}]}}