{"id":543,"date":"2020-10-17T18:21:32","date_gmt":"2020-10-17T16:21:32","guid":{"rendered":"https:\/\/sitewp.amasc-sacrecoeur.net\/?page_id=543"},"modified":"2020-11-06T18:22:18","modified_gmt":"2020-11-06T17:22:18","slug":"a-new-international-commission-on-education","status":"publish","type":"page","link":"https:\/\/amasc.org\/fr\/partners\/the-schools\/a-new-international-commission-on-education\/","title":{"rendered":"Une nouvelle Commission internationale de l'\u00e9ducation"},"content":{"rendered":"<div class=\"wp-block-columns is-layout-flex wp-container-core-columns-is-layout-9d6595d7 wp-block-columns-is-layout-flex\">\n<div class=\"wp-block-column is-layout-flow wp-block-column-is-layout-flow\" style=\"flex-basis:66.66%\">\n<h2 class=\"has-text-color wp-block-heading\" style=\"color:#b72424\">Une nouvelle Commission internationale de l'\u00e9ducation<\/h2>\n\n\n\n<p><strong>Le renouvellement du service \u00e9ducatif de la Soci\u00e9t\u00e9 du Sacr\u00e9-C\u0153ur<\/strong>&nbsp;fait partie des recommandations du dernier Chapitre g\u00e9n\u00e9ral de la Soci\u00e9t\u00e9 du Sacr\u00e9-C\u0153ur. Une mission a \u00e9t\u00e9 confi\u00e9e \u00e0 une nouvelle Commission internationale de l'\u00e9ducation.<\/p>\n\n\n\n<p>Sous la direction de S\u0153ur Suzanne Cooke, qui a d\u00e9j\u00e0 achev\u00e9 la r\u00e9organisation du syst\u00e8me scolaire de la Province USA-Canada, cette mission est compos\u00e9e de 6 RSC, de diff\u00e9rents continents et types d'\u00e9ducation, et d'un la\u00efc qui forme les directeurs d'\u00e9cole de la Province.<\/p>\n\n\n\n<p>Trois objectifs principaux ont \u00e9t\u00e9 assign\u00e9s \u00e0 ce nouvel axe :<\/p>\n\n\n\n<ul class=\"wp-block-list\"><li>l'actualisation de la philosophie de l'\u00e9ducation du Sacr\u00e9-C\u0153ur, en tant que \" processus d'humanisation \" non seulement dans le cadre de l'\u00e9ducation formelle, mais aussi informelle<\/li><li>la recherche et la conception de programmes de formation pour tous ceux qui sont ou seront appel\u00e9s \u00e0 travailler \u00e0 leur place ou avec eux (directeurs, enseignants, personnel administratif), ainsi que pour leurs formateurs.<\/li><li>la d\u00e9finition de nouveaux crit\u00e8res d'appartenance \u00e0 la Soci\u00e9t\u00e9 du Sacr\u00e9-C\u0153ur, permettant de v\u00e9rifier la conformit\u00e9 de toutes les institutions qui se r\u00e9clament de son charisme, et d'harmoniser leurs modes de fonctionnement et de financement ...<\/li><\/ul>\n<\/div>\n\n\n\n<div class=\"wp-block-column is-layout-flow wp-block-column-is-layout-flow\" style=\"flex-basis:33.33%\">\n<div class=\"wp-block-image\"><figure class=\"aligncenter size-large\"><img loading=\"lazy\" decoding=\"async\" width=\"283\" height=\"300\" src=\"https:\/\/amasc.org\/wp-content\/uploads\/Sr_Suzanne_Cooke.jpg\" alt=\"\" class=\"wp-image-540\"\/><figcaption><em><em><em>Sr Suzanne Cooke, RSCJ<\/em><\/em><\/em><\/figcaption><\/figure><\/div>\n<\/div>\n<\/div>\n\n\n\n<p><\/p>","protected":false},"excerpt":{"rendered":"<p>Une nouvelle Commission internationale de l'\u00e9ducation Le renouvellement du service \u00e9ducatif de la Soci\u00e9t\u00e9 du Sacr\u00e9-C\u0153ur fait partie des recommandations du dernier Chapitre g\u00e9n\u00e9ral de la Soci\u00e9t\u00e9 du Sacr\u00e9-C\u0153ur. Une mission a \u00e9t\u00e9 confi\u00e9e \u00e0 une nouvelle Commission Internationale de l'Education. Sous la direction de S\u0153ur Suzanne Cooke, qui...<\/p>","protected":false},"author":6,"featured_media":0,"parent":534,"menu_order":0,"comment_status":"closed","ping_status":"closed","template":"","meta":{"_acf_changed":false,"_kad_blocks_custom_css":"","_kad_blocks_head_custom_js":"","_kad_blocks_body_custom_js":"","_kad_blocks_footer_custom_js":"","_kad_post_transparent":"","_kad_post_title":"","_kad_post_layout":"","_kad_post_sidebar_id":"","_kad_post_content_style":"","_kad_post_vertical_padding":"","_kad_post_feature":"","_kad_post_feature_position":"","_kad_post_header":false,"_kad_post_footer":false,"_kad_post_classname":"","footnotes":""},"class_list":["post-543","page","type-page","status-publish","hentry"],"acf":[],"yoast_head":"<!-- This site is optimized with the Yoast SEO plugin v26.4 - https:\/\/yoast.com\/wordpress\/plugins\/seo\/ -->\n<title>A new International Commission on Education - AMASC<\/title>\n<meta name=\"robots\" content=\"index, follow, max-snippet:-1, max-image-preview:large, max-video-preview:-1\" \/>\n<link rel=\"canonical\" href=\"https:\/\/amasc.org\/fr\/partners\/the-schools\/a-new-international-commission-on-education\/\" \/>\n<meta property=\"og:locale\" content=\"fr_FR\" \/>\n<meta property=\"og:type\" content=\"article\" \/>\n<meta property=\"og:title\" content=\"A new International Commission on Education - AMASC\" \/>\n<meta property=\"og:description\" content=\"A new International Commission on Education The renewal of the educational service of the Society of the Sacred Heart&nbsp;is part of the recommendations of the last General Chapter of the Society of the Sacred Heart. A mission has been entrusted to a new International Commission of Education. Under the leadership of Sr. Suzanne Cooke, who...\" \/>\n<meta property=\"og:url\" content=\"https:\/\/amasc.org\/fr\/partners\/the-schools\/a-new-international-commission-on-education\/\" \/>\n<meta property=\"og:site_name\" content=\"AMASC\" \/>\n<meta property=\"article:modified_time\" content=\"2020-11-06T17:22:18+00:00\" \/>\n<meta property=\"og:image\" content=\"https:\/\/amasc.org\/wp-content\/uploads\/Sr_Suzanne_Cooke.jpg\" \/>\n<meta name=\"twitter:card\" content=\"summary_large_image\" \/>\n<meta name=\"twitter:label1\" content=\"Dur\u00e9e de lecture estim\u00e9e\" \/>\n\t<meta name=\"twitter:data1\" content=\"1 minute\" \/>\n<script type=\"application\/ld+json\" class=\"yoast-schema-graph\">{\"@context\":\"https:\/\/schema.org\",\"@graph\":[{\"@type\":\"WebPage\",\"@id\":\"https:\/\/amasc.org\/partners\/the-schools\/a-new-international-commission-on-education\/\",\"url\":\"https:\/\/amasc.org\/partners\/the-schools\/a-new-international-commission-on-education\/\",\"name\":\"A new International Commission on Education - AMASC\",\"isPartOf\":{\"@id\":\"https:\/\/amasc.org\/#website\"},\"primaryImageOfPage\":{\"@id\":\"https:\/\/amasc.org\/partners\/the-schools\/a-new-international-commission-on-education\/#primaryimage\"},\"image\":{\"@id\":\"https:\/\/amasc.org\/partners\/the-schools\/a-new-international-commission-on-education\/#primaryimage\"},\"thumbnailUrl\":\"https:\/\/amasc.org\/wp-content\/uploads\/Sr_Suzanne_Cooke.jpg\",\"datePublished\":\"2020-10-17T16:21:32+00:00\",\"dateModified\":\"2020-11-06T17:22:18+00:00\",\"breadcrumb\":{\"@id\":\"https:\/\/amasc.org\/partners\/the-schools\/a-new-international-commission-on-education\/#breadcrumb\"},\"inLanguage\":\"fr-FR\",\"potentialAction\":[{\"@type\":\"ReadAction\",\"target\":[\"https:\/\/amasc.org\/partners\/the-schools\/a-new-international-commission-on-education\/\"]}]},{\"@type\":\"ImageObject\",\"inLanguage\":\"fr-FR\",\"@id\":\"https:\/\/amasc.org\/partners\/the-schools\/a-new-international-commission-on-education\/#primaryimage\",\"url\":\"https:\/\/amasc.org\/wp-content\/uploads\/Sr_Suzanne_Cooke.jpg\",\"contentUrl\":\"https:\/\/amasc.org\/wp-content\/uploads\/Sr_Suzanne_Cooke.jpg\"},{\"@type\":\"BreadcrumbList\",\"@id\":\"https:\/\/amasc.org\/partners\/the-schools\/a-new-international-commission-on-education\/#breadcrumb\",\"itemListElement\":[{\"@type\":\"ListItem\",\"position\":1,\"name\":\"Home\",\"item\":\"https:\/\/amasc.org\/\"},{\"@type\":\"ListItem\",\"position\":2,\"name\":\"Relatives\",\"item\":\"https:\/\/amasc.org\/partners\/\"},{\"@type\":\"ListItem\",\"position\":3,\"name\":\"Schools\",\"item\":\"https:\/\/amasc.org\/partners\/the-schools\/\"},{\"@type\":\"ListItem\",\"position\":4,\"name\":\"A new International Commission on Education\"}]},{\"@type\":\"WebSite\",\"@id\":\"https:\/\/amasc.org\/#website\",\"url\":\"https:\/\/amasc.org\/\",\"name\":\"AMASC\",\"description\":\"\",\"publisher\":{\"@id\":\"https:\/\/amasc.org\/#organization\"},\"potentialAction\":[{\"@type\":\"SearchAction\",\"target\":{\"@type\":\"EntryPoint\",\"urlTemplate\":\"https:\/\/amasc.org\/?s={search_term_string}\"},\"query-input\":{\"@type\":\"PropertyValueSpecification\",\"valueRequired\":true,\"valueName\":\"search_term_string\"}}],\"inLanguage\":\"fr-FR\"},{\"@type\":\"Organization\",\"@id\":\"https:\/\/amasc.org\/#organization\",\"name\":\"AMASC\",\"url\":\"https:\/\/amasc.org\/\",\"logo\":{\"@type\":\"ImageObject\",\"inLanguage\":\"fr-FR\",\"@id\":\"https:\/\/amasc.org\/#\/schema\/logo\/image\/\",\"url\":\"https:\/\/amasc.org\/wp-content\/uploads\/logo-brand-red.png\",\"contentUrl\":\"https:\/\/amasc.org\/wp-content\/uploads\/logo-brand-red.png\",\"width\":1283,\"height\":1624,\"caption\":\"AMASC\"},\"image\":{\"@id\":\"https:\/\/amasc.org\/#\/schema\/logo\/image\/\"}}]}<\/script>\n<!-- \/ Yoast SEO plugin. -->","yoast_head_json":{"title":"A new International Commission on Education - AMASC","robots":{"index":"index","follow":"follow","max-snippet":"max-snippet:-1","max-image-preview":"max-image-preview:large","max-video-preview":"max-video-preview:-1"},"canonical":"https:\/\/amasc.org\/fr\/partners\/the-schools\/a-new-international-commission-on-education\/","og_locale":"fr_FR","og_type":"article","og_title":"A new International Commission on Education - AMASC","og_description":"A new International Commission on Education The renewal of the educational service of the Society of the Sacred Heart&nbsp;is part of the recommendations of the last General Chapter of the Society of the Sacred Heart. A mission has been entrusted to a new International Commission of Education. Under the leadership of Sr. Suzanne Cooke, who...","og_url":"https:\/\/amasc.org\/fr\/partners\/the-schools\/a-new-international-commission-on-education\/","og_site_name":"AMASC","article_modified_time":"2020-11-06T17:22:18+00:00","og_image":[{"url":"https:\/\/amasc.org\/wp-content\/uploads\/Sr_Suzanne_Cooke.jpg","type":"","width":"","height":""}],"twitter_card":"summary_large_image","twitter_misc":{"Dur\u00e9e de lecture estim\u00e9e":"1 minute"},"schema":{"@context":"https:\/\/schema.org","@graph":[{"@type":"WebPage","@id":"https:\/\/amasc.org\/partners\/the-schools\/a-new-international-commission-on-education\/","url":"https:\/\/amasc.org\/partners\/the-schools\/a-new-international-commission-on-education\/","name":"A new International Commission on Education - AMASC","isPartOf":{"@id":"https:\/\/amasc.org\/#website"},"primaryImageOfPage":{"@id":"https:\/\/amasc.org\/partners\/the-schools\/a-new-international-commission-on-education\/#primaryimage"},"image":{"@id":"https:\/\/amasc.org\/partners\/the-schools\/a-new-international-commission-on-education\/#primaryimage"},"thumbnailUrl":"https:\/\/amasc.org\/wp-content\/uploads\/Sr_Suzanne_Cooke.jpg","datePublished":"2020-10-17T16:21:32+00:00","dateModified":"2020-11-06T17:22:18+00:00","breadcrumb":{"@id":"https:\/\/amasc.org\/partners\/the-schools\/a-new-international-commission-on-education\/#breadcrumb"},"inLanguage":"fr-FR","potentialAction":[{"@type":"ReadAction","target":["https:\/\/amasc.org\/partners\/the-schools\/a-new-international-commission-on-education\/"]}]},{"@type":"ImageObject","inLanguage":"fr-FR","@id":"https:\/\/amasc.org\/partners\/the-schools\/a-new-international-commission-on-education\/#primaryimage","url":"https:\/\/amasc.org\/wp-content\/uploads\/Sr_Suzanne_Cooke.jpg","contentUrl":"https:\/\/amasc.org\/wp-content\/uploads\/Sr_Suzanne_Cooke.jpg"},{"@type":"BreadcrumbList","@id":"https:\/\/amasc.org\/partners\/the-schools\/a-new-international-commission-on-education\/#breadcrumb","itemListElement":[{"@type":"ListItem","position":1,"name":"Home","item":"https:\/\/amasc.org\/"},{"@type":"ListItem","position":2,"name":"Relatives","item":"https:\/\/amasc.org\/partners\/"},{"@type":"ListItem","position":3,"name":"Schools","item":"https:\/\/amasc.org\/partners\/the-schools\/"},{"@type":"ListItem","position":4,"name":"A new International Commission on Education"}]},{"@type":"WebSite","@id":"https:\/\/amasc.org\/#website","url":"https:\/\/amasc.org\/","name":"AMASC","description":"","publisher":{"@id":"https:\/\/amasc.org\/#organization"},"potentialAction":[{"@type":"SearchAction","target":{"@type":"EntryPoint","urlTemplate":"https:\/\/amasc.org\/?s={search_term_string}"},"query-input":{"@type":"PropertyValueSpecification","valueRequired":true,"valueName":"search_term_string"}}],"inLanguage":"fr-FR"},{"@type":"Organization","@id":"https:\/\/amasc.org\/#organization","name":"AMASC","url":"https:\/\/amasc.org\/","logo":{"@type":"ImageObject","inLanguage":"fr-FR","@id":"https:\/\/amasc.org\/#\/schema\/logo\/image\/","url":"https:\/\/amasc.org\/wp-content\/uploads\/logo-brand-red.png","contentUrl":"https:\/\/amasc.org\/wp-content\/uploads\/logo-brand-red.png","width":1283,"height":1624,"caption":"AMASC"},"image":{"@id":"https:\/\/amasc.org\/#\/schema\/logo\/image\/"}}]}},"taxonomy_info":[],"featured_image_src_large":false,"author_info":{"display_name":"AMASC","author_link":"https:\/\/amasc.org\/fr\/author\/amasc\/"},"comment_info":0,"_links":{"self":[{"href":"https:\/\/amasc.org\/fr\/wp-json\/wp\/v2\/pages\/543","targetHints":{"allow":["GET"]}}],"collection":[{"href":"https:\/\/amasc.org\/fr\/wp-json\/wp\/v2\/pages"}],"about":[{"href":"https:\/\/amasc.org\/fr\/wp-json\/wp\/v2\/types\/page"}],"author":[{"embeddable":true,"href":"https:\/\/amasc.org\/fr\/wp-json\/wp\/v2\/users\/6"}],"replies":[{"embeddable":true,"href":"https:\/\/amasc.org\/fr\/wp-json\/wp\/v2\/comments?post=543"}],"version-history":[{"count":0,"href":"https:\/\/amasc.org\/fr\/wp-json\/wp\/v2\/pages\/543\/revisions"}],"up":[{"embeddable":true,"href":"https:\/\/amasc.org\/fr\/wp-json\/wp\/v2\/pages\/534"}],"wp:attachment":[{"href":"https:\/\/amasc.org\/fr\/wp-json\/wp\/v2\/media?parent=543"}],"curies":[{"name":"wp","href":"https:\/\/api.w.org\/{rel}","templated":true}]}}