{"id":553,"date":"2020-10-17T18:38:04","date_gmt":"2020-10-17T16:38:04","guid":{"rendered":"https:\/\/sitewp.amasc-sacrecoeur.net\/?page_id=553"},"modified":"2020-11-06T18:21:34","modified_gmt":"2020-11-06T17:21:34","slug":"the-networks-of-schools","status":"publish","type":"page","link":"https:\/\/amasc.org\/fr\/partners\/the-schools\/the-networks-of-schools\/","title":{"rendered":"R\u00e9seaux d'\u00e9coles"},"content":{"rendered":"<div class=\"wp-block-columns is-layout-flex wp-container-core-columns-is-layout-9d6595d7 wp-block-columns-is-layout-flex\">\n<div class=\"wp-block-column is-layout-flow wp-block-column-is-layout-flow\" style=\"flex-basis:66.66%\">\n<h2 class=\"has-text-color wp-block-heading\" style=\"color:#b72424\">Les r\u00e9seaux d'\u00e9coles<\/h2>\n\n\n\n<p><strong>De nombreux circuits d'\u00e9changes et de rencontres ont \u00e9t\u00e9 cr\u00e9\u00e9s entre les institutions du Sacr\u00e9-C\u0153ur<\/strong>Le Conseil de l'Europe a \u00e9galement mis en place un programme de formation \u00e0 l'intention de ses membres, concernant leurs \u00e9tudiants, leurs enseignants ou leurs directeurs, au niveau provincial ou international.<\/p>\n\n\n\n<p>Chaque ann\u00e9e, certaines \u00e9coles proposent \u00e0 leurs \u00e9l\u00e8ves :<\/p>\n\n\n\n<ul class=\"wp-block-list\"><li>\u00c9changes individuels bas\u00e9s sur la r\u00e9ciprocit\u00e9<\/li><li>Des voyages de classe pour d\u00e9couvrir un Sacr\u00e9-C\u0153ur d'un autre pays. Par exemple, en juillet 2017, les jeunes \u00e9tudiants de Ta\u00efwan ont \u00e9t\u00e9 re\u00e7us en Cor\u00e9e...\/li&gt;.<\/li><li>Participation \u00e0 des \u00e9v\u00e9nements collectifs, comme ces Olympiades organis\u00e9es en 2014 en Ouganda, qui ont rejoint des adolescents irlandais, autrichiens et anglais qui avaient pr\u00e9par\u00e9 leur voyage pendant toute une ann\u00e9e....<\/li><li>Projets de solidarit\u00e9 internationale. En 2015, de jeunes \u00e9tudiants de Londres, du Mexique et de Ta\u00efwan ont travaill\u00e9 ensemble pour r\u00e9nover des logements insalubres au Mexique ...<\/li><\/ul>\n\n\n\n<p>De nombreuses occasions de rencontres entre enseignants, \u00e9ducateurs et responsables de la pastorale.<\/p>\n\n\n\n<ul class=\"wp-block-list\"><li>\u00c9changes d'enseignants d'une \u00e9cole \u00e0 l'autre pour d\u00e9couvrir de nouvelles technologies et de nouveaux styles d'enseignement<\/li><li>Formation au charisme du Sacr\u00e9-C\u0153ur en fondant le programme \"Roots Give Wings\" \u00e0 St. Charles, Missouri (USA)...<\/li><li>Conf\u00e9rences d'\u00e9ducateurs sur un aspect particulier de leur mission.<\/li><\/ul>\n\n\n\n<p>Deux r\u00e9seaux en particulier sont en train de se structurer, avec lesquels l'AMASC souhaite entretenir des liens privil\u00e9gi\u00e9s : l'un concernant les directeurs d'institutions du Sacr\u00e9-C\u0153ur et l'autre les jeunes \u00e9coliers de 15 \u00e0 18 ans : Visages du C\u0153ur.<\/p>\n\n\n\n<div style=\"height:50px\" aria-hidden=\"true\" class=\"wp-block-spacer\"><\/div>\n\n\n\n<div class=\"wp-block-buttons aligncenter is-layout-flex wp-block-buttons-is-layout-flex\">\n<div class=\"wp-block-button is-style-fill\"><a class=\"wp-block-button__link has-background\" href=\"https:\/\/amasc.org\/en\/partners\/the-schools\/the-networks-of-schools\/the-network-of-school-principals\/\" style=\"border-radius:15px;background-color:#b72424\">LE R\u00c9SEAU DES DIRECTEURS D'\u00c9COLE<\/a><\/div>\n\n\n\n<div class=\"wp-block-button is-style-fill\"><a class=\"wp-block-button__link has-background\" href=\"https:\/\/amasc.org\/en\/partners\/the-schools\/the-networks-of-schools\/faces-of-the-heart-3\/\" style=\"border-radius:15px;background-color:#b72424\">\"LES VISAGES DU C\u0152UR<\/a><\/div>\n<\/div>\n<\/div>\n\n\n\n<div class=\"wp-block-column is-layout-flow wp-block-column-is-layout-flow\" style=\"flex-basis:33.33%\">\n<figure class=\"wp-block-image size-large\"><img loading=\"lazy\" decoding=\"async\" width=\"330\" height=\"327\" src=\"https:\/\/amasc.org\/wp-content\/uploads\/img_partenaires_ecoles_reseaux_dir.jpg\" alt=\"\" class=\"wp-image-550\" srcset=\"https:\/\/amasc.org\/wp-content\/uploads\/img_partenaires_ecoles_reseaux_dir.jpg 330w, https:\/\/amasc.org\/wp-content\/uploads\/img_partenaires_ecoles_reseaux_dir-300x297.jpg 300w, https:\/\/amasc.org\/wp-content\/uploads\/img_partenaires_ecoles_reseaux_dir-150x150.jpg 150w, https:\/\/amasc.org\/wp-content\/uploads\/img_partenaires_ecoles_reseaux_dir-303x300.jpg 303w\" sizes=\"auto, (max-width: 330px) 100vw, 330px\" \/><\/figure>\n<\/div>\n<\/div>","protected":false},"excerpt":{"rendered":"<p>Les r\u00e9seaux d'\u00e9coles De nombreux circuits d'\u00e9changes et de rencontres se sont cr\u00e9\u00e9s entre les institutions du Sacr\u00e9-C\u0153ur, concernant leurs \u00e9l\u00e8ves, leurs professeurs ou leurs directeurs, au niveau provincial ou international. Chaque ann\u00e9e, certaines \u00e9coles proposent \u00e0 leurs \u00e9l\u00e8ves Des \u00e9changes individuels bas\u00e9s sur la r\u00e9ciprocit\u00e9 Des voyages de classe pour d\u00e9couvrir un Sacr\u00e9-C\u0153ur d'un autre pays. Par exemple,...<\/p>","protected":false},"author":6,"featured_media":0,"parent":534,"menu_order":0,"comment_status":"closed","ping_status":"closed","template":"","meta":{"_acf_changed":false,"_kad_blocks_custom_css":"","_kad_blocks_head_custom_js":"","_kad_blocks_body_custom_js":"","_kad_blocks_footer_custom_js":"","_kad_post_transparent":"","_kad_post_title":"","_kad_post_layout":"","_kad_post_sidebar_id":"","_kad_post_content_style":"","_kad_post_vertical_padding":"","_kad_post_feature":"","_kad_post_feature_position":"","_kad_post_header":false,"_kad_post_footer":false,"_kad_post_classname":"","footnotes":""},"class_list":["post-553","page","type-page","status-publish","hentry"],"acf":[],"yoast_head":"<!-- This site is optimized with the Yoast SEO plugin v26.4 - https:\/\/yoast.com\/wordpress\/plugins\/seo\/ -->\n<title>Networks of schools - AMASC<\/title>\n<meta name=\"robots\" content=\"index, follow, max-snippet:-1, max-image-preview:large, max-video-preview:-1\" \/>\n<link rel=\"canonical\" href=\"https:\/\/amasc.org\/fr\/partners\/the-schools\/the-networks-of-schools\/\" \/>\n<meta property=\"og:locale\" content=\"fr_FR\" \/>\n<meta property=\"og:type\" content=\"article\" \/>\n<meta property=\"og:title\" content=\"Networks of schools - AMASC\" \/>\n<meta property=\"og:description\" content=\"The networks of schools Many exchange and meeting circuits have been created between the Sacr\u00e9-C\u0153ur institutions, concerning their students, their teachers or their directors, at the provincial or international level. Each year, some schools offer their students: Individual exchanges based on reciprocity Class trips to discover a Sacred Heart of a different country. For example,...\" \/>\n<meta property=\"og:url\" content=\"https:\/\/amasc.org\/fr\/partners\/the-schools\/the-networks-of-schools\/\" \/>\n<meta property=\"og:site_name\" content=\"AMASC\" \/>\n<meta property=\"article:modified_time\" content=\"2020-11-06T17:21:34+00:00\" \/>\n<meta property=\"og:image\" content=\"https:\/\/amasc.org\/wp-content\/uploads\/img_partenaires_ecoles_reseaux_dir.jpg\" \/>\n<meta name=\"twitter:card\" content=\"summary_large_image\" \/>\n<meta name=\"twitter:label1\" content=\"Dur\u00e9e de lecture estim\u00e9e\" \/>\n\t<meta name=\"twitter:data1\" content=\"1 minute\" \/>\n<script type=\"application\/ld+json\" class=\"yoast-schema-graph\">{\"@context\":\"https:\/\/schema.org\",\"@graph\":[{\"@type\":\"WebPage\",\"@id\":\"https:\/\/amasc.org\/partners\/the-schools\/the-networks-of-schools\/\",\"url\":\"https:\/\/amasc.org\/partners\/the-schools\/the-networks-of-schools\/\",\"name\":\"Networks of schools - AMASC\",\"isPartOf\":{\"@id\":\"https:\/\/amasc.org\/#website\"},\"primaryImageOfPage\":{\"@id\":\"https:\/\/amasc.org\/partners\/the-schools\/the-networks-of-schools\/#primaryimage\"},\"image\":{\"@id\":\"https:\/\/amasc.org\/partners\/the-schools\/the-networks-of-schools\/#primaryimage\"},\"thumbnailUrl\":\"https:\/\/amasc.org\/wp-content\/uploads\/img_partenaires_ecoles_reseaux_dir.jpg\",\"datePublished\":\"2020-10-17T16:38:04+00:00\",\"dateModified\":\"2020-11-06T17:21:34+00:00\",\"breadcrumb\":{\"@id\":\"https:\/\/amasc.org\/partners\/the-schools\/the-networks-of-schools\/#breadcrumb\"},\"inLanguage\":\"fr-FR\",\"potentialAction\":[{\"@type\":\"ReadAction\",\"target\":[\"https:\/\/amasc.org\/partners\/the-schools\/the-networks-of-schools\/\"]}]},{\"@type\":\"ImageObject\",\"inLanguage\":\"fr-FR\",\"@id\":\"https:\/\/amasc.org\/partners\/the-schools\/the-networks-of-schools\/#primaryimage\",\"url\":\"https:\/\/amasc.org\/wp-content\/uploads\/img_partenaires_ecoles_reseaux_dir.jpg\",\"contentUrl\":\"https:\/\/amasc.org\/wp-content\/uploads\/img_partenaires_ecoles_reseaux_dir.jpg\"},{\"@type\":\"BreadcrumbList\",\"@id\":\"https:\/\/amasc.org\/partners\/the-schools\/the-networks-of-schools\/#breadcrumb\",\"itemListElement\":[{\"@type\":\"ListItem\",\"position\":1,\"name\":\"Home\",\"item\":\"https:\/\/amasc.org\/\"},{\"@type\":\"ListItem\",\"position\":2,\"name\":\"Relatives\",\"item\":\"https:\/\/amasc.org\/partners\/\"},{\"@type\":\"ListItem\",\"position\":3,\"name\":\"Schools\",\"item\":\"https:\/\/amasc.org\/partners\/the-schools\/\"},{\"@type\":\"ListItem\",\"position\":4,\"name\":\"Networks of schools\"}]},{\"@type\":\"WebSite\",\"@id\":\"https:\/\/amasc.org\/#website\",\"url\":\"https:\/\/amasc.org\/\",\"name\":\"AMASC\",\"description\":\"\",\"publisher\":{\"@id\":\"https:\/\/amasc.org\/#organization\"},\"potentialAction\":[{\"@type\":\"SearchAction\",\"target\":{\"@type\":\"EntryPoint\",\"urlTemplate\":\"https:\/\/amasc.org\/?s={search_term_string}\"},\"query-input\":{\"@type\":\"PropertyValueSpecification\",\"valueRequired\":true,\"valueName\":\"search_term_string\"}}],\"inLanguage\":\"fr-FR\"},{\"@type\":\"Organization\",\"@id\":\"https:\/\/amasc.org\/#organization\",\"name\":\"AMASC\",\"url\":\"https:\/\/amasc.org\/\",\"logo\":{\"@type\":\"ImageObject\",\"inLanguage\":\"fr-FR\",\"@id\":\"https:\/\/amasc.org\/#\/schema\/logo\/image\/\",\"url\":\"https:\/\/amasc.org\/wp-content\/uploads\/logo-brand-red.png\",\"contentUrl\":\"https:\/\/amasc.org\/wp-content\/uploads\/logo-brand-red.png\",\"width\":1283,\"height\":1624,\"caption\":\"AMASC\"},\"image\":{\"@id\":\"https:\/\/amasc.org\/#\/schema\/logo\/image\/\"}}]}<\/script>\n<!-- \/ Yoast SEO plugin. -->","yoast_head_json":{"title":"Networks of schools - AMASC","robots":{"index":"index","follow":"follow","max-snippet":"max-snippet:-1","max-image-preview":"max-image-preview:large","max-video-preview":"max-video-preview:-1"},"canonical":"https:\/\/amasc.org\/fr\/partners\/the-schools\/the-networks-of-schools\/","og_locale":"fr_FR","og_type":"article","og_title":"Networks of schools - AMASC","og_description":"The networks of schools Many exchange and meeting circuits have been created between the Sacr\u00e9-C\u0153ur institutions, concerning their students, their teachers or their directors, at the provincial or international level. Each year, some schools offer their students: Individual exchanges based on reciprocity Class trips to discover a Sacred Heart of a different country. For example,...","og_url":"https:\/\/amasc.org\/fr\/partners\/the-schools\/the-networks-of-schools\/","og_site_name":"AMASC","article_modified_time":"2020-11-06T17:21:34+00:00","og_image":[{"url":"https:\/\/amasc.org\/wp-content\/uploads\/img_partenaires_ecoles_reseaux_dir.jpg","type":"","width":"","height":""}],"twitter_card":"summary_large_image","twitter_misc":{"Dur\u00e9e de lecture estim\u00e9e":"1 minute"},"schema":{"@context":"https:\/\/schema.org","@graph":[{"@type":"WebPage","@id":"https:\/\/amasc.org\/partners\/the-schools\/the-networks-of-schools\/","url":"https:\/\/amasc.org\/partners\/the-schools\/the-networks-of-schools\/","name":"Networks of schools - AMASC","isPartOf":{"@id":"https:\/\/amasc.org\/#website"},"primaryImageOfPage":{"@id":"https:\/\/amasc.org\/partners\/the-schools\/the-networks-of-schools\/#primaryimage"},"image":{"@id":"https:\/\/amasc.org\/partners\/the-schools\/the-networks-of-schools\/#primaryimage"},"thumbnailUrl":"https:\/\/amasc.org\/wp-content\/uploads\/img_partenaires_ecoles_reseaux_dir.jpg","datePublished":"2020-10-17T16:38:04+00:00","dateModified":"2020-11-06T17:21:34+00:00","breadcrumb":{"@id":"https:\/\/amasc.org\/partners\/the-schools\/the-networks-of-schools\/#breadcrumb"},"inLanguage":"fr-FR","potentialAction":[{"@type":"ReadAction","target":["https:\/\/amasc.org\/partners\/the-schools\/the-networks-of-schools\/"]}]},{"@type":"ImageObject","inLanguage":"fr-FR","@id":"https:\/\/amasc.org\/partners\/the-schools\/the-networks-of-schools\/#primaryimage","url":"https:\/\/amasc.org\/wp-content\/uploads\/img_partenaires_ecoles_reseaux_dir.jpg","contentUrl":"https:\/\/amasc.org\/wp-content\/uploads\/img_partenaires_ecoles_reseaux_dir.jpg"},{"@type":"BreadcrumbList","@id":"https:\/\/amasc.org\/partners\/the-schools\/the-networks-of-schools\/#breadcrumb","itemListElement":[{"@type":"ListItem","position":1,"name":"Home","item":"https:\/\/amasc.org\/"},{"@type":"ListItem","position":2,"name":"Relatives","item":"https:\/\/amasc.org\/partners\/"},{"@type":"ListItem","position":3,"name":"Schools","item":"https:\/\/amasc.org\/partners\/the-schools\/"},{"@type":"ListItem","position":4,"name":"Networks of schools"}]},{"@type":"WebSite","@id":"https:\/\/amasc.org\/#website","url":"https:\/\/amasc.org\/","name":"AMASC","description":"","publisher":{"@id":"https:\/\/amasc.org\/#organization"},"potentialAction":[{"@type":"SearchAction","target":{"@type":"EntryPoint","urlTemplate":"https:\/\/amasc.org\/?s={search_term_string}"},"query-input":{"@type":"PropertyValueSpecification","valueRequired":true,"valueName":"search_term_string"}}],"inLanguage":"fr-FR"},{"@type":"Organization","@id":"https:\/\/amasc.org\/#organization","name":"AMASC","url":"https:\/\/amasc.org\/","logo":{"@type":"ImageObject","inLanguage":"fr-FR","@id":"https:\/\/amasc.org\/#\/schema\/logo\/image\/","url":"https:\/\/amasc.org\/wp-content\/uploads\/logo-brand-red.png","contentUrl":"https:\/\/amasc.org\/wp-content\/uploads\/logo-brand-red.png","width":1283,"height":1624,"caption":"AMASC"},"image":{"@id":"https:\/\/amasc.org\/#\/schema\/logo\/image\/"}}]}},"taxonomy_info":[],"featured_image_src_large":false,"author_info":{"display_name":"AMASC","author_link":"https:\/\/amasc.org\/fr\/author\/amasc\/"},"comment_info":0,"_links":{"self":[{"href":"https:\/\/amasc.org\/fr\/wp-json\/wp\/v2\/pages\/553","targetHints":{"allow":["GET"]}}],"collection":[{"href":"https:\/\/amasc.org\/fr\/wp-json\/wp\/v2\/pages"}],"about":[{"href":"https:\/\/amasc.org\/fr\/wp-json\/wp\/v2\/types\/page"}],"author":[{"embeddable":true,"href":"https:\/\/amasc.org\/fr\/wp-json\/wp\/v2\/users\/6"}],"replies":[{"embeddable":true,"href":"https:\/\/amasc.org\/fr\/wp-json\/wp\/v2\/comments?post=553"}],"version-history":[{"count":0,"href":"https:\/\/amasc.org\/fr\/wp-json\/wp\/v2\/pages\/553\/revisions"}],"up":[{"embeddable":true,"href":"https:\/\/amasc.org\/fr\/wp-json\/wp\/v2\/pages\/534"}],"wp:attachment":[{"href":"https:\/\/amasc.org\/fr\/wp-json\/wp\/v2\/media?parent=553"}],"curies":[{"name":"wp","href":"https:\/\/api.w.org\/{rel}","templated":true}]}}