{"id":578,"date":"2020-10-17T19:15:00","date_gmt":"2020-10-17T17:15:00","guid":{"rendered":"https:\/\/sitewp.amasc-sacrecoeur.net\/?page_id=578"},"modified":"2020-11-06T18:21:46","modified_gmt":"2020-11-06T17:21:46","slug":"faces-of-the-heart-3","status":"publish","type":"page","link":"https:\/\/amasc.org\/fr\/partners\/the-schools\/the-networks-of-schools\/faces-of-the-heart-3\/","title":{"rendered":"\" Les visages du c\u0153ur \""},"content":{"rendered":"<div class=\"wp-block-columns is-layout-flex wp-container-core-columns-is-layout-9d6595d7 wp-block-columns-is-layout-flex\">\n<div class=\"wp-block-column is-layout-flow wp-block-column-is-layout-flow\" style=\"flex-basis:66.66%\">\n<h2 class=\"has-text-color wp-block-heading\" style=\"color:#b72424\">\" Les visages du c\u0153ur \"<\/h2>\n\n\n\n<p><strong>Aux c\u00f4t\u00e9s des directeurs de r\u00e9seaux du Sacr\u00e9-C\u0153ur, des jeunes de 15 \u00e0 18 ans du monde entier<\/strong>&nbsp;commencent \u00e0 se rassembler r\u00e9guli\u00e8rement.<\/p>\n\n\n\n<p>Plus qu'un simple camp d'\u00e9t\u00e9, Visages du C\u0153ur r\u00e9unit tous les deux ans des jeunes \u00e9tudiants du Sacr\u00e9-C\u0153ur du monde entier, pour cr\u00e9er des liens entre eux et les faire r\u00e9fl\u00e9chir concr\u00e8tement sur un th\u00e8me d'actualit\u00e9, \u00e0 travers des ateliers, des visites et des activit\u00e9s plus ludiques. A leur retour, ces \u00e9tudiants doivent t\u00e9moigner de ce qu'ils ont d\u00e9couvert aupr\u00e8s de leurs camarades de classe.<\/p>\n\n\n\n<p>Pilot\u00e9e par Luciana Jeler, professeur \u00e0 Bloomfield Hills (Michigan, USA), cette initiative a vu le jour gr\u00e2ce \u00e0 l'excellente communication entre les responsables des \u00e9changes dans les \u00e9coles. Lors de son lancement en juillet 2016, 27 \u00e9tudiants de 11 nationalit\u00e9s et 21 \u00e9coles diff\u00e9rentes \u00e9taient r\u00e9unis. En 2018, avec le soutien souvent financier de leurs chefs d'\u00e9tablissement, ils \u00e9taient 47, de 14 nationalit\u00e9s et 27 \u00e9coles.<\/p>\n\n\n\n<p>Organis\u00e9 deux fois en France, au Sacr\u00e9-C\u0153ur de La Perverie \u00e0 Nantes, le th\u00e8me du rassemblement \u00e9tait en 2016 :&nbsp;<em>\" Quelle influence nos valeurs du Sacr\u00e9-C\u0153ur ont-elles sur notre comportement face aux probl\u00e8mes alimentaires dans le monde ? \"<\/em>et en 2018 :&nbsp;<em>\" L'\u00e9ducation pour un monde meilleur \"<\/em>.<\/p>\n\n\n\n<p>Si cet \u00e9v\u00e9nement devenait permanent comme le souhaitent ses promoteurs, la 3\u00e8me \u00e9dition des Visages du C\u0153ur pourrait se tenir \u00e0 Trinita dei Monti \u00e0 Rome en 2020.<\/p>\n\n\n\n<p><\/p>\n<\/div>\n\n\n\n<div class=\"wp-block-column is-layout-flow wp-block-column-is-layout-flow\" style=\"flex-basis:33.33%\">\n<figure class=\"wp-block-image size-large\"><img loading=\"lazy\" decoding=\"async\" width=\"330\" height=\"318\" src=\"https:\/\/amasc.org\/wp-content\/uploads\/img_groupe_Faces_Heart.jpg\" alt=\"\" class=\"wp-image-575\" srcset=\"https:\/\/amasc.org\/wp-content\/uploads\/img_groupe_Faces_Heart.jpg 330w, https:\/\/amasc.org\/wp-content\/uploads\/img_groupe_Faces_Heart-300x289.jpg 300w, https:\/\/amasc.org\/wp-content\/uploads\/img_groupe_Faces_Heart-311x300.jpg 311w\" sizes=\"auto, (max-width: 330px) 100vw, 330px\" \/><\/figure>\n<\/div>\n<\/div>","protected":false},"excerpt":{"rendered":"<p>\u00ab Faces of the Heart \u00bb Alongside the network directors of the Sacred Heart, 15-18 year olds all over the world&nbsp;are starting to gather regularly. More than a simple summer camp, Faces of the Heart brings together every two years, young Sacred Heart students from all over the world, to create links between them and&#8230;<\/p>","protected":false},"author":6,"featured_media":0,"parent":553,"menu_order":0,"comment_status":"closed","ping_status":"closed","template":"","meta":{"_acf_changed":false,"_kad_blocks_custom_css":"","_kad_blocks_head_custom_js":"","_kad_blocks_body_custom_js":"","_kad_blocks_footer_custom_js":"","_kad_post_transparent":"","_kad_post_title":"","_kad_post_layout":"","_kad_post_sidebar_id":"","_kad_post_content_style":"","_kad_post_vertical_padding":"","_kad_post_feature":"","_kad_post_feature_position":"","_kad_post_header":false,"_kad_post_footer":false,"_kad_post_classname":"","footnotes":""},"class_list":["post-578","page","type-page","status-publish","hentry"],"acf":[],"yoast_head":"<!-- This site is optimized with the Yoast SEO plugin v26.4 - https:\/\/yoast.com\/wordpress\/plugins\/seo\/ -->\n<title>\u00ab Faces of the Heart \u00bb - AMASC<\/title>\n<meta name=\"robots\" content=\"index, follow, max-snippet:-1, max-image-preview:large, max-video-preview:-1\" \/>\n<link rel=\"canonical\" href=\"https:\/\/amasc.org\/fr\/partners\/the-schools\/the-networks-of-schools\/faces-of-the-heart-3\/\" \/>\n<meta property=\"og:locale\" content=\"fr_FR\" \/>\n<meta property=\"og:type\" content=\"article\" \/>\n<meta property=\"og:title\" content=\"\u00ab Faces of the Heart \u00bb - AMASC\" \/>\n<meta property=\"og:description\" content=\"\u00ab Faces of the Heart \u00bb Alongside the network directors of the Sacred Heart, 15-18 year olds all over the world&nbsp;are starting to gather regularly. More than a simple summer camp, Faces of the Heart brings together every two years, young Sacred Heart students from all over the world, to create links between them and...\" \/>\n<meta property=\"og:url\" content=\"https:\/\/amasc.org\/fr\/partners\/the-schools\/the-networks-of-schools\/faces-of-the-heart-3\/\" \/>\n<meta property=\"og:site_name\" content=\"AMASC\" \/>\n<meta property=\"article:modified_time\" content=\"2020-11-06T17:21:46+00:00\" \/>\n<meta property=\"og:image\" content=\"https:\/\/amasc.org\/wp-content\/uploads\/img_groupe_Faces_Heart.jpg\" \/>\n<meta name=\"twitter:card\" content=\"summary_large_image\" \/>\n<meta name=\"twitter:label1\" content=\"Dur\u00e9e de lecture estim\u00e9e\" \/>\n\t<meta name=\"twitter:data1\" content=\"1 minute\" \/>\n<script type=\"application\/ld+json\" class=\"yoast-schema-graph\">{\"@context\":\"https:\/\/schema.org\",\"@graph\":[{\"@type\":\"WebPage\",\"@id\":\"https:\/\/amasc.org\/partners\/the-schools\/the-networks-of-schools\/faces-of-the-heart-3\/\",\"url\":\"https:\/\/amasc.org\/partners\/the-schools\/the-networks-of-schools\/faces-of-the-heart-3\/\",\"name\":\"\u00ab Faces of the Heart \u00bb - AMASC\",\"isPartOf\":{\"@id\":\"https:\/\/amasc.org\/#website\"},\"primaryImageOfPage\":{\"@id\":\"https:\/\/amasc.org\/partners\/the-schools\/the-networks-of-schools\/faces-of-the-heart-3\/#primaryimage\"},\"image\":{\"@id\":\"https:\/\/amasc.org\/partners\/the-schools\/the-networks-of-schools\/faces-of-the-heart-3\/#primaryimage\"},\"thumbnailUrl\":\"https:\/\/amasc.org\/wp-content\/uploads\/img_groupe_Faces_Heart.jpg\",\"datePublished\":\"2020-10-17T17:15:00+00:00\",\"dateModified\":\"2020-11-06T17:21:46+00:00\",\"breadcrumb\":{\"@id\":\"https:\/\/amasc.org\/partners\/the-schools\/the-networks-of-schools\/faces-of-the-heart-3\/#breadcrumb\"},\"inLanguage\":\"fr-FR\",\"potentialAction\":[{\"@type\":\"ReadAction\",\"target\":[\"https:\/\/amasc.org\/partners\/the-schools\/the-networks-of-schools\/faces-of-the-heart-3\/\"]}]},{\"@type\":\"ImageObject\",\"inLanguage\":\"fr-FR\",\"@id\":\"https:\/\/amasc.org\/partners\/the-schools\/the-networks-of-schools\/faces-of-the-heart-3\/#primaryimage\",\"url\":\"https:\/\/amasc.org\/wp-content\/uploads\/img_groupe_Faces_Heart.jpg\",\"contentUrl\":\"https:\/\/amasc.org\/wp-content\/uploads\/img_groupe_Faces_Heart.jpg\"},{\"@type\":\"BreadcrumbList\",\"@id\":\"https:\/\/amasc.org\/partners\/the-schools\/the-networks-of-schools\/faces-of-the-heart-3\/#breadcrumb\",\"itemListElement\":[{\"@type\":\"ListItem\",\"position\":1,\"name\":\"Home\",\"item\":\"https:\/\/amasc.org\/\"},{\"@type\":\"ListItem\",\"position\":2,\"name\":\"Relatives\",\"item\":\"https:\/\/amasc.org\/partners\/\"},{\"@type\":\"ListItem\",\"position\":3,\"name\":\"Schools\",\"item\":\"https:\/\/amasc.org\/partners\/the-schools\/\"},{\"@type\":\"ListItem\",\"position\":4,\"name\":\"Networks of schools\",\"item\":\"https:\/\/amasc.org\/partners\/the-schools\/the-networks-of-schools\/\"},{\"@type\":\"ListItem\",\"position\":5,\"name\":\"\u00ab Faces of the Heart \u00bb\"}]},{\"@type\":\"WebSite\",\"@id\":\"https:\/\/amasc.org\/#website\",\"url\":\"https:\/\/amasc.org\/\",\"name\":\"AMASC\",\"description\":\"\",\"publisher\":{\"@id\":\"https:\/\/amasc.org\/#organization\"},\"potentialAction\":[{\"@type\":\"SearchAction\",\"target\":{\"@type\":\"EntryPoint\",\"urlTemplate\":\"https:\/\/amasc.org\/?s={search_term_string}\"},\"query-input\":{\"@type\":\"PropertyValueSpecification\",\"valueRequired\":true,\"valueName\":\"search_term_string\"}}],\"inLanguage\":\"fr-FR\"},{\"@type\":\"Organization\",\"@id\":\"https:\/\/amasc.org\/#organization\",\"name\":\"AMASC\",\"url\":\"https:\/\/amasc.org\/\",\"logo\":{\"@type\":\"ImageObject\",\"inLanguage\":\"fr-FR\",\"@id\":\"https:\/\/amasc.org\/#\/schema\/logo\/image\/\",\"url\":\"https:\/\/amasc.org\/wp-content\/uploads\/logo-brand-red.png\",\"contentUrl\":\"https:\/\/amasc.org\/wp-content\/uploads\/logo-brand-red.png\",\"width\":1283,\"height\":1624,\"caption\":\"AMASC\"},\"image\":{\"@id\":\"https:\/\/amasc.org\/#\/schema\/logo\/image\/\"}}]}<\/script>\n<!-- \/ Yoast SEO plugin. -->","yoast_head_json":{"title":"\u00ab Faces of the Heart \u00bb - AMASC","robots":{"index":"index","follow":"follow","max-snippet":"max-snippet:-1","max-image-preview":"max-image-preview:large","max-video-preview":"max-video-preview:-1"},"canonical":"https:\/\/amasc.org\/fr\/partners\/the-schools\/the-networks-of-schools\/faces-of-the-heart-3\/","og_locale":"fr_FR","og_type":"article","og_title":"\u00ab Faces of the Heart \u00bb - AMASC","og_description":"\u00ab Faces of the Heart \u00bb Alongside the network directors of the Sacred Heart, 15-18 year olds all over the world&nbsp;are starting to gather regularly. More than a simple summer camp, Faces of the Heart brings together every two years, young Sacred Heart students from all over the world, to create links between them and...","og_url":"https:\/\/amasc.org\/fr\/partners\/the-schools\/the-networks-of-schools\/faces-of-the-heart-3\/","og_site_name":"AMASC","article_modified_time":"2020-11-06T17:21:46+00:00","og_image":[{"url":"https:\/\/amasc.org\/wp-content\/uploads\/img_groupe_Faces_Heart.jpg","type":"","width":"","height":""}],"twitter_card":"summary_large_image","twitter_misc":{"Dur\u00e9e de lecture estim\u00e9e":"1 minute"},"schema":{"@context":"https:\/\/schema.org","@graph":[{"@type":"WebPage","@id":"https:\/\/amasc.org\/partners\/the-schools\/the-networks-of-schools\/faces-of-the-heart-3\/","url":"https:\/\/amasc.org\/partners\/the-schools\/the-networks-of-schools\/faces-of-the-heart-3\/","name":"\u00ab Faces of the Heart \u00bb - AMASC","isPartOf":{"@id":"https:\/\/amasc.org\/#website"},"primaryImageOfPage":{"@id":"https:\/\/amasc.org\/partners\/the-schools\/the-networks-of-schools\/faces-of-the-heart-3\/#primaryimage"},"image":{"@id":"https:\/\/amasc.org\/partners\/the-schools\/the-networks-of-schools\/faces-of-the-heart-3\/#primaryimage"},"thumbnailUrl":"https:\/\/amasc.org\/wp-content\/uploads\/img_groupe_Faces_Heart.jpg","datePublished":"2020-10-17T17:15:00+00:00","dateModified":"2020-11-06T17:21:46+00:00","breadcrumb":{"@id":"https:\/\/amasc.org\/partners\/the-schools\/the-networks-of-schools\/faces-of-the-heart-3\/#breadcrumb"},"inLanguage":"fr-FR","potentialAction":[{"@type":"ReadAction","target":["https:\/\/amasc.org\/partners\/the-schools\/the-networks-of-schools\/faces-of-the-heart-3\/"]}]},{"@type":"ImageObject","inLanguage":"fr-FR","@id":"https:\/\/amasc.org\/partners\/the-schools\/the-networks-of-schools\/faces-of-the-heart-3\/#primaryimage","url":"https:\/\/amasc.org\/wp-content\/uploads\/img_groupe_Faces_Heart.jpg","contentUrl":"https:\/\/amasc.org\/wp-content\/uploads\/img_groupe_Faces_Heart.jpg"},{"@type":"BreadcrumbList","@id":"https:\/\/amasc.org\/partners\/the-schools\/the-networks-of-schools\/faces-of-the-heart-3\/#breadcrumb","itemListElement":[{"@type":"ListItem","position":1,"name":"Home","item":"https:\/\/amasc.org\/"},{"@type":"ListItem","position":2,"name":"Relatives","item":"https:\/\/amasc.org\/partners\/"},{"@type":"ListItem","position":3,"name":"Schools","item":"https:\/\/amasc.org\/partners\/the-schools\/"},{"@type":"ListItem","position":4,"name":"Networks of schools","item":"https:\/\/amasc.org\/partners\/the-schools\/the-networks-of-schools\/"},{"@type":"ListItem","position":5,"name":"\u00ab Faces of the Heart \u00bb"}]},{"@type":"WebSite","@id":"https:\/\/amasc.org\/#website","url":"https:\/\/amasc.org\/","name":"AMASC","description":"","publisher":{"@id":"https:\/\/amasc.org\/#organization"},"potentialAction":[{"@type":"SearchAction","target":{"@type":"EntryPoint","urlTemplate":"https:\/\/amasc.org\/?s={search_term_string}"},"query-input":{"@type":"PropertyValueSpecification","valueRequired":true,"valueName":"search_term_string"}}],"inLanguage":"fr-FR"},{"@type":"Organization","@id":"https:\/\/amasc.org\/#organization","name":"AMASC","url":"https:\/\/amasc.org\/","logo":{"@type":"ImageObject","inLanguage":"fr-FR","@id":"https:\/\/amasc.org\/#\/schema\/logo\/image\/","url":"https:\/\/amasc.org\/wp-content\/uploads\/logo-brand-red.png","contentUrl":"https:\/\/amasc.org\/wp-content\/uploads\/logo-brand-red.png","width":1283,"height":1624,"caption":"AMASC"},"image":{"@id":"https:\/\/amasc.org\/#\/schema\/logo\/image\/"}}]}},"taxonomy_info":[],"featured_image_src_large":false,"author_info":{"display_name":"AMASC","author_link":"https:\/\/amasc.org\/fr\/author\/amasc\/"},"comment_info":0,"_links":{"self":[{"href":"https:\/\/amasc.org\/fr\/wp-json\/wp\/v2\/pages\/578","targetHints":{"allow":["GET"]}}],"collection":[{"href":"https:\/\/amasc.org\/fr\/wp-json\/wp\/v2\/pages"}],"about":[{"href":"https:\/\/amasc.org\/fr\/wp-json\/wp\/v2\/types\/page"}],"author":[{"embeddable":true,"href":"https:\/\/amasc.org\/fr\/wp-json\/wp\/v2\/users\/6"}],"replies":[{"embeddable":true,"href":"https:\/\/amasc.org\/fr\/wp-json\/wp\/v2\/comments?post=578"}],"version-history":[{"count":0,"href":"https:\/\/amasc.org\/fr\/wp-json\/wp\/v2\/pages\/578\/revisions"}],"up":[{"embeddable":true,"href":"https:\/\/amasc.org\/fr\/wp-json\/wp\/v2\/pages\/553"}],"wp:attachment":[{"href":"https:\/\/amasc.org\/fr\/wp-json\/wp\/v2\/media?parent=578"}],"curies":[{"name":"wp","href":"https:\/\/api.w.org\/{rel}","templated":true}]}}