{"id":599,"date":"2020-10-17T19:47:41","date_gmt":"2020-10-17T17:47:41","guid":{"rendered":"https:\/\/sitewp.amasc-sacrecoeur.net\/?page_id=599"},"modified":"2024-05-08T08:44:52","modified_gmt":"2024-05-08T12:44:52","slug":"spiritual-formation","status":"publish","type":"page","link":"https:\/\/amasc.org\/fr\/activities\/spiritual-formation\/","title":{"rendered":"Formation spirituelle"},"content":{"rendered":"<figure class=\"wp-block-image alignfull size-large\"><img loading=\"lazy\" decoding=\"async\" width=\"1024\" height=\"288\" src=\"https:\/\/amasc.org\/wp-content\/uploads\/banner-activites-EN-1024x288.jpg\" alt=\"\" class=\"wp-image-1442\" srcset=\"https:\/\/amasc.org\/wp-content\/uploads\/banner-activites-EN-1024x288.jpg 1024w, https:\/\/amasc.org\/wp-content\/uploads\/banner-activites-EN-300x84.jpg 300w, https:\/\/amasc.org\/wp-content\/uploads\/banner-activites-EN-150x42.jpg 150w, https:\/\/amasc.org\/wp-content\/uploads\/banner-activites-EN-768x216.jpg 768w, https:\/\/amasc.org\/wp-content\/uploads\/banner-activites-EN-1536x432.jpg 1536w, https:\/\/amasc.org\/wp-content\/uploads\/banner-activites-EN.jpg 1920w\" sizes=\"auto, (max-width: 1024px) 100vw, 1024px\" \/><\/figure>\n\n\n\n<div class=\"wp-block-columns is-layout-flex wp-container-core-columns-is-layout-9d6595d7 wp-block-columns-is-layout-flex\">\n<div class=\"wp-block-column is-layout-flow wp-block-column-is-layout-flow\" style=\"flex-basis:66.66%\">\n<h2 class=\"wp-block-heading\">FORMATION SPIRITUELLE<\/h2>\n\n\n\n<p><strong>La foi catholique fait partie de l'ADN de l'AMASC<\/strong>Les \u00e9coles du Sacr\u00e9-C\u0153ur accueillent aujourd'hui des \u00e9l\u00e8ves - gar\u00e7ons et filles - d'autres religions ou croyances dans presque tous les pays du monde. Les valeurs \u00e9vang\u00e9liques qui sont profess\u00e9es ici sont universelles et offertes \u00e0 tous, et dans les salles de classe, les \u00e9l\u00e8ves apprennent \u00e0 vivre ensemble et \u00e0 se respecter.<br><br>L'intention fondatrice du Sacr\u00e9-C\u0153ur \u00e9tait d'\u00e9duquer des femmes engag\u00e9es dont la foi continuerait \u00e0 se former \u00e0 la fin de leur scolarit\u00e9.<br><br>Et depuis le d\u00e9but, plusieurs congr\u00e8s mondiaux de l'AMASC ont soulign\u00e9 dans leurs r\u00e9solutions ce besoin de formation chr\u00e9tienne des anciens \u00e9l\u00e8ves :&nbsp;<em>\" Les membres de l'AMASC aspirent \u00e0 une assistance dans le d\u00e9veloppement de leur vie spirituelle : compr\u00e9hension approfondie des principes de la pens\u00e9e th\u00e9ologique actuelle de Vatican II, \u00e9tude des \u00e9critures. En tant qu'anciennes membres du Sacr\u00e9-C\u0153ur et collaboratrices des S\u0153urs du Sacr\u00e9-C\u0153ur dans leur d\u00e9sir de r\u00e9pandre la gloire de Dieu, nous appelons la Soci\u00e9t\u00e9 du Sacr\u00e9-C\u0153ur \u00e0 nous aider, de toutes les mani\u00e8res possibles, \u00e0 devenir davantage des femmes. pleinement conscientes de la pr\u00e9sence de Dieu dans nos vies \".<\/em>(7\u00e8me congr\u00e8s de l'AMASC \u00e0 San Francisco, 20-25 avril 1982).<br><br>Aupr\u00e8s de chaque conseil d'administration nouvellement \u00e9lu, une religieuse est appel\u00e9e \u00e0 devenir conseill\u00e8re spirituelle et sert en m\u00eame temps de lien avec la Soci\u00e9t\u00e9 du Sacr\u00e9-C\u0153ur. Elle apporte \u00e0 tous un \u00e9clairage de foi sur les grands \u00e9v\u00e9nements de la vie liturgique ou de l'association, et conseille le bureau ex\u00e9cutif dans la pr\u00e9paration du th\u00e8me du futur congr\u00e8s mondial auquel toutes les associations mondiales sont invit\u00e9es \u00e0 participer.<br><br>Nsanja \"Susan\" Nankya, RSCJ, est la conseill\u00e8re spirituelle de l'AMASC pour ce mandat 2022-2026. <br><br><\/p>\n\n\n\n<div style=\"height:50px\" aria-hidden=\"true\" class=\"wp-block-spacer\"><\/div>\n\n\n\n<div class=\"wp-block-buttons is-content-justification-center is-layout-flex wp-container-core-buttons-is-layout-16018d1d wp-block-buttons-is-layout-flex\">\n<div class=\"wp-block-button is-style-fill\"><a class=\"wp-block-button__link has-background wp-element-button\" href=\"\/fr\/activities\/spiritual-formation\/meditations\/\" style=\"border-radius:15px;background-color:#b72424\">MEDITATIONS<\/a><\/div>\n\n\n\n<div class=\"wp-block-button is-style-fill\"><a class=\"wp-block-button__link has-background wp-element-button\" href=\"https:\/\/amasc.org\/wp-content\/uploads\/uk_Plan_etude_-2022.pdf\" style=\"border-radius:15px;background-color:#b72424\" target=\"_blank\" rel=\"noreferrer noopener\">PLAN D'\u00c9TUDE DU MANDAT<\/a><\/div>\n<\/div>\n<\/div>\n\n\n\n<div class=\"wp-block-column is-layout-flow wp-block-column-is-layout-flow\" style=\"flex-basis:33.33%\">\n<p><strong>Nsanja \"Susan\" Nankya, RSCJ<\/strong><\/p>\n<\/div>\n<\/div>","protected":false},"excerpt":{"rendered":"<p>FORMATION SPIRITUELLE La foi catholique fait partie de l'ADN de l'AMASC, m\u00eame si les \u00e9coles du Sacr\u00e9-C\u0153ur accueillent aujourd'hui des \u00e9l\u00e8ves - gar\u00e7ons et filles - d'autres religions ou croyances dans le monde et dans presque tous les pays. Les valeurs \u00e9vang\u00e9liques qui sont profess\u00e9es ici sont universelles et offertes \u00e0 tous, et dans les salles de classe, les \u00e9l\u00e8ves apprennent \u00e0 vivre...<\/p>","protected":false},"author":6,"featured_media":0,"parent":1409,"menu_order":0,"comment_status":"closed","ping_status":"closed","template":"","meta":{"_acf_changed":false,"_kad_blocks_custom_css":"","_kad_blocks_head_custom_js":"","_kad_blocks_body_custom_js":"","_kad_blocks_footer_custom_js":"","_kad_post_transparent":"","_kad_post_title":"","_kad_post_layout":"","_kad_post_sidebar_id":"","_kad_post_content_style":"","_kad_post_vertical_padding":"","_kad_post_feature":"","_kad_post_feature_position":"","_kad_post_header":false,"_kad_post_footer":false,"_kad_post_classname":"","footnotes":""},"class_list":["post-599","page","type-page","status-publish","hentry"],"acf":[],"yoast_head":"<!-- This site is optimized with the Yoast SEO plugin v26.4 - https:\/\/yoast.com\/wordpress\/plugins\/seo\/ -->\n<title>Spiritual formation - AMASC<\/title>\n<meta name=\"robots\" content=\"index, follow, max-snippet:-1, max-image-preview:large, max-video-preview:-1\" \/>\n<link rel=\"canonical\" href=\"https:\/\/amasc.org\/fr\/activities\/spiritual-formation\/\" \/>\n<meta property=\"og:locale\" content=\"fr_FR\" \/>\n<meta property=\"og:type\" content=\"article\" \/>\n<meta property=\"og:title\" content=\"Spiritual formation - AMASC\" \/>\n<meta property=\"og:description\" content=\"SPIRITUAL FORMATION The Catholic Faith is part of AMASC&#8217;s DNA, even though Sacred Heart schools now welcome students &#8211; boys and girls &#8211; from other religions or beliefs in the world in almost every country. The evangelical values that are professed here are universal and offered to everyone, and in classrooms students learn to live...\" \/>\n<meta property=\"og:url\" content=\"https:\/\/amasc.org\/fr\/activities\/spiritual-formation\/\" \/>\n<meta property=\"og:site_name\" content=\"AMASC\" \/>\n<meta property=\"article:modified_time\" content=\"2024-05-08T12:44:52+00:00\" \/>\n<meta property=\"og:image\" content=\"https:\/\/amasc.org\/wp-content\/uploads\/banner-activites-EN-1024x288.jpg\" \/>\n<meta name=\"twitter:card\" content=\"summary_large_image\" \/>\n<meta name=\"twitter:label1\" content=\"Dur\u00e9e de lecture estim\u00e9e\" \/>\n\t<meta name=\"twitter:data1\" content=\"1 minute\" \/>\n<script type=\"application\/ld+json\" class=\"yoast-schema-graph\">{\"@context\":\"https:\/\/schema.org\",\"@graph\":[{\"@type\":\"WebPage\",\"@id\":\"https:\/\/amasc.org\/activities\/spiritual-formation\/\",\"url\":\"https:\/\/amasc.org\/activities\/spiritual-formation\/\",\"name\":\"Spiritual formation - AMASC\",\"isPartOf\":{\"@id\":\"https:\/\/amasc.org\/#website\"},\"primaryImageOfPage\":{\"@id\":\"https:\/\/amasc.org\/activities\/spiritual-formation\/#primaryimage\"},\"image\":{\"@id\":\"https:\/\/amasc.org\/activities\/spiritual-formation\/#primaryimage\"},\"thumbnailUrl\":\"https:\/\/amasc.org\/wp-content\/uploads\/banner-activites-EN-1024x288.jpg\",\"datePublished\":\"2020-10-17T17:47:41+00:00\",\"dateModified\":\"2024-05-08T12:44:52+00:00\",\"breadcrumb\":{\"@id\":\"https:\/\/amasc.org\/activities\/spiritual-formation\/#breadcrumb\"},\"inLanguage\":\"fr-FR\",\"potentialAction\":[{\"@type\":\"ReadAction\",\"target\":[\"https:\/\/amasc.org\/activities\/spiritual-formation\/\"]}]},{\"@type\":\"ImageObject\",\"inLanguage\":\"fr-FR\",\"@id\":\"https:\/\/amasc.org\/activities\/spiritual-formation\/#primaryimage\",\"url\":\"https:\/\/amasc.org\/wp-content\/uploads\/banner-activites-EN-1024x288.jpg\",\"contentUrl\":\"https:\/\/amasc.org\/wp-content\/uploads\/banner-activites-EN-1024x288.jpg\"},{\"@type\":\"BreadcrumbList\",\"@id\":\"https:\/\/amasc.org\/activities\/spiritual-formation\/#breadcrumb\",\"itemListElement\":[{\"@type\":\"ListItem\",\"position\":1,\"name\":\"Home\",\"item\":\"https:\/\/amasc.org\/\"},{\"@type\":\"ListItem\",\"position\":2,\"name\":\"Activities\",\"item\":\"https:\/\/amasc.org\/activities\/\"},{\"@type\":\"ListItem\",\"position\":3,\"name\":\"Spiritual formation\"}]},{\"@type\":\"WebSite\",\"@id\":\"https:\/\/amasc.org\/#website\",\"url\":\"https:\/\/amasc.org\/\",\"name\":\"AMASC\",\"description\":\"\",\"publisher\":{\"@id\":\"https:\/\/amasc.org\/#organization\"},\"potentialAction\":[{\"@type\":\"SearchAction\",\"target\":{\"@type\":\"EntryPoint\",\"urlTemplate\":\"https:\/\/amasc.org\/?s={search_term_string}\"},\"query-input\":{\"@type\":\"PropertyValueSpecification\",\"valueRequired\":true,\"valueName\":\"search_term_string\"}}],\"inLanguage\":\"fr-FR\"},{\"@type\":\"Organization\",\"@id\":\"https:\/\/amasc.org\/#organization\",\"name\":\"AMASC\",\"url\":\"https:\/\/amasc.org\/\",\"logo\":{\"@type\":\"ImageObject\",\"inLanguage\":\"fr-FR\",\"@id\":\"https:\/\/amasc.org\/#\/schema\/logo\/image\/\",\"url\":\"https:\/\/amasc.org\/wp-content\/uploads\/logo-brand-red.png\",\"contentUrl\":\"https:\/\/amasc.org\/wp-content\/uploads\/logo-brand-red.png\",\"width\":1283,\"height\":1624,\"caption\":\"AMASC\"},\"image\":{\"@id\":\"https:\/\/amasc.org\/#\/schema\/logo\/image\/\"}}]}<\/script>\n<!-- \/ Yoast SEO plugin. -->","yoast_head_json":{"title":"Formation spirituelle - AMASC","robots":{"index":"index","follow":"follow","max-snippet":"max-snippet:-1","max-image-preview":"max-image-preview:large","max-video-preview":"max-video-preview:-1"},"canonical":"https:\/\/amasc.org\/fr\/activities\/spiritual-formation\/","og_locale":"fr_FR","og_type":"article","og_title":"Spiritual formation - AMASC","og_description":"SPIRITUAL FORMATION The Catholic Faith is part of AMASC&#8217;s DNA, even though Sacred Heart schools now welcome students &#8211; boys and girls &#8211; from other religions or beliefs in the world in almost every country. The evangelical values that are professed here are universal and offered to everyone, and in classrooms students learn to live...","og_url":"https:\/\/amasc.org\/fr\/activities\/spiritual-formation\/","og_site_name":"AMASC","article_modified_time":"2024-05-08T12:44:52+00:00","og_image":[{"url":"https:\/\/amasc.org\/wp-content\/uploads\/banner-activites-EN-1024x288.jpg","type":"","width":"","height":""}],"twitter_card":"summary_large_image","twitter_misc":{"Dur\u00e9e de lecture estim\u00e9e":"1 minute"},"schema":{"@context":"https:\/\/schema.org","@graph":[{"@type":"WebPage","@id":"https:\/\/amasc.org\/activities\/spiritual-formation\/","url":"https:\/\/amasc.org\/activities\/spiritual-formation\/","name":"Formation spirituelle - AMASC","isPartOf":{"@id":"https:\/\/amasc.org\/#website"},"primaryImageOfPage":{"@id":"https:\/\/amasc.org\/activities\/spiritual-formation\/#primaryimage"},"image":{"@id":"https:\/\/amasc.org\/activities\/spiritual-formation\/#primaryimage"},"thumbnailUrl":"https:\/\/amasc.org\/wp-content\/uploads\/banner-activites-EN-1024x288.jpg","datePublished":"2020-10-17T17:47:41+00:00","dateModified":"2024-05-08T12:44:52+00:00","breadcrumb":{"@id":"https:\/\/amasc.org\/activities\/spiritual-formation\/#breadcrumb"},"inLanguage":"fr-FR","potentialAction":[{"@type":"ReadAction","target":["https:\/\/amasc.org\/activities\/spiritual-formation\/"]}]},{"@type":"ImageObject","inLanguage":"fr-FR","@id":"https:\/\/amasc.org\/activities\/spiritual-formation\/#primaryimage","url":"https:\/\/amasc.org\/wp-content\/uploads\/banner-activites-EN-1024x288.jpg","contentUrl":"https:\/\/amasc.org\/wp-content\/uploads\/banner-activites-EN-1024x288.jpg"},{"@type":"BreadcrumbList","@id":"https:\/\/amasc.org\/activities\/spiritual-formation\/#breadcrumb","itemListElement":[{"@type":"ListItem","position":1,"name":"Home","item":"https:\/\/amasc.org\/"},{"@type":"ListItem","position":2,"name":"Activities","item":"https:\/\/amasc.org\/activities\/"},{"@type":"ListItem","position":3,"name":"Spiritual formation"}]},{"@type":"WebSite","@id":"https:\/\/amasc.org\/#website","url":"https:\/\/amasc.org\/","name":"AMASC","description":"","publisher":{"@id":"https:\/\/amasc.org\/#organization"},"potentialAction":[{"@type":"SearchAction","target":{"@type":"EntryPoint","urlTemplate":"https:\/\/amasc.org\/?s={search_term_string}"},"query-input":{"@type":"PropertyValueSpecification","valueRequired":true,"valueName":"search_term_string"}}],"inLanguage":"fr-FR"},{"@type":"Organization","@id":"https:\/\/amasc.org\/#organization","name":"AMASC","url":"https:\/\/amasc.org\/","logo":{"@type":"ImageObject","inLanguage":"fr-FR","@id":"https:\/\/amasc.org\/#\/schema\/logo\/image\/","url":"https:\/\/amasc.org\/wp-content\/uploads\/logo-brand-red.png","contentUrl":"https:\/\/amasc.org\/wp-content\/uploads\/logo-brand-red.png","width":1283,"height":1624,"caption":"AMASC"},"image":{"@id":"https:\/\/amasc.org\/#\/schema\/logo\/image\/"}}]}},"taxonomy_info":[],"featured_image_src_large":false,"author_info":{"display_name":"AMASC","author_link":"https:\/\/amasc.org\/fr\/author\/amasc\/"},"comment_info":0,"_links":{"self":[{"href":"https:\/\/amasc.org\/fr\/wp-json\/wp\/v2\/pages\/599","targetHints":{"allow":["GET"]}}],"collection":[{"href":"https:\/\/amasc.org\/fr\/wp-json\/wp\/v2\/pages"}],"about":[{"href":"https:\/\/amasc.org\/fr\/wp-json\/wp\/v2\/types\/page"}],"author":[{"embeddable":true,"href":"https:\/\/amasc.org\/fr\/wp-json\/wp\/v2\/users\/6"}],"replies":[{"embeddable":true,"href":"https:\/\/amasc.org\/fr\/wp-json\/wp\/v2\/comments?post=599"}],"version-history":[{"count":0,"href":"https:\/\/amasc.org\/fr\/wp-json\/wp\/v2\/pages\/599\/revisions"}],"up":[{"embeddable":true,"href":"https:\/\/amasc.org\/fr\/wp-json\/wp\/v2\/pages\/1409"}],"wp:attachment":[{"href":"https:\/\/amasc.org\/fr\/wp-json\/wp\/v2\/media?parent=599"}],"curies":[{"name":"wp","href":"https:\/\/api.w.org\/{rel}","templated":true}]}}