{"id":627,"date":"2020-10-17T20:17:52","date_gmt":"2020-10-17T18:17:52","guid":{"rendered":"https:\/\/sitewp.amasc-sacrecoeur.net\/?page_id=627"},"modified":"2020-11-06T18:14:35","modified_gmt":"2020-11-06T17:14:35","slug":"some-old-projects","status":"publish","type":"page","link":"https:\/\/amasc.org\/fr\/activities\/solidarity-projects\/some-old-projects\/","title":{"rendered":"Anciens projets"},"content":{"rendered":"<div class=\"wp-block-columns is-layout-flex wp-container-core-columns-is-layout-9d6595d7 wp-block-columns-is-layout-flex\">\n<div class=\"wp-block-column is-layout-flow wp-block-column-is-layout-flow\" style=\"flex-basis:66.66%\">\n<h2 class=\"has-text-color wp-block-heading\" style=\"color:#b72424\">Quelques anciens projets<\/h2>\n\n\n\n<ul class=\"wp-block-list\"><li>En 2000, le RSCJ a voulu construire une&nbsp;<strong>petite \u00e9cole primaire sur la colline de Kyamusansala<\/strong>dans une r\u00e9gion rurale de l'Ouganda. Apr\u00e8s une collecte de fonds \u00e0 laquelle l'AMASC a particip\u00e9, elle a vu le jour en 2003. Dix ans plus tard, 530 petites filles y sont accueillies qui peuvent toutes acc\u00e9der au lyc\u00e9e, alors que la moyenne nationale pour les filles n'est pas de 30%.<br><br><\/li><li>En 2006, Sr. Clare Pratt a attir\u00e9 l'attention de Hermine van Asten-Wennekers sur l'\u00e9cole primaire du bidonville de Kibera, dans les bidonvilles de Nairobi, au Kenya. Elle doit \u00eatre reconstruite mais n'appartient pas au rscj. Par cons\u00e9quent, le conseil d'administration de l'AMASC pr\u00e9f\u00e8re&nbsp;<strong>r\u00e9aliser 3 projets d'aide \u00e0 la province d'Ouganda-Kenya<\/strong>&nbsp;Les activit\u00e9s de l'association sont devenues autonomes : un atelier de couture en association avec une autre organisation internationale, un atelier de bougies de d\u00e9votion dans les lieux de p\u00e8lerinage de Kampala et un magasin de fournitures scolaires, d'abord pour l'\u00e9cole de Mbikko, puis pour tout le village. A la fin de son mandat en 2010, Hermine et sa vice-pr\u00e9sidente Claudia Taylor ont d\u00e9cid\u00e9 de poursuivre leurs engagements en faveur du rscj en Ouganda \u00e0 titre personnel, \u00e0 travers les associations Obumu Netherland-Uganda et SOS Malta (voir Facebook).<br><br><\/li><li>En 2015, l'AMASC a d\u00e9cid\u00e9 de soutenir le projet d'un rscj d'Argentine, qui souhaite&nbsp;<strong>offrir une structure \u00e9ducative de qualit\u00e9 aux jeunes de Villa Jardin<\/strong>Un quartier p\u00e9riph\u00e9rique de la capitale Buenos Aires, socialement tr\u00e8s d\u00e9grad\u00e9 (toxicomanie, trafic de drogue, diverses formes de violence etc.) Dans le cadre de l'\u00e9cole du Sacr\u00e9-C\u0153ur ALCAL, la r\u00e9alisation du projet a permis la cr\u00e9ation d'ateliers, de journ\u00e9es th\u00e9matiques et d'activit\u00e9s culturelles, communautaires et de r\u00e9flexion - dans le cadre des programmes scolaires - pour tous les adolescents et jeunes de Villa Jard\u00edn.<\/li><\/ul>\n<\/div>\n\n\n\n<div class=\"wp-block-column is-layout-flow wp-block-column-is-layout-flow\" style=\"flex-basis:33.33%\">\n<div class=\"wp-block-image\"><figure class=\"aligncenter size-large\"><img loading=\"lazy\" decoding=\"async\" width=\"259\" height=\"194\" src=\"https:\/\/amasc.org\/wp-content\/uploads\/img_anciens_projets_1.jpg\" alt=\"\" class=\"wp-image-620\"\/><figcaption><em><em>\u00c9cole de Kyamusansala<\/em><\/em><\/figcaption><\/figure><\/div>\n\n\n\n<div class=\"wp-block-image\"><figure class=\"aligncenter size-large is-resized\"><img loading=\"lazy\" decoding=\"async\" src=\"https:\/\/amasc.org\/wp-content\/uploads\/img_anciens_projets_2.jpg\" alt=\"\" class=\"wp-image-621\" width=\"259\" height=\"238\"\/><figcaption><em><em>\u00c9cole soutenue par l'association OBUMU - N\u00e9derland - Uganda<\/em><\/em><\/figcaption><\/figure><\/div>\n\n\n\n<div class=\"wp-block-image\"><figure class=\"aligncenter size-large\"><img loading=\"lazy\" decoding=\"async\" width=\"259\" height=\"235\" src=\"https:\/\/amasc.org\/wp-content\/uploads\/img_anciens_projets_3.jpg\" alt=\"\" class=\"wp-image-622\"\/><figcaption><em><em>Projet de soutien \u00e0 Villajardin, Argentine<\/em><\/em><\/figcaption><\/figure><\/div>\n<\/div>\n<\/div>\n\n\n\n<p><\/p>","protected":false},"excerpt":{"rendered":"<p>Quelques anciens projets En 2000, le RSCJ a voulu construire une petite \u00e9cole primaire sur la colline de Kyamusansala, une r\u00e9gion rurale de l'Ouganda. Apr\u00e8s une collecte de fonds \u00e0 laquelle l'AMASC a particip\u00e9, elle a vu le jour en 2003. Dix ans plus tard, 530 petites filles y sont accueillies qui peuvent toutes acc\u00e9der au lyc\u00e9e, alors que la moyenne nationale...<\/p>","protected":false},"author":6,"featured_media":0,"parent":615,"menu_order":0,"comment_status":"closed","ping_status":"closed","template":"","meta":{"_acf_changed":false,"_kad_blocks_custom_css":"","_kad_blocks_head_custom_js":"","_kad_blocks_body_custom_js":"","_kad_blocks_footer_custom_js":"","_kad_post_transparent":"","_kad_post_title":"","_kad_post_layout":"","_kad_post_sidebar_id":"","_kad_post_content_style":"","_kad_post_vertical_padding":"","_kad_post_feature":"","_kad_post_feature_position":"","_kad_post_header":false,"_kad_post_footer":false,"_kad_post_classname":"","footnotes":""},"class_list":["post-627","page","type-page","status-publish","hentry"],"acf":[],"yoast_head":"<!-- This site is optimized with the Yoast SEO plugin v26.4 - https:\/\/yoast.com\/wordpress\/plugins\/seo\/ -->\n<title>Old projects - AMASC<\/title>\n<meta name=\"robots\" content=\"index, follow, max-snippet:-1, max-image-preview:large, max-video-preview:-1\" \/>\n<link rel=\"canonical\" href=\"https:\/\/amasc.org\/fr\/activities\/solidarity-projects\/some-old-projects\/\" \/>\n<meta property=\"og:locale\" content=\"fr_FR\" \/>\n<meta property=\"og:type\" content=\"article\" \/>\n<meta property=\"og:title\" content=\"Old projects - AMASC\" \/>\n<meta property=\"og:description\" content=\"Some old projects In 2000, the RSCJ wanted to build a&nbsp;small primary school on Kyamusansala Hill, a rural area of Uganda. After a fundraising in which the AMASC participated, it was born in 2003. Ten years later, 530 little girls are welcomed there who can all access the high school, while the national average for...\" \/>\n<meta property=\"og:url\" content=\"https:\/\/amasc.org\/fr\/activities\/solidarity-projects\/some-old-projects\/\" \/>\n<meta property=\"og:site_name\" content=\"AMASC\" \/>\n<meta property=\"article:modified_time\" content=\"2020-11-06T17:14:35+00:00\" \/>\n<meta property=\"og:image\" content=\"https:\/\/amasc.org\/wp-content\/uploads\/img_anciens_projets_1.jpg\" \/>\n<meta name=\"twitter:card\" content=\"summary_large_image\" \/>\n<meta name=\"twitter:label1\" content=\"Dur\u00e9e de lecture estim\u00e9e\" \/>\n\t<meta name=\"twitter:data1\" content=\"1 minute\" \/>\n<script type=\"application\/ld+json\" class=\"yoast-schema-graph\">{\"@context\":\"https:\/\/schema.org\",\"@graph\":[{\"@type\":\"WebPage\",\"@id\":\"https:\/\/amasc.org\/activities\/solidarity-projects\/some-old-projects\/\",\"url\":\"https:\/\/amasc.org\/activities\/solidarity-projects\/some-old-projects\/\",\"name\":\"Old projects - AMASC\",\"isPartOf\":{\"@id\":\"https:\/\/amasc.org\/#website\"},\"primaryImageOfPage\":{\"@id\":\"https:\/\/amasc.org\/activities\/solidarity-projects\/some-old-projects\/#primaryimage\"},\"image\":{\"@id\":\"https:\/\/amasc.org\/activities\/solidarity-projects\/some-old-projects\/#primaryimage\"},\"thumbnailUrl\":\"https:\/\/amasc.org\/wp-content\/uploads\/img_anciens_projets_1.jpg\",\"datePublished\":\"2020-10-17T18:17:52+00:00\",\"dateModified\":\"2020-11-06T17:14:35+00:00\",\"breadcrumb\":{\"@id\":\"https:\/\/amasc.org\/activities\/solidarity-projects\/some-old-projects\/#breadcrumb\"},\"inLanguage\":\"fr-FR\",\"potentialAction\":[{\"@type\":\"ReadAction\",\"target\":[\"https:\/\/amasc.org\/activities\/solidarity-projects\/some-old-projects\/\"]}]},{\"@type\":\"ImageObject\",\"inLanguage\":\"fr-FR\",\"@id\":\"https:\/\/amasc.org\/activities\/solidarity-projects\/some-old-projects\/#primaryimage\",\"url\":\"https:\/\/amasc.org\/wp-content\/uploads\/img_anciens_projets_1.jpg\",\"contentUrl\":\"https:\/\/amasc.org\/wp-content\/uploads\/img_anciens_projets_1.jpg\"},{\"@type\":\"BreadcrumbList\",\"@id\":\"https:\/\/amasc.org\/activities\/solidarity-projects\/some-old-projects\/#breadcrumb\",\"itemListElement\":[{\"@type\":\"ListItem\",\"position\":1,\"name\":\"Home\",\"item\":\"https:\/\/amasc.org\/\"},{\"@type\":\"ListItem\",\"position\":2,\"name\":\"Activities\",\"item\":\"https:\/\/amasc.org\/activities\/\"},{\"@type\":\"ListItem\",\"position\":3,\"name\":\"Joint projects of solidarity\",\"item\":\"https:\/\/amasc.org\/activities\/solidarity-projects\/\"},{\"@type\":\"ListItem\",\"position\":4,\"name\":\"Old projects\"}]},{\"@type\":\"WebSite\",\"@id\":\"https:\/\/amasc.org\/#website\",\"url\":\"https:\/\/amasc.org\/\",\"name\":\"AMASC\",\"description\":\"\",\"publisher\":{\"@id\":\"https:\/\/amasc.org\/#organization\"},\"potentialAction\":[{\"@type\":\"SearchAction\",\"target\":{\"@type\":\"EntryPoint\",\"urlTemplate\":\"https:\/\/amasc.org\/?s={search_term_string}\"},\"query-input\":{\"@type\":\"PropertyValueSpecification\",\"valueRequired\":true,\"valueName\":\"search_term_string\"}}],\"inLanguage\":\"fr-FR\"},{\"@type\":\"Organization\",\"@id\":\"https:\/\/amasc.org\/#organization\",\"name\":\"AMASC\",\"url\":\"https:\/\/amasc.org\/\",\"logo\":{\"@type\":\"ImageObject\",\"inLanguage\":\"fr-FR\",\"@id\":\"https:\/\/amasc.org\/#\/schema\/logo\/image\/\",\"url\":\"https:\/\/amasc.org\/wp-content\/uploads\/logo-brand-red.png\",\"contentUrl\":\"https:\/\/amasc.org\/wp-content\/uploads\/logo-brand-red.png\",\"width\":1283,\"height\":1624,\"caption\":\"AMASC\"},\"image\":{\"@id\":\"https:\/\/amasc.org\/#\/schema\/logo\/image\/\"}}]}<\/script>\n<!-- \/ Yoast SEO plugin. -->","yoast_head_json":{"title":"Old projects - AMASC","robots":{"index":"index","follow":"follow","max-snippet":"max-snippet:-1","max-image-preview":"max-image-preview:large","max-video-preview":"max-video-preview:-1"},"canonical":"https:\/\/amasc.org\/fr\/activities\/solidarity-projects\/some-old-projects\/","og_locale":"fr_FR","og_type":"article","og_title":"Old projects - AMASC","og_description":"Some old projects In 2000, the RSCJ wanted to build a&nbsp;small primary school on Kyamusansala Hill, a rural area of Uganda. After a fundraising in which the AMASC participated, it was born in 2003. Ten years later, 530 little girls are welcomed there who can all access the high school, while the national average for...","og_url":"https:\/\/amasc.org\/fr\/activities\/solidarity-projects\/some-old-projects\/","og_site_name":"AMASC","article_modified_time":"2020-11-06T17:14:35+00:00","og_image":[{"url":"https:\/\/amasc.org\/wp-content\/uploads\/img_anciens_projets_1.jpg","type":"","width":"","height":""}],"twitter_card":"summary_large_image","twitter_misc":{"Dur\u00e9e de lecture estim\u00e9e":"1 minute"},"schema":{"@context":"https:\/\/schema.org","@graph":[{"@type":"WebPage","@id":"https:\/\/amasc.org\/activities\/solidarity-projects\/some-old-projects\/","url":"https:\/\/amasc.org\/activities\/solidarity-projects\/some-old-projects\/","name":"Old projects - AMASC","isPartOf":{"@id":"https:\/\/amasc.org\/#website"},"primaryImageOfPage":{"@id":"https:\/\/amasc.org\/activities\/solidarity-projects\/some-old-projects\/#primaryimage"},"image":{"@id":"https:\/\/amasc.org\/activities\/solidarity-projects\/some-old-projects\/#primaryimage"},"thumbnailUrl":"https:\/\/amasc.org\/wp-content\/uploads\/img_anciens_projets_1.jpg","datePublished":"2020-10-17T18:17:52+00:00","dateModified":"2020-11-06T17:14:35+00:00","breadcrumb":{"@id":"https:\/\/amasc.org\/activities\/solidarity-projects\/some-old-projects\/#breadcrumb"},"inLanguage":"fr-FR","potentialAction":[{"@type":"ReadAction","target":["https:\/\/amasc.org\/activities\/solidarity-projects\/some-old-projects\/"]}]},{"@type":"ImageObject","inLanguage":"fr-FR","@id":"https:\/\/amasc.org\/activities\/solidarity-projects\/some-old-projects\/#primaryimage","url":"https:\/\/amasc.org\/wp-content\/uploads\/img_anciens_projets_1.jpg","contentUrl":"https:\/\/amasc.org\/wp-content\/uploads\/img_anciens_projets_1.jpg"},{"@type":"BreadcrumbList","@id":"https:\/\/amasc.org\/activities\/solidarity-projects\/some-old-projects\/#breadcrumb","itemListElement":[{"@type":"ListItem","position":1,"name":"Home","item":"https:\/\/amasc.org\/"},{"@type":"ListItem","position":2,"name":"Activities","item":"https:\/\/amasc.org\/activities\/"},{"@type":"ListItem","position":3,"name":"Joint projects of solidarity","item":"https:\/\/amasc.org\/activities\/solidarity-projects\/"},{"@type":"ListItem","position":4,"name":"Old projects"}]},{"@type":"WebSite","@id":"https:\/\/amasc.org\/#website","url":"https:\/\/amasc.org\/","name":"AMASC","description":"","publisher":{"@id":"https:\/\/amasc.org\/#organization"},"potentialAction":[{"@type":"SearchAction","target":{"@type":"EntryPoint","urlTemplate":"https:\/\/amasc.org\/?s={search_term_string}"},"query-input":{"@type":"PropertyValueSpecification","valueRequired":true,"valueName":"search_term_string"}}],"inLanguage":"fr-FR"},{"@type":"Organization","@id":"https:\/\/amasc.org\/#organization","name":"AMASC","url":"https:\/\/amasc.org\/","logo":{"@type":"ImageObject","inLanguage":"fr-FR","@id":"https:\/\/amasc.org\/#\/schema\/logo\/image\/","url":"https:\/\/amasc.org\/wp-content\/uploads\/logo-brand-red.png","contentUrl":"https:\/\/amasc.org\/wp-content\/uploads\/logo-brand-red.png","width":1283,"height":1624,"caption":"AMASC"},"image":{"@id":"https:\/\/amasc.org\/#\/schema\/logo\/image\/"}}]}},"taxonomy_info":[],"featured_image_src_large":false,"author_info":{"display_name":"AMASC","author_link":"https:\/\/amasc.org\/fr\/author\/amasc\/"},"comment_info":0,"_links":{"self":[{"href":"https:\/\/amasc.org\/fr\/wp-json\/wp\/v2\/pages\/627","targetHints":{"allow":["GET"]}}],"collection":[{"href":"https:\/\/amasc.org\/fr\/wp-json\/wp\/v2\/pages"}],"about":[{"href":"https:\/\/amasc.org\/fr\/wp-json\/wp\/v2\/types\/page"}],"author":[{"embeddable":true,"href":"https:\/\/amasc.org\/fr\/wp-json\/wp\/v2\/users\/6"}],"replies":[{"embeddable":true,"href":"https:\/\/amasc.org\/fr\/wp-json\/wp\/v2\/comments?post=627"}],"version-history":[{"count":0,"href":"https:\/\/amasc.org\/fr\/wp-json\/wp\/v2\/pages\/627\/revisions"}],"up":[{"embeddable":true,"href":"https:\/\/amasc.org\/fr\/wp-json\/wp\/v2\/pages\/615"}],"wp:attachment":[{"href":"https:\/\/amasc.org\/fr\/wp-json\/wp\/v2\/media?parent=627"}],"curies":[{"name":"wp","href":"https:\/\/api.w.org\/{rel}","templated":true}]}}