{"id":653,"date":"2020-10-17T22:09:21","date_gmt":"2020-10-17T20:09:21","guid":{"rendered":"https:\/\/sitewp.amasc-sacrecoeur.net\/?page_id=653"},"modified":"2020-11-06T18:16:12","modified_gmt":"2020-11-06T17:16:12","slug":"volunteering","status":"publish","type":"page","link":"https:\/\/amasc.org\/fr\/activities\/young-amasc-2\/volunteering\/","title":{"rendered":"Le b\u00e9n\u00e9volat"},"content":{"rendered":"<div class=\"wp-block-columns is-layout-flex wp-container-core-columns-is-layout-9d6595d7 wp-block-columns-is-layout-flex\">\n<div class=\"wp-block-column is-layout-flow wp-block-column-is-layout-flow\" style=\"flex-basis:66.66%\">\n<h2 class=\"wp-block-heading\"><span style=\"color:#b72424\" class=\"has-inline-color\">Le b\u00e9n\u00e9volat<\/span><\/h2>\n\n\n\n<p><strong>Dans le monde entier, de nombreuses provinces offrent aux jeunes des possibilit\u00e9s de volontariat \"national\".<\/strong>. Souvent ouvertes aux \u00e9coliers ainsi qu'aux jeunes anciens ou associ\u00e9s, elles r\u00e9v\u00e8lent d'autres r\u00e9alit\u00e9s dans leur propre pays ou dans des pays avec lesquels ces Provinces ont des liens privil\u00e9gi\u00e9s. Par exemple : en Egypte, les \u00e9tudiants et anciens soutiennent les cliniques du rscj en Haute-Egypte, au Congo (RDC), des ateliers de confection pour jeunes m\u00e8res c\u00e9libataires ont \u00e9t\u00e9 cr\u00e9\u00e9s par des femmes plus \u00e2g\u00e9es. Dans la Province du Japon, les \u00e9tudiants soutiennent les rscj des Philippines et de la Province am\u00e9ricaine du Canada, ceux d'Ha\u00efti...<\/p>\n\n\n\n<ul class=\"wp-block-list\"><li><strong>Volontariat international<\/strong>Le volontariat, destin\u00e9 aux jeunes de 18 \u00e0 35 ans, leur propose de servir pour une p\u00e9riode de 1 mois \u00e0 2 ans dans une communaut\u00e9 rscj, dans un quartier populaire ou dans un pays en voie de d\u00e9veloppement. Une pr\u00e9paration au d\u00e9part est n\u00e9cessaire, g\u00e9n\u00e9ralement organis\u00e9e dans la Province des Volontaires. A la Maison M\u00e8re, Sr Yuka Arita (JPN), assistante de l'\u00e9conome g\u00e9n\u00e9rale, a \u00e9t\u00e9 charg\u00e9e de rationaliser et de coordonner toutes les possibilit\u00e9s offertes dans ce domaine.<br><br><\/li><li>Enfin, dans le cadre des festivit\u00e9s du bicentenaire de l'arriv\u00e9e de Saint Philippe Duchesne dans le Nouveau Monde a \u00e9t\u00e9 organis\u00e9e le 15 septembre 2018 une conf\u00e9rence sur le th\u00e8me de l'immigration.&nbsp;<strong>\" Journ\u00e9e mondiale du service \"<\/strong>. Partout dans le monde, le rscj, de jeunes \u00e9coliers et leurs parents, des anciens \u00e9l\u00e8ves, des associ\u00e9s ont \u00e9t\u00e9 invit\u00e9s \u00e0 se mettre au service de proches apr\u00e8s avoir pos\u00e9 la question :&nbsp;<em>Si Philippine \u00e9tait encore l\u00e0, \u00e0 ma place, o\u00f9 servirait-elle ? que ferait-elle ?<\/em><\/li><\/ul>\n\n\n\n<p>De nombreux groupes se lancent dans des actions de solidarit\u00e9 tr\u00e8s diverses : pr\u00e9paration de paniers-repas pour les n\u00e9cessiteux, nettoyage des berges des rivi\u00e8res, visites de maisons de retraite, etc. Comme l'\u00e9crit l'un des rscj qui a r\u00e9dig\u00e9 ce projet :&nbsp;<em>Dans le monde entier, c'est une vague de gr\u00e2ce qui a d\u00e9ferl\u00e9 tout au long de la journ\u00e9e.<\/em>. Face \u00e0 ce succ\u00e8s, l'exp\u00e9rience sera sans doute renouvel\u00e9e.<\/p>\n\n\n\n<p>Pour plus d'informations, n'h\u00e9sitez pas \u00e0 consulter les sites web de chaque province ou de la Soci\u00e9t\u00e9 internationale :&nbsp;<a href=\"https:\/\/www.rscjinternational.org\/\" target=\"_blank\" rel=\"noreferrer noopener\">www.rscjinternational.org<\/a><\/p>\n<\/div>\n\n\n\n<div class=\"wp-block-column is-layout-flow wp-block-column-is-layout-flow\" style=\"flex-basis:33.33%\">\n<div class=\"wp-block-image\"><figure class=\"aligncenter size-large\"><img loading=\"lazy\" decoding=\"async\" width=\"330\" height=\"324\" src=\"https:\/\/amasc.org\/wp-content\/uploads\/activite_volontariat_1.jpg\" alt=\"\" class=\"wp-image-648\" srcset=\"https:\/\/amasc.org\/wp-content\/uploads\/activite_volontariat_1.jpg 330w, https:\/\/amasc.org\/wp-content\/uploads\/activite_volontariat_1-300x295.jpg 300w, https:\/\/amasc.org\/wp-content\/uploads\/activite_volontariat_1-306x300.jpg 306w\" sizes=\"auto, (max-width: 330px) 100vw, 330px\" \/><figcaption><em><em><em>\" En Inde \"<\/em><\/em><\/em><\/figcaption><\/figure><\/div>\n\n\n\n<div class=\"wp-block-image\"><figure class=\"aligncenter size-large\"><img loading=\"lazy\" decoding=\"async\" width=\"330\" height=\"320\" src=\"https:\/\/amasc.org\/wp-content\/uploads\/activite_volontariat_2.jpg\" alt=\"\" class=\"wp-image-649\" srcset=\"https:\/\/amasc.org\/wp-content\/uploads\/activite_volontariat_2.jpg 330w, https:\/\/amasc.org\/wp-content\/uploads\/activite_volontariat_2-300x291.jpg 300w, https:\/\/amasc.org\/wp-content\/uploads\/activite_volontariat_2-309x300.jpg 309w\" sizes=\"auto, (max-width: 330px) 100vw, 330px\" \/><figcaption><em><em><em>\" Au Mexique \"<\/em><\/em><\/em><\/figcaption><\/figure><\/div>\n\n\n\n<div class=\"wp-block-image\"><figure class=\"aligncenter size-large\"><img loading=\"lazy\" decoding=\"async\" width=\"330\" height=\"333\" src=\"https:\/\/amasc.org\/wp-content\/uploads\/activite_volontariat_3.jpg\" alt=\"\" class=\"wp-image-650\" srcset=\"https:\/\/amasc.org\/wp-content\/uploads\/activite_volontariat_3.jpg 330w, https:\/\/amasc.org\/wp-content\/uploads\/activite_volontariat_3-297x300.jpg 297w, https:\/\/amasc.org\/wp-content\/uploads\/activite_volontariat_3-150x150.jpg 150w\" sizes=\"auto, (max-width: 330px) 100vw, 330px\" \/><figcaption><em><em><em>\" Une exp\u00e9rience qui transforme \"<\/em><\/em><\/em><\/figcaption><\/figure><\/div>\n<\/div>\n<\/div>","protected":false},"excerpt":{"rendered":"<p>Volontariat Partout dans le monde, de nombreuses Provinces offrent aux jeunes des possibilit\u00e9s de volontariat \"national\". Souvent ouvertes aux \u00e9coliers comme aux jeunes anciens ou associ\u00e9s, elles r\u00e9v\u00e8lent d'autres r\u00e9alit\u00e9s dans leur propre pays ou dans des pays avec lesquels ces Provinces ont des liens privil\u00e9gi\u00e9s. Par exemple : en Egypte, les \u00e9l\u00e8ves et anciens \u00e9l\u00e8ves soutiennent les cliniques du rscj en Haute-Egypte,...<\/p>","protected":false},"author":6,"featured_media":0,"parent":641,"menu_order":0,"comment_status":"closed","ping_status":"closed","template":"","meta":{"_acf_changed":false,"_kad_blocks_custom_css":"","_kad_blocks_head_custom_js":"","_kad_blocks_body_custom_js":"","_kad_blocks_footer_custom_js":"","_kad_post_transparent":"","_kad_post_title":"","_kad_post_layout":"","_kad_post_sidebar_id":"","_kad_post_content_style":"","_kad_post_vertical_padding":"","_kad_post_feature":"","_kad_post_feature_position":"","_kad_post_header":false,"_kad_post_footer":false,"_kad_post_classname":"","footnotes":""},"class_list":["post-653","page","type-page","status-publish","hentry"],"acf":[],"yoast_head":"<!-- This site is optimized with the Yoast SEO plugin v26.4 - https:\/\/yoast.com\/wordpress\/plugins\/seo\/ -->\n<title>Volunteering - AMASC<\/title>\n<meta name=\"robots\" content=\"index, follow, max-snippet:-1, max-image-preview:large, max-video-preview:-1\" \/>\n<link rel=\"canonical\" href=\"https:\/\/amasc.org\/fr\/activities\/young-amasc-2\/volunteering\/\" \/>\n<meta property=\"og:locale\" content=\"fr_FR\" \/>\n<meta property=\"og:type\" content=\"article\" \/>\n<meta property=\"og:title\" content=\"Volunteering - AMASC\" \/>\n<meta property=\"og:description\" content=\"Volunteering All over the world, many Provinces offer young people &#8216;national&#8217; volunteering opportunities. Often open to schoolchildren as well as young alumni or associates, they reveal other realities in their own country or in countries with which these Provinces have privileged links. For example: in Egypt, students and alumni support rscj clinics in Upper Egypt,...\" \/>\n<meta property=\"og:url\" content=\"https:\/\/amasc.org\/fr\/activities\/young-amasc-2\/volunteering\/\" \/>\n<meta property=\"og:site_name\" content=\"AMASC\" \/>\n<meta property=\"article:modified_time\" content=\"2020-11-06T17:16:12+00:00\" \/>\n<meta property=\"og:image\" content=\"https:\/\/amasc.org\/wp-content\/uploads\/activite_volontariat_1.jpg\" \/>\n<meta name=\"twitter:card\" content=\"summary_large_image\" \/>\n<meta name=\"twitter:label1\" content=\"Dur\u00e9e de lecture estim\u00e9e\" \/>\n\t<meta name=\"twitter:data1\" content=\"2 minutes\" \/>\n<script type=\"application\/ld+json\" class=\"yoast-schema-graph\">{\"@context\":\"https:\/\/schema.org\",\"@graph\":[{\"@type\":\"WebPage\",\"@id\":\"https:\/\/amasc.org\/activities\/young-amasc-2\/volunteering\/\",\"url\":\"https:\/\/amasc.org\/activities\/young-amasc-2\/volunteering\/\",\"name\":\"Volunteering - AMASC\",\"isPartOf\":{\"@id\":\"https:\/\/amasc.org\/#website\"},\"primaryImageOfPage\":{\"@id\":\"https:\/\/amasc.org\/activities\/young-amasc-2\/volunteering\/#primaryimage\"},\"image\":{\"@id\":\"https:\/\/amasc.org\/activities\/young-amasc-2\/volunteering\/#primaryimage\"},\"thumbnailUrl\":\"https:\/\/amasc.org\/wp-content\/uploads\/activite_volontariat_1.jpg\",\"datePublished\":\"2020-10-17T20:09:21+00:00\",\"dateModified\":\"2020-11-06T17:16:12+00:00\",\"breadcrumb\":{\"@id\":\"https:\/\/amasc.org\/activities\/young-amasc-2\/volunteering\/#breadcrumb\"},\"inLanguage\":\"fr-FR\",\"potentialAction\":[{\"@type\":\"ReadAction\",\"target\":[\"https:\/\/amasc.org\/activities\/young-amasc-2\/volunteering\/\"]}]},{\"@type\":\"ImageObject\",\"inLanguage\":\"fr-FR\",\"@id\":\"https:\/\/amasc.org\/activities\/young-amasc-2\/volunteering\/#primaryimage\",\"url\":\"https:\/\/amasc.org\/wp-content\/uploads\/activite_volontariat_1.jpg\",\"contentUrl\":\"https:\/\/amasc.org\/wp-content\/uploads\/activite_volontariat_1.jpg\"},{\"@type\":\"BreadcrumbList\",\"@id\":\"https:\/\/amasc.org\/activities\/young-amasc-2\/volunteering\/#breadcrumb\",\"itemListElement\":[{\"@type\":\"ListItem\",\"position\":1,\"name\":\"Home\",\"item\":\"https:\/\/amasc.org\/\"},{\"@type\":\"ListItem\",\"position\":2,\"name\":\"Activities\",\"item\":\"https:\/\/amasc.org\/activities\/\"},{\"@type\":\"ListItem\",\"position\":3,\"name\":\"Young AMASC\",\"item\":\"https:\/\/amasc.org\/activities\/young-amasc-2\/\"},{\"@type\":\"ListItem\",\"position\":4,\"name\":\"Volunteering\"}]},{\"@type\":\"WebSite\",\"@id\":\"https:\/\/amasc.org\/#website\",\"url\":\"https:\/\/amasc.org\/\",\"name\":\"AMASC\",\"description\":\"\",\"publisher\":{\"@id\":\"https:\/\/amasc.org\/#organization\"},\"potentialAction\":[{\"@type\":\"SearchAction\",\"target\":{\"@type\":\"EntryPoint\",\"urlTemplate\":\"https:\/\/amasc.org\/?s={search_term_string}\"},\"query-input\":{\"@type\":\"PropertyValueSpecification\",\"valueRequired\":true,\"valueName\":\"search_term_string\"}}],\"inLanguage\":\"fr-FR\"},{\"@type\":\"Organization\",\"@id\":\"https:\/\/amasc.org\/#organization\",\"name\":\"AMASC\",\"url\":\"https:\/\/amasc.org\/\",\"logo\":{\"@type\":\"ImageObject\",\"inLanguage\":\"fr-FR\",\"@id\":\"https:\/\/amasc.org\/#\/schema\/logo\/image\/\",\"url\":\"https:\/\/amasc.org\/wp-content\/uploads\/logo-brand-red.png\",\"contentUrl\":\"https:\/\/amasc.org\/wp-content\/uploads\/logo-brand-red.png\",\"width\":1283,\"height\":1624,\"caption\":\"AMASC\"},\"image\":{\"@id\":\"https:\/\/amasc.org\/#\/schema\/logo\/image\/\"}}]}<\/script>\n<!-- \/ Yoast SEO plugin. -->","yoast_head_json":{"title":"Volontariat - AMASC","robots":{"index":"index","follow":"follow","max-snippet":"max-snippet:-1","max-image-preview":"max-image-preview:large","max-video-preview":"max-video-preview:-1"},"canonical":"https:\/\/amasc.org\/fr\/activities\/young-amasc-2\/volunteering\/","og_locale":"fr_FR","og_type":"article","og_title":"Volunteering - AMASC","og_description":"Volunteering All over the world, many Provinces offer young people &#8216;national&#8217; volunteering opportunities. Often open to schoolchildren as well as young alumni or associates, they reveal other realities in their own country or in countries with which these Provinces have privileged links. For example: in Egypt, students and alumni support rscj clinics in Upper Egypt,...","og_url":"https:\/\/amasc.org\/fr\/activities\/young-amasc-2\/volunteering\/","og_site_name":"AMASC","article_modified_time":"2020-11-06T17:16:12+00:00","og_image":[{"url":"https:\/\/amasc.org\/wp-content\/uploads\/activite_volontariat_1.jpg","type":"","width":"","height":""}],"twitter_card":"summary_large_image","twitter_misc":{"Dur\u00e9e de lecture estim\u00e9e":"2 minutes"},"schema":{"@context":"https:\/\/schema.org","@graph":[{"@type":"WebPage","@id":"https:\/\/amasc.org\/activities\/young-amasc-2\/volunteering\/","url":"https:\/\/amasc.org\/activities\/young-amasc-2\/volunteering\/","name":"Volontariat - AMASC","isPartOf":{"@id":"https:\/\/amasc.org\/#website"},"primaryImageOfPage":{"@id":"https:\/\/amasc.org\/activities\/young-amasc-2\/volunteering\/#primaryimage"},"image":{"@id":"https:\/\/amasc.org\/activities\/young-amasc-2\/volunteering\/#primaryimage"},"thumbnailUrl":"https:\/\/amasc.org\/wp-content\/uploads\/activite_volontariat_1.jpg","datePublished":"2020-10-17T20:09:21+00:00","dateModified":"2020-11-06T17:16:12+00:00","breadcrumb":{"@id":"https:\/\/amasc.org\/activities\/young-amasc-2\/volunteering\/#breadcrumb"},"inLanguage":"fr-FR","potentialAction":[{"@type":"ReadAction","target":["https:\/\/amasc.org\/activities\/young-amasc-2\/volunteering\/"]}]},{"@type":"ImageObject","inLanguage":"fr-FR","@id":"https:\/\/amasc.org\/activities\/young-amasc-2\/volunteering\/#primaryimage","url":"https:\/\/amasc.org\/wp-content\/uploads\/activite_volontariat_1.jpg","contentUrl":"https:\/\/amasc.org\/wp-content\/uploads\/activite_volontariat_1.jpg"},{"@type":"BreadcrumbList","@id":"https:\/\/amasc.org\/activities\/young-amasc-2\/volunteering\/#breadcrumb","itemListElement":[{"@type":"ListItem","position":1,"name":"Home","item":"https:\/\/amasc.org\/"},{"@type":"ListItem","position":2,"name":"Activities","item":"https:\/\/amasc.org\/activities\/"},{"@type":"ListItem","position":3,"name":"Young AMASC","item":"https:\/\/amasc.org\/activities\/young-amasc-2\/"},{"@type":"ListItem","position":4,"name":"Volunteering"}]},{"@type":"WebSite","@id":"https:\/\/amasc.org\/#website","url":"https:\/\/amasc.org\/","name":"AMASC","description":"","publisher":{"@id":"https:\/\/amasc.org\/#organization"},"potentialAction":[{"@type":"SearchAction","target":{"@type":"EntryPoint","urlTemplate":"https:\/\/amasc.org\/?s={search_term_string}"},"query-input":{"@type":"PropertyValueSpecification","valueRequired":true,"valueName":"search_term_string"}}],"inLanguage":"fr-FR"},{"@type":"Organization","@id":"https:\/\/amasc.org\/#organization","name":"AMASC","url":"https:\/\/amasc.org\/","logo":{"@type":"ImageObject","inLanguage":"fr-FR","@id":"https:\/\/amasc.org\/#\/schema\/logo\/image\/","url":"https:\/\/amasc.org\/wp-content\/uploads\/logo-brand-red.png","contentUrl":"https:\/\/amasc.org\/wp-content\/uploads\/logo-brand-red.png","width":1283,"height":1624,"caption":"AMASC"},"image":{"@id":"https:\/\/amasc.org\/#\/schema\/logo\/image\/"}}]}},"taxonomy_info":[],"featured_image_src_large":false,"author_info":{"display_name":"AMASC","author_link":"https:\/\/amasc.org\/fr\/author\/amasc\/"},"comment_info":0,"_links":{"self":[{"href":"https:\/\/amasc.org\/fr\/wp-json\/wp\/v2\/pages\/653","targetHints":{"allow":["GET"]}}],"collection":[{"href":"https:\/\/amasc.org\/fr\/wp-json\/wp\/v2\/pages"}],"about":[{"href":"https:\/\/amasc.org\/fr\/wp-json\/wp\/v2\/types\/page"}],"author":[{"embeddable":true,"href":"https:\/\/amasc.org\/fr\/wp-json\/wp\/v2\/users\/6"}],"replies":[{"embeddable":true,"href":"https:\/\/amasc.org\/fr\/wp-json\/wp\/v2\/comments?post=653"}],"version-history":[{"count":0,"href":"https:\/\/amasc.org\/fr\/wp-json\/wp\/v2\/pages\/653\/revisions"}],"up":[{"embeddable":true,"href":"https:\/\/amasc.org\/fr\/wp-json\/wp\/v2\/pages\/641"}],"wp:attachment":[{"href":"https:\/\/amasc.org\/fr\/wp-json\/wp\/v2\/media?parent=653"}],"curies":[{"name":"wp","href":"https:\/\/api.w.org\/{rel}","templated":true}]}}