{"id":689,"date":"2020-10-17T22:51:09","date_gmt":"2020-10-17T20:51:09","guid":{"rendered":"https:\/\/sitewp.amasc-sacrecoeur.net\/?page_id=689"},"modified":"2020-11-06T18:20:40","modified_gmt":"2020-11-06T17:20:40","slug":"its-history","status":"publish","type":"page","link":"https:\/\/amasc.org\/fr\/its-history\/","title":{"rendered":"L'histoire"},"content":{"rendered":"<div class=\"wp-block-columns is-layout-flex wp-container-core-columns-is-layout-9d6595d7 wp-block-columns-is-layout-flex\">\n<div class=\"wp-block-column is-layout-flow wp-block-column-is-layout-flow\" style=\"flex-basis:66.66%\">\n<h2 class=\"wp-block-heading\"><span style=\"color:#b72424\" class=\"has-inline-color\">Son histoire<\/span><\/h2>\n\n\n\n<p><strong>D\u00e8s le d\u00e9but, il est apparu \u00e0 Sainte Madeleine Sophie Barat, que le r\u00f4le \u00e9ducatif des moniales ne devait pas s'arr\u00eater l\u00e0.<\/strong>&nbsp;aux classes terminales mais continuent les rencontres, l'aide morale, voire mat\u00e9rielle. Presque toutes les maisons avaient leur association d'anciens ou une \"Congr\u00e9gation des Dames Enfants de Marie\", qui accueillait parfois des personnes n'ayant pas \u00e9t\u00e9 \u00e9l\u00e8ves du Sacr\u00e9-C\u0153ur aux c\u00f4t\u00e9s d'anciennes pensionnaires (1).<\/p>\n\n\n\n<p>\u00c0 la fin des ann\u00e9es 1950, dans de nombreux pays, comme la Hollande, les anciens \u00e9l\u00e8ves ont commenc\u00e9 \u00e0 s'organiser au niveau national.<\/p>\n\n\n\n<p>En 1958, \u00e0 l'initiative de la Pr\u00e9sidente des Pays-Bas, Maria van Mierlo, \u00e9galement membre du Conseil de l'Europe et convaincue de la force d'une association internationale, une premi\u00e8re r\u00e9union des Pr\u00e9sidents nationaux de l'Europe a lieu \u00e0 Bruxelles \u00e0 l'occasion de l'Exposition Universelle.<\/p>\n\n\n\n<p>En 1960, sur les conseils de la Sup\u00e9rieure g\u00e9n\u00e9rale, M\u00e8re Sabine de Valon, qui a per\u00e7u l'importance que les anciens \u00e9l\u00e8ves pouvaient avoir pour la diffusion de la spiritualit\u00e9 du Sacr\u00e9-C\u0153ur, un \"rassemblement mondial\" a eu lieu \u00e0 Trinit\u00e9-et-Tobago. Cette fois-ci, tous les anciens \u00e9l\u00e8ves du monde entier ont \u00e9t\u00e9 invit\u00e9s \u00e0 participer \u00e0 cette rencontre.<\/p>\n\n\n\n<p>Un troisi\u00e8me congr\u00e8s international se tiendra \u00e0 nouveau \u00e0 Bruxelles en mai 1965, pour le centenaire de la mort du fondateur du Sacr\u00e9-C\u0153ur, au cours duquel l'id\u00e9e de constituer une association mondiale, dirig\u00e9e par la baronne Copp\u00e9e, est ent\u00e9rin\u00e9e.<\/p>\n\n\n\n<p>Les statuts de la nouvelle association mondiale ont \u00e9t\u00e9 officiellement sign\u00e9s et d\u00e9pos\u00e9s un an plus tard, le 24 mai 1966, \u00e0 Trinita dei Monti, \u00e0 Rome. L'AMASC, qui allait permettre \u00e0 des dizaines de milliers d'anciens \u00e9l\u00e8ves du monde entier de se connecter, \u00e9tait n\u00e9e.<\/p>\n\n\n\n<p>Le lendemain de sa cr\u00e9ation, le 25 mai 1966, l'AMASC a demand\u00e9 \u00e0 devenir membre de l'UMOFC (Union Mondiale des Organisations F\u00e9minines Catholiques \/ World Union of Catholic Women's Organizations), une organisation de femmes catholiques pr\u00e9sente dans plus de 66 pays qui vise \u00e0 promouvoir la pr\u00e9sence et la participation des femmes catholiques dans la soci\u00e9t\u00e9 et dans l'Eglise, pour leur permettre de remplir leur mission d'\u00e9vang\u00e9lisation et d'\u0153uvrer au d\u00e9veloppement de l'humanit\u00e9.<\/p>\n\n\n\n<p>En 1970, lors de son troisi\u00e8me congr\u00e8s mondial \u00e0 Madrid, il a \u00e9t\u00e9 d\u00e9cid\u00e9 que l'AMASC rejoindrait l'OMAEC (Organisation mondiale des anciens \u00e9l\u00e8ves de l'enseignement catholique), fond\u00e9e en 1967, \u00e0 laquelle l'AMASC appartient toujours.<\/p>\n\n\n\n<p>(1) La Soci\u00e9t\u00e9 du Sacr\u00e9-C\u0153ur dans le monde de son temps, Sr Monique Luirard, p.140 et s<\/p>\n\n\n\n<div style=\"height:50px\" aria-hidden=\"true\" class=\"wp-block-spacer\"><\/div>\n<\/div>\n\n\n\n<div class=\"wp-block-column is-layout-flow wp-block-column-is-layout-flow\" style=\"flex-basis:33.33%\">\n<div class=\"wp-block-image\"><figure class=\"aligncenter size-large\"><img loading=\"lazy\" decoding=\"async\" width=\"250\" height=\"302\" src=\"https:\/\/amasc.org\/wp-content\/uploads\/Portrait_Sophie_Barat.jpg\" alt=\"\" class=\"wp-image-685\" srcset=\"https:\/\/amasc.org\/wp-content\/uploads\/Portrait_Sophie_Barat.jpg 250w, https:\/\/amasc.org\/wp-content\/uploads\/Portrait_Sophie_Barat-248x300.jpg 248w\" sizes=\"auto, (max-width: 250px) 100vw, 250px\" \/><figcaption><em><em>Jeune Sophie Barat<\/em><\/em><\/figcaption><\/figure><\/div>\n\n\n\n<div class=\"wp-block-image\"><figure class=\"aligncenter size-large\"><img loading=\"lazy\" decoding=\"async\" width=\"114\" height=\"150\" src=\"https:\/\/amasc.org\/wp-content\/uploads\/Mere_Sabine_Valon.jpg\" alt=\"\" class=\"wp-image-686\"\/><figcaption><em><em>M\u00e8re Sabine de Valon<\/em><\/em><\/figcaption><\/figure><\/div>\n\n\n\n<div class=\"wp-block-image\"><figure class=\"aligncenter size-large\"><img loading=\"lazy\" decoding=\"async\" width=\"250\" height=\"142\" src=\"https:\/\/amasc.org\/wp-content\/uploads\/eleves_debut_siecle_dernier.jpg\" alt=\"\" class=\"wp-image-687\"\/><figcaption><em><em>L'\u00e9cole primaire au 20e si\u00e8cle<\/em><\/em><\/figcaption><\/figure><\/div>\n<\/div>\n<\/div>","protected":false},"excerpt":{"rendered":"<p>Son histoire D\u00e8s le d\u00e9but, il est apparu \u00e0 Sainte Madeleine Sophie Barat, que le r\u00f4le \u00e9ducatif des religieuses ne devait pas s'arr\u00eater aux classes terminales mais se poursuivre par des rencontres, des aides morales, voire mat\u00e9rielles. Presque toutes les maisons avaient leur association d'anciens ou une \"Congr\u00e9gation des Dames Enfants de Marie\", qui h\u00e9bergeait parfois des...<\/p>","protected":false},"author":6,"featured_media":0,"parent":0,"menu_order":0,"comment_status":"closed","ping_status":"closed","template":"","meta":{"_acf_changed":false,"_kad_blocks_custom_css":"","_kad_blocks_head_custom_js":"","_kad_blocks_body_custom_js":"","_kad_blocks_footer_custom_js":"","_kad_post_transparent":"","_kad_post_title":"","_kad_post_layout":"","_kad_post_sidebar_id":"","_kad_post_content_style":"","_kad_post_vertical_padding":"","_kad_post_feature":"","_kad_post_feature_position":"","_kad_post_header":false,"_kad_post_footer":false,"_kad_post_classname":"","footnotes":""},"class_list":["post-689","page","type-page","status-publish","hentry"],"acf":[],"yoast_head":"<!-- This site is optimized with the Yoast SEO plugin v26.4 - https:\/\/yoast.com\/wordpress\/plugins\/seo\/ -->\n<title>History - AMASC<\/title>\n<meta name=\"robots\" content=\"index, follow, max-snippet:-1, max-image-preview:large, max-video-preview:-1\" \/>\n<link rel=\"canonical\" href=\"https:\/\/amasc.org\/fr\/its-history\/\" \/>\n<meta property=\"og:locale\" content=\"fr_FR\" \/>\n<meta property=\"og:type\" content=\"article\" \/>\n<meta property=\"og:title\" content=\"History - AMASC\" \/>\n<meta property=\"og:description\" content=\"Its history From the beginning, it appeared to Saint Madeleine Sophie Barat, that the educational role of the nuns should not stop&nbsp;at the final classes but continue with meetings, help moral, even material. Almost all the houses had their association of old or a &#8220;Congregation of Ladies Children of Mary&#8221;, which sometimes accommodated people who...\" \/>\n<meta property=\"og:url\" content=\"https:\/\/amasc.org\/fr\/its-history\/\" \/>\n<meta property=\"og:site_name\" content=\"AMASC\" \/>\n<meta property=\"article:modified_time\" content=\"2020-11-06T17:20:40+00:00\" \/>\n<meta property=\"og:image\" content=\"https:\/\/amasc.org\/wp-content\/uploads\/Portrait_Sophie_Barat.jpg\" \/>\n<meta name=\"twitter:card\" content=\"summary_large_image\" \/>\n<meta name=\"twitter:label1\" content=\"Dur\u00e9e de lecture estim\u00e9e\" \/>\n\t<meta name=\"twitter:data1\" content=\"2 minutes\" \/>\n<script type=\"application\/ld+json\" class=\"yoast-schema-graph\">{\"@context\":\"https:\/\/schema.org\",\"@graph\":[{\"@type\":\"WebPage\",\"@id\":\"https:\/\/amasc.org\/its-history\/\",\"url\":\"https:\/\/amasc.org\/its-history\/\",\"name\":\"History - AMASC\",\"isPartOf\":{\"@id\":\"https:\/\/amasc.org\/#website\"},\"primaryImageOfPage\":{\"@id\":\"https:\/\/amasc.org\/its-history\/#primaryimage\"},\"image\":{\"@id\":\"https:\/\/amasc.org\/its-history\/#primaryimage\"},\"thumbnailUrl\":\"https:\/\/amasc.org\/wp-content\/uploads\/Portrait_Sophie_Barat.jpg\",\"datePublished\":\"2020-10-17T20:51:09+00:00\",\"dateModified\":\"2020-11-06T17:20:40+00:00\",\"breadcrumb\":{\"@id\":\"https:\/\/amasc.org\/its-history\/#breadcrumb\"},\"inLanguage\":\"fr-FR\",\"potentialAction\":[{\"@type\":\"ReadAction\",\"target\":[\"https:\/\/amasc.org\/its-history\/\"]}]},{\"@type\":\"ImageObject\",\"inLanguage\":\"fr-FR\",\"@id\":\"https:\/\/amasc.org\/its-history\/#primaryimage\",\"url\":\"https:\/\/amasc.org\/wp-content\/uploads\/Portrait_Sophie_Barat.jpg\",\"contentUrl\":\"https:\/\/amasc.org\/wp-content\/uploads\/Portrait_Sophie_Barat.jpg\"},{\"@type\":\"BreadcrumbList\",\"@id\":\"https:\/\/amasc.org\/its-history\/#breadcrumb\",\"itemListElement\":[{\"@type\":\"ListItem\",\"position\":1,\"name\":\"Home\",\"item\":\"https:\/\/amasc.org\/\"},{\"@type\":\"ListItem\",\"position\":2,\"name\":\"History\"}]},{\"@type\":\"WebSite\",\"@id\":\"https:\/\/amasc.org\/#website\",\"url\":\"https:\/\/amasc.org\/\",\"name\":\"AMASC\",\"description\":\"\",\"publisher\":{\"@id\":\"https:\/\/amasc.org\/#organization\"},\"potentialAction\":[{\"@type\":\"SearchAction\",\"target\":{\"@type\":\"EntryPoint\",\"urlTemplate\":\"https:\/\/amasc.org\/?s={search_term_string}\"},\"query-input\":{\"@type\":\"PropertyValueSpecification\",\"valueRequired\":true,\"valueName\":\"search_term_string\"}}],\"inLanguage\":\"fr-FR\"},{\"@type\":\"Organization\",\"@id\":\"https:\/\/amasc.org\/#organization\",\"name\":\"AMASC\",\"url\":\"https:\/\/amasc.org\/\",\"logo\":{\"@type\":\"ImageObject\",\"inLanguage\":\"fr-FR\",\"@id\":\"https:\/\/amasc.org\/#\/schema\/logo\/image\/\",\"url\":\"https:\/\/amasc.org\/wp-content\/uploads\/logo-brand-red.png\",\"contentUrl\":\"https:\/\/amasc.org\/wp-content\/uploads\/logo-brand-red.png\",\"width\":1283,\"height\":1624,\"caption\":\"AMASC\"},\"image\":{\"@id\":\"https:\/\/amasc.org\/#\/schema\/logo\/image\/\"}}]}<\/script>\n<!-- \/ Yoast SEO plugin. -->","yoast_head_json":{"title":"History - AMASC","robots":{"index":"index","follow":"follow","max-snippet":"max-snippet:-1","max-image-preview":"max-image-preview:large","max-video-preview":"max-video-preview:-1"},"canonical":"https:\/\/amasc.org\/fr\/its-history\/","og_locale":"fr_FR","og_type":"article","og_title":"History - AMASC","og_description":"Its history From the beginning, it appeared to Saint Madeleine Sophie Barat, that the educational role of the nuns should not stop&nbsp;at the final classes but continue with meetings, help moral, even material. Almost all the houses had their association of old or a &#8220;Congregation of Ladies Children of Mary&#8221;, which sometimes accommodated people who...","og_url":"https:\/\/amasc.org\/fr\/its-history\/","og_site_name":"AMASC","article_modified_time":"2020-11-06T17:20:40+00:00","og_image":[{"url":"https:\/\/amasc.org\/wp-content\/uploads\/Portrait_Sophie_Barat.jpg","type":"","width":"","height":""}],"twitter_card":"summary_large_image","twitter_misc":{"Dur\u00e9e de lecture estim\u00e9e":"2 minutes"},"schema":{"@context":"https:\/\/schema.org","@graph":[{"@type":"WebPage","@id":"https:\/\/amasc.org\/its-history\/","url":"https:\/\/amasc.org\/its-history\/","name":"History - AMASC","isPartOf":{"@id":"https:\/\/amasc.org\/#website"},"primaryImageOfPage":{"@id":"https:\/\/amasc.org\/its-history\/#primaryimage"},"image":{"@id":"https:\/\/amasc.org\/its-history\/#primaryimage"},"thumbnailUrl":"https:\/\/amasc.org\/wp-content\/uploads\/Portrait_Sophie_Barat.jpg","datePublished":"2020-10-17T20:51:09+00:00","dateModified":"2020-11-06T17:20:40+00:00","breadcrumb":{"@id":"https:\/\/amasc.org\/its-history\/#breadcrumb"},"inLanguage":"fr-FR","potentialAction":[{"@type":"ReadAction","target":["https:\/\/amasc.org\/its-history\/"]}]},{"@type":"ImageObject","inLanguage":"fr-FR","@id":"https:\/\/amasc.org\/its-history\/#primaryimage","url":"https:\/\/amasc.org\/wp-content\/uploads\/Portrait_Sophie_Barat.jpg","contentUrl":"https:\/\/amasc.org\/wp-content\/uploads\/Portrait_Sophie_Barat.jpg"},{"@type":"BreadcrumbList","@id":"https:\/\/amasc.org\/its-history\/#breadcrumb","itemListElement":[{"@type":"ListItem","position":1,"name":"Home","item":"https:\/\/amasc.org\/"},{"@type":"ListItem","position":2,"name":"History"}]},{"@type":"WebSite","@id":"https:\/\/amasc.org\/#website","url":"https:\/\/amasc.org\/","name":"AMASC","description":"","publisher":{"@id":"https:\/\/amasc.org\/#organization"},"potentialAction":[{"@type":"SearchAction","target":{"@type":"EntryPoint","urlTemplate":"https:\/\/amasc.org\/?s={search_term_string}"},"query-input":{"@type":"PropertyValueSpecification","valueRequired":true,"valueName":"search_term_string"}}],"inLanguage":"fr-FR"},{"@type":"Organization","@id":"https:\/\/amasc.org\/#organization","name":"AMASC","url":"https:\/\/amasc.org\/","logo":{"@type":"ImageObject","inLanguage":"fr-FR","@id":"https:\/\/amasc.org\/#\/schema\/logo\/image\/","url":"https:\/\/amasc.org\/wp-content\/uploads\/logo-brand-red.png","contentUrl":"https:\/\/amasc.org\/wp-content\/uploads\/logo-brand-red.png","width":1283,"height":1624,"caption":"AMASC"},"image":{"@id":"https:\/\/amasc.org\/#\/schema\/logo\/image\/"}}]}},"taxonomy_info":[],"featured_image_src_large":false,"author_info":{"display_name":"AMASC","author_link":"https:\/\/amasc.org\/fr\/author\/amasc\/"},"comment_info":0,"_links":{"self":[{"href":"https:\/\/amasc.org\/fr\/wp-json\/wp\/v2\/pages\/689","targetHints":{"allow":["GET"]}}],"collection":[{"href":"https:\/\/amasc.org\/fr\/wp-json\/wp\/v2\/pages"}],"about":[{"href":"https:\/\/amasc.org\/fr\/wp-json\/wp\/v2\/types\/page"}],"author":[{"embeddable":true,"href":"https:\/\/amasc.org\/fr\/wp-json\/wp\/v2\/users\/6"}],"replies":[{"embeddable":true,"href":"https:\/\/amasc.org\/fr\/wp-json\/wp\/v2\/comments?post=689"}],"version-history":[{"count":0,"href":"https:\/\/amasc.org\/fr\/wp-json\/wp\/v2\/pages\/689\/revisions"}],"wp:attachment":[{"href":"https:\/\/amasc.org\/fr\/wp-json\/wp\/v2\/media?parent=689"}],"curies":[{"name":"wp","href":"https:\/\/api.w.org\/{rel}","templated":true}]}}