{"id":724,"date":"2020-10-18T13:06:59","date_gmt":"2020-10-18T11:06:59","guid":{"rendered":"https:\/\/sitewp.amasc-sacrecoeur.net\/?page_id=724"},"modified":"2025-03-24T12:15:02","modified_gmt":"2025-03-24T16:15:02","slug":"cv-from-paola-del-prete","status":"publish","type":"page","link":"https:\/\/amasc.org\/fr\/what-is-amasc\/board-of-directors\/cv-from-paola-del-prete\/","title":{"rendered":"Paola Del Prete"},"content":{"rendered":"<div class=\"wp-block-columns is-layout-flex wp-container-core-columns-is-layout-9d6595d7 wp-block-columns-is-layout-flex\">\n<div class=\"wp-block-column is-layout-flow wp-block-column-is-layout-flow\" style=\"flex-basis:66.66%\">\n<h2 class=\"wp-block-heading\"><span style=\"color:#b72424\" class=\"has-inline-color\">CV de Paola Del Prete<\/span><\/h2>\n\n\n\n<h6 class=\"wp-block-heading\"><span class=\"has-inline-color has-vivid-cyan-blue-color\">psdt@amasc-sacrecoeur.net<\/span><\/h6>\n\n\n\n<p><strong>Donn\u00e9es personnelles<\/strong><\/p>\n\n\n\n<ul class=\"wp-block-list\">\n<li>R\u00e9side \u00e0 Naples<\/li>\n\n\n\n<li>Mari\u00e9e ; m\u00e8re de deux filles et grand-m\u00e8re d'un enfant<\/li>\n\n\n\n<li>Ancienne \u00e9l\u00e8ve du Sacr\u00e9-C\u0153ur de Naples (pour toute sa scolarit\u00e9)<\/li>\n\n\n\n<li>Fille et petite-fille d'anciens \u00e9l\u00e8ves du Sacred Heart (la grand-m\u00e8re a fr\u00e9quent\u00e9 Trinit\u00e0 dei Monti)<\/li>\n\n\n\n<li>Ma\u00eetrise en litt\u00e9rature moderne, Facult\u00e9 des lettres et de la philosophie, Universit\u00e9 Federico II, Naples (avec mention)<\/li>\n\n\n\n<li>Apr\u00e8s s'\u00eatre engag\u00e9 dans des \u00e9tudes, il g\u00e8re actuellement l'exploitation agricole familiale<\/li>\n\n\n\n<li>Langues parl\u00e9es : Fran\u00e7ais, italien, anglais<\/li>\n<\/ul>\n\n\n\n<p><strong>Principaux engagements pour le Sacr\u00e9-C\u0153ur<\/strong><\/p>\n\n\n\n<ul class=\"wp-block-list\">\n<li>Inscrite \u00e0 l'association nationale (UNIEASC) depuis 1972<\/li>\n\n\n\n<li>Responsable du groupe de jeunes de l'association de Naples en 1982<\/li>\n\n\n\n<li>Secr\u00e9taire de l'Association nationale sous la pr\u00e9sidence de Bianca Lopez Royo-Fenzi, et r\u00e9dacteur en chef de <em>Vincolo<\/em>, son bulletin d'information, en 2003<\/li>\n\n\n\n<li>Vice-pr\u00e9sidente d'Anna-Maria Galleotti en 2009<\/li>\n\n\n\n<li>Pr\u00e9sident de l'association nationale italienne (2015-2018)<\/li>\n\n\n\n<li>Depuis 2010, membre du conseil d'administration de l'AMASC en tant que coordinateur pour l'Europe<\/li>\n<\/ul>\n\n\n\n<div style=\"height:50px\" aria-hidden=\"true\" class=\"wp-block-spacer\"><\/div>\n<\/div>\n\n\n\n<div class=\"wp-block-column is-layout-flow wp-block-column-is-layout-flow\" style=\"flex-basis:33.33%\"><\/div>\n<\/div>","protected":false},"excerpt":{"rendered":"<p>CV of Paola Del Prete psdt@amasc-sacrecoeur.net Personal data Main commitments for the Sacred Heart<\/p>","protected":false},"author":6,"featured_media":0,"parent":169,"menu_order":0,"comment_status":"closed","ping_status":"closed","template":"","meta":{"_acf_changed":false,"_kad_blocks_custom_css":"","_kad_blocks_head_custom_js":"","_kad_blocks_body_custom_js":"","_kad_blocks_footer_custom_js":"","_kad_post_transparent":"","_kad_post_title":"","_kad_post_layout":"","_kad_post_sidebar_id":"","_kad_post_content_style":"","_kad_post_vertical_padding":"","_kad_post_feature":"","_kad_post_feature_position":"","_kad_post_header":false,"_kad_post_footer":false,"_kad_post_classname":"","footnotes":""},"class_list":["post-724","page","type-page","status-publish","hentry"],"acf":[],"yoast_head":"<!-- This site is optimized with the Yoast SEO plugin v26.4 - https:\/\/yoast.com\/wordpress\/plugins\/seo\/ -->\n<title>Paola Del Prete - AMASC<\/title>\n<meta name=\"robots\" content=\"index, follow, max-snippet:-1, max-image-preview:large, max-video-preview:-1\" \/>\n<link rel=\"canonical\" href=\"https:\/\/amasc.org\/fr\/what-is-amasc\/board-of-directors\/cv-from-paola-del-prete\/\" \/>\n<meta property=\"og:locale\" content=\"fr_FR\" \/>\n<meta property=\"og:type\" content=\"article\" \/>\n<meta property=\"og:title\" content=\"Paola Del Prete - AMASC\" \/>\n<meta property=\"og:description\" content=\"CV of Paola Del Prete psdt@amasc-sacrecoeur.net Personal data Main commitments for the Sacred Heart\" \/>\n<meta property=\"og:url\" content=\"https:\/\/amasc.org\/fr\/what-is-amasc\/board-of-directors\/cv-from-paola-del-prete\/\" \/>\n<meta property=\"og:site_name\" content=\"AMASC\" \/>\n<meta property=\"article:modified_time\" content=\"2025-03-24T16:15:02+00:00\" \/>\n<meta name=\"twitter:card\" content=\"summary_large_image\" \/>\n<meta name=\"twitter:label1\" content=\"Dur\u00e9e de lecture estim\u00e9e\" \/>\n\t<meta name=\"twitter:data1\" content=\"1 minute\" \/>\n<script type=\"application\/ld+json\" class=\"yoast-schema-graph\">{\"@context\":\"https:\/\/schema.org\",\"@graph\":[{\"@type\":\"WebPage\",\"@id\":\"https:\/\/amasc.org\/what-is-amasc\/board-of-directors\/cv-from-paola-del-prete\/\",\"url\":\"https:\/\/amasc.org\/what-is-amasc\/board-of-directors\/cv-from-paola-del-prete\/\",\"name\":\"Paola Del Prete - AMASC\",\"isPartOf\":{\"@id\":\"https:\/\/amasc.org\/#website\"},\"datePublished\":\"2020-10-18T11:06:59+00:00\",\"dateModified\":\"2025-03-24T16:15:02+00:00\",\"breadcrumb\":{\"@id\":\"https:\/\/amasc.org\/what-is-amasc\/board-of-directors\/cv-from-paola-del-prete\/#breadcrumb\"},\"inLanguage\":\"fr-FR\",\"potentialAction\":[{\"@type\":\"ReadAction\",\"target\":[\"https:\/\/amasc.org\/what-is-amasc\/board-of-directors\/cv-from-paola-del-prete\/\"]}]},{\"@type\":\"BreadcrumbList\",\"@id\":\"https:\/\/amasc.org\/what-is-amasc\/board-of-directors\/cv-from-paola-del-prete\/#breadcrumb\",\"itemListElement\":[{\"@type\":\"ListItem\",\"position\":1,\"name\":\"Home\",\"item\":\"https:\/\/amasc.org\/\"},{\"@type\":\"ListItem\",\"position\":2,\"name\":\"What is AMASC ?\",\"item\":\"https:\/\/amasc.org\/what-is-amasc\/\"},{\"@type\":\"ListItem\",\"position\":3,\"name\":\"Board of directors\",\"item\":\"https:\/\/amasc.org\/what-is-amasc\/board-of-directors\/\"},{\"@type\":\"ListItem\",\"position\":4,\"name\":\"Paola Del Prete\"}]},{\"@type\":\"WebSite\",\"@id\":\"https:\/\/amasc.org\/#website\",\"url\":\"https:\/\/amasc.org\/\",\"name\":\"AMASC\",\"description\":\"\",\"publisher\":{\"@id\":\"https:\/\/amasc.org\/#organization\"},\"potentialAction\":[{\"@type\":\"SearchAction\",\"target\":{\"@type\":\"EntryPoint\",\"urlTemplate\":\"https:\/\/amasc.org\/?s={search_term_string}\"},\"query-input\":{\"@type\":\"PropertyValueSpecification\",\"valueRequired\":true,\"valueName\":\"search_term_string\"}}],\"inLanguage\":\"fr-FR\"},{\"@type\":\"Organization\",\"@id\":\"https:\/\/amasc.org\/#organization\",\"name\":\"AMASC\",\"url\":\"https:\/\/amasc.org\/\",\"logo\":{\"@type\":\"ImageObject\",\"inLanguage\":\"fr-FR\",\"@id\":\"https:\/\/amasc.org\/#\/schema\/logo\/image\/\",\"url\":\"https:\/\/amasc.org\/wp-content\/uploads\/logo-brand-red.png\",\"contentUrl\":\"https:\/\/amasc.org\/wp-content\/uploads\/logo-brand-red.png\",\"width\":1283,\"height\":1624,\"caption\":\"AMASC\"},\"image\":{\"@id\":\"https:\/\/amasc.org\/#\/schema\/logo\/image\/\"}}]}<\/script>\n<!-- \/ Yoast SEO plugin. -->","yoast_head_json":{"title":"Paola Del Prete - AMASC","robots":{"index":"index","follow":"follow","max-snippet":"max-snippet:-1","max-image-preview":"max-image-preview:large","max-video-preview":"max-video-preview:-1"},"canonical":"https:\/\/amasc.org\/fr\/what-is-amasc\/board-of-directors\/cv-from-paola-del-prete\/","og_locale":"fr_FR","og_type":"article","og_title":"Paola Del Prete - AMASC","og_description":"CV of Paola Del Prete psdt@amasc-sacrecoeur.net Personal data Main commitments for the Sacred Heart","og_url":"https:\/\/amasc.org\/fr\/what-is-amasc\/board-of-directors\/cv-from-paola-del-prete\/","og_site_name":"AMASC","article_modified_time":"2025-03-24T16:15:02+00:00","twitter_card":"summary_large_image","twitter_misc":{"Dur\u00e9e de lecture estim\u00e9e":"1 minute"},"schema":{"@context":"https:\/\/schema.org","@graph":[{"@type":"WebPage","@id":"https:\/\/amasc.org\/what-is-amasc\/board-of-directors\/cv-from-paola-del-prete\/","url":"https:\/\/amasc.org\/what-is-amasc\/board-of-directors\/cv-from-paola-del-prete\/","name":"Paola Del Prete - AMASC","isPartOf":{"@id":"https:\/\/amasc.org\/#website"},"datePublished":"2020-10-18T11:06:59+00:00","dateModified":"2025-03-24T16:15:02+00:00","breadcrumb":{"@id":"https:\/\/amasc.org\/what-is-amasc\/board-of-directors\/cv-from-paola-del-prete\/#breadcrumb"},"inLanguage":"fr-FR","potentialAction":[{"@type":"ReadAction","target":["https:\/\/amasc.org\/what-is-amasc\/board-of-directors\/cv-from-paola-del-prete\/"]}]},{"@type":"BreadcrumbList","@id":"https:\/\/amasc.org\/what-is-amasc\/board-of-directors\/cv-from-paola-del-prete\/#breadcrumb","itemListElement":[{"@type":"ListItem","position":1,"name":"Home","item":"https:\/\/amasc.org\/"},{"@type":"ListItem","position":2,"name":"What is AMASC ?","item":"https:\/\/amasc.org\/what-is-amasc\/"},{"@type":"ListItem","position":3,"name":"Board of directors","item":"https:\/\/amasc.org\/what-is-amasc\/board-of-directors\/"},{"@type":"ListItem","position":4,"name":"Paola Del Prete"}]},{"@type":"WebSite","@id":"https:\/\/amasc.org\/#website","url":"https:\/\/amasc.org\/","name":"AMASC","description":"","publisher":{"@id":"https:\/\/amasc.org\/#organization"},"potentialAction":[{"@type":"SearchAction","target":{"@type":"EntryPoint","urlTemplate":"https:\/\/amasc.org\/?s={search_term_string}"},"query-input":{"@type":"PropertyValueSpecification","valueRequired":true,"valueName":"search_term_string"}}],"inLanguage":"fr-FR"},{"@type":"Organization","@id":"https:\/\/amasc.org\/#organization","name":"AMASC","url":"https:\/\/amasc.org\/","logo":{"@type":"ImageObject","inLanguage":"fr-FR","@id":"https:\/\/amasc.org\/#\/schema\/logo\/image\/","url":"https:\/\/amasc.org\/wp-content\/uploads\/logo-brand-red.png","contentUrl":"https:\/\/amasc.org\/wp-content\/uploads\/logo-brand-red.png","width":1283,"height":1624,"caption":"AMASC"},"image":{"@id":"https:\/\/amasc.org\/#\/schema\/logo\/image\/"}}]}},"taxonomy_info":[],"featured_image_src_large":false,"author_info":{"display_name":"AMASC","author_link":"https:\/\/amasc.org\/fr\/author\/amasc\/"},"comment_info":0,"_links":{"self":[{"href":"https:\/\/amasc.org\/fr\/wp-json\/wp\/v2\/pages\/724","targetHints":{"allow":["GET"]}}],"collection":[{"href":"https:\/\/amasc.org\/fr\/wp-json\/wp\/v2\/pages"}],"about":[{"href":"https:\/\/amasc.org\/fr\/wp-json\/wp\/v2\/types\/page"}],"author":[{"embeddable":true,"href":"https:\/\/amasc.org\/fr\/wp-json\/wp\/v2\/users\/6"}],"replies":[{"embeddable":true,"href":"https:\/\/amasc.org\/fr\/wp-json\/wp\/v2\/comments?post=724"}],"version-history":[{"count":0,"href":"https:\/\/amasc.org\/fr\/wp-json\/wp\/v2\/pages\/724\/revisions"}],"up":[{"embeddable":true,"href":"https:\/\/amasc.org\/fr\/wp-json\/wp\/v2\/pages\/169"}],"wp:attachment":[{"href":"https:\/\/amasc.org\/fr\/wp-json\/wp\/v2\/media?parent=724"}],"curies":[{"name":"wp","href":"https:\/\/api.w.org\/{rel}","templated":true}]}}