{"id":742,"date":"2020-10-18T13:32:45","date_gmt":"2020-10-18T11:32:45","guid":{"rendered":"https:\/\/sitewp.amasc-sacrecoeur.net\/?page_id=742"},"modified":"2026-02-17T12:23:54","modified_gmt":"2026-02-17T17:23:54","slug":"the-presidency","status":"publish","type":"page","link":"https:\/\/amasc.org\/fr\/what-is-amasc\/the-presidency\/","title":{"rendered":"Pr\u00e9sidence"},"content":{"rendered":"<figure class=\"wp-block-image alignfull size-large\"><img loading=\"lazy\" decoding=\"async\" width=\"1024\" height=\"288\" src=\"https:\/\/amasc.org\/wp-content\/uploads\/banner-amasc-EN-ES-1024x288.jpg\" alt=\"\" class=\"wp-image-1434\" srcset=\"https:\/\/amasc.org\/wp-content\/uploads\/banner-amasc-EN-ES-1024x288.jpg 1024w, https:\/\/amasc.org\/wp-content\/uploads\/banner-amasc-EN-ES-300x84.jpg 300w, https:\/\/amasc.org\/wp-content\/uploads\/banner-amasc-EN-ES-150x42.jpg 150w, https:\/\/amasc.org\/wp-content\/uploads\/banner-amasc-EN-ES-768x216.jpg 768w, https:\/\/amasc.org\/wp-content\/uploads\/banner-amasc-EN-ES-1536x432.jpg 1536w, https:\/\/amasc.org\/wp-content\/uploads\/banner-amasc-EN-ES.jpg 1920w\" sizes=\"auto, (max-width: 1024px) 100vw, 1024px\" \/><\/figure>\n\n\n\n<div class=\"wp-block-columns is-layout-flex wp-container-core-columns-is-layout-9d6595d7 wp-block-columns-is-layout-flex\">\n<div class=\"wp-block-column is-layout-flow wp-block-column-is-layout-flow\" style=\"flex-basis:66.66%\">\n<h2 class=\"wp-block-heading\">LA PR\u00c9SIDENCE<\/h2>\n\n\n\n<h6 class=\"wp-block-heading has-text-align-center\"><strong>\"Un c\u0153ur qui va de l'avant avec courage et confiance\".<\/strong><\/h6>\n\n\n\n<p class=\"has-text-align-center\"><br><em>Le mandat 2022-2026 de Roselie Posselius<\/em><\/p>\n\n\n\n<p>Chers coll\u00e8gues membres du conseil d'administration et amis,<\/p>\n\n\n\n<p>Bonne ann\u00e9e \u00e0 tous. Je m'attends \u00e0 quatre ann\u00e9es tr\u00e8s productives, significatives et amusantes, au cours desquelles nous nous efforcerons de faire progresser notre organisation et de promouvoir la mission du Sacr\u00e9-C\u0153ur \u00e0 l'avenir et dans le monde entier. Je pense que nous avons la chance d'avoir de nombreuses opportunit\u00e9s pour encourager le travail de notre famille du Sacr\u00e9-C\u0153ur, alors que nous d\u00e9veloppons des programmes pour encourager l'engagement et soutenir nos \u00e9lecteurs. Je suis reconnaissant \u00e0 chacun d'entre vous pour votre engagement, votre d\u00e9vouement et votre amour du Sacr\u00e9-C\u0153ur. Je suis honor\u00e9 que vous partagiez vos talents avec ce groupe alors que nous naviguons ensemble dans les quatre prochaines ann\u00e9es de l'AMASC.<\/p>\n\n\n\n<p>L'\u00e9quipe de direction s'est r\u00e9unie \u00e0 plusieurs reprises pour recueillir les informations n\u00e9cessaires aupr\u00e8s du dernier conseil d'administration et pour fixer nos objectifs dans les domaines qui, selon nous, requi\u00e8rent le plus d'attention. Notre premi\u00e8re t\u00e2che a \u00e9t\u00e9 de trouver notre th\u00e8me ; nous avons choisi \"Un c\u0153ur qui va de l'avant avec courage et confiance\".<\/p>\n\n\n\n<p>Nous sommes en train de prendre le contr\u00f4le des finances n\u00e9cessaires au fonctionnement de notre entreprise. Avec l'aide de Quentin Merny, nous pr\u00e9voyons de mettre de l'ordre dans tout cela d'ici deux mois. A ce moment-l\u00e0, Marie-Th\u00e9r\u00e8se Sebrechts (tr\u00e9sori\u00e8re) et moi-m\u00eame nous rendrons en Belgique pour signer tous les documents n\u00e9cessaires.<\/p>\n\n\n\n<p>Les objectifs que nous avons identifi\u00e9s sont d'une grande importance pour l'avenir de notre organisation :<\/p>\n\n\n\n<ol style=\"list-style-type:1\" class=\"wp-block-list\">\n<li>Cr\u00e9er un fonds de dotation :  Il y a tr\u00e8s peu d'argent sur notre compte et nous pensons qu'une campagne de collecte de fonds ou de capital est imp\u00e9rative pour garantir la viabilit\u00e9 de l'AMASC pour de nombreuses ann\u00e9es \u00e0 venir.<\/li>\n\n\n\n<li>Trouver un moyen d'inclure les alumnae\/i dans le monde entier, l\u00e0 o\u00f9 il n'y a plus d'\u00e9cole ou d'organisation d'alumnae\/i.<\/li>\n\n\n\n<li>D\u00e9velopper \"Sacred Heart Connections\", un outil permettant de se connecter, de partager des ressources et de cultiver l'adh\u00e9sion \u00e0 travers le monde. Les \"Connections\" incluraient des opportunit\u00e9s d'emploi et de stage, des services de relocalisation, des h\u00e9bergements de voyage, et des biens et services fournis par nos anciens \u00e9l\u00e8ves \u00e0 travers le monde.<\/li>\n\n\n\n<li>Revoir et mettre \u00e0 jour nos statuts et r\u00e8glements afin de rationaliser notre capacit\u00e9 \u00e0 atteindre nos objectifs et de pr\u00e9voir les d\u00e9fis inconnus qui pourraient survenir (par exemple, permettre des r\u00e9unions virtuelles en cas d'incapacit\u00e9 \u00e0 voyager, comme nous l'avons v\u00e9cu au cours du mandat pr\u00e9c\u00e9dent).<\/li>\n\n\n\n<li>Cr\u00e9er une pr\u00e9sence sur les m\u00e9dias sociaux afin de communiquer facilement avec nos \u00e9lecteurs. En raison des lois restrictives sur la protection de la vie priv\u00e9e, nous ne pouvons pas faire d'envois massifs de courriels tant que nous n'aurons pas cr\u00e9\u00e9 un syst\u00e8me d'opt-in pour que les gens acceptent de tels envois. Mais nous devons trouver des moyens de communiquer. Nous aurons besoin de contenus photographiques et vid\u00e9o pour accompagner nos messages. Nous devons \u00e9galement nous conformer aux lois sur la protection de la vie priv\u00e9e dans ce domaine.<\/li>\n\n\n\n<li>Cr\u00e9er une documentation pour faciliter la succession d'un conseil \u00e0 l'autre. Ce guide fournira des d\u00e9tails sur les activit\u00e9s requises et le calendrier tout au long de l'ann\u00e9e, ainsi que sur les proc\u00e9dures relatives aux outils partag\u00e9s, au site web et \u00e0 la comptabilit\u00e9. Nous partagerons des informations sur les membres, les fonctions et les responsabilit\u00e9s du conseil d'administration de l'AMASC.<\/li>\n<\/ol>\n\n\n\n<p>D'autres points sont en cours d'examen :<\/p>\n\n\n\n<ol style=\"list-style-type:1\" class=\"wp-block-list\">\n<li>La cr\u00e9ation de vid\u00e9os pour promouvoir l'information et accro\u00eetre l'int\u00e9r\u00eat et la participation.<\/li>\n\n\n\n<li>R\u00e9unions bihebdomadaires de l'\u00e9quipe de direction et r\u00e9unions mensuelles de l'ensemble du conseil d'administration jusqu'\u00e0 ce que nous soyons pleinement op\u00e9rationnels (\u00e0 d\u00e9terminer si n\u00e9cessaire).<\/li>\n\n\n\n<li>Identifier les domaines qui ont le plus besoin de notre soutien financier.<\/li>\n\n\n\n<li>Construire et maintenir une relation plus \u00e9troite avec tous les membres de notre arbre g\u00e9n\u00e9alogique du Sacr\u00e9-C\u0153ur : les RSCJ, les r\u00e9seaux d'\u00e9coles, les Associ\u00e9s, etc.<\/li>\n\n\n\n<li>Rechercher et utiliser des outils de traduction pour am\u00e9liorer notre communication dans les trois langues officielles de l'AMASC.<\/li>\n<\/ol>\n\n\n\n<p>Je suis heureux d'annoncer que S\u0153ur Nsanja \"Susan\" Nankya, RSCJ, d'Ouganda, a accept\u00e9 d'\u00eatre notre conseill\u00e8re spirituelle pour le mandat. Nous lui en sommes tr\u00e8s reconnaissants.<\/p>\n\n\n\n<p>Avec ces mises \u00e0 jour, j'aimerais que nous r\u00e9fl\u00e9chissions \u00e0 une pri\u00e8re de Janet Erskine Stuart, RSCJ :<\/p>\n\n\n\n<p><em>\"Dieu d'amour, compagnon invisible de notre vie, donne-nous la foi et l'attente impatiente alors que nous entamons cette nouvelle \u00e9tape de notre voyage. \u00d4tez-nous toute peur de l'inconnu et apprenez-nous \u00e0 arracher des tr\u00e9sors \u00e0 l'obscurit\u00e9 et aux difficult\u00e9s. Au fil des jours, que chacun d'entre eux soit charg\u00e9 d'occasions heureuses et d'exp\u00e9riences enrichissantes ; et lorsque cette ann\u00e9e s'ach\u00e8vera, que nos meilleurs espoirs soient plus que jamais combl\u00e9s\".<\/em><\/p>\n\n\n\n<div style=\"height:50px\" aria-hidden=\"true\" class=\"wp-block-spacer\"><\/div>\n<\/div>\n\n\n\n<div class=\"wp-block-column is-layout-flow wp-block-column-is-layout-flow\" style=\"flex-basis:33.33%\"><div class=\"wp-block-image\">\n<figure class=\"aligncenter size-full\"><img loading=\"lazy\" decoding=\"async\" width=\"344\" height=\"413\" src=\"https:\/\/amasc.org\/wp-content\/uploads\/Roselie.jpg\" alt=\"\" class=\"wp-image-3582\" srcset=\"https:\/\/amasc.org\/wp-content\/uploads\/Roselie.jpg 344w, https:\/\/amasc.org\/wp-content\/uploads\/Roselie-250x300.jpg 250w, https:\/\/amasc.org\/wp-content\/uploads\/Roselie-125x150.jpg 125w\" sizes=\"auto, (max-width: 344px) 100vw, 344px\" \/><\/figure>\n<\/div><\/div>\n<\/div>","protected":false},"excerpt":{"rendered":"<p>Le mandat 2022-2026 de Roselie Posselius Chers membres du conseil d'administration et amis, Bonne ann\u00e9e \u00e0 tous. Je m'attends \u00e0 quatre ann\u00e9es tr\u00e8s productives, significatives et amusantes, au cours desquelles nous nous efforcerons de faire progresser notre organisation et d'aider \u00e0 promouvoir la mission du Sacr\u00e9-C\u0153ur dans...<\/p>","protected":false},"author":6,"featured_media":0,"parent":1413,"menu_order":0,"comment_status":"closed","ping_status":"closed","template":"","meta":{"_acf_changed":false,"_kad_blocks_custom_css":"","_kad_blocks_head_custom_js":"","_kad_blocks_body_custom_js":"","_kad_blocks_footer_custom_js":"","_kad_post_transparent":"","_kad_post_title":"","_kad_post_layout":"","_kad_post_sidebar_id":"","_kad_post_content_style":"","_kad_post_vertical_padding":"","_kad_post_feature":"","_kad_post_feature_position":"","_kad_post_header":false,"_kad_post_footer":false,"_kad_post_classname":"","footnotes":""},"class_list":["post-742","page","type-page","status-publish","hentry"],"acf":[],"yoast_head":"<!-- This site is optimized with the Yoast SEO plugin v26.4 - https:\/\/yoast.com\/wordpress\/plugins\/seo\/ -->\n<title>Presidency - AMASC<\/title>\n<meta name=\"robots\" content=\"index, follow, max-snippet:-1, max-image-preview:large, max-video-preview:-1\" \/>\n<link rel=\"canonical\" href=\"https:\/\/amasc.org\/fr\/what-is-amasc\/the-presidency\/\" \/>\n<meta property=\"og:locale\" content=\"fr_FR\" \/>\n<meta property=\"og:type\" content=\"article\" \/>\n<meta property=\"og:title\" content=\"Presidency - AMASC\" \/>\n<meta property=\"og:description\" content=\"THE PRESIDENCY &#8220;One Heart Moving Forward with Courage and Confidence&#8221; The mandate 2022-2026 of Roselie Posselius Dear fellow Board members and friends, Happy new year to all.&nbsp;I am looking forward to a very productive, meaningful, and fun four years as we work to advance our organization and help promote the Sacred Heart mission into the...\" \/>\n<meta property=\"og:url\" content=\"https:\/\/amasc.org\/fr\/what-is-amasc\/the-presidency\/\" \/>\n<meta property=\"og:site_name\" content=\"AMASC\" \/>\n<meta property=\"article:modified_time\" content=\"2026-02-17T17:23:54+00:00\" \/>\n<meta property=\"og:image\" content=\"https:\/\/amasc.org\/wp-content\/uploads\/banner-amasc-EN-ES.jpg\" \/>\n\t<meta property=\"og:image:width\" content=\"1920\" \/>\n\t<meta property=\"og:image:height\" content=\"540\" \/>\n\t<meta property=\"og:image:type\" content=\"image\/jpeg\" \/>\n<meta name=\"twitter:card\" content=\"summary_large_image\" \/>\n<meta name=\"twitter:label1\" content=\"Dur\u00e9e de lecture estim\u00e9e\" \/>\n\t<meta name=\"twitter:data1\" content=\"4 minutes\" \/>\n<script type=\"application\/ld+json\" class=\"yoast-schema-graph\">{\"@context\":\"https:\/\/schema.org\",\"@graph\":[{\"@type\":\"WebPage\",\"@id\":\"https:\/\/amasc.org\/what-is-amasc\/the-presidency\/\",\"url\":\"https:\/\/amasc.org\/what-is-amasc\/the-presidency\/\",\"name\":\"Presidency - AMASC\",\"isPartOf\":{\"@id\":\"https:\/\/amasc.org\/#website\"},\"primaryImageOfPage\":{\"@id\":\"https:\/\/amasc.org\/what-is-amasc\/the-presidency\/#primaryimage\"},\"image\":{\"@id\":\"https:\/\/amasc.org\/what-is-amasc\/the-presidency\/#primaryimage\"},\"thumbnailUrl\":\"https:\/\/amasc.org\/wp-content\/uploads\/banner-amasc-EN-ES-1024x288.jpg\",\"datePublished\":\"2020-10-18T11:32:45+00:00\",\"dateModified\":\"2026-02-17T17:23:54+00:00\",\"breadcrumb\":{\"@id\":\"https:\/\/amasc.org\/what-is-amasc\/the-presidency\/#breadcrumb\"},\"inLanguage\":\"fr-FR\",\"potentialAction\":[{\"@type\":\"ReadAction\",\"target\":[\"https:\/\/amasc.org\/what-is-amasc\/the-presidency\/\"]}]},{\"@type\":\"ImageObject\",\"inLanguage\":\"fr-FR\",\"@id\":\"https:\/\/amasc.org\/what-is-amasc\/the-presidency\/#primaryimage\",\"url\":\"https:\/\/amasc.org\/wp-content\/uploads\/banner-amasc-EN-ES-1024x288.jpg\",\"contentUrl\":\"https:\/\/amasc.org\/wp-content\/uploads\/banner-amasc-EN-ES-1024x288.jpg\"},{\"@type\":\"BreadcrumbList\",\"@id\":\"https:\/\/amasc.org\/what-is-amasc\/the-presidency\/#breadcrumb\",\"itemListElement\":[{\"@type\":\"ListItem\",\"position\":1,\"name\":\"Home\",\"item\":\"https:\/\/amasc.org\/\"},{\"@type\":\"ListItem\",\"position\":2,\"name\":\"What is AMASC ?\",\"item\":\"https:\/\/amasc.org\/what-is-amasc\/\"},{\"@type\":\"ListItem\",\"position\":3,\"name\":\"Presidency\"}]},{\"@type\":\"WebSite\",\"@id\":\"https:\/\/amasc.org\/#website\",\"url\":\"https:\/\/amasc.org\/\",\"name\":\"AMASC\",\"description\":\"\",\"publisher\":{\"@id\":\"https:\/\/amasc.org\/#organization\"},\"potentialAction\":[{\"@type\":\"SearchAction\",\"target\":{\"@type\":\"EntryPoint\",\"urlTemplate\":\"https:\/\/amasc.org\/?s={search_term_string}\"},\"query-input\":{\"@type\":\"PropertyValueSpecification\",\"valueRequired\":true,\"valueName\":\"search_term_string\"}}],\"inLanguage\":\"fr-FR\"},{\"@type\":\"Organization\",\"@id\":\"https:\/\/amasc.org\/#organization\",\"name\":\"AMASC\",\"url\":\"https:\/\/amasc.org\/\",\"logo\":{\"@type\":\"ImageObject\",\"inLanguage\":\"fr-FR\",\"@id\":\"https:\/\/amasc.org\/#\/schema\/logo\/image\/\",\"url\":\"https:\/\/amasc.org\/wp-content\/uploads\/logo-brand-red.png\",\"contentUrl\":\"https:\/\/amasc.org\/wp-content\/uploads\/logo-brand-red.png\",\"width\":1283,\"height\":1624,\"caption\":\"AMASC\"},\"image\":{\"@id\":\"https:\/\/amasc.org\/#\/schema\/logo\/image\/\"}}]}<\/script>\n<!-- \/ Yoast SEO plugin. -->","yoast_head_json":{"title":"Pr\u00e9sidence - AMASC","robots":{"index":"index","follow":"follow","max-snippet":"max-snippet:-1","max-image-preview":"max-image-preview:large","max-video-preview":"max-video-preview:-1"},"canonical":"https:\/\/amasc.org\/fr\/what-is-amasc\/the-presidency\/","og_locale":"fr_FR","og_type":"article","og_title":"Presidency - AMASC","og_description":"THE PRESIDENCY &#8220;One Heart Moving Forward with Courage and Confidence&#8221; The mandate 2022-2026 of Roselie Posselius Dear fellow Board members and friends, Happy new year to all.&nbsp;I am looking forward to a very productive, meaningful, and fun four years as we work to advance our organization and help promote the Sacred Heart mission into the...","og_url":"https:\/\/amasc.org\/fr\/what-is-amasc\/the-presidency\/","og_site_name":"AMASC","article_modified_time":"2026-02-17T17:23:54+00:00","og_image":[{"width":1920,"height":540,"url":"https:\/\/amasc.org\/wp-content\/uploads\/banner-amasc-EN-ES.jpg","type":"image\/jpeg"}],"twitter_card":"summary_large_image","twitter_misc":{"Dur\u00e9e de lecture estim\u00e9e":"4 minutes"},"schema":{"@context":"https:\/\/schema.org","@graph":[{"@type":"WebPage","@id":"https:\/\/amasc.org\/what-is-amasc\/the-presidency\/","url":"https:\/\/amasc.org\/what-is-amasc\/the-presidency\/","name":"Pr\u00e9sidence - AMASC","isPartOf":{"@id":"https:\/\/amasc.org\/#website"},"primaryImageOfPage":{"@id":"https:\/\/amasc.org\/what-is-amasc\/the-presidency\/#primaryimage"},"image":{"@id":"https:\/\/amasc.org\/what-is-amasc\/the-presidency\/#primaryimage"},"thumbnailUrl":"https:\/\/amasc.org\/wp-content\/uploads\/banner-amasc-EN-ES-1024x288.jpg","datePublished":"2020-10-18T11:32:45+00:00","dateModified":"2026-02-17T17:23:54+00:00","breadcrumb":{"@id":"https:\/\/amasc.org\/what-is-amasc\/the-presidency\/#breadcrumb"},"inLanguage":"fr-FR","potentialAction":[{"@type":"ReadAction","target":["https:\/\/amasc.org\/what-is-amasc\/the-presidency\/"]}]},{"@type":"ImageObject","inLanguage":"fr-FR","@id":"https:\/\/amasc.org\/what-is-amasc\/the-presidency\/#primaryimage","url":"https:\/\/amasc.org\/wp-content\/uploads\/banner-amasc-EN-ES-1024x288.jpg","contentUrl":"https:\/\/amasc.org\/wp-content\/uploads\/banner-amasc-EN-ES-1024x288.jpg"},{"@type":"BreadcrumbList","@id":"https:\/\/amasc.org\/what-is-amasc\/the-presidency\/#breadcrumb","itemListElement":[{"@type":"ListItem","position":1,"name":"Home","item":"https:\/\/amasc.org\/"},{"@type":"ListItem","position":2,"name":"What is AMASC ?","item":"https:\/\/amasc.org\/what-is-amasc\/"},{"@type":"ListItem","position":3,"name":"Presidency"}]},{"@type":"WebSite","@id":"https:\/\/amasc.org\/#website","url":"https:\/\/amasc.org\/","name":"AMASC","description":"","publisher":{"@id":"https:\/\/amasc.org\/#organization"},"potentialAction":[{"@type":"SearchAction","target":{"@type":"EntryPoint","urlTemplate":"https:\/\/amasc.org\/?s={search_term_string}"},"query-input":{"@type":"PropertyValueSpecification","valueRequired":true,"valueName":"search_term_string"}}],"inLanguage":"fr-FR"},{"@type":"Organization","@id":"https:\/\/amasc.org\/#organization","name":"AMASC","url":"https:\/\/amasc.org\/","logo":{"@type":"ImageObject","inLanguage":"fr-FR","@id":"https:\/\/amasc.org\/#\/schema\/logo\/image\/","url":"https:\/\/amasc.org\/wp-content\/uploads\/logo-brand-red.png","contentUrl":"https:\/\/amasc.org\/wp-content\/uploads\/logo-brand-red.png","width":1283,"height":1624,"caption":"AMASC"},"image":{"@id":"https:\/\/amasc.org\/#\/schema\/logo\/image\/"}}]}},"taxonomy_info":[],"featured_image_src_large":false,"author_info":{"display_name":"AMASC","author_link":"https:\/\/amasc.org\/fr\/author\/amasc\/"},"comment_info":0,"_links":{"self":[{"href":"https:\/\/amasc.org\/fr\/wp-json\/wp\/v2\/pages\/742","targetHints":{"allow":["GET"]}}],"collection":[{"href":"https:\/\/amasc.org\/fr\/wp-json\/wp\/v2\/pages"}],"about":[{"href":"https:\/\/amasc.org\/fr\/wp-json\/wp\/v2\/types\/page"}],"author":[{"embeddable":true,"href":"https:\/\/amasc.org\/fr\/wp-json\/wp\/v2\/users\/6"}],"replies":[{"embeddable":true,"href":"https:\/\/amasc.org\/fr\/wp-json\/wp\/v2\/comments?post=742"}],"version-history":[{"count":0,"href":"https:\/\/amasc.org\/fr\/wp-json\/wp\/v2\/pages\/742\/revisions"}],"up":[{"embeddable":true,"href":"https:\/\/amasc.org\/fr\/wp-json\/wp\/v2\/pages\/1413"}],"wp:attachment":[{"href":"https:\/\/amasc.org\/fr\/wp-json\/wp\/v2\/media?parent=742"}],"curies":[{"name":"wp","href":"https:\/\/api.w.org\/{rel}","templated":true}]}}