{"id":787,"date":"2020-10-18T16:38:09","date_gmt":"2020-10-18T14:38:09","guid":{"rendered":"https:\/\/sitewp.amasc-sacrecoeur.net\/?page_id=787"},"modified":"2022-04-19T18:41:35","modified_gmt":"2022-04-19T16:41:35","slug":"the-national-presidents","status":"publish","type":"page","link":"https:\/\/amasc.org\/fr\/members\/the-national-presidents\/","title":{"rendered":"Pr\u00e9sidents nationaux"},"content":{"rendered":"<figure class=\"wp-block-image alignfull size-large\"><img loading=\"lazy\" decoding=\"async\" width=\"1024\" height=\"288\" src=\"https:\/\/amasc.org\/wp-content\/uploads\/banner-membres-EN-1024x288.jpg\" alt=\"\" class=\"wp-image-1436\" srcset=\"https:\/\/amasc.org\/wp-content\/uploads\/banner-membres-EN-1024x288.jpg 1024w, https:\/\/amasc.org\/wp-content\/uploads\/banner-membres-EN-300x84.jpg 300w, https:\/\/amasc.org\/wp-content\/uploads\/banner-membres-EN-150x42.jpg 150w, https:\/\/amasc.org\/wp-content\/uploads\/banner-membres-EN-768x216.jpg 768w, https:\/\/amasc.org\/wp-content\/uploads\/banner-membres-EN-1536x432.jpg 1536w, https:\/\/amasc.org\/wp-content\/uploads\/banner-membres-EN.jpg 1920w\" sizes=\"auto, (max-width: 1024px) 100vw, 1024px\" \/><\/figure>\n\n\n\n<div class=\"wp-block-columns is-layout-flex wp-container-core-columns-is-layout-9d6595d7 wp-block-columns-is-layout-flex\">\n<div class=\"wp-block-column is-layout-flow wp-block-column-is-layout-flow\" style=\"flex-basis:66.66%\">\n<h2 class=\"wp-block-heading\">LES PR\u00c9SIDENTS NATIONAUX<\/h2>\n\n\n\n<p><strong>Les responsables nationaux animent les associations dont ils ont la charge en fonction de leurs statuts sp\u00e9cifiques et des attentes de leurs membres.<\/strong><br>En ce qui concerne l'AMASC, plusieurs missions lui sont d\u00e9volues, pour autant que son association soit membre \u00e0 part enti\u00e8re. Elles sont pr\u00e9cis\u00e9es par l'article 5 du r\u00e8glement int\u00e9rieur de l'AMASC.<\/p>\n\n\n\n<p>Les pr\u00e9sidents nationaux votent \u00e0 l'assembl\u00e9e g\u00e9n\u00e9rale de l'AMASC et \u00e9lisent son conseil d'administration ainsi que son pr\u00e9sident et son vice-pr\u00e9sident (e).<\/p>\n\n\n\n<p>Ils coop\u00e8rent avec les objectifs de l'AMASC et rendent compte de leurs activit\u00e9s au moins une fois par an au responsable de la Newsletter qui est publi\u00e9e deux fois par an sur ce site.<\/p>\n\n\n\n<p>Enfin, ils acceptent l'hospitalit\u00e9 et offrent l'hospitalit\u00e9 dans leur pays aux membres venant d'autres associations du Sacr\u00e9-C\u0153ur.<\/p>\n\n\n\n<p>Les \"coordinateurs continentaux\", membres du Conseil d'Administration, favorisent leurs \u00e9changes avec le bureau de l'AMASC, et aident \u00e0 organiser des rencontres entre associations d'un m\u00eame continent.<\/p>\n\n\n\n<div style=\"height:50px\" aria-hidden=\"true\" class=\"wp-block-spacer\"><\/div>\n\n\n\n<div class=\"wp-block-buttons is-content-justification-center is-layout-flex wp-container-core-buttons-is-layout-16018d1d wp-block-buttons-is-layout-flex\">\n<div class=\"wp-block-button is-style-fill\"><a class=\"wp-block-button__link has-background\" href=\"https:\/\/amasc.org\/wp-content\/uploads\/uk_membres_droits_devoirs.pdf\" style=\"border-radius:15px;background-color:#b72424\" target=\"_blank\" rel=\"noreferrer noopener\">DROITS ET DEVOIRS<\/a><\/div>\n\n\n\n<div class=\"wp-block-button is-style-fill\"><a class=\"wp-block-button__link has-background\" href=\"https:\/\/amasc.org\/wp-content\/uploads\/2023-List-Presidents-EN-FR-ESP.pdf\" style=\"border-radius:15px;background-color:#b72424\" target=\"_blank\" rel=\"noreferrer noopener\">LISTE DES PR\u00c9SIDENTS NATIONAUX ET SITES WEB<\/a><\/div>\n<\/div>\n<\/div>\n\n\n\n<div class=\"wp-block-column is-layout-flow wp-block-column-is-layout-flow\" style=\"flex-basis:33.33%\">\n<div class=\"wp-block-image\"><figure class=\"aligncenter size-large\"><img loading=\"lazy\" decoding=\"async\" width=\"330\" height=\"314\" src=\"https:\/\/amasc.org\/wp-content\/uploads\/membre_pres_1.jpg\" alt=\"\" class=\"wp-image-277\" srcset=\"https:\/\/amasc.org\/wp-content\/uploads\/membre_pres_1.jpg 330w, https:\/\/amasc.org\/wp-content\/uploads\/membre_pres_1-300x285.jpg 300w, https:\/\/amasc.org\/wp-content\/uploads\/membre_pres_1-315x300.jpg 315w\" sizes=\"auto, (max-width: 330px) 100vw, 330px\" \/><\/figure><\/div>\n\n\n\n<div class=\"wp-block-image\"><figure class=\"aligncenter size-large\"><img loading=\"lazy\" decoding=\"async\" width=\"330\" height=\"371\" src=\"https:\/\/amasc.org\/wp-content\/uploads\/membre_pres_2.jpg\" alt=\"\" class=\"wp-image-278\" srcset=\"https:\/\/amasc.org\/wp-content\/uploads\/membre_pres_2.jpg 330w, https:\/\/amasc.org\/wp-content\/uploads\/membre_pres_2-267x300.jpg 267w\" sizes=\"auto, (max-width: 330px) 100vw, 330px\" \/><\/figure><\/div>\n\n\n\n<div class=\"wp-block-image\"><figure class=\"aligncenter size-large\"><img loading=\"lazy\" decoding=\"async\" width=\"330\" height=\"323\" src=\"https:\/\/amasc.org\/wp-content\/uploads\/membre_pres_3.jpg\" alt=\"\" class=\"wp-image-279\" srcset=\"https:\/\/amasc.org\/wp-content\/uploads\/membre_pres_3.jpg 330w, https:\/\/amasc.org\/wp-content\/uploads\/membre_pres_3-300x294.jpg 300w, https:\/\/amasc.org\/wp-content\/uploads\/membre_pres_3-307x300.jpg 307w\" sizes=\"auto, (max-width: 330px) 100vw, 330px\" \/><\/figure><\/div>\n<\/div>\n<\/div>","protected":false},"excerpt":{"rendered":"<p>LES PR\u00c9SIDENTS NATIONAUX Les responsables nationaux animent les associations dont ils ont la charge au regard de leurs statuts sp\u00e9cifiques et des attentes de leurs membres.En ce qui concerne l'AMASC, plusieurs missions leur sont d\u00e9volues, pour autant que leur association soit membre effectif. Celles-ci sont pr\u00e9cis\u00e9es par l'article 5 du r\u00e8glement int\u00e9rieur de l'AMASC....<\/p>","protected":false},"author":6,"featured_media":0,"parent":1417,"menu_order":0,"comment_status":"closed","ping_status":"closed","template":"","meta":{"_acf_changed":false,"_kad_blocks_custom_css":"","_kad_blocks_head_custom_js":"","_kad_blocks_body_custom_js":"","_kad_blocks_footer_custom_js":"","_kad_post_transparent":"","_kad_post_title":"","_kad_post_layout":"","_kad_post_sidebar_id":"","_kad_post_content_style":"","_kad_post_vertical_padding":"","_kad_post_feature":"","_kad_post_feature_position":"","_kad_post_header":false,"_kad_post_footer":false,"_kad_post_classname":"","footnotes":""},"class_list":["post-787","page","type-page","status-publish","hentry"],"acf":[],"yoast_head":"<!-- This site is optimized with the Yoast SEO plugin v26.4 - https:\/\/yoast.com\/wordpress\/plugins\/seo\/ -->\n<title>National presidents - AMASC<\/title>\n<meta name=\"robots\" content=\"index, follow, max-snippet:-1, max-image-preview:large, max-video-preview:-1\" \/>\n<link rel=\"canonical\" href=\"https:\/\/amasc.org\/fr\/members\/the-national-presidents\/\" \/>\n<meta property=\"og:locale\" content=\"fr_FR\" \/>\n<meta property=\"og:type\" content=\"article\" \/>\n<meta property=\"og:title\" content=\"National presidents - AMASC\" \/>\n<meta property=\"og:description\" content=\"THE NATIONAL PRESIDENTS The national leaders animate the associations for which they are responsible with regard to their specific statutes and the expectations of their members.With respect to the AMASC, several missions devolve to them, as long as their association is a full member. These are specified by Article 5 of the AMASC Internal Regulations....\" \/>\n<meta property=\"og:url\" content=\"https:\/\/amasc.org\/fr\/members\/the-national-presidents\/\" \/>\n<meta property=\"og:site_name\" content=\"AMASC\" \/>\n<meta property=\"article:modified_time\" content=\"2022-04-19T16:41:35+00:00\" \/>\n<meta property=\"og:image\" content=\"https:\/\/amasc.org\/wp-content\/uploads\/banner-membres-EN-1024x288.jpg\" \/>\n<meta name=\"twitter:card\" content=\"summary_large_image\" \/>\n<meta name=\"twitter:label1\" content=\"Dur\u00e9e de lecture estim\u00e9e\" \/>\n\t<meta name=\"twitter:data1\" content=\"1 minute\" \/>\n<script type=\"application\/ld+json\" class=\"yoast-schema-graph\">{\"@context\":\"https:\/\/schema.org\",\"@graph\":[{\"@type\":\"WebPage\",\"@id\":\"https:\/\/amasc.org\/members\/the-national-presidents\/\",\"url\":\"https:\/\/amasc.org\/members\/the-national-presidents\/\",\"name\":\"National presidents - AMASC\",\"isPartOf\":{\"@id\":\"https:\/\/amasc.org\/#website\"},\"primaryImageOfPage\":{\"@id\":\"https:\/\/amasc.org\/members\/the-national-presidents\/#primaryimage\"},\"image\":{\"@id\":\"https:\/\/amasc.org\/members\/the-national-presidents\/#primaryimage\"},\"thumbnailUrl\":\"https:\/\/amasc.org\/wp-content\/uploads\/banner-membres-EN-1024x288.jpg\",\"datePublished\":\"2020-10-18T14:38:09+00:00\",\"dateModified\":\"2022-04-19T16:41:35+00:00\",\"breadcrumb\":{\"@id\":\"https:\/\/amasc.org\/members\/the-national-presidents\/#breadcrumb\"},\"inLanguage\":\"fr-FR\",\"potentialAction\":[{\"@type\":\"ReadAction\",\"target\":[\"https:\/\/amasc.org\/members\/the-national-presidents\/\"]}]},{\"@type\":\"ImageObject\",\"inLanguage\":\"fr-FR\",\"@id\":\"https:\/\/amasc.org\/members\/the-national-presidents\/#primaryimage\",\"url\":\"https:\/\/amasc.org\/wp-content\/uploads\/banner-membres-EN-1024x288.jpg\",\"contentUrl\":\"https:\/\/amasc.org\/wp-content\/uploads\/banner-membres-EN-1024x288.jpg\"},{\"@type\":\"BreadcrumbList\",\"@id\":\"https:\/\/amasc.org\/members\/the-national-presidents\/#breadcrumb\",\"itemListElement\":[{\"@type\":\"ListItem\",\"position\":1,\"name\":\"Home\",\"item\":\"https:\/\/amasc.org\/\"},{\"@type\":\"ListItem\",\"position\":2,\"name\":\"Members\",\"item\":\"https:\/\/amasc.org\/members\/\"},{\"@type\":\"ListItem\",\"position\":3,\"name\":\"National presidents\"}]},{\"@type\":\"WebSite\",\"@id\":\"https:\/\/amasc.org\/#website\",\"url\":\"https:\/\/amasc.org\/\",\"name\":\"AMASC\",\"description\":\"\",\"publisher\":{\"@id\":\"https:\/\/amasc.org\/#organization\"},\"potentialAction\":[{\"@type\":\"SearchAction\",\"target\":{\"@type\":\"EntryPoint\",\"urlTemplate\":\"https:\/\/amasc.org\/?s={search_term_string}\"},\"query-input\":{\"@type\":\"PropertyValueSpecification\",\"valueRequired\":true,\"valueName\":\"search_term_string\"}}],\"inLanguage\":\"fr-FR\"},{\"@type\":\"Organization\",\"@id\":\"https:\/\/amasc.org\/#organization\",\"name\":\"AMASC\",\"url\":\"https:\/\/amasc.org\/\",\"logo\":{\"@type\":\"ImageObject\",\"inLanguage\":\"fr-FR\",\"@id\":\"https:\/\/amasc.org\/#\/schema\/logo\/image\/\",\"url\":\"https:\/\/amasc.org\/wp-content\/uploads\/logo-brand-red.png\",\"contentUrl\":\"https:\/\/amasc.org\/wp-content\/uploads\/logo-brand-red.png\",\"width\":1283,\"height\":1624,\"caption\":\"AMASC\"},\"image\":{\"@id\":\"https:\/\/amasc.org\/#\/schema\/logo\/image\/\"}}]}<\/script>\n<!-- \/ Yoast SEO plugin. -->","yoast_head_json":{"title":"National presidents - AMASC","robots":{"index":"index","follow":"follow","max-snippet":"max-snippet:-1","max-image-preview":"max-image-preview:large","max-video-preview":"max-video-preview:-1"},"canonical":"https:\/\/amasc.org\/fr\/members\/the-national-presidents\/","og_locale":"fr_FR","og_type":"article","og_title":"National presidents - AMASC","og_description":"THE NATIONAL PRESIDENTS The national leaders animate the associations for which they are responsible with regard to their specific statutes and the expectations of their members.With respect to the AMASC, several missions devolve to them, as long as their association is a full member. These are specified by Article 5 of the AMASC Internal Regulations....","og_url":"https:\/\/amasc.org\/fr\/members\/the-national-presidents\/","og_site_name":"AMASC","article_modified_time":"2022-04-19T16:41:35+00:00","og_image":[{"url":"https:\/\/amasc.org\/wp-content\/uploads\/banner-membres-EN-1024x288.jpg","type":"","width":"","height":""}],"twitter_card":"summary_large_image","twitter_misc":{"Dur\u00e9e de lecture estim\u00e9e":"1 minute"},"schema":{"@context":"https:\/\/schema.org","@graph":[{"@type":"WebPage","@id":"https:\/\/amasc.org\/members\/the-national-presidents\/","url":"https:\/\/amasc.org\/members\/the-national-presidents\/","name":"National presidents - AMASC","isPartOf":{"@id":"https:\/\/amasc.org\/#website"},"primaryImageOfPage":{"@id":"https:\/\/amasc.org\/members\/the-national-presidents\/#primaryimage"},"image":{"@id":"https:\/\/amasc.org\/members\/the-national-presidents\/#primaryimage"},"thumbnailUrl":"https:\/\/amasc.org\/wp-content\/uploads\/banner-membres-EN-1024x288.jpg","datePublished":"2020-10-18T14:38:09+00:00","dateModified":"2022-04-19T16:41:35+00:00","breadcrumb":{"@id":"https:\/\/amasc.org\/members\/the-national-presidents\/#breadcrumb"},"inLanguage":"fr-FR","potentialAction":[{"@type":"ReadAction","target":["https:\/\/amasc.org\/members\/the-national-presidents\/"]}]},{"@type":"ImageObject","inLanguage":"fr-FR","@id":"https:\/\/amasc.org\/members\/the-national-presidents\/#primaryimage","url":"https:\/\/amasc.org\/wp-content\/uploads\/banner-membres-EN-1024x288.jpg","contentUrl":"https:\/\/amasc.org\/wp-content\/uploads\/banner-membres-EN-1024x288.jpg"},{"@type":"BreadcrumbList","@id":"https:\/\/amasc.org\/members\/the-national-presidents\/#breadcrumb","itemListElement":[{"@type":"ListItem","position":1,"name":"Home","item":"https:\/\/amasc.org\/"},{"@type":"ListItem","position":2,"name":"Members","item":"https:\/\/amasc.org\/members\/"},{"@type":"ListItem","position":3,"name":"National presidents"}]},{"@type":"WebSite","@id":"https:\/\/amasc.org\/#website","url":"https:\/\/amasc.org\/","name":"AMASC","description":"","publisher":{"@id":"https:\/\/amasc.org\/#organization"},"potentialAction":[{"@type":"SearchAction","target":{"@type":"EntryPoint","urlTemplate":"https:\/\/amasc.org\/?s={search_term_string}"},"query-input":{"@type":"PropertyValueSpecification","valueRequired":true,"valueName":"search_term_string"}}],"inLanguage":"fr-FR"},{"@type":"Organization","@id":"https:\/\/amasc.org\/#organization","name":"AMASC","url":"https:\/\/amasc.org\/","logo":{"@type":"ImageObject","inLanguage":"fr-FR","@id":"https:\/\/amasc.org\/#\/schema\/logo\/image\/","url":"https:\/\/amasc.org\/wp-content\/uploads\/logo-brand-red.png","contentUrl":"https:\/\/amasc.org\/wp-content\/uploads\/logo-brand-red.png","width":1283,"height":1624,"caption":"AMASC"},"image":{"@id":"https:\/\/amasc.org\/#\/schema\/logo\/image\/"}}]}},"taxonomy_info":[],"featured_image_src_large":false,"author_info":{"display_name":"AMASC","author_link":"https:\/\/amasc.org\/fr\/author\/amasc\/"},"comment_info":0,"_links":{"self":[{"href":"https:\/\/amasc.org\/fr\/wp-json\/wp\/v2\/pages\/787","targetHints":{"allow":["GET"]}}],"collection":[{"href":"https:\/\/amasc.org\/fr\/wp-json\/wp\/v2\/pages"}],"about":[{"href":"https:\/\/amasc.org\/fr\/wp-json\/wp\/v2\/types\/page"}],"author":[{"embeddable":true,"href":"https:\/\/amasc.org\/fr\/wp-json\/wp\/v2\/users\/6"}],"replies":[{"embeddable":true,"href":"https:\/\/amasc.org\/fr\/wp-json\/wp\/v2\/comments?post=787"}],"version-history":[{"count":0,"href":"https:\/\/amasc.org\/fr\/wp-json\/wp\/v2\/pages\/787\/revisions"}],"up":[{"embeddable":true,"href":"https:\/\/amasc.org\/fr\/wp-json\/wp\/v2\/pages\/1417"}],"wp:attachment":[{"href":"https:\/\/amasc.org\/fr\/wp-json\/wp\/v2\/media?parent=787"}],"curies":[{"name":"wp","href":"https:\/\/api.w.org\/{rel}","templated":true}]}}