{"id":940,"date":"2020-10-24T23:57:43","date_gmt":"2020-10-24T21:57:43","guid":{"rendered":"https:\/\/sitewp.amasc-sacrecoeur.net\/?page_id=940"},"modified":"2020-11-03T22:13:16","modified_gmt":"2020-11-03T20:13:16","slug":"legal-notices","status":"publish","type":"page","link":"https:\/\/amasc.org\/fr\/legal-notices\/","title":{"rendered":"Avis juridiques"},"content":{"rendered":"<h2 class=\"wp-block-heading\">AVIS JURIDIQUES<\/h2>\n\n\n\n<p>Ce site appartient \u00e0 l'AMASC (Association Mondiale des Anciens et Anciennes du Sacr\u00e9-C\u0153ur), association internationale \u00e0 but non lucratif.<\/p>\n\n\n\n<p>Association enregistr\u00e9e sous le num\u00e9ro 473 279 529<br>Avenue Henri Dietrich, 20<br>B-1200 Bruxelles<\/p>\n\n\n\n<p>L'utilisateur qui se connecte \u00e0 ce site s'engage \u00e0 respecter les pr\u00e9sentes conditions d'utilisation.<\/p>\n\n\n\n<p><span style=\"text-decoration: underline;\">Informations contenues dans ce site<\/span><br>L'ensemble des informations, de toute nature (images, textes, etc.), pr\u00e9sentes sur ce site peuvent \u00eatre t\u00e9l\u00e9charg\u00e9es, reproduites, imprim\u00e9es sous r\u00e9serve :<\/p>\n\n\n\n<ul class=\"wp-block-list\"><li>que leur diffusion a \u00e9t\u00e9 autoris\u00e9e<\/li><li>que ces informations ne sont utilis\u00e9es qu'\u00e0 des fins personnelles et en aucun cas \u00e0 des fins commerciales ou diffamatoires ;<\/li><li>que toute reproduction de ces informations, sur papier ou en format num\u00e9rique, porte une mention relative au droit d'auteur de l'AMASC<\/li><\/ul>\n\n\n\n<p>L'AMASC ne donne aucune garantie, expresse ou implicite, et n'assume aucune responsabilit\u00e9 quant \u00e0 l'utilisation de ces informations.<\/p>\n\n\n\n<p>AMASC ne pourra \u00eatre tenu responsable pour quelque dommage que ce soit tant direct qu'indirect, r\u00e9sultant d'une information contenue sur ce site. L'utilisateur s'engage \u00e0 ne transmettre sur ce site aucune information pouvant entra\u00eener une responsabilit\u00e9 civile ou p\u00e9nale de l'AMASC et s'engage \u00e0 ne pas divulguer via ce site des informations ill\u00e9gales, contraires \u00e0 l'ordre public, aux bonnes m\u0153urs ou diffamatoires.<\/p>\n\n\n\n<p><span style=\"text-decoration: underline;\">Droit d'acc\u00e8s \u00e0 l'information<\/span><br>Toute personne dispose d'un droit d'acc\u00e8s, de rectification et d'opposition aux donn\u00e9es personnelles la concernant. Il lui suffit de nous envoyer un courrier \u00e9lectronique \u00e0 l'adresse suivante : contact@amasc-sacrecoeur.net<\/p>\n\n\n\n<p><span style=\"text-decoration: underline;\">Liens hypertextes<\/span><br>Les sites ext\u00e9rieurs \u00e0 l'AMASC ayant un lien hypertexte avec le pr\u00e9sent site ne sont pas sous contr\u00f4le de l'AMASC qui d\u00e9cline par cons\u00e9quent toute responsabilit\u00e9 quant \u00e0 leur contenu.<\/p>","protected":false},"excerpt":{"rendered":"<p>MENTIONS LEGALES Ce site appartient \u00e0 l'AMASC (Association Mondiale des Anciens et Anciennes du Sacr\u00e9-C\u0153ur), association internationale sans but lucratif. Association enregistr\u00e9e sous le num\u00e9ro 473 279 529Avenue Henri Dietrich, 20B-1200 Bruxelles L'utilisateur se connectant \u00e0 ce site s'engage \u00e0 respecter les pr\u00e9sentes conditions d'utilisation. Informations contenues dans ce siteToutes les informations, de quelque nature qu'elles soient...<\/p>","protected":false},"author":6,"featured_media":0,"parent":0,"menu_order":0,"comment_status":"closed","ping_status":"closed","template":"","meta":{"_acf_changed":false,"_kad_blocks_custom_css":"","_kad_blocks_head_custom_js":"","_kad_blocks_body_custom_js":"","_kad_blocks_footer_custom_js":"","_kad_post_transparent":"","_kad_post_title":"","_kad_post_layout":"","_kad_post_sidebar_id":"","_kad_post_content_style":"","_kad_post_vertical_padding":"","_kad_post_feature":"","_kad_post_feature_position":"","_kad_post_header":false,"_kad_post_footer":false,"_kad_post_classname":"","footnotes":""},"class_list":["post-940","page","type-page","status-publish","hentry"],"acf":[],"yoast_head":"<!-- This site is optimized with the Yoast SEO plugin v26.4 - https:\/\/yoast.com\/wordpress\/plugins\/seo\/ -->\n<title>Legal notices - AMASC<\/title>\n<meta name=\"robots\" content=\"index, follow, max-snippet:-1, max-image-preview:large, max-video-preview:-1\" \/>\n<link rel=\"canonical\" href=\"https:\/\/amasc.org\/fr\/legal-notices\/\" \/>\n<meta property=\"og:locale\" content=\"fr_FR\" \/>\n<meta property=\"og:type\" content=\"article\" \/>\n<meta property=\"og:title\" content=\"Legal notices - AMASC\" \/>\n<meta property=\"og:description\" content=\"LEGAL NOTICES This site belongs to the AMASC (World Association of Old and Former of the Sacred Heart), international non-profit association. Association registered under number 473 279 529Avenue Henri Dietrich, 20B-1200 Bruxelles The user connecting to this site agrees to comply with these terms of use. Information contained in this siteAll information, of all kinds...\" \/>\n<meta property=\"og:url\" content=\"https:\/\/amasc.org\/fr\/legal-notices\/\" \/>\n<meta property=\"og:site_name\" content=\"AMASC\" \/>\n<meta property=\"article:modified_time\" content=\"2020-11-03T20:13:16+00:00\" \/>\n<meta name=\"twitter:card\" content=\"summary_large_image\" \/>\n<meta name=\"twitter:label1\" content=\"Dur\u00e9e de lecture estim\u00e9e\" \/>\n\t<meta name=\"twitter:data1\" content=\"1 minute\" \/>\n<script type=\"application\/ld+json\" class=\"yoast-schema-graph\">{\"@context\":\"https:\/\/schema.org\",\"@graph\":[{\"@type\":\"WebPage\",\"@id\":\"https:\/\/amasc.org\/legal-notices\/\",\"url\":\"https:\/\/amasc.org\/legal-notices\/\",\"name\":\"Legal notices - AMASC\",\"isPartOf\":{\"@id\":\"https:\/\/amasc.org\/#website\"},\"datePublished\":\"2020-10-24T21:57:43+00:00\",\"dateModified\":\"2020-11-03T20:13:16+00:00\",\"breadcrumb\":{\"@id\":\"https:\/\/amasc.org\/legal-notices\/#breadcrumb\"},\"inLanguage\":\"fr-FR\",\"potentialAction\":[{\"@type\":\"ReadAction\",\"target\":[\"https:\/\/amasc.org\/legal-notices\/\"]}]},{\"@type\":\"BreadcrumbList\",\"@id\":\"https:\/\/amasc.org\/legal-notices\/#breadcrumb\",\"itemListElement\":[{\"@type\":\"ListItem\",\"position\":1,\"name\":\"Home\",\"item\":\"https:\/\/amasc.org\/\"},{\"@type\":\"ListItem\",\"position\":2,\"name\":\"Legal notices\"}]},{\"@type\":\"WebSite\",\"@id\":\"https:\/\/amasc.org\/#website\",\"url\":\"https:\/\/amasc.org\/\",\"name\":\"AMASC\",\"description\":\"\",\"publisher\":{\"@id\":\"https:\/\/amasc.org\/#organization\"},\"potentialAction\":[{\"@type\":\"SearchAction\",\"target\":{\"@type\":\"EntryPoint\",\"urlTemplate\":\"https:\/\/amasc.org\/?s={search_term_string}\"},\"query-input\":{\"@type\":\"PropertyValueSpecification\",\"valueRequired\":true,\"valueName\":\"search_term_string\"}}],\"inLanguage\":\"fr-FR\"},{\"@type\":\"Organization\",\"@id\":\"https:\/\/amasc.org\/#organization\",\"name\":\"AMASC\",\"url\":\"https:\/\/amasc.org\/\",\"logo\":{\"@type\":\"ImageObject\",\"inLanguage\":\"fr-FR\",\"@id\":\"https:\/\/amasc.org\/#\/schema\/logo\/image\/\",\"url\":\"https:\/\/amasc.org\/wp-content\/uploads\/logo-brand-red.png\",\"contentUrl\":\"https:\/\/amasc.org\/wp-content\/uploads\/logo-brand-red.png\",\"width\":1283,\"height\":1624,\"caption\":\"AMASC\"},\"image\":{\"@id\":\"https:\/\/amasc.org\/#\/schema\/logo\/image\/\"}}]}<\/script>\n<!-- \/ Yoast SEO plugin. -->","yoast_head_json":{"title":"Legal notices - AMASC","robots":{"index":"index","follow":"follow","max-snippet":"max-snippet:-1","max-image-preview":"max-image-preview:large","max-video-preview":"max-video-preview:-1"},"canonical":"https:\/\/amasc.org\/fr\/legal-notices\/","og_locale":"fr_FR","og_type":"article","og_title":"Legal notices - AMASC","og_description":"LEGAL NOTICES This site belongs to the AMASC (World Association of Old and Former of the Sacred Heart), international non-profit association. Association registered under number 473 279 529Avenue Henri Dietrich, 20B-1200 Bruxelles The user connecting to this site agrees to comply with these terms of use. Information contained in this siteAll information, of all kinds...","og_url":"https:\/\/amasc.org\/fr\/legal-notices\/","og_site_name":"AMASC","article_modified_time":"2020-11-03T20:13:16+00:00","twitter_card":"summary_large_image","twitter_misc":{"Dur\u00e9e de lecture estim\u00e9e":"1 minute"},"schema":{"@context":"https:\/\/schema.org","@graph":[{"@type":"WebPage","@id":"https:\/\/amasc.org\/legal-notices\/","url":"https:\/\/amasc.org\/legal-notices\/","name":"Legal notices - AMASC","isPartOf":{"@id":"https:\/\/amasc.org\/#website"},"datePublished":"2020-10-24T21:57:43+00:00","dateModified":"2020-11-03T20:13:16+00:00","breadcrumb":{"@id":"https:\/\/amasc.org\/legal-notices\/#breadcrumb"},"inLanguage":"fr-FR","potentialAction":[{"@type":"ReadAction","target":["https:\/\/amasc.org\/legal-notices\/"]}]},{"@type":"BreadcrumbList","@id":"https:\/\/amasc.org\/legal-notices\/#breadcrumb","itemListElement":[{"@type":"ListItem","position":1,"name":"Home","item":"https:\/\/amasc.org\/"},{"@type":"ListItem","position":2,"name":"Legal notices"}]},{"@type":"WebSite","@id":"https:\/\/amasc.org\/#website","url":"https:\/\/amasc.org\/","name":"AMASC","description":"","publisher":{"@id":"https:\/\/amasc.org\/#organization"},"potentialAction":[{"@type":"SearchAction","target":{"@type":"EntryPoint","urlTemplate":"https:\/\/amasc.org\/?s={search_term_string}"},"query-input":{"@type":"PropertyValueSpecification","valueRequired":true,"valueName":"search_term_string"}}],"inLanguage":"fr-FR"},{"@type":"Organization","@id":"https:\/\/amasc.org\/#organization","name":"AMASC","url":"https:\/\/amasc.org\/","logo":{"@type":"ImageObject","inLanguage":"fr-FR","@id":"https:\/\/amasc.org\/#\/schema\/logo\/image\/","url":"https:\/\/amasc.org\/wp-content\/uploads\/logo-brand-red.png","contentUrl":"https:\/\/amasc.org\/wp-content\/uploads\/logo-brand-red.png","width":1283,"height":1624,"caption":"AMASC"},"image":{"@id":"https:\/\/amasc.org\/#\/schema\/logo\/image\/"}}]}},"taxonomy_info":[],"featured_image_src_large":false,"author_info":{"display_name":"AMASC","author_link":"https:\/\/amasc.org\/fr\/author\/amasc\/"},"comment_info":0,"_links":{"self":[{"href":"https:\/\/amasc.org\/fr\/wp-json\/wp\/v2\/pages\/940","targetHints":{"allow":["GET"]}}],"collection":[{"href":"https:\/\/amasc.org\/fr\/wp-json\/wp\/v2\/pages"}],"about":[{"href":"https:\/\/amasc.org\/fr\/wp-json\/wp\/v2\/types\/page"}],"author":[{"embeddable":true,"href":"https:\/\/amasc.org\/fr\/wp-json\/wp\/v2\/users\/6"}],"replies":[{"embeddable":true,"href":"https:\/\/amasc.org\/fr\/wp-json\/wp\/v2\/comments?post=940"}],"version-history":[{"count":0,"href":"https:\/\/amasc.org\/fr\/wp-json\/wp\/v2\/pages\/940\/revisions"}],"wp:attachment":[{"href":"https:\/\/amasc.org\/fr\/wp-json\/wp\/v2\/media?parent=940"}],"curies":[{"name":"wp","href":"https:\/\/api.w.org\/{rel}","templated":true}]}}